{"id":179,"date":"2024-10-13T00:40:03","date_gmt":"2024-10-12T22:40:03","guid":{"rendered":"https:\/\/o-seznam.cz\/napoveda\/ucet\/?page_id=179"},"modified":"2026-03-26T09:39:50","modified_gmt":"2026-03-26T08:39:50","slug":"souhlas","status":"publish","type":"page","link":"https:\/\/o-seznam.cz\/napoveda\/ucet\/data-a-personalizace\/souhlas\/","title":{"rendered":"Souhlas se zpracov\u00e1n\u00edm osobn\u00edch \u00fadaj\u016f"},"content":{"rendered":"\n<div class=\"wp-block-group is-layout-constrained wp-block-group-is-layout-constrained\"><nav class=\"menu-anchors\">\n<ul>\n\t<li><a href=\"#souhlas-v-zobrazenem-pozadavku\">Souhlas v zobrazen\u00e9m po\u017eadavku<\/a><\/li>\n<li><a href=\"#souhlas-v-nastaveni-uctu\">Souhlas v nastaven\u00ed \u00da\u010dtu<\/a><\/li>\n<\/ul>\n\n<\/nav>\n<\/div>\n\n\n\n<div class=\"wp-block-group is-layout-constrained wp-block-group-is-layout-constrained\">\n<p>Rozhodli jste se ud\u011blit sv\u016fj souhlas se zpracov\u00e1n\u00edm osobn\u00edch \u00fadaj\u016f. U\u010dinit tak m\u016f\u017eete dv\u011bma zp\u016fsoby:<\/p>\n<\/div>\n\n\n\n<div class=\"wp-block-group is-layout-constrained wp-block-group-is-layout-constrained\">\n<h2 class=\"wp-block-heading\" id=\"souhlas-v-zobrazenem-pozadavku\">Souhlas v zobrazen\u00e9m po\u017eadavku<\/h2>\n\n\n\n<p>Po otev\u0159en\u00ed slu\u017eby \u010di p\u0159ihl\u00e1\u0161en\u00ed ke slu\u017eb\u011b na Seznam.cz se v\u00e1m zobraz\u00ed okno s po\u017eadavkem na ud\u011blen\u00ed souhlasu:<\/p>\n\n\n\n<p>Kliknut\u00edm na tla\u010d\u00edtko Souhlas\u00edm a pokra\u010dovat rovnou ud\u011bl\u00edte souhlas se zpracov\u00e1n\u00edm osobn\u00edch \u00fadaj\u016f.<\/p>\n\n\n\n<p>Pro anglick\u00e9 zn\u011bn\u00ed dialogu vyu\u017eijte p\u0159ep\u00edna\u010d jazyka v prav\u00e9m horn\u00edm rohu.<\/p>\n\n\n\n<figure class=\"wp-block-image size-full is-resized\"><img loading=\"lazy\" decoding=\"async\" width=\"875\" height=\"653\" src=\"https:\/\/o-seznam.cz\/napoveda\/ucet\/wp-content\/uploads\/sites\/10\/2026\/01\/snimek-obrazovky-2026-01-13-v145342-2.png\" alt=\"\" class=\"wp-image-2792\" style=\"width:643px\" srcset=\"https:\/\/o-seznam.cz\/napoveda\/ucet\/wp-content\/uploads\/sites\/10\/2026\/01\/snimek-obrazovky-2026-01-13-v145342-2.png 875w, https:\/\/o-seznam.cz\/napoveda\/ucet\/wp-content\/uploads\/sites\/10\/2026\/01\/snimek-obrazovky-2026-01-13-v145342-2-320x239.png 320w, https:\/\/o-seznam.cz\/napoveda\/ucet\/wp-content\/uploads\/sites\/10\/2026\/01\/snimek-obrazovky-2026-01-13-v145342-2-768x573.png 768w\" sizes=\"auto, (max-width: 875px) 100vw, 875px\" \/><\/figure>\n\n\n\n<p>Pod odkazem Dal\u0161\u00ed volby naleznete Podrobn\u00e9 nastaven\u00ed s podrobnostmi k ud\u011blen\u00ed souhlasu se zpracov\u00e1n\u00edm osobn\u00edch \u00fadaj\u016f<\/p>\n\n\n\n<p>V Podrobn\u00e9m nastaven\u00ed m\u00e1te tyto mo\u017enosti:<\/p>\n\n\n\n<ul class=\"wp-block-list\">\n<li>Povolit v\u0161e, kter\u00fdm tak\u00e9 m\u016f\u017eete souhlas ud\u011blit pro v\u0161echny jmenovan\u00e9 \u00fa\u010dely. Souhlas se zaznamen\u00e1 a dialogov\u00e9 okno uzav\u0159e<\/li>\n\n\n\n<li>Kliknout na volbu Vybrat placen\u00fd produkt, kter\u00e1 v\u00e1m otev\u0159e dialogov\u00e9 okno s nab\u00eddkou placen\u00fdch mo\u017enost\u00ed, viz. p\u0159edchoz\u00ed obrazovka.<\/li>\n<\/ul>\n\n\n\n<figure class=\"wp-block-image size-large is-resized\"><img loading=\"lazy\" decoding=\"async\" width=\"1984\" height=\"344\" src=\"https:\/\/o-seznam.cz\/napoveda\/ucet\/wp-content\/uploads\/sites\/10\/2026\/01\/snimek-obrazovky-2026-01-13-v150551-1984x344.png\" alt=\"\" class=\"wp-image-2796\" style=\"width:643px\" srcset=\"https:\/\/o-seznam.cz\/napoveda\/ucet\/wp-content\/uploads\/sites\/10\/2026\/01\/snimek-obrazovky-2026-01-13-v150551-1984x344.png 1984w, https:\/\/o-seznam.cz\/napoveda\/ucet\/wp-content\/uploads\/sites\/10\/2026\/01\/snimek-obrazovky-2026-01-13-v150551-992x172.png 992w, https:\/\/o-seznam.cz\/napoveda\/ucet\/wp-content\/uploads\/sites\/10\/2026\/01\/snimek-obrazovky-2026-01-13-v150551-320x56.png 320w, https:\/\/o-seznam.cz\/napoveda\/ucet\/wp-content\/uploads\/sites\/10\/2026\/01\/snimek-obrazovky-2026-01-13-v150551-768x133.png 768w, https:\/\/o-seznam.cz\/napoveda\/ucet\/wp-content\/uploads\/sites\/10\/2026\/01\/snimek-obrazovky-2026-01-13-v150551-1536x266.png 1536w, https:\/\/o-seznam.cz\/napoveda\/ucet\/wp-content\/uploads\/sites\/10\/2026\/01\/snimek-obrazovky-2026-01-13-v150551-2048x355.png 2048w\" sizes=\"auto, (max-width: 1984px) 100vw, 1984px\" \/><\/figure>\n\n\n\n<p>Pokud chcete z\u00edskat podrobn\u011bj\u0161\u00ed informace k jednotliv\u00fdm \u00fa\u010del\u016fm, m\u016f\u017eete vyu\u017e\u00edt odkaz <em>Zobrazit \u00fa\u010dely podrobn\u011b<\/em> nebo <em>Zobrazit speci\u00e1ln\u00ed \u00fa\u010dely podrobn\u011b<\/em> u ka\u017ed\u00e9ho \u00fa\u010delu. Zde m\u016f\u017eete navolit podrobn\u011bj\u0161\u00ed nastaven\u00ed \u00fa\u010delu, to pot\u00e9 ulo\u017e\u00edte tla\u010d\u00edtkem Ulo\u017eit nastaven\u00ed.<\/p>\n<\/div>\n\n\n\n<figure class=\"wp-block-image size-full is-resized\"><img loading=\"lazy\" decoding=\"async\" width=\"2062\" height=\"1692\" src=\"https:\/\/o-seznam.cz\/napoveda\/ucet\/wp-content\/uploads\/sites\/10\/2026\/01\/snimek-obrazovky-2026-01-13-v150420.png\" alt=\"\" class=\"wp-image-2795\" style=\"width:643px\" srcset=\"https:\/\/o-seznam.cz\/napoveda\/ucet\/wp-content\/uploads\/sites\/10\/2026\/01\/snimek-obrazovky-2026-01-13-v150420.png 2062w, https:\/\/o-seznam.cz\/napoveda\/ucet\/wp-content\/uploads\/sites\/10\/2026\/01\/snimek-obrazovky-2026-01-13-v150420-992x814.png 992w, https:\/\/o-seznam.cz\/napoveda\/ucet\/wp-content\/uploads\/sites\/10\/2026\/01\/snimek-obrazovky-2026-01-13-v150420-1984x1628.png 1984w, https:\/\/o-seznam.cz\/napoveda\/ucet\/wp-content\/uploads\/sites\/10\/2026\/01\/snimek-obrazovky-2026-01-13-v150420-320x263.png 320w, https:\/\/o-seznam.cz\/napoveda\/ucet\/wp-content\/uploads\/sites\/10\/2026\/01\/snimek-obrazovky-2026-01-13-v150420-768x630.png 768w, https:\/\/o-seznam.cz\/napoveda\/ucet\/wp-content\/uploads\/sites\/10\/2026\/01\/snimek-obrazovky-2026-01-13-v150420-1536x1260.png 1536w, https:\/\/o-seznam.cz\/napoveda\/ucet\/wp-content\/uploads\/sites\/10\/2026\/01\/snimek-obrazovky-2026-01-13-v150420-2048x1681.png 2048w\" sizes=\"auto, (max-width: 2062px) 100vw, 2062px\" \/><\/figure>\n\n\n\n<div class=\"wp-block-group is-layout-constrained wp-block-group-is-layout-constrained\">\n<h2 class=\"wp-block-heading\" id=\"souhlas-v-nastaveni-uctu\">Souhlas v nastaven\u00ed \u00da\u010dtu<\/h2>\n\n\n\n<p class=\"is-style-link-external\">P\u0159ihlaste se ke sv\u00e9mu <a href=\"https:\/\/ucet.seznam.cz\/\" data-type=\"link\" data-id=\"https:\/\/ucet.seznam.cz\/\" target=\"_blank\" rel=\"noreferrer noopener\">\u00da\u010dtu<\/a>.<\/p>\n\n\n\n<p>V \u010d\u00e1sti Reklama a personalizace naleznete mo\u017enost zakoupen\u00ed jednoho z placen\u00fdch produkt\u016f a n\u00ed\u017ee mo\u017enost zobrazen\u00ed ve\u0161ker\u00fdch souhlas\u016f s&nbsp;personalizac\u00ed.<\/p>\n\n\n\n<p>Kliknut\u00edm na tla\u010d\u00edtko Zm\u011bnit m\u016f\u017eete souhlasy nastavit.<\/p>\n\n\n\n<figure class=\"wp-block-image size-full is-resized\"><img loading=\"lazy\" decoding=\"async\" width=\"880\" height=\"1106\" src=\"https:\/\/o-seznam.cz\/napoveda\/ucet\/wp-content\/uploads\/sites\/10\/2024\/10\/ucet-reklama-personalizace.png\" alt=\"\" class=\"wp-image-705\" style=\"width:643px\" srcset=\"https:\/\/o-seznam.cz\/napoveda\/ucet\/wp-content\/uploads\/sites\/10\/2024\/10\/ucet-reklama-personalizace.png 880w, https:\/\/o-seznam.cz\/napoveda\/ucet\/wp-content\/uploads\/sites\/10\/2024\/10\/ucet-reklama-personalizace-789x992.png 789w, https:\/\/o-seznam.cz\/napoveda\/ucet\/wp-content\/uploads\/sites\/10\/2024\/10\/ucet-reklama-personalizace-255x320.png 255w, https:\/\/o-seznam.cz\/napoveda\/ucet\/wp-content\/uploads\/sites\/10\/2024\/10\/ucet-reklama-personalizace-768x965.png 768w\" sizes=\"auto, (max-width: 880px) 100vw, 880px\" \/><\/figure>\n\n\n\n<p><\/p>\n\n\n\n<p>Zobraz\u00ed se okno s nastaven\u00edm jako je uvedeno v\u00fd\u0161e.<\/p>\n<\/div>\n","protected":false},"excerpt":{"rendered":"<p>Rozhodli jste se ud\u011blit sv\u016fj souhlas se zpracov\u00e1n\u00edm osobn\u00edch \u00fadaj\u016f. U\u010dinit tak m\u016f\u017eete dv\u011bma zp\u016fsoby: Souhlas v zobrazen\u00e9m po\u017eadavku Po otev\u0159en\u00ed slu\u017eby \u010di p\u0159ihl\u00e1\u0161en\u00ed ke slu\u017eb\u011b na Seznam.cz se v\u00e1m zobraz\u00ed okno s po\u017eadavkem na ud\u011blen\u00ed souhlasu: Kliknut\u00edm na tla\u010d\u00edtko Souhlas\u00edm a pokra\u010dovat rovnou ud\u011bl\u00edte souhlas se zpracov\u00e1n\u00edm osobn\u00edch \u00fadaj\u016f. Pro anglick\u00e9 zn\u011bn\u00ed dialogu vyu\u017eijte [&hellip;]<\/p>\n","protected":false},"author":6,"featured_media":0,"parent":98,"menu_order":0,"comment_status":"closed","ping_status":"closed","template":"page-sidemenu","meta":{"_acf_changed":false,"_relevanssi_hide_post":"","_relevanssi_hide_content":"","_relevanssi_pin_for_all":"","_relevanssi_pin_keywords":"","_relevanssi_unpin_keywords":"","_relevanssi_related_keywords":"","_relevanssi_related_include_ids":"","_relevanssi_related_exclude_ids":"","_relevanssi_related_no_append":"","_relevanssi_related_not_related":"","_relevanssi_related_posts":"","_relevanssi_noindex_reason":"","footnotes":""},"page_category":[24],"page_tag":[],"service_status_category":[],"class_list":["post-179","page","type-page","status-publish","hentry"],"acf":[],"lang":"cs","translations":{"cs":179},"pll_sync_post":[],"_links":{"self":[{"href":"https:\/\/o-seznam.cz\/napoveda\/ucet\/wp-json\/wp\/v2\/pages\/179","targetHints":{"allow":["GET"]}}],"collection":[{"href":"https:\/\/o-seznam.cz\/napoveda\/ucet\/wp-json\/wp\/v2\/pages"}],"about":[{"href":"https:\/\/o-seznam.cz\/napoveda\/ucet\/wp-json\/wp\/v2\/types\/page"}],"author":[{"embeddable":true,"href":"https:\/\/o-seznam.cz\/napoveda\/ucet\/wp-json\/wp\/v2\/users\/6"}],"replies":[{"embeddable":true,"href":"https:\/\/o-seznam.cz\/napoveda\/ucet\/wp-json\/wp\/v2\/comments?post=179"}],"version-history":[{"count":10,"href":"https:\/\/o-seznam.cz\/napoveda\/ucet\/wp-json\/wp\/v2\/pages\/179\/revisions"}],"predecessor-version":[{"id":2910,"href":"https:\/\/o-seznam.cz\/napoveda\/ucet\/wp-json\/wp\/v2\/pages\/179\/revisions\/2910"}],"up":[{"embeddable":true,"href":"https:\/\/o-seznam.cz\/napoveda\/ucet\/wp-json\/wp\/v2\/pages\/98"}],"wp:attachment":[{"href":"https:\/\/o-seznam.cz\/napoveda\/ucet\/wp-json\/wp\/v2\/media?parent=179"}],"wp:term":[{"taxonomy":"page_category","embeddable":true,"href":"https:\/\/o-seznam.cz\/napoveda\/ucet\/wp-json\/wp\/v2\/page_category?post=179"},{"taxonomy":"page_tag","embeddable":true,"href":"https:\/\/o-seznam.cz\/napoveda\/ucet\/wp-json\/wp\/v2\/page_tag?post=179"},{"taxonomy":"service_status_category","embeddable":true,"href":"https:\/\/o-seznam.cz\/napoveda\/ucet\/wp-json\/wp\/v2\/service_status_category?post=179"}],"curies":[{"name":"wp","href":"https:\/\/api.w.org\/{rel}","templated":true}]}}