{"id":177,"date":"2024-10-13T00:45:25","date_gmt":"2024-10-12T22:45:25","guid":{"rendered":"https:\/\/o-seznam.cz\/napoveda\/ucet\/?page_id=177"},"modified":"2026-01-13T15:10:06","modified_gmt":"2026-01-13T14:10:06","slug":"zpracovani-osobnich-udaju","status":"publish","type":"page","link":"https:\/\/o-seznam.cz\/napoveda\/ucet\/data-a-personalizace\/zpracovani-osobnich-udaju\/","title":{"rendered":"Zpracov\u00e1n\u00ed osobn\u00edch \u00fadaj\u016f"},"content":{"rendered":"\n<div class=\"wp-block-group is-layout-constrained wp-block-group-is-layout-constrained\">\n<p>Aby na\u0161i u\u017eivatel\u00e9 na Seznamu na\u0161li obsah a nab\u00eddky, kter\u00e9 je skute\u010dn\u011b bav\u00ed a zaj\u00edmaj\u00ed, je nezbytn\u00e9 z\u00edskat souhlas se zpracov\u00e1n\u00edm osobn\u00edch \u00fadaj\u016f v souladu s GDPR.<\/p>\n\n\n\n<p>Na\u0161im u\u017eivatel\u016fm se po p\u0159ihl\u00e1\u0161en\u00ed ke slu\u017eb\u00e1m Seznam.cz zobraz\u00ed po\u017eadavek o potvrzen\u00ed, \u017ee pro \u00fa\u010dely poskytov\u00e1n\u00ed jedine\u010dn\u00e9ho obsahu (zejm\u00e9na \u010dl\u00e1nk\u016f, po\u010das\u00ed, v\u00fdsledk\u016f vyhled\u00e1v\u00e1n\u00ed a reklamn\u00edch sd\u011blen\u00ed) na internetov\u00fdch str\u00e1nk\u00e1ch a v mobiln\u00edch aplikac\u00edch na\u0161ich slu\u017eeb poskytuj\u00ed spole\u010dnosti Seznam.cz v\u00fdslovn\u00fd souhlas se zpracov\u00e1n\u00edm sv\u00fdch osobn\u00edch \u00fadaj\u016f.<\/p>\n\n\n\n<p>Nastaven\u00ed souhlasu s personalizac\u00ed vypad\u00e1 takto:<\/p>\n\n\n\n<figure class=\"wp-block-image size-full is-resized\"><img loading=\"lazy\" decoding=\"async\" width=\"875\" height=\"653\" src=\"https:\/\/o-seznam.cz\/napoveda\/ucet\/wp-content\/uploads\/sites\/10\/2026\/01\/snimek-obrazovky-2026-01-13-v145342-3.png\" alt=\"\" class=\"wp-image-2798\" style=\"width:643px\" srcset=\"https:\/\/o-seznam.cz\/napoveda\/ucet\/wp-content\/uploads\/sites\/10\/2026\/01\/snimek-obrazovky-2026-01-13-v145342-3.png 875w, https:\/\/o-seznam.cz\/napoveda\/ucet\/wp-content\/uploads\/sites\/10\/2026\/01\/snimek-obrazovky-2026-01-13-v145342-3-320x239.png 320w, https:\/\/o-seznam.cz\/napoveda\/ucet\/wp-content\/uploads\/sites\/10\/2026\/01\/snimek-obrazovky-2026-01-13-v145342-3-768x573.png 768w\" sizes=\"auto, (max-width: 875px) 100vw, 875px\" \/><\/figure>\n\n\n\n<p><\/p>\n\n\n\n<p>Podrobn\u011bj\u0161\u00ed popis a informace o ud\u011blen\u00ed GDPR souhlasu pro jednotliv\u00e9 \u00fa\u010dely naleznete pod odkazem Podrobn\u00e9 nastaven\u00ed.<\/p>\n\n\n\n<figure class=\"wp-block-image size-full is-resized\"><img loading=\"lazy\" decoding=\"async\" width=\"707\" height=\"891\" src=\"https:\/\/o-seznam.cz\/napoveda\/ucet\/wp-content\/uploads\/sites\/10\/2026\/01\/snimek-obrazovky-2026-01-13-v145506.png\" alt=\"\" class=\"wp-image-2799\" style=\"width:643px\" srcset=\"https:\/\/o-seznam.cz\/napoveda\/ucet\/wp-content\/uploads\/sites\/10\/2026\/01\/snimek-obrazovky-2026-01-13-v145506.png 707w, https:\/\/o-seznam.cz\/napoveda\/ucet\/wp-content\/uploads\/sites\/10\/2026\/01\/snimek-obrazovky-2026-01-13-v145506-254x320.png 254w\" sizes=\"auto, (max-width: 707px) 100vw, 707px\" \/><\/figure>\n\n\n\n<p><\/p>\n\n\n\n<p class=\"is-style-link-external\">Podrobn\u00e9 informace k z\u00e1sad\u00e1m ochrany osobn\u00edch \u00fadaj\u016f naleznete na str\u00e1nce <a href=\"https:\/\/o-seznam.cz\/pravni-informace\/ochrana-udaju\/\" data-type=\"link\" data-id=\"https:\/\/o-seznam.cz\/pravni-informace\/ochrana-udaju\/\" target=\"_blank\" rel=\"noreferrer noopener\">Rozsah z\u00e1sad ochrany osobn\u00edch \u00fadaj\u016f<\/a>.<\/p>\n\n\n\n<p>Podrobn\u00fd postup pro ud\u011blen\u00ed souhlasu naleznete v n\u00e1pov\u011bd\u011b <a href=\"https:\/\/o-seznam.cz\/napoveda\/ucet\/data-a-personalizace\/souhlas\/\" data-type=\"page\" data-id=\"179\">Souhlas se zpracov\u00e1n\u00edm<\/a>.<\/p>\n\n\n\n<p>Podrobn\u00fd postup pro odm\u00edtnut\u00ed a\/nebo dodate\u010dn\u00e9 odvol\u00e1n\u00ed ud\u011blen\u00e9ho souhlasu naleznete v n\u00e1pov\u011bd\u011b <a href=\"https:\/\/o-seznam.cz\/napoveda\/ucet\/data-a-personalizace\/odmitnuti-a-odvolani-souhlasu\/\" data-type=\"page\" data-id=\"181\">Odm\u00edtnut\u00ed a odvol\u00e1n\u00ed souhlasu<\/a>.<\/p>\n\n\n\n<p class=\"is-style-link-external\">Souhlas m\u016f\u017eete ud\u011blit \u010di st\u00e1hnout i pozd\u011bji v nastaven\u00ed sv\u00e9ho u\u017eivatelsk\u00e9ho <a href=\"https:\/\/ucet.seznam.cz\/\" data-type=\"link\" data-id=\"https:\/\/ucet.seznam.cz\/\" target=\"_blank\" rel=\"noreferrer noopener\">\u00da\u010dtu<\/a>.<\/p>\n<\/div>\n","protected":false},"excerpt":{"rendered":"<p>Aby na\u0161i u\u017eivatel\u00e9 na Seznamu na\u0161li obsah a nab\u00eddky, kter\u00e9 je skute\u010dn\u011b bav\u00ed a zaj\u00edmaj\u00ed, je nezbytn\u00e9 z\u00edskat souhlas se zpracov\u00e1n\u00edm osobn\u00edch \u00fadaj\u016f v souladu s GDPR. Na\u0161im u\u017eivatel\u016fm se po p\u0159ihl\u00e1\u0161en\u00ed ke slu\u017eb\u00e1m Seznam.cz zobraz\u00ed po\u017eadavek o potvrzen\u00ed, \u017ee pro \u00fa\u010dely poskytov\u00e1n\u00ed jedine\u010dn\u00e9ho obsahu (zejm\u00e9na \u010dl\u00e1nk\u016f, po\u010das\u00ed, v\u00fdsledk\u016f vyhled\u00e1v\u00e1n\u00ed a reklamn\u00edch sd\u011blen\u00ed) na internetov\u00fdch [&hellip;]<\/p>\n","protected":false},"author":6,"featured_media":0,"parent":98,"menu_order":0,"comment_status":"closed","ping_status":"closed","template":"page-sidemenu","meta":{"_acf_changed":false,"_relevanssi_hide_post":"","_relevanssi_hide_content":"","_relevanssi_pin_for_all":"","_relevanssi_pin_keywords":"","_relevanssi_unpin_keywords":"","_relevanssi_related_keywords":"","_relevanssi_related_include_ids":"","_relevanssi_related_exclude_ids":"","_relevanssi_related_no_append":"","_relevanssi_related_not_related":"","_relevanssi_related_posts":"","_relevanssi_noindex_reason":"","footnotes":""},"page_category":[24],"page_tag":[],"service_status_category":[],"class_list":["post-177","page","type-page","status-publish","hentry"],"acf":[],"lang":"cs","translations":{"cs":177},"pll_sync_post":[],"_links":{"self":[{"href":"https:\/\/o-seznam.cz\/napoveda\/ucet\/wp-json\/wp\/v2\/pages\/177","targetHints":{"allow":["GET"]}}],"collection":[{"href":"https:\/\/o-seznam.cz\/napoveda\/ucet\/wp-json\/wp\/v2\/pages"}],"about":[{"href":"https:\/\/o-seznam.cz\/napoveda\/ucet\/wp-json\/wp\/v2\/types\/page"}],"author":[{"embeddable":true,"href":"https:\/\/o-seznam.cz\/napoveda\/ucet\/wp-json\/wp\/v2\/users\/6"}],"replies":[{"embeddable":true,"href":"https:\/\/o-seznam.cz\/napoveda\/ucet\/wp-json\/wp\/v2\/comments?post=177"}],"version-history":[{"count":9,"href":"https:\/\/o-seznam.cz\/napoveda\/ucet\/wp-json\/wp\/v2\/pages\/177\/revisions"}],"predecessor-version":[{"id":2800,"href":"https:\/\/o-seznam.cz\/napoveda\/ucet\/wp-json\/wp\/v2\/pages\/177\/revisions\/2800"}],"up":[{"embeddable":true,"href":"https:\/\/o-seznam.cz\/napoveda\/ucet\/wp-json\/wp\/v2\/pages\/98"}],"wp:attachment":[{"href":"https:\/\/o-seznam.cz\/napoveda\/ucet\/wp-json\/wp\/v2\/media?parent=177"}],"wp:term":[{"taxonomy":"page_category","embeddable":true,"href":"https:\/\/o-seznam.cz\/napoveda\/ucet\/wp-json\/wp\/v2\/page_category?post=177"},{"taxonomy":"page_tag","embeddable":true,"href":"https:\/\/o-seznam.cz\/napoveda\/ucet\/wp-json\/wp\/v2\/page_tag?post=177"},{"taxonomy":"service_status_category","embeddable":true,"href":"https:\/\/o-seznam.cz\/napoveda\/ucet\/wp-json\/wp\/v2\/service_status_category?post=177"}],"curies":[{"name":"wp","href":"https:\/\/api.w.org\/{rel}","templated":true}]}}