{"id":163,"date":"2024-10-10T00:25:53","date_gmt":"2024-10-09T22:25:53","guid":{"rendered":"https:\/\/o-seznam.cz\/napoveda\/ucet\/?page_id=163"},"modified":"2025-11-19T12:55:30","modified_gmt":"2025-11-19T11:55:30","slug":"postovni-programy","status":"publish","type":"page","link":"https:\/\/o-seznam.cz\/napoveda\/ucet\/dvoufazove-overeni\/postovni-programy\/","title":{"rendered":"Po\u0161tovn\u00ed programy a CalDAV p\u0159i dvouf\u00e1zov\u00e9m ov\u011b\u0159en\u00ed"},"content":{"rendered":"\n<div class=\"wp-block-group is-layout-constrained wp-block-group-is-layout-constrained\">\n<p>Pokud jste u sv\u00e9ho \u00fa\u010dtu povolili <a href=\"https:\/\/o-seznam.cz\/napoveda\/ucet\/dvoufazove-overeni\/zapnuti\/\" data-type=\"page\" data-id=\"107\">zabezpe\u010den\u00ed pomoc\u00ed dvouf\u00e1zov\u00e9ho ov\u011b\u0159en\u00ed<\/a> a z\u00e1rove\u0148 pou\u017e\u00edv\u00e1te pro p\u0159\u00edjem a odes\u00edl\u00e1n\u00ed zpr\u00e1v po\u0161tovn\u00ed program (Outlook, Thunderbird apod.), mobiln\u00ed po\u0161tovn\u00ed aplikaci nebo synchronizujete Kalend\u00e1\u0159, je t\u0159eba si pro p\u0159\u00edstup pomoc\u00ed IMAP\/POP3, SMTP a CalDAV spojen\u00ed vytvo\u0159it nov\u00e9 p\u0159\u00edstupov\u00e9 heslo.<\/p>\n\n\n\n<div class=\"wp-block-seznam-box is-layout-flow wp-block-seznam-box-is-layout-flow\">\n<p>Heslo pro IMAP\/POP3, SMTP a CalDAV spojen\u00ed bude platn\u00e9 pouze pro p\u0159\u00edstup po\u0161tovn\u00edch \u010di kalend\u00e1\u0159ov\u00fdch klient\u016f pomoc\u00ed t\u011bchto komunika\u010dn\u00edch protokol\u016f.<\/p>\n\n\n\n<p>Heslo pro p\u0159ihl\u00e1\u0161en\u00ed se k u\u017eivatelsk\u00e9mu \u00fa\u010dtu v\u00e1m z\u016fstane st\u00e1le stejn\u00e9, to se t\u00edmto krokem nijak nezm\u011bn\u00ed.<\/p>\n<\/div>\n\n\n\n<p>Jakmile se po povolen\u00ed dvouf\u00e1zov\u00e9ho ov\u011b\u0159en\u00ed pokus\u00edte poprv\u00e9 prihl\u00e1sit k po\u0161tovn\u00edmu \u010di kalend\u00e1\u0159ov\u00e9mu serveru, zobraz\u00ed se informace o odm\u00edtnut\u00e9m spojen\u00ed ve zn\u011bn\u00ed nap\u0159. \u201eP\u0159ihl\u00e1\u0161en\u00ed k serveru imap.seznam.cz selhalo\u201c. <\/p>\n\n\n\n<figure class=\"wp-block-image size-full\"><img loading=\"lazy\" decoding=\"async\" width=\"508\" height=\"125\" src=\"https:\/\/o-seznam.cz\/napoveda\/ucet\/wp-content\/uploads\/sites\/10\/2024\/10\/2fa-mail-prihlaseni-selhalo.png\" alt=\"\" class=\"wp-image-533\" srcset=\"https:\/\/o-seznam.cz\/napoveda\/ucet\/wp-content\/uploads\/sites\/10\/2024\/10\/2fa-mail-prihlaseni-selhalo.png 508w, https:\/\/o-seznam.cz\/napoveda\/ucet\/wp-content\/uploads\/sites\/10\/2024\/10\/2fa-mail-prihlaseni-selhalo-320x79.png 320w\" sizes=\"auto, (max-width: 508px) 100vw, 508px\" \/><\/figure>\n<\/div>\n\n\n\n<div class=\"wp-block-group is-layout-constrained wp-block-group-is-layout-constrained\">\n<h2 class=\"wp-block-heading\">Nastaven\u00ed hesla pro p\u0159\u00edstup pomoc\u00ed IMAP\/POP3, SMTP a CalDAV protokolu<\/h2>\n\n\n\n<p class=\"is-style-link-external\">P\u0159ihlaste se ke sv\u00e9mu \u00da\u010dtu a p\u0159ejd\u011bte do \u010d\u00e1sti <a href=\"https:\/\/ucet.seznam.cz\/\" data-type=\"link\" data-id=\"https:\/\/ucet.seznam.cz\/\" target=\"_blank\" rel=\"noreferrer noopener\">Zabezpe\u010den\u00ed \u00fa\u010dtu<\/a>.<\/p>\n\n\n\n<p>V sekci Dvouf\u00e1zov\u00e9 ov\u011b\u0159en\u00ed na \u0159\u00e1dku Heslo pro aplikace klikn\u011bte na Nastavit.<\/p>\n\n\n\n<p>M\u016f\u017ee se st\u00e1t, \u017ee pro toto <a href=\"https:\/\/o-seznam.cz\/napoveda\/ucet\/zmena-zabezpeceni-a-dulezitych-udaju-v-uctu\/?_gl=1*mrv314*_up*MQ..*_ga*NTIwNzAxMzAwLjE3NDgyNDUyMDU.*_ga_9183RVVT07*czE3NDgyNDUyMDUkbzEkZzEkdDE3NDgyNDUyOTkkajAkbDAkaDA.*_ga_8SQNY5WC7K*czE3NDgyNDUyMDUkbzEkZzEkdDE3NDgyNDUyOTkkajAkbDAkaDAkZGpwQWFxdWIyMjAyRUhWeUtqVUJBOWxOMVZpb0JQeXBXYXc.\">nastaven\u00ed si budeme cht\u00edt ov\u011b\u0159it,<\/a> \u017ee \u00fa\u010det pat\u0159\u00ed skute\u010dn\u011b v\u00e1m.<\/p>\n\n\n\n<figure class=\"wp-block-image size-full\"><img loading=\"lazy\" decoding=\"async\" width=\"686\" height=\"114\" src=\"https:\/\/o-seznam.cz\/napoveda\/ucet\/wp-content\/uploads\/sites\/10\/2025\/11\/heslo-pro-aplikace.png\" alt=\"\" class=\"wp-image-2749\" srcset=\"https:\/\/o-seznam.cz\/napoveda\/ucet\/wp-content\/uploads\/sites\/10\/2025\/11\/heslo-pro-aplikace.png 686w, https:\/\/o-seznam.cz\/napoveda\/ucet\/wp-content\/uploads\/sites\/10\/2025\/11\/heslo-pro-aplikace-320x53.png 320w\" sizes=\"auto, (max-width: 686px) 100vw, 686px\" \/><\/figure>\n\n\n\n<p>Ve formul\u00e1\u0159i zadejte:<\/p>\n\n\n\n<ul class=\"wp-block-list\">\n<li>Nov\u00e9 heslo pro IMAP\/POP3, SMTP a CalDAV<\/li>\n\n\n\n<li>Znovu, pro kontrolu spr\u00e1vnosti nov\u00e9 heslo pro IMAP\/POP3, SMTP a CalDAV<\/li>\n<\/ul>\n\n\n\n<p>Nastaven\u00ed potvr\u010fte kliknut\u00edm na Ulo\u017eit zm\u011bny.<\/p>\n\n\n\n<figure class=\"wp-block-image size-full\"><img loading=\"lazy\" decoding=\"async\" width=\"686\" height=\"229\" src=\"https:\/\/o-seznam.cz\/napoveda\/ucet\/wp-content\/uploads\/sites\/10\/2025\/11\/heslo-pro-aplikace-rozbalene.png\" alt=\"\" class=\"wp-image-2750\" srcset=\"https:\/\/o-seznam.cz\/napoveda\/ucet\/wp-content\/uploads\/sites\/10\/2025\/11\/heslo-pro-aplikace-rozbalene.png 686w, https:\/\/o-seznam.cz\/napoveda\/ucet\/wp-content\/uploads\/sites\/10\/2025\/11\/heslo-pro-aplikace-rozbalene-320x107.png 320w\" sizes=\"auto, (max-width: 686px) 100vw, 686px\" \/><\/figure>\n\n\n\n<div class=\"wp-block-seznam-box is-layout-flow wp-block-seznam-box-is-layout-flow\">\n<p>Pozor! Nov\u00e9 heslo pro IMAP\/POP3, SMTP a CalDAV protokoly nesm\u00ed b\u00fdt stejn\u00e9, jako va\u0161e aktu\u00e1ln\u00ed heslo pro p\u0159ihla\u0161ov\u00e1n\u00ed k \u00fa\u010dtu.<\/p>\n<\/div>\n\n\n\n<p>A to je v\u0161e. Nov\u00e9 heslo zadejte do nastaven\u00ed ve va\u0161em po\u0161tovn\u00edm programu \u010di aplikaci a nyn\u00ed by se m\u011bl po\u0161tovn\u00ed klient p\u0159ipojit k \u00fa\u010dtu. Pokud se tak nestalo, zkuste po\u0161tovn\u00ed program vypnout a po chv\u00edli znovu zapnout.<\/p>\n\n\n\n<div class=\"wp-block-seznam-box is-layout-flow wp-block-seznam-box-is-layout-flow\">\n<p>Po nastaven\u00ed hesla pro aplikace ho nelze zru\u0161it, bude ho mo\u017en\u00e9 pouze zm\u011bnit. Jakmile ale u sv\u00e9ho \u00fa\u010dtu cel\u00e9 <a href=\"https:\/\/o-seznam.cz\/napoveda\/ucet\/dvoufazove-overeni\/odebrani-overovaciho-zarizeni\/\" data-type=\"page\" data-id=\"592\">zabezpe\u010den\u00ed dvouf\u00e1zov\u00fdm ov\u011b\u0159en\u00edm vypnete<\/a>, vypne se i toto speci\u00e1ln\u00ed heslo pro po\u0161tovn\u00ed protokoly. Platit za\u010dne znovu stejn\u00e9 heslo, jak\u00e9 pou\u017e\u00edv\u00e1te pro p\u0159ihl\u00e1\u0161en\u00ed ke sv\u00e9mu \u00fa\u010dtu.<\/p>\n<\/div>\n<\/div>\n","protected":false},"excerpt":{"rendered":"<p>Pokud jste u sv\u00e9ho \u00fa\u010dtu povolili zabezpe\u010den\u00ed pomoc\u00ed dvouf\u00e1zov\u00e9ho ov\u011b\u0159en\u00ed a z\u00e1rove\u0148 pou\u017e\u00edv\u00e1te pro p\u0159\u00edjem a odes\u00edl\u00e1n\u00ed zpr\u00e1v po\u0161tovn\u00ed program (Outlook, Thunderbird apod.), mobiln\u00ed po\u0161tovn\u00ed aplikaci nebo synchronizujete Kalend\u00e1\u0159, je t\u0159eba si pro p\u0159\u00edstup pomoc\u00ed IMAP\/POP3, SMTP a CalDAV spojen\u00ed vytvo\u0159it nov\u00e9 p\u0159\u00edstupov\u00e9 heslo. Jakmile se po povolen\u00ed dvouf\u00e1zov\u00e9ho ov\u011b\u0159en\u00ed pokus\u00edte poprv\u00e9 prihl\u00e1sit k po\u0161tovn\u00edmu [&hellip;]<\/p>\n","protected":false},"author":6,"featured_media":0,"parent":94,"menu_order":0,"comment_status":"closed","ping_status":"closed","template":"page-sidemenu","meta":{"_acf_changed":false,"_relevanssi_hide_post":"","_relevanssi_hide_content":"","_relevanssi_pin_for_all":"","_relevanssi_pin_keywords":"","_relevanssi_unpin_keywords":"","_relevanssi_related_keywords":"","_relevanssi_related_include_ids":"","_relevanssi_related_exclude_ids":"","_relevanssi_related_no_append":"","_relevanssi_related_not_related":"","_relevanssi_related_posts":"","_relevanssi_noindex_reason":"","footnotes":""},"page_category":[24],"page_tag":[],"service_status_category":[],"class_list":["post-163","page","type-page","status-publish","hentry"],"acf":[],"lang":"cs","translations":{"cs":163,"en":2105},"pll_sync_post":[],"_links":{"self":[{"href":"https:\/\/o-seznam.cz\/napoveda\/ucet\/wp-json\/wp\/v2\/pages\/163","targetHints":{"allow":["GET"]}}],"collection":[{"href":"https:\/\/o-seznam.cz\/napoveda\/ucet\/wp-json\/wp\/v2\/pages"}],"about":[{"href":"https:\/\/o-seznam.cz\/napoveda\/ucet\/wp-json\/wp\/v2\/types\/page"}],"author":[{"embeddable":true,"href":"https:\/\/o-seznam.cz\/napoveda\/ucet\/wp-json\/wp\/v2\/users\/6"}],"replies":[{"embeddable":true,"href":"https:\/\/o-seznam.cz\/napoveda\/ucet\/wp-json\/wp\/v2\/comments?post=163"}],"version-history":[{"count":9,"href":"https:\/\/o-seznam.cz\/napoveda\/ucet\/wp-json\/wp\/v2\/pages\/163\/revisions"}],"predecessor-version":[{"id":2751,"href":"https:\/\/o-seznam.cz\/napoveda\/ucet\/wp-json\/wp\/v2\/pages\/163\/revisions\/2751"}],"up":[{"embeddable":true,"href":"https:\/\/o-seznam.cz\/napoveda\/ucet\/wp-json\/wp\/v2\/pages\/94"}],"wp:attachment":[{"href":"https:\/\/o-seznam.cz\/napoveda\/ucet\/wp-json\/wp\/v2\/media?parent=163"}],"wp:term":[{"taxonomy":"page_category","embeddable":true,"href":"https:\/\/o-seznam.cz\/napoveda\/ucet\/wp-json\/wp\/v2\/page_category?post=163"},{"taxonomy":"page_tag","embeddable":true,"href":"https:\/\/o-seznam.cz\/napoveda\/ucet\/wp-json\/wp\/v2\/page_tag?post=163"},{"taxonomy":"service_status_category","embeddable":true,"href":"https:\/\/o-seznam.cz\/napoveda\/ucet\/wp-json\/wp\/v2\/service_status_category?post=163"}],"curies":[{"name":"wp","href":"https:\/\/api.w.org\/{rel}","templated":true}]}}