{"id":159,"date":"2024-10-10T00:30:58","date_gmt":"2024-10-09T22:30:58","guid":{"rendered":"https:\/\/o-seznam.cz\/napoveda\/ucet\/?page_id=159"},"modified":"2026-01-21T11:59:46","modified_gmt":"2026-01-21T10:59:46","slug":"duveryhodne-prohlizece","status":"publish","type":"page","link":"https:\/\/o-seznam.cz\/napoveda\/ucet\/dvoufazove-overeni\/duveryhodne-prohlizece\/","title":{"rendered":"D\u016fv\u011bryhodn\u00e9 prohl\u00ed\u017ee\u010de"},"content":{"rendered":"<nav class=\"menu-anchors\">\n<ul>\n\t<li><a href=\"#pridani-duveryhodneho-prohlizece\">P\u0159id\u00e1n\u00ed d\u016fv\u011bryhodn\u00e9ho prohl\u00ed\u017ee\u010de pro dvouf\u00e1zov\u00e9 ov\u011b\u0159en\u00ed<\/a><\/li>\n<li><a href=\"#odebrani-duveryhodneho-prohlizece\">Odebr\u00e1n\u00ed d\u016fv\u011bryhodn\u00e9ho prohl\u00ed\u017ee\u010de pro dvouf\u00e1zov\u00e9 ov\u011b\u0159en\u00ed<\/a><\/li>\n<\/ul>\n\n<\/nav>\n\n\n\n<div class=\"wp-block-group is-layout-constrained wp-block-group-is-layout-constrained\">\n<p>D\u016fv\u011bryhodn\u00fd prohl\u00ed\u017ee\u010d je takov\u00fd internetov\u00fd prohl\u00ed\u017ee\u010d v po\u010d\u00edta\u010di nebo mobilu, ve kter\u00e9m se po prvn\u00edm ov\u011b\u0159en\u00ed dvouf\u00e1zov\u00fdm ov\u011b\u0159en\u00edm (<a href=\"https:\/\/o-seznam.cz\/napoveda\/ucet\/dvoufazove-overeni\/autentizacni-aplikace\/\" data-type=\"link\" data-id=\"https:\/\/o-seznam.cz\/napoveda\/ucet\/dvoufazove-overeni\/autentizacni-aplikace\/\">autentiza\u010dn\u00ed aplikac\u00ed<\/a>, <a href=\"https:\/\/o-seznam.cz\/napoveda\/ucet\/dvoufazove-overeni\/bezpecnostni-klic\/\" data-type=\"link\" data-id=\"https:\/\/o-seznam.cz\/napoveda\/ucet\/dvoufazove-overeni\/bezpecnostni-klic\/\">bezpe\u010dnostn\u00edm kl\u00ed\u010dem<\/a>) ji\u017e nebudete muset znovu potvrzovat p\u0159i ka\u017ed\u00e9m p\u0159ihl\u00e1\u0161en\u00ed.<\/p>\n\n\n\n<p>P\u0159i prvn\u00edm p\u0159ihl\u00e1\u0161en\u00ed v nov\u00e9m prohl\u00ed\u017ee\u010di a proveden\u00ed dvouf\u00e1zov\u00e9ho ov\u011b\u0159en\u00ed  m\u016f\u017eete takov\u00fd prohl\u00ed\u017ee\u010d ozna\u010dit jako d\u016fv\u011bryhodn\u00fd. P\u0159i dal\u0161\u00edm p\u0159ihl\u00e1\u0161en\u00ed u\u017e ov\u011b\u0159ov\u00e1n\u00ed prob\u011bhne automaticky a dostanete se do \u00fa\u010dtu hned.<\/p>\n<\/div>\n\n\n\n<h2 class=\"wp-block-heading\" id=\"pridani-duveryhodneho-prohlizece\">P\u0159id\u00e1n\u00ed d\u016fv\u011bryhodn\u00e9ho prohl\u00ed\u017ee\u010de pro dvouf\u00e1zov\u00e9 ov\u011b\u0159en\u00ed<\/h2>\n\n\n\n<p>Pro p\u0159id\u00e1n\u00ed d\u016fv\u011bryhodn\u00e9ho prohl\u00ed\u017ee\u010de postupujte dle n\u00e1sleduj\u00edc\u00edch krok\u016f.<br><br>1. V internetov\u00e9m prohl\u00ed\u017ee\u010di se p\u0159ihlaste ke sv\u00e9mu \u00fa\u010dtu nebo konkr\u00e9tn\u00ed slu\u017eb\u011b.<br><br>2. <a href=\"https:\/\/o-seznam.cz\/napoveda\/ucet\/dvoufazove-overeni\/co-to-je\/#prihlaseni-s-dvoufazi\" data-type=\"link\" data-id=\"https:\/\/o-seznam.cz\/napoveda\/ucet\/dvoufazove-overeni\/co-to-je\/#prihlaseni-s-dvoufazi\">P\u0159ihl\u00e1\u0161en\u00ed budete muset<\/a> ov\u011b\u0159it bezpe\u010dnostn\u00edm kl\u00ed\u010dem, \u010di ops\u00e1n\u00edm k\u00f3du z autentiza\u010dn\u00ed aplikace.<br><br>3. Po \u00fasp\u011b\u0161n\u00e9m p\u0159ihl\u00e1\u0161en\u00ed se zobraz\u00ed okno s dotazem, zda chcete tomuto prohl\u00ed\u017ee\u010di d\u016fv\u011b\u0159ovat. V tomto kroku rovn\u011b\u017e m\u016f\u017eete p\u0159idat vlastn\u00ed (voliteln\u00fd) n\u00e1zev prohl\u00ed\u017ee\u010de pro jeho lep\u0161\u00ed rozezn\u00e1n\u00ed v D\u016fv\u011bryhodn\u00fdch prohl\u00ed\u017ee\u010d\u00edch v sekci Zabezpe\u010den\u00ed \u00fa\u010dtu.<br>Nyn\u00ed potvr\u010fte kliknut\u00edm na \u201eAno, d\u016fv\u011b\u0159ovat\u201c.<\/p>\n\n\n\n<figure class=\"wp-block-image size-full is-resized\"><img loading=\"lazy\" decoding=\"async\" width=\"379\" height=\"561\" src=\"https:\/\/o-seznam.cz\/napoveda\/ucet\/wp-content\/uploads\/sites\/10\/2026\/01\/duveryhodny-prohlizec-nazev.png\" alt=\"\" class=\"wp-image-2841\" style=\"width:278px;height:auto\" srcset=\"https:\/\/o-seznam.cz\/napoveda\/ucet\/wp-content\/uploads\/sites\/10\/2026\/01\/duveryhodny-prohlizec-nazev.png 379w, https:\/\/o-seznam.cz\/napoveda\/ucet\/wp-content\/uploads\/sites\/10\/2026\/01\/duveryhodny-prohlizec-nazev-216x320.png 216w\" sizes=\"auto, (max-width: 379px) 100vw, 379px\" \/><\/figure>\n\n\n\n<p>4. Ihned dojde k p\u0159ihl\u00e1\u0161en\u00ed ke slu\u017eb\u011b a prohl\u00ed\u017ee\u010d se p\u0159id\u00e1 v <a href=\"https:\/\/ucet.seznam.cz\/\" target=\"_blank\" rel=\"noreferrer noopener\">\u00da\u010dtu<\/a> do seznamu d\u016fv\u011bryhodn\u00fdch prohl\u00ed\u017ee\u010d\u016f, kde se zobraz\u00ed v\u00e1mi zadan\u00fd n\u00e1zev a podrobnosti o prohl\u00ed\u017ee\u010di.<\/p>\n\n\n\n<figure class=\"wp-block-image size-full\"><img loading=\"lazy\" decoding=\"async\" width=\"724\" height=\"332\" src=\"https:\/\/o-seznam.cz\/napoveda\/ucet\/wp-content\/uploads\/sites\/10\/2026\/01\/zobrazeni-v-uctu.png\" alt=\"\" class=\"wp-image-2842\" srcset=\"https:\/\/o-seznam.cz\/napoveda\/ucet\/wp-content\/uploads\/sites\/10\/2026\/01\/zobrazeni-v-uctu.png 724w, https:\/\/o-seznam.cz\/napoveda\/ucet\/wp-content\/uploads\/sites\/10\/2026\/01\/zobrazeni-v-uctu-320x147.png 320w\" sizes=\"auto, (max-width: 724px) 100vw, 724px\" \/><\/figure>\n\n\n\n<h2 class=\"wp-block-heading\" id=\"odebrani-duveryhodneho-prohlizece\">Odebr\u00e1n\u00ed d\u016fv\u011bryhodn\u00e9ho prohl\u00ed\u017ee\u010de pro dvouf\u00e1zov\u00e9 ov\u011b\u0159en\u00ed<\/h2>\n\n\n\n<p>Pokud jste se rozhodli odebrat D\u016fv\u011bryhodn\u00fd prohl\u00ed\u017ee\u010d, postupujte n\u00e1sledovn\u011b:<br><br>1. P\u0159ihlaste se ke sv\u00e9mu <a href=\"https:\/\/ucet.seznam.cz\/\" target=\"_blank\" rel=\"noreferrer noopener\">\u00da\u010dtu<\/a> a dle pot\u0159eby ov\u011b\u0159te sv\u00e9 p\u0159ihl\u00e1\u0161en\u00ed.<br><br>2. V lev\u00e9m menu zvolte Zabezpe\u010den\u00ed \u00fa\u010dtu a v \u010d\u00e1sti Dvouf\u00e1zov\u00e9 ov\u011b\u0159en\u00ed nalezn\u011bte po\u017eadovan\u00fd d\u016fv\u011bryhodn\u00fd prohl\u00ed\u017ee\u010d.<br><br>3. Pro jeho odstran\u011bn\u00ed klikn\u011bte vpravo na odkaz Odebrat.<\/p>\n\n\n\n<figure class=\"wp-block-image size-full\"><img loading=\"lazy\" decoding=\"async\" width=\"724\" height=\"332\" src=\"https:\/\/o-seznam.cz\/napoveda\/ucet\/wp-content\/uploads\/sites\/10\/2026\/01\/zobrazeni-v-uctu-1.png\" alt=\"\" class=\"wp-image-2844\" srcset=\"https:\/\/o-seznam.cz\/napoveda\/ucet\/wp-content\/uploads\/sites\/10\/2026\/01\/zobrazeni-v-uctu-1.png 724w, https:\/\/o-seznam.cz\/napoveda\/ucet\/wp-content\/uploads\/sites\/10\/2026\/01\/zobrazeni-v-uctu-1-320x147.png 320w\" sizes=\"auto, (max-width: 724px) 100vw, 724px\" \/><\/figure>\n\n\n\n<p>4. Zobraz\u00ed se okno s potvrzen\u00edm, ve kter\u00e9m klikn\u011bte na mo\u017enost \u201eAno\u201c.<\/p>\n\n\n\n<figure class=\"wp-block-image size-full\"><img loading=\"lazy\" decoding=\"async\" width=\"607\" height=\"260\" src=\"https:\/\/o-seznam.cz\/napoveda\/ucet\/wp-content\/uploads\/sites\/10\/2024\/10\/profil-2fa-odebrani-duvery1.png\" alt=\"\" class=\"wp-image-611\" srcset=\"https:\/\/o-seznam.cz\/napoveda\/ucet\/wp-content\/uploads\/sites\/10\/2024\/10\/profil-2fa-odebrani-duvery1.png 607w, https:\/\/o-seznam.cz\/napoveda\/ucet\/wp-content\/uploads\/sites\/10\/2024\/10\/profil-2fa-odebrani-duvery1-320x137.png 320w\" sizes=\"auto, (max-width: 607px) 100vw, 607px\" \/><\/figure>\n\n\n\n<p>5. Po potvrzen\u00ed je prohl\u00ed\u017ee\u010d ze seznamu ihned odstran\u011bn.<\/p>\n\n\n\n<div class=\"wp-block-group is-layout-constrained wp-block-group-is-layout-constrained\">\n<div class=\"wp-block-seznam-box is-layout-flow wp-block-seznam-box-is-layout-flow\">\n<p><strong>Je d\u016fle\u017eit\u00e9 dob\u0159e zv\u00e1\u017eit, kter\u00fd prohl\u00ed\u017ee\u010d takto nastav\u00edte<\/strong>. D\u016fv\u011bryhodn\u00fd by m\u011bl b\u00fdt jen ten, ke <strong>kter\u00e9mu m\u00e1te p\u0159\u00edstup pouze vy<\/strong>. Rozhodn\u011b to nedoporu\u010dujeme na ciz\u00edm nebo p\u016fj\u010den\u00e9m telefonu, na pracovn\u00edm po\u010d\u00edta\u010di nebo na ve\u0159ejn\u011b dostupn\u00e9m za\u0159\u00edzen\u00ed, nap\u0159\u00edklad v knihovn\u011b \u010di internetov\u00e9 kav\u00e1rn\u011b.<\/p>\n<\/div>\n<\/div>\n","protected":false},"excerpt":{"rendered":"<p>D\u016fv\u011bryhodn\u00fd prohl\u00ed\u017ee\u010d je takov\u00fd internetov\u00fd prohl\u00ed\u017ee\u010d v po\u010d\u00edta\u010di nebo mobilu, ve kter\u00e9m se po prvn\u00edm ov\u011b\u0159en\u00ed dvouf\u00e1zov\u00fdm ov\u011b\u0159en\u00edm (autentiza\u010dn\u00ed aplikac\u00ed, bezpe\u010dnostn\u00edm kl\u00ed\u010dem) ji\u017e nebudete muset znovu potvrzovat p\u0159i ka\u017ed\u00e9m p\u0159ihl\u00e1\u0161en\u00ed. P\u0159i prvn\u00edm p\u0159ihl\u00e1\u0161en\u00ed v nov\u00e9m prohl\u00ed\u017ee\u010di a proveden\u00ed dvouf\u00e1zov\u00e9ho ov\u011b\u0159en\u00ed m\u016f\u017eete takov\u00fd prohl\u00ed\u017ee\u010d ozna\u010dit jako d\u016fv\u011bryhodn\u00fd. P\u0159i dal\u0161\u00edm p\u0159ihl\u00e1\u0161en\u00ed u\u017e ov\u011b\u0159ov\u00e1n\u00ed prob\u011bhne automaticky a dostanete [&hellip;]<\/p>\n","protected":false},"author":6,"featured_media":0,"parent":94,"menu_order":0,"comment_status":"closed","ping_status":"closed","template":"page-sidemenu","meta":{"_acf_changed":false,"_relevanssi_hide_post":"","_relevanssi_hide_content":"","_relevanssi_pin_for_all":"","_relevanssi_pin_keywords":"","_relevanssi_unpin_keywords":"","_relevanssi_related_keywords":"","_relevanssi_related_include_ids":"","_relevanssi_related_exclude_ids":"","_relevanssi_related_no_append":"","_relevanssi_related_not_related":"","_relevanssi_related_posts":"","_relevanssi_noindex_reason":"","footnotes":""},"page_category":[24],"page_tag":[],"service_status_category":[],"class_list":["post-159","page","type-page","status-publish","hentry"],"acf":[],"lang":"cs","translations":{"cs":159},"pll_sync_post":[],"_links":{"self":[{"href":"https:\/\/o-seznam.cz\/napoveda\/ucet\/wp-json\/wp\/v2\/pages\/159","targetHints":{"allow":["GET"]}}],"collection":[{"href":"https:\/\/o-seznam.cz\/napoveda\/ucet\/wp-json\/wp\/v2\/pages"}],"about":[{"href":"https:\/\/o-seznam.cz\/napoveda\/ucet\/wp-json\/wp\/v2\/types\/page"}],"author":[{"embeddable":true,"href":"https:\/\/o-seznam.cz\/napoveda\/ucet\/wp-json\/wp\/v2\/users\/6"}],"replies":[{"embeddable":true,"href":"https:\/\/o-seznam.cz\/napoveda\/ucet\/wp-json\/wp\/v2\/comments?post=159"}],"version-history":[{"count":10,"href":"https:\/\/o-seznam.cz\/napoveda\/ucet\/wp-json\/wp\/v2\/pages\/159\/revisions"}],"predecessor-version":[{"id":2845,"href":"https:\/\/o-seznam.cz\/napoveda\/ucet\/wp-json\/wp\/v2\/pages\/159\/revisions\/2845"}],"up":[{"embeddable":true,"href":"https:\/\/o-seznam.cz\/napoveda\/ucet\/wp-json\/wp\/v2\/pages\/94"}],"wp:attachment":[{"href":"https:\/\/o-seznam.cz\/napoveda\/ucet\/wp-json\/wp\/v2\/media?parent=159"}],"wp:term":[{"taxonomy":"page_category","embeddable":true,"href":"https:\/\/o-seznam.cz\/napoveda\/ucet\/wp-json\/wp\/v2\/page_category?post=159"},{"taxonomy":"page_tag","embeddable":true,"href":"https:\/\/o-seznam.cz\/napoveda\/ucet\/wp-json\/wp\/v2\/page_tag?post=159"},{"taxonomy":"service_status_category","embeddable":true,"href":"https:\/\/o-seznam.cz\/napoveda\/ucet\/wp-json\/wp\/v2\/service_status_category?post=159"}],"curies":[{"name":"wp","href":"https:\/\/api.w.org\/{rel}","templated":true}]}}