{"id":1566,"date":"2025-04-03T12:12:28","date_gmt":"2025-04-03T10:12:28","guid":{"rendered":"https:\/\/o-seznam.cz\/napoveda\/ucet\/?page_id=1566"},"modified":"2025-11-12T10:56:20","modified_gmt":"2025-11-12T09:56:20","slug":"registrace-telefonnim-cislem","status":"publish","type":"page","link":"https:\/\/o-seznam.cz\/napoveda\/ucet\/registrace\/registrace-telefonnim-cislem\/","title":{"rendered":"Registrace telefonn\u00edm \u010d\u00edslem"},"content":{"rendered":"\n<p>N\u00ed\u017ee naleznete postup pro registraci nov\u00e9ho u\u017eivatelsk\u00e9ho \u00fa\u010dtu bez e-mailov\u00e9 adresy u Seznamu.<br><br>Pro zah\u00e1jen\u00ed registrace nav\u0161tivte <a href=\"https:\/\/registrace.seznam.cz\/\">https:\/\/registrace.seznam.cz\/<\/a> a v zobrazen\u00e9m formul\u00e1\u0159i zvolte mo\u017enost Pou\u017e\u00edt telefonn\u00ed \u010d\u00edslo.<\/p>\n\n\n\n<figure class=\"wp-block-image size-full is-resized\"><img loading=\"lazy\" decoding=\"async\" width=\"518\" height=\"597\" src=\"https:\/\/o-seznam.cz\/napoveda\/ucet\/wp-content\/uploads\/sites\/10\/2025\/11\/registrace-ucet-3.png\" alt=\"\" class=\"wp-image-2638\" style=\"width:306px;height:auto\" srcset=\"https:\/\/o-seznam.cz\/napoveda\/ucet\/wp-content\/uploads\/sites\/10\/2025\/11\/registrace-ucet-3.png 518w, https:\/\/o-seznam.cz\/napoveda\/ucet\/wp-content\/uploads\/sites\/10\/2025\/11\/registrace-ucet-3-278x320.png 278w\" sizes=\"auto, (max-width: 518px) 100vw, 518px\" \/><\/figure>\n\n\n\n<p>Vypl\u0148te sv\u00e9 telefonn\u00ed \u010d\u00edslo, pokud ji\u017e neslou\u017e\u00ed jako p\u0159ihla\u0161ovac\u00ed u jin\u00e9ho Seznam \u00fa\u010dtu.<br><br>V\u00e1mi vybran\u00e9 telefonn\u00ed \u010d\u00edslo je automaticky ov\u011b\u0159eno a pokud je ji\u017e n\u011bkde uvedeno \u010di zaregistrov\u00e1no, zobraz\u00ed se upozorn\u011bn\u00ed. V takov\u00e9m p\u0159\u00edpad\u011b doporu\u010dujeme p\u0159ihl\u00e1\u0161en\u00ed k ji\u017e existuj\u00edc\u00edmu \u00fa\u010dtu, eventu\u00e1ln\u011b zalo\u017een\u00ed \u00fa\u010dtu s e-mailovou adresou.<br><br>N\u00e1sledn\u011b se zobraz\u00ed dal\u0161\u00ed krok registrace, kter\u00fdm je Ov\u011b\u0159en\u00ed telefonn\u00edho \u010d\u00edsla.<br><br>Ov\u011b\u0159ovac\u00ed k\u00f3d doraz\u00ed automaticky na zadan\u00fd telefon po kliknut\u00ed na Odeslat ov\u011b\u0159ovac\u00ed SMS k\u00f3d, pokud je va\u0161e mezin\u00e1rodn\u00ed p\u0159edvolba +420 nebo +421. Chcete-li pro zalo\u017een\u00ed \u00fa\u010dtu vyu\u017e\u00edt zahrani\u010dn\u00ed telefonn\u00ed \u010d\u00edslo, podrobn\u00e9 informace naleznete <a href=\"https:\/\/o-seznam.cz\/napoveda\/ucet\/registrace\/zahranicni-telefonni-cislo\/\">zde<\/a>.<\/p>\n\n\n\n<figure class=\"wp-block-image size-full is-resized\"><img loading=\"lazy\" decoding=\"async\" width=\"503\" height=\"427\" src=\"https:\/\/o-seznam.cz\/napoveda\/ucet\/wp-content\/uploads\/sites\/10\/2025\/07\/registrace-phone-step2-1.png\" alt=\"\" class=\"wp-image-2206\" style=\"width:269px;height:auto\" srcset=\"https:\/\/o-seznam.cz\/napoveda\/ucet\/wp-content\/uploads\/sites\/10\/2025\/07\/registrace-phone-step2-1.png 503w, https:\/\/o-seznam.cz\/napoveda\/ucet\/wp-content\/uploads\/sites\/10\/2025\/07\/registrace-phone-step2-1-320x272.png 320w\" sizes=\"auto, (max-width: 503px) 100vw, 503px\" \/><\/figure>\n\n\n\n<p>Neopou\u0161t\u011bjte registra\u010dn\u00ed formul\u00e1\u0159 a vy\u010dkejte na doru\u010den\u00ed SMS zpr\u00e1vy s k\u00f3dem. Platnost k\u00f3du je \u010dasov\u011b omezen\u00e1.<br><br>Po obdr\u017een\u00ed SMS zadejte k\u00f3d do pole <strong>Opi\u0161te k\u00f3d z SMS<\/strong>. <br><br>Pokud SMS zpr\u00e1va s k\u00f3dem nep\u0159ijde, \u010di nastanou jin\u00e9 pot\u00ed\u017ee, m\u00e1te mo\u017enost jej znovu odeslat pomoc\u00ed volby <strong>Z\u00edskat k\u00f3d znovu.<\/strong><br><br>Kliknut\u00edm na Dokon\u010dit zalo\u017een\u00ed \u00fa\u010dtu souhlas\u00edte s podm\u00ednkami u\u017eit\u00ed \u00fa\u010dtu.<\/p>\n\n\n\n<figure class=\"wp-block-image size-full is-resized\"><img loading=\"lazy\" decoding=\"async\" width=\"520\" height=\"554\" src=\"https:\/\/o-seznam.cz\/napoveda\/ucet\/wp-content\/uploads\/sites\/10\/2025\/11\/registrace-cislem-kod.png\" alt=\"\" class=\"wp-image-2671\" style=\"width:281px;height:auto\" srcset=\"https:\/\/o-seznam.cz\/napoveda\/ucet\/wp-content\/uploads\/sites\/10\/2025\/11\/registrace-cislem-kod.png 520w, https:\/\/o-seznam.cz\/napoveda\/ucet\/wp-content\/uploads\/sites\/10\/2025\/11\/registrace-cislem-kod-300x320.png 300w\" sizes=\"auto, (max-width: 520px) 100vw, 520px\" \/><\/figure>\n\n\n\n<p><strong>V\u00fdborn\u011b! V\u00e1\u0161 \u00fa\u010det je t\u00edmto zaregistrov\u00e1n.<\/strong><br><br>Na posledn\u00ed obrazovce naleznete potvrzen\u00ed o vytvo\u0159en\u00ed \u00fa\u010dtu a m\u016f\u017eete pokra\u010dovat na slu\u017eby Seznamu, \u010di si v <a href=\"https:\/\/o-seznam.cz\/napoveda\/ucet\/registrace\/nastaveni-personalizace-v-ramci-registrace-seznam-uctu\/\" data-type=\"link\" data-id=\"https:\/\/o-seznam.cz\/napoveda\/ucet\/registrace\/nastaveni-personalizace-v-ramci-registrace-seznam-uctu\/\">p\u00e1r kroc\u00edch p\u0159izp\u016fsobit obsah p\u0159\u00edmo na m\u00edru.<\/a><\/p>\n\n\n\n<figure class=\"wp-block-image size-full is-resized\"><img loading=\"lazy\" decoding=\"async\" width=\"388\" height=\"556\" src=\"https:\/\/o-seznam.cz\/napoveda\/ucet\/wp-content\/uploads\/sites\/10\/2025\/11\/final-registrace.png\" alt=\"\" class=\"wp-image-2723\" style=\"width:266px;height:auto\" srcset=\"https:\/\/o-seznam.cz\/napoveda\/ucet\/wp-content\/uploads\/sites\/10\/2025\/11\/final-registrace.png 388w, https:\/\/o-seznam.cz\/napoveda\/ucet\/wp-content\/uploads\/sites\/10\/2025\/11\/final-registrace-223x320.png 223w\" sizes=\"auto, (max-width: 388px) 100vw, 388px\" \/><\/figure>\n\n\n\n<p>Pokud SMS zpr\u00e1va s k\u00f3dem nep\u0159ijde, \u010di nastanou jin\u00e9 pot\u00ed\u017ee, m\u00e1te mo\u017enost jej znovu odeslat pomoc\u00ed volby Znovu odeslat SMS k\u00f3d.<br><br>Pokud registraci prov\u00e1d\u00edte na mobiln\u00edm za\u0159\u00edzen\u00ed, m\u016f\u017eete se setkat s nab\u00eddkou automatick\u00e9ho p\u0159eps\u00e1n\u00ed potvrzovac\u00edho k\u00f3du ze SMS.<br><br>Souhlas d\u00e1v\u00e1te pouze pro Va\u0161e za\u0159\u00edzen\u00ed a pouze pro jednu danou SMS za \u00fa\u010delem p\u0159evzet\u00ed doru\u010den\u00e9ho k\u00f3du.<\/p>\n\n\n\n<div class=\"wp-block-seznam-box is-layout-flow wp-block-seznam-box-is-layout-flow\">\n<p>Po registraci a p\u0159ihl\u00e1\u0161en\u00ed d\u016frazn\u011b doporu\u010dujeme zv\u00e1\u017eit zv\u00fd\u0161en\u00ed zabezpe\u010den\u00ed \u00fa\u010dtu pomoc\u00ed <a href=\"https:\/\/o-seznam.cz\/napoveda\/ucet\/zabezpeceni-uctu\/bezpecne-heslo\/\">hesla<\/a>.<\/p>\n<\/div>\n","protected":false},"excerpt":{"rendered":"<p>N\u00ed\u017ee naleznete postup pro registraci nov\u00e9ho u\u017eivatelsk\u00e9ho \u00fa\u010dtu bez e-mailov\u00e9 adresy u Seznamu. Pro zah\u00e1jen\u00ed registrace nav\u0161tivte https:\/\/registrace.seznam.cz\/ a v zobrazen\u00e9m formul\u00e1\u0159i zvolte mo\u017enost Pou\u017e\u00edt telefonn\u00ed \u010d\u00edslo. Vypl\u0148te sv\u00e9 telefonn\u00ed \u010d\u00edslo, pokud ji\u017e neslou\u017e\u00ed jako p\u0159ihla\u0161ovac\u00ed u jin\u00e9ho Seznam \u00fa\u010dtu. V\u00e1mi vybran\u00e9 telefonn\u00ed \u010d\u00edslo je automaticky ov\u011b\u0159eno a pokud je ji\u017e n\u011bkde uvedeno \u010di zaregistrov\u00e1no, [&hellip;]<\/p>\n","protected":false},"author":35,"featured_media":0,"parent":82,"menu_order":0,"comment_status":"closed","ping_status":"closed","template":"page-sidemenu","meta":{"_acf_changed":false,"_relevanssi_hide_post":"","_relevanssi_hide_content":"","_relevanssi_pin_for_all":"","_relevanssi_pin_keywords":"","_relevanssi_unpin_keywords":"","_relevanssi_related_keywords":"","_relevanssi_related_include_ids":"","_relevanssi_related_exclude_ids":"","_relevanssi_related_no_append":"","_relevanssi_related_not_related":"","_relevanssi_related_posts":"","_relevanssi_noindex_reason":"","footnotes":""},"page_category":[24],"page_tag":[],"service_status_category":[],"class_list":["post-1566","page","type-page","status-publish","hentry"],"acf":[],"lang":"cs","translations":{"cs":1566,"en":1583},"pll_sync_post":[],"_links":{"self":[{"href":"https:\/\/o-seznam.cz\/napoveda\/ucet\/wp-json\/wp\/v2\/pages\/1566","targetHints":{"allow":["GET"]}}],"collection":[{"href":"https:\/\/o-seznam.cz\/napoveda\/ucet\/wp-json\/wp\/v2\/pages"}],"about":[{"href":"https:\/\/o-seznam.cz\/napoveda\/ucet\/wp-json\/wp\/v2\/types\/page"}],"author":[{"embeddable":true,"href":"https:\/\/o-seznam.cz\/napoveda\/ucet\/wp-json\/wp\/v2\/users\/35"}],"replies":[{"embeddable":true,"href":"https:\/\/o-seznam.cz\/napoveda\/ucet\/wp-json\/wp\/v2\/comments?post=1566"}],"version-history":[{"count":14,"href":"https:\/\/o-seznam.cz\/napoveda\/ucet\/wp-json\/wp\/v2\/pages\/1566\/revisions"}],"predecessor-version":[{"id":2727,"href":"https:\/\/o-seznam.cz\/napoveda\/ucet\/wp-json\/wp\/v2\/pages\/1566\/revisions\/2727"}],"up":[{"embeddable":true,"href":"https:\/\/o-seznam.cz\/napoveda\/ucet\/wp-json\/wp\/v2\/pages\/82"}],"wp:attachment":[{"href":"https:\/\/o-seznam.cz\/napoveda\/ucet\/wp-json\/wp\/v2\/media?parent=1566"}],"wp:term":[{"taxonomy":"page_category","embeddable":true,"href":"https:\/\/o-seznam.cz\/napoveda\/ucet\/wp-json\/wp\/v2\/page_category?post=1566"},{"taxonomy":"page_tag","embeddable":true,"href":"https:\/\/o-seznam.cz\/napoveda\/ucet\/wp-json\/wp\/v2\/page_tag?post=1566"},{"taxonomy":"service_status_category","embeddable":true,"href":"https:\/\/o-seznam.cz\/napoveda\/ucet\/wp-json\/wp\/v2\/service_status_category?post=1566"}],"curies":[{"name":"wp","href":"https:\/\/api.w.org\/{rel}","templated":true}]}}