{"id":145,"date":"2024-10-12T00:25:35","date_gmt":"2024-10-11T22:25:35","guid":{"rendered":"https:\/\/o-seznam.cz\/napoveda\/ucet\/?page_id=145"},"modified":"2025-12-09T17:33:00","modified_gmt":"2025-12-09T16:33:00","slug":"kontrola-telefonniho-cisla","status":"publish","type":"page","link":"https:\/\/o-seznam.cz\/napoveda\/ucet\/zabezpeceni-uctu\/kontrola-telefonniho-cisla\/","title":{"rendered":"Kontrola z\u00e1chrann\u00e9ho telefonn\u00edho \u010d\u00edsla"},"content":{"rendered":"\n<div class=\"wp-block-group is-layout-constrained wp-block-group-is-layout-constrained\">\n<p>Z\u00e1chrann\u00e9 telefonn\u00ed \u010d\u00edslo je <strong>povinnou sou\u010d\u00e1st\u00ed zabezpe\u010den\u00ed va\u0161eho Seznam \u00fa\u010dtu<\/strong>. Slou\u017e\u00ed k obnoven\u00ed p\u0159\u00edstupu v p\u0159\u00edpad\u011b zapomenut\u00ed nebo ztr\u00e1ty hesla. <\/p>\n\n\n\n<p>Aby byl v\u00e1\u0161 \u00fa\u010det st\u00e1le dob\u0159e chr\u00e1n\u011bn\u00fd, <strong>pravideln\u011b v\u00e1s \u017e\u00e1d\u00e1me o kontrolu a p\u0159\u00edpadnou aktualizaci<\/strong>:<\/p>\n\n\n\n<ul class=\"wp-block-list\">\n<li>z\u00e1chrann\u00e9ho telefonn\u00edho \u010d\u00edsla<\/li>\n\n\n\n<li>z\u00e1chrann\u00e9ho e-mailu<\/li>\n<\/ul>\n\n\n\n<p>S v\u00fdzvou ke kontrole zabezpe\u010den\u00ed se m\u016f\u017eete setkat po p\u0159ihl\u00e1\u0161en\u00ed do \u00fa\u010dtu nebo kdykoliv b\u011bhem pou\u017e\u00edv\u00e1n\u00ed slu\u017eeb Seznamu. V\u00fdzva se zobraz\u00ed formou <strong>dialogov\u00e9ho okna<\/strong>.<\/p>\n\n\n\n<figure class=\"wp-block-image size-full is-resized\"><img loading=\"lazy\" decoding=\"async\" width=\"484\" height=\"623\" src=\"https:\/\/o-seznam.cz\/napoveda\/ucet\/wp-content\/uploads\/sites\/10\/2025\/12\/refresh-secure-1.png\" alt=\"\" class=\"wp-image-2761\" style=\"width:384px;height:auto\" srcset=\"https:\/\/o-seznam.cz\/napoveda\/ucet\/wp-content\/uploads\/sites\/10\/2025\/12\/refresh-secure-1.png 484w, https:\/\/o-seznam.cz\/napoveda\/ucet\/wp-content\/uploads\/sites\/10\/2025\/12\/refresh-secure-1-249x320.png 249w\" sizes=\"auto, (max-width: 484px) 100vw, 484px\" \/><\/figure>\n\n\n\n<h2 class=\"wp-block-heading\"><strong>Jsou \u00fadaje st\u00e1le spr\u00e1vn\u00e9<\/strong>?<\/h2>\n\n\n\n<p>Jestli\u017ee jsou va\u0161e z\u00e1chrann\u00e9 \u00fadaje aktu\u00e1ln\u00ed, za\u0161krtn\u011bte checkboxy potvrzuj\u00edc\u00ed jejich spr\u00e1vnost. T\u00edm se aktivuje tla\u010d\u00edtko <strong>Pokra\u010dovat<\/strong>, na kter\u00e9 n\u00e1sledn\u011b klikn\u011bte.<\/p>\n\n\n\n<h2 class=\"wp-block-heading\"><strong><strong>Chcete zm\u011bnit telefonn\u00ed \u010d\u00edslo<\/strong><\/strong>?<\/h2>\n\n\n\n<p>P\u0159i zm\u011bn\u011b telefonn\u00edho \u010d\u00edsla je z bezpe\u010dnostn\u00edch d\u016fvod\u016f nutn\u00e9 zadat va\u0161e platn\u00e9 heslo a nov\u00e9 telefonn\u00ed \u010d\u00edslo ov\u011b\u0159it ops\u00e1n\u00edm k\u00f3du ze SMS.<br><br>Nav\u00edc si m\u016f\u017eete zvolit, zda chcete toto \u010d\u00edslo pou\u017e\u00edvat tak\u00e9 jako <strong><a href=\"https:\/\/o-seznam.cz\/napoveda\/ucet\/osobni-udaje\/#zmena-osobnich-udaju\" data-type=\"link\" data-id=\"https:\/\/o-seznam.cz\/napoveda\/ucet\/osobni-udaje\/#zmena-osobnich-udaju\">kontaktn\u00ed<\/a><\/strong> pro slu\u017eby Seznamu. <br>Po \u00fasp\u011b\u0161n\u00e9m ov\u011b\u0159en\u00ed se zobraz\u00ed potvrzen\u00ed, \u017ee telefonn\u00ed \u010d\u00edslo bylo <strong>ov\u011b\u0159eno a ulo\u017eeno<\/strong>.<\/p>\n\n\n\n<h2 class=\"wp-block-heading\"><strong>Telefonn\u00ed \u010d\u00edslo je\u0161t\u011b nem\u00e1te nastaven\u00e9<\/strong>?<\/h2>\n\n\n\n<p>Pokud u sv\u00e9ho \u00fa\u010dtu nem\u00e1te nastaven\u00e9 z\u00e1chrann\u00e9 telefonn\u00ed \u010d\u00edslo, budete pravideln\u011b upozor\u0148ov\u00e1ni na nutnost jeho dopln\u011bn\u00ed. Postup je stejn\u00fd jako p\u0159i zm\u011bn\u011b telefonn\u00edho \u010d\u00edsla \u2013 ov\u011b\u0159\u00edte jej pomoc\u00ed k\u00f3du ze SMS a zad\u00e1n\u00edm sv\u00e9ho platn\u00e9ho hesla.<\/p>\n\n\n\n<p>Pokud vyu\u017e\u00edv\u00e1te zahrani\u010dn\u00ed telefonn\u00ed \u010d\u00edslo, postup a podrobn\u00e9 informace naleznete <a href=\"https:\/\/o-seznam.cz\/napoveda\/ucet\/registrace\/zahranicni-telefonni-cislo\/\">zde<\/a>.<\/p>\n\n\n\n<figure class=\"wp-block-image size-full\"><img loading=\"lazy\" decoding=\"async\" width=\"421\" height=\"473\" src=\"https:\/\/o-seznam.cz\/napoveda\/ucet\/wp-content\/uploads\/sites\/10\/2025\/11\/vystraha-zabezpeceni-3.png\" alt=\"\" class=\"wp-image-2696\" srcset=\"https:\/\/o-seznam.cz\/napoveda\/ucet\/wp-content\/uploads\/sites\/10\/2025\/11\/vystraha-zabezpeceni-3.png 421w, https:\/\/o-seznam.cz\/napoveda\/ucet\/wp-content\/uploads\/sites\/10\/2025\/11\/vystraha-zabezpeceni-3-285x320.png 285w\" sizes=\"auto, (max-width: 421px) 100vw, 421px\" \/><\/figure>\n\n\n\n<figure class=\"wp-block-image size-full\"><img loading=\"lazy\" decoding=\"async\" width=\"417\" height=\"438\" src=\"https:\/\/o-seznam.cz\/napoveda\/ucet\/wp-content\/uploads\/sites\/10\/2025\/11\/potvrzeni-cisla-kod-znovu-4.png\" alt=\"\" class=\"wp-image-2697\" srcset=\"https:\/\/o-seznam.cz\/napoveda\/ucet\/wp-content\/uploads\/sites\/10\/2025\/11\/potvrzeni-cisla-kod-znovu-4.png 417w, https:\/\/o-seznam.cz\/napoveda\/ucet\/wp-content\/uploads\/sites\/10\/2025\/11\/potvrzeni-cisla-kod-znovu-4-305x320.png 305w\" sizes=\"auto, (max-width: 417px) 100vw, 417px\" \/><\/figure>\n<\/div>\n","protected":false},"excerpt":{"rendered":"<p>Z\u00e1chrann\u00e9 telefonn\u00ed \u010d\u00edslo je povinnou sou\u010d\u00e1st\u00ed zabezpe\u010den\u00ed va\u0161eho Seznam \u00fa\u010dtu. Slou\u017e\u00ed k obnoven\u00ed p\u0159\u00edstupu v p\u0159\u00edpad\u011b zapomenut\u00ed nebo ztr\u00e1ty hesla. Aby byl v\u00e1\u0161 \u00fa\u010det st\u00e1le dob\u0159e chr\u00e1n\u011bn\u00fd, pravideln\u011b v\u00e1s \u017e\u00e1d\u00e1me o kontrolu a p\u0159\u00edpadnou aktualizaci: S v\u00fdzvou ke kontrole zabezpe\u010den\u00ed se m\u016f\u017eete setkat po p\u0159ihl\u00e1\u0161en\u00ed do \u00fa\u010dtu nebo kdykoliv b\u011bhem pou\u017e\u00edv\u00e1n\u00ed slu\u017eeb Seznamu. V\u00fdzva se [&hellip;]<\/p>\n","protected":false},"author":6,"featured_media":0,"parent":90,"menu_order":0,"comment_status":"closed","ping_status":"closed","template":"page-sidemenu","meta":{"_acf_changed":false,"_relevanssi_hide_post":"","_relevanssi_hide_content":"","_relevanssi_pin_for_all":"","_relevanssi_pin_keywords":"","_relevanssi_unpin_keywords":"","_relevanssi_related_keywords":"","_relevanssi_related_include_ids":"","_relevanssi_related_exclude_ids":"","_relevanssi_related_no_append":"","_relevanssi_related_not_related":"","_relevanssi_related_posts":"","_relevanssi_noindex_reason":"","footnotes":""},"page_category":[24],"page_tag":[],"service_status_category":[],"class_list":["post-145","page","type-page","status-publish","hentry"],"acf":[],"lang":"cs","translations":{"cs":145,"en":2144},"pll_sync_post":[],"_links":{"self":[{"href":"https:\/\/o-seznam.cz\/napoveda\/ucet\/wp-json\/wp\/v2\/pages\/145","targetHints":{"allow":["GET"]}}],"collection":[{"href":"https:\/\/o-seznam.cz\/napoveda\/ucet\/wp-json\/wp\/v2\/pages"}],"about":[{"href":"https:\/\/o-seznam.cz\/napoveda\/ucet\/wp-json\/wp\/v2\/types\/page"}],"author":[{"embeddable":true,"href":"https:\/\/o-seznam.cz\/napoveda\/ucet\/wp-json\/wp\/v2\/users\/6"}],"replies":[{"embeddable":true,"href":"https:\/\/o-seznam.cz\/napoveda\/ucet\/wp-json\/wp\/v2\/comments?post=145"}],"version-history":[{"count":10,"href":"https:\/\/o-seznam.cz\/napoveda\/ucet\/wp-json\/wp\/v2\/pages\/145\/revisions"}],"predecessor-version":[{"id":2765,"href":"https:\/\/o-seznam.cz\/napoveda\/ucet\/wp-json\/wp\/v2\/pages\/145\/revisions\/2765"}],"up":[{"embeddable":true,"href":"https:\/\/o-seznam.cz\/napoveda\/ucet\/wp-json\/wp\/v2\/pages\/90"}],"wp:attachment":[{"href":"https:\/\/o-seznam.cz\/napoveda\/ucet\/wp-json\/wp\/v2\/media?parent=145"}],"wp:term":[{"taxonomy":"page_category","embeddable":true,"href":"https:\/\/o-seznam.cz\/napoveda\/ucet\/wp-json\/wp\/v2\/page_category?post=145"},{"taxonomy":"page_tag","embeddable":true,"href":"https:\/\/o-seznam.cz\/napoveda\/ucet\/wp-json\/wp\/v2\/page_tag?post=145"},{"taxonomy":"service_status_category","embeddable":true,"href":"https:\/\/o-seznam.cz\/napoveda\/ucet\/wp-json\/wp\/v2\/service_status_category?post=145"}],"curies":[{"name":"wp","href":"https:\/\/api.w.org\/{rel}","templated":true}]}}