{"id":143,"date":"2024-10-12T00:30:58","date_gmt":"2024-10-11T22:30:58","guid":{"rendered":"https:\/\/o-seznam.cz\/napoveda\/ucet\/?page_id=143"},"modified":"2025-11-05T10:36:21","modified_gmt":"2025-11-05T09:36:21","slug":"zachranne-telefonni-cislo","status":"publish","type":"page","link":"https:\/\/o-seznam.cz\/napoveda\/ucet\/zabezpeceni-uctu\/zachranne-telefonni-cislo\/","title":{"rendered":"Nastaven\u00ed z\u00e1chrann\u00e9ho telefonn\u00edho \u010d\u00edsla"},"content":{"rendered":"\n<div class=\"wp-block-group is-layout-constrained wp-block-group-is-layout-constrained\">\n<p>Seznam.cz umo\u017e\u0148uje sv\u00fdm u\u017eivatel\u016fm zv\u00fd\u0161en\u00ed zabezpe\u010den\u00ed sv\u00e9ho u\u017eivatelsk\u00e9ho \u00fa\u010dtu a p\u0159\u00edstupov\u00e9ho hesla pomoc\u00ed ov\u011b\u0159en\u00ed z\u00e1chrann\u00e9ho telefonn\u00edho \u010d\u00edsla.<\/p>\n\n\n\n<ul class=\"wp-block-list\">\n<li>U nov\u011b registrovan\u00fdch \u00fa\u010dt\u016f se jedn\u00e1 o povinnou sou\u010d\u00e1st samotn\u00e9 registrace<\/li>\n\n\n\n<li>U d\u0159\u00edve registrovan\u00fdch \u00fa\u010dt\u016f je tato volba prozat\u00edm dobrovoln\u00e1, av\u0161ak na absenci z\u00e1chrann\u00e9ho telefonu p\u0159eventivn\u011b upozor\u0148ujeme\n<ul class=\"wp-block-list\">\n<li>p\u0159i p\u0159ihl\u00e1\u0161en\u00ed<\/li>\n\n\n\n<li>v nastaven\u00ed \u00da\u010dtu<\/li>\n\n\n\n<li>v <a href=\"https:\/\/o-seznam.cz\/napoveda\/ucet\/prihlasovani\/ucet-sluzby\/\">Medailonku<\/a><\/li>\n\n\n\n<li>zobrazen\u00edm dialogu na slu\u017eb\u011b<\/li>\n<\/ul>\n<\/li>\n<\/ul>\n\n\n\n<p class=\"is-style-link-external\">Ka\u017ed\u00fd u\u017eivatel m\u00e1 mo\u017enost ov\u011b\u0159it sv\u00e9 telefonn\u00ed \u010d\u00edslo. Tato informace m\u016f\u017ee b\u00fdt n\u00e1sledn\u011b vyu\u017eita v p\u0159\u00edpad\u011b \u017e\u00e1dosti o <a href=\"https:\/\/login.szn.cz\/recover\/intro\" data-type=\"link\" data-id=\"https:\/\/login.szn.cz\/recover\/intro\" target=\"_blank\" rel=\"noreferrer noopener\">z\u00edsk\u00e1n\u00ed zapomenut\u00e9ho hesla<\/a>, kdy m\u016f\u017ee b\u00fdt \u017e\u00e1dost o zp\u0159\u00edstupn\u011bn\u00ed \u00fa\u010dtu ov\u011b\u0159ena zasl\u00e1n\u00edm SMS zpr\u00e1vy na d\u0159\u00edve ov\u011b\u0159en\u00e9 telefonn\u00ed \u010d\u00edslo.<\/p>\n\n\n\n<div class=\"wp-block-seznam-box is-layout-flow wp-block-seznam-box-is-layout-flow\">\n<p>Pozor! Aby bylo zabezpe\u010den\u00ed z\u00e1chrann\u00fdm telefonem funk\u010dn\u00ed, je t\u0159eba m\u00edt nastaven\u00e9 telefonn\u00ed \u010d\u00edslo, kter\u00e9 vlastn\u00edte a m\u00e1te k n\u011bmu kdykoliv p\u0159\u00edstup. P\u0159i zm\u011bn\u011b telefonn\u00edho \u010d\u00edsla nezapome\u0148te \u00fadaj v \u00da\u010dtu v\u010das aktualizovat!<\/p>\n<\/div>\n<\/div>\n\n\n\n<div class=\"wp-block-group is-layout-constrained wp-block-group-is-layout-constrained\">\n<h2 class=\"wp-block-heading\">Jak postupovat p\u0159i ov\u011b\u0159en\u00ed telefonn\u00edho \u010d\u00edsla<\/h2>\n\n\n\n<p class=\"is-style-link-external\">P\u0159ihlaste se ke sv\u00e9mu <a href=\"https:\/\/ucet.seznam.cz\/\" data-type=\"link\" data-id=\"https:\/\/ucet.seznam.cz\/\" target=\"_blank\" rel=\"noreferrer noopener\">\u00da\u010dtu<\/a>.<\/p>\n\n\n\n<p>Po p\u0159ihl\u00e1\u0161en\u00ed p\u0159ejd\u011bte do \u010d\u00e1sti Zabezpe\u010den\u00ed \u00fa\u010dtu.<\/p>\n\n\n\n<p>Na \u0159\u00e1dku Telefonn\u00ed \u010d\u00edslo pro obnovu hesla klikn\u011bte vpravo na odkaz Nastavit, zobraz\u00ed se formul\u00e1\u0159 pro ov\u011b\u0159en\u00ed telefonn\u00edho \u010d\u00edsla.<\/p>\n\n\n\n<p>M\u016f\u017ee se st\u00e1t, \u017ee pro toto <a href=\"https:\/\/o-seznam.cz\/napoveda\/ucet\/zmena-zabezpeceni-a-dulezitych-udaju-v-uctu\/?_gl=1*mrv314*_up*MQ..*_ga*NTIwNzAxMzAwLjE3NDgyNDUyMDU.*_ga_9183RVVT07*czE3NDgyNDUyMDUkbzEkZzEkdDE3NDgyNDUyOTkkajAkbDAkaDA.*_ga_8SQNY5WC7K*czE3NDgyNDUyMDUkbzEkZzEkdDE3NDgyNDUyOTkkajAkbDAkaDAkZGpwQWFxdWIyMjAyRUhWeUtqVUJBOWxOMVZpb0JQeXBXYXc.\">nastaven\u00ed si budeme cht\u00edt ov\u011b\u0159it,<\/a> \u017ee \u00fa\u010det pat\u0159\u00ed skute\u010dn\u011b v\u00e1m.<\/p>\n\n\n\n<figure class=\"wp-block-image size-full\"><img loading=\"lazy\" decoding=\"async\" width=\"684\" height=\"139\" src=\"https:\/\/o-seznam.cz\/napoveda\/ucet\/wp-content\/uploads\/sites\/10\/2025\/06\/nastaveni-zabezpeceni-uctu.png\" alt=\"\" class=\"wp-image-1860\" srcset=\"https:\/\/o-seznam.cz\/napoveda\/ucet\/wp-content\/uploads\/sites\/10\/2025\/06\/nastaveni-zabezpeceni-uctu.png 684w, https:\/\/o-seznam.cz\/napoveda\/ucet\/wp-content\/uploads\/sites\/10\/2025\/06\/nastaveni-zabezpeceni-uctu-320x65.png 320w\" sizes=\"auto, (max-width: 684px) 100vw, 684px\" \/><\/figure>\n\n\n\n<p>Do pole Zadejte telefonn\u00ed \u010d\u00edslo vepi\u0161te \u010d\u00edslo sv\u00e9ho telefonu a klikn\u011bte na tla\u010d\u00edtko Pokra\u010dovat.<\/p>\n\n\n\n<figure class=\"wp-block-image size-full\"><img loading=\"lazy\" decoding=\"async\" width=\"672\" height=\"170\" src=\"https:\/\/o-seznam.cz\/napoveda\/ucet\/wp-content\/uploads\/sites\/10\/2025\/06\/zachranne-cislo-i.png\" alt=\"\" class=\"wp-image-1861\" srcset=\"https:\/\/o-seznam.cz\/napoveda\/ucet\/wp-content\/uploads\/sites\/10\/2025\/06\/zachranne-cislo-i.png 672w, https:\/\/o-seznam.cz\/napoveda\/ucet\/wp-content\/uploads\/sites\/10\/2025\/06\/zachranne-cislo-i-320x81.png 320w\" sizes=\"auto, (max-width: 672px) 100vw, 672px\" \/><\/figure>\n\n\n\n<div class=\"wp-block-seznam-box is-layout-flow wp-block-seznam-box-is-layout-flow\">\n<p>Pozor! Ov\u011b\u0159en\u00ed telefonn\u00edho \u010d\u00edsla je bez zad\u00e1n\u00ed mezin\u00e1rodn\u00ed p\u0159edvolby mo\u017en\u00e9 pouze pro telefonn\u00ed \u010d\u00edsla \u010desk\u00fdch mobiln\u00edch oper\u00e1tor\u016f.<\/p>\n\n\n\n<p class=\"is-style-link-external\">U zahrani\u010dn\u00edch telefonn\u00edch \u010d\u00edsel nezapome\u0148te doplnit mezin\u00e1rodn\u00ed p\u0159edvolbu (nap\u0159. pro Slovensko +421 xxx xxx xxx). Seznam mezin\u00e1rodn\u00edch telefonn\u00edch p\u0159edvoleb naleznete nap\u0159. v \u010dl\u00e1nku na <a href=\"https:\/\/cs.wikipedia.org\/wiki\/Seznam_mezin%C3%A1rodn%C3%ADch_sm%C4%9Brov%C3%BDch_%C4%8D%C3%ADsel\" data-type=\"link\" data-id=\"https:\/\/cs.wikipedia.org\/wiki\/Seznam_mezin%C3%A1rodn%C3%ADch_sm%C4%9Brov%C3%BDch_%C4%8D%C3%ADsel\" target=\"_blank\" rel=\"noreferrer noopener\">Wikipedia.org<\/a>.<\/p>\n<\/div>\n\n\n\n<p>Vy\u010dkejte na doru\u010den\u00ed zpr\u00e1vy s PINem. Pokud v\u00e1m \u017e\u00e1dn\u00e1 zpr\u00e1va nedorazila ani do p\u011bti minut, zkontrolujte si spr\u00e1vnost zadan\u00e9ho telefonu. \u010c\u00edslo m\u016f\u017eete upravit kliknut\u00edm na&nbsp;Upravit \u010d\u00edslo.&nbsp;P\u0159\u00edpadn\u011b si m\u016f\u017eete pomoc\u00ed&nbsp;Znovu odeslat&nbsp;nechat&nbsp;PIN zaslat je\u0161t\u011b jednou. V n\u011bkter\u00fdch p\u0159\u00edpadech pom\u016f\u017ee restartov\u00e1n\u00ed telefonu.<\/p>\n\n\n\n<p>Pokud vyu\u017e\u00edv\u00e1te zahrani\u010dn\u00ed telefonn\u00ed \u010d\u00edslo, postup a podrobn\u00e9 informace naleznete <a href=\"https:\/\/o-seznam.cz\/napoveda\/ucet\/registrace\/zahranicni-telefonni-cislo\/\" data-type=\"link\" data-id=\"https:\/\/o-seznam.cz\/napoveda\/ucet\/registrace\/zahranicni-telefonni-cislo\/\">zde<\/a>.<\/p>\n\n\n\n<div class=\"wp-block-seznam-box is-layout-flow wp-block-seznam-box-is-layout-flow\">\n<p>Pozn\u00e1mka: Upozor\u0148ujeme, \u017ee na jedno telefonn\u00ed \u010d\u00edslo je mo\u017en\u00e9 si nechat zaslat max. 6 SMS zpr\u00e1v s PIN k\u00f3dem za 24 hodin.<\/p>\n<\/div>\n\n\n\n<p>K\u00f3d doru\u010den\u00fd v SMS zpr\u00e1v\u011b opi\u0161te do pole Ov\u011b\u0159ovac\u00ed k\u00f3d z SMS a potvr\u010fte kliknut\u00edm na tla\u010d\u00edtko Dokon\u010dit ov\u011b\u0159en\u00ed telefonn\u00edho \u010d\u00edsla. Ov\u011b\u0159ovac\u00ed k\u00f3d m\u00e1 \u010dty\u0159i znaky.<\/p>\n\n\n\n<p>Pokud registraci prov\u00e1d\u00edte na mobiln\u00edm za\u0159\u00edzen\u00ed, m\u016f\u017eete se setkat s nab\u00eddkou automatick\u00e9ho p\u0159eps\u00e1n\u00ed potvrzovac\u00edho k\u00f3du ze SMS.<\/p>\n\n\n\n<p>Souhlas d\u00e1v\u00e1te pouze pro va\u0161e za\u0159\u00edzen\u00ed a pouze pro jednu danou SMS za \u00fa\u010delem p\u0159evzet\u00ed doru\u010den\u00e9ho k\u00f3du.<\/p>\n\n\n\n<figure class=\"wp-block-image size-full\"><img loading=\"lazy\" decoding=\"async\" width=\"672\" height=\"257\" src=\"https:\/\/o-seznam.cz\/napoveda\/ucet\/wp-content\/uploads\/sites\/10\/2025\/11\/kod-znovu-ucet.png\" alt=\"\" class=\"wp-image-2682\" srcset=\"https:\/\/o-seznam.cz\/napoveda\/ucet\/wp-content\/uploads\/sites\/10\/2025\/11\/kod-znovu-ucet.png 672w, https:\/\/o-seznam.cz\/napoveda\/ucet\/wp-content\/uploads\/sites\/10\/2025\/11\/kod-znovu-ucet-320x122.png 320w\" sizes=\"auto, (max-width: 672px) 100vw, 672px\" \/><\/figure>\n\n\n\n<p>Po ov\u011b\u0159en\u00ed se ji\u017e v Zabezpe\u010den\u00ed \u00fa\u010dtu zobrazuje ov\u011b\u0159en\u00e9 telefonn\u00ed \u010d\u00edslo.<\/p>\n\n\n\n<figure class=\"wp-block-image size-full\"><img loading=\"lazy\" decoding=\"async\" width=\"690\" height=\"151\" src=\"https:\/\/o-seznam.cz\/napoveda\/ucet\/wp-content\/uploads\/sites\/10\/2025\/06\/zabezpeceni-uctu-ok.png\" alt=\"\" class=\"wp-image-1863\" srcset=\"https:\/\/o-seznam.cz\/napoveda\/ucet\/wp-content\/uploads\/sites\/10\/2025\/06\/zabezpeceni-uctu-ok.png 690w, https:\/\/o-seznam.cz\/napoveda\/ucet\/wp-content\/uploads\/sites\/10\/2025\/06\/zabezpeceni-uctu-ok-320x70.png 320w\" sizes=\"auto, (max-width: 690px) 100vw, 690px\" \/><\/figure>\n<\/div>\n","protected":false},"excerpt":{"rendered":"<p>Seznam.cz umo\u017e\u0148uje sv\u00fdm u\u017eivatel\u016fm zv\u00fd\u0161en\u00ed zabezpe\u010den\u00ed sv\u00e9ho u\u017eivatelsk\u00e9ho \u00fa\u010dtu a p\u0159\u00edstupov\u00e9ho hesla pomoc\u00ed ov\u011b\u0159en\u00ed z\u00e1chrann\u00e9ho telefonn\u00edho \u010d\u00edsla. Ka\u017ed\u00fd u\u017eivatel m\u00e1 mo\u017enost ov\u011b\u0159it sv\u00e9 telefonn\u00ed \u010d\u00edslo. Tato informace m\u016f\u017ee b\u00fdt n\u00e1sledn\u011b vyu\u017eita v p\u0159\u00edpad\u011b \u017e\u00e1dosti o z\u00edsk\u00e1n\u00ed zapomenut\u00e9ho hesla, kdy m\u016f\u017ee b\u00fdt \u017e\u00e1dost o zp\u0159\u00edstupn\u011bn\u00ed \u00fa\u010dtu ov\u011b\u0159ena zasl\u00e1n\u00edm SMS zpr\u00e1vy na d\u0159\u00edve ov\u011b\u0159en\u00e9 telefonn\u00ed \u010d\u00edslo. Jak [&hellip;]<\/p>\n","protected":false},"author":6,"featured_media":0,"parent":90,"menu_order":0,"comment_status":"closed","ping_status":"closed","template":"page-sidemenu","meta":{"_acf_changed":false,"_relevanssi_hide_post":"","_relevanssi_hide_content":"","_relevanssi_pin_for_all":"","_relevanssi_pin_keywords":"","_relevanssi_unpin_keywords":"","_relevanssi_related_keywords":"","_relevanssi_related_include_ids":"","_relevanssi_related_exclude_ids":"","_relevanssi_related_no_append":"","_relevanssi_related_not_related":"","_relevanssi_related_posts":"","_relevanssi_noindex_reason":"","footnotes":""},"page_category":[24],"page_tag":[],"service_status_category":[],"class_list":["post-143","page","type-page","status-publish","hentry"],"acf":[],"lang":"cs","translations":{"cs":143,"en":1908},"pll_sync_post":[],"_links":{"self":[{"href":"https:\/\/o-seznam.cz\/napoveda\/ucet\/wp-json\/wp\/v2\/pages\/143","targetHints":{"allow":["GET"]}}],"collection":[{"href":"https:\/\/o-seznam.cz\/napoveda\/ucet\/wp-json\/wp\/v2\/pages"}],"about":[{"href":"https:\/\/o-seznam.cz\/napoveda\/ucet\/wp-json\/wp\/v2\/types\/page"}],"author":[{"embeddable":true,"href":"https:\/\/o-seznam.cz\/napoveda\/ucet\/wp-json\/wp\/v2\/users\/6"}],"replies":[{"embeddable":true,"href":"https:\/\/o-seznam.cz\/napoveda\/ucet\/wp-json\/wp\/v2\/comments?post=143"}],"version-history":[{"count":17,"href":"https:\/\/o-seznam.cz\/napoveda\/ucet\/wp-json\/wp\/v2\/pages\/143\/revisions"}],"predecessor-version":[{"id":2683,"href":"https:\/\/o-seznam.cz\/napoveda\/ucet\/wp-json\/wp\/v2\/pages\/143\/revisions\/2683"}],"up":[{"embeddable":true,"href":"https:\/\/o-seznam.cz\/napoveda\/ucet\/wp-json\/wp\/v2\/pages\/90"}],"wp:attachment":[{"href":"https:\/\/o-seznam.cz\/napoveda\/ucet\/wp-json\/wp\/v2\/media?parent=143"}],"wp:term":[{"taxonomy":"page_category","embeddable":true,"href":"https:\/\/o-seznam.cz\/napoveda\/ucet\/wp-json\/wp\/v2\/page_category?post=143"},{"taxonomy":"page_tag","embeddable":true,"href":"https:\/\/o-seznam.cz\/napoveda\/ucet\/wp-json\/wp\/v2\/page_tag?post=143"},{"taxonomy":"service_status_category","embeddable":true,"href":"https:\/\/o-seznam.cz\/napoveda\/ucet\/wp-json\/wp\/v2\/service_status_category?post=143"}],"curies":[{"name":"wp","href":"https:\/\/api.w.org\/{rel}","templated":true}]}}