{"id":141,"date":"2024-10-12T00:35:45","date_gmt":"2024-10-11T22:35:45","guid":{"rendered":"https:\/\/o-seznam.cz\/napoveda\/ucet\/?page_id=141"},"modified":"2025-05-21T09:37:49","modified_gmt":"2025-05-21T07:37:49","slug":"zachranny-email","status":"publish","type":"page","link":"https:\/\/o-seznam.cz\/napoveda\/ucet\/zabezpeceni-uctu\/zachranny-email\/","title":{"rendered":"Nastaven\u00ed z\u00e1chrann\u00e9ho e-mailu"},"content":{"rendered":"\n<div class=\"wp-block-group is-layout-constrained wp-block-group-is-layout-constrained\">\n<p>Seznam.cz nab\u00edz\u00ed sv\u00fdm u\u017eivatel\u016fm voliteln\u00e9 zv\u00fd\u0161en\u00ed zabezpe\u010den\u00ed sv\u00e9ho u\u017eivatelsk\u00e9ho \u00fa\u010dtu a p\u0159\u00edstupov\u00e9ho hesla.<\/p>\n\n\n\n<p class=\"is-style-default\">Ka\u017ed\u00fd u\u017eivatel m\u00e1 mo\u017enost ov\u011b\u0159it sv\u016fj kontaktn\u00ed email. Tato informace m\u016f\u017ee b\u00fdt n\u00e1sledn\u011b vyu\u017eita v p\u0159\u00edpad\u011b \u017e\u00e1dosti o z\u00edsk\u00e1n\u00ed zapomenut\u00e9ho hesla, kdy m\u016f\u017ee b\u00fdt zm\u011bna hesla potvrzena zpr\u00e1vou zasl\u00e1no pr\u00e1v\u011b na ov\u011b\u0159enou emailovou adresu, p\u0159\u00edpadn\u011b na ohl\u00e1\u0161en\u00ed proveden\u00e9 zm\u011bny hesla s mo\u017enost\u00ed <a href=\"https:\/\/o-seznam.cz\/napoveda\/ucet\/zabezpeceni-uctu\/zruseni-zmeny-hesla\/\" data-type=\"page\" data-id=\"149\">zm\u011bnu hesla odm\u00edtnout a zru\u0161it<\/a>.<\/p>\n\n\n\n<div class=\"wp-block-seznam-box is-layout-flow wp-block-seznam-box-is-layout-flow\">\n<p>Pozor! Aby bylo zabezpe\u010den\u00ed z\u00e1chrann\u00fdm e-mailem funk\u010dn\u00ed, je t\u0159eba m\u00edt nastavenou e-mailovou adresu, kterou vlastn\u00edte. P\u0159i zm\u011bn\u011bn\u011b e-mailov\u00e9 adresy nezapome\u0148te \u00fadaj v \u00da\u010dtu aktualizovat.<\/p>\n<\/div>\n<\/div>\n\n\n\n<div class=\"wp-block-group is-layout-constrained wp-block-group-is-layout-constrained\">\n<h2 class=\"wp-block-heading\">Jak postupovat p\u0159i zad\u00e1n\u00ed a ov\u011b\u0159en\u00ed kontaktn\u00edho emailu<\/h2>\n\n\n\n<p class=\"is-style-link-external\">P\u0159ihlaste se ke sv\u00e9mu <a href=\"https:\/\/ucet.seznam.cz\/\" data-type=\"link\" data-id=\"https:\/\/ucet.seznam.cz\/\" target=\"_blank\" rel=\"noreferrer noopener\">\u00da\u010dtu<\/a> a p\u0159ejd\u011bte do \u010d\u00e1sti Zabezpe\u010den\u00ed \u00fa\u010dtu<\/p>\n\n\n\n<p>Na \u0159\u00e1dku Z\u00e1chrann\u00fd e-mail pro obnovu hesla klikn\u011bte vpravo na odkaz Nastavit. M\u016f\u017ee se st\u00e1t, \u017ee pro toto <a href=\"https:\/\/o-seznam.cz\/napoveda\/ucet\/zmena-zabezpeceni-a-dulezitych-udaju-v-uctu\/\" data-type=\"page\" data-id=\"1773\">nastaven\u00ed si budeme cht\u00edt ov\u011b\u0159it,<\/a> \u017ee \u00fa\u010det pat\u0159\u00ed skute\u010dn\u011b v\u00e1m. <\/p>\n\n\n\n<figure class=\"wp-block-image size-full\"><img loading=\"lazy\" decoding=\"async\" width=\"708\" height=\"259\" src=\"https:\/\/o-seznam.cz\/napoveda\/ucet\/wp-content\/uploads\/sites\/10\/2025\/05\/zabezpeceni-uctu-i.png\" alt=\"\" class=\"wp-image-1764\" srcset=\"https:\/\/o-seznam.cz\/napoveda\/ucet\/wp-content\/uploads\/sites\/10\/2025\/05\/zabezpeceni-uctu-i.png 708w, https:\/\/o-seznam.cz\/napoveda\/ucet\/wp-content\/uploads\/sites\/10\/2025\/05\/zabezpeceni-uctu-i-320x117.png 320w\" sizes=\"auto, (max-width: 708px) 100vw, 708px\" \/><\/figure>\n\n\n\n<p>Na str\u00e1nce se zobraz\u00ed formul\u00e1\u0159 pro ov\u011b\u0159en\u00ed e-mailov\u00e9 adresy.<\/p>\n\n\n\n<p>Do pole Zadejte e-mailovou adresu vepi\u0161te celou e-mailovou adresu a klikn\u011bte na tla\u010d\u00edtko Odeslat autoriza\u010dn\u00ed k\u00f3d  na e-mail.<\/p>\n\n\n\n<figure class=\"wp-block-image size-full\"><img loading=\"lazy\" decoding=\"async\" width=\"689\" height=\"180\" src=\"https:\/\/o-seznam.cz\/napoveda\/ucet\/wp-content\/uploads\/sites\/10\/2025\/05\/zachranny-em-ii-detail.png\" alt=\"\" class=\"wp-image-1766\" srcset=\"https:\/\/o-seznam.cz\/napoveda\/ucet\/wp-content\/uploads\/sites\/10\/2025\/05\/zachranny-em-ii-detail.png 689w, https:\/\/o-seznam.cz\/napoveda\/ucet\/wp-content\/uploads\/sites\/10\/2025\/05\/zachranny-em-ii-detail-320x84.png 320w\" sizes=\"auto, (max-width: 689px) 100vw, 689px\" \/><\/figure>\n\n\n\n<p>Po odesl\u00e1n\u00ed ov\u011b\u0159ovac\u00edho k\u00f3du se zobraz\u00ed pole pro vypln\u011bn\u00ed zaslan\u00e9ho autoriza\u010dn\u00edho k\u00f3du.<\/p>\n\n\n\n<figure class=\"wp-block-image size-full\"><img loading=\"lazy\" decoding=\"async\" width=\"679\" height=\"232\" src=\"https:\/\/o-seznam.cz\/napoveda\/ucet\/wp-content\/uploads\/sites\/10\/2025\/05\/zachranny-em-iii-detail.png\" alt=\"\" class=\"wp-image-1767\" srcset=\"https:\/\/o-seznam.cz\/napoveda\/ucet\/wp-content\/uploads\/sites\/10\/2025\/05\/zachranny-em-iii-detail.png 679w, https:\/\/o-seznam.cz\/napoveda\/ucet\/wp-content\/uploads\/sites\/10\/2025\/05\/zachranny-em-iii-detail-320x109.png 320w\" sizes=\"auto, (max-width: 679px) 100vw, 679px\" \/><\/figure>\n\n\n\n<p>Na zadanou e-mailovou adresu obdr\u017e\u00edte zpr\u00e1vu &#8222;Autoriza\u010dn\u00ed k\u00f3d pro nastaven\u00ed z\u00e1chrann\u00e9ho e-mailu&#8220; obsahuj\u00edc\u00ed k\u00f3d, kter\u00fd je t\u0159eba opsat (zkop\u00edrovat) do pole Autoriza\u010dn\u00ed k\u00f3d v \u00fa\u010dtu.<\/p>\n\n\n\n<figure class=\"wp-block-image size-full\"><img loading=\"lazy\" decoding=\"async\" width=\"764\" height=\"493\" src=\"https:\/\/o-seznam.cz\/napoveda\/ucet\/wp-content\/uploads\/sites\/10\/2025\/05\/mail-autorizacni-kod.png\" alt=\"\" class=\"wp-image-1768\" srcset=\"https:\/\/o-seznam.cz\/napoveda\/ucet\/wp-content\/uploads\/sites\/10\/2025\/05\/mail-autorizacni-kod.png 764w, https:\/\/o-seznam.cz\/napoveda\/ucet\/wp-content\/uploads\/sites\/10\/2025\/05\/mail-autorizacni-kod-320x206.png 320w\" sizes=\"auto, (max-width: 764px) 100vw, 764px\" \/><\/figure>\n\n\n\n<p>Po zad\u00e1n\u00ed k\u00f3du a jeho potvrzen\u00ed se adresa zobraz\u00ed jako ov\u011b\u0159en\u00e1.<\/p>\n\n\n\n<figure class=\"wp-block-image size-full\"><img loading=\"lazy\" decoding=\"async\" width=\"693\" height=\"249\" src=\"https:\/\/o-seznam.cz\/napoveda\/ucet\/wp-content\/uploads\/sites\/10\/2025\/05\/overena-adresa.png\" alt=\"\" class=\"wp-image-1769\" srcset=\"https:\/\/o-seznam.cz\/napoveda\/ucet\/wp-content\/uploads\/sites\/10\/2025\/05\/overena-adresa.png 693w, https:\/\/o-seznam.cz\/napoveda\/ucet\/wp-content\/uploads\/sites\/10\/2025\/05\/overena-adresa-320x115.png 320w\" sizes=\"auto, (max-width: 693px) 100vw, 693px\" \/><\/figure>\n<\/div>\n\n\n\n<p><\/p>\n","protected":false},"excerpt":{"rendered":"<p>Seznam.cz nab\u00edz\u00ed sv\u00fdm u\u017eivatel\u016fm voliteln\u00e9 zv\u00fd\u0161en\u00ed zabezpe\u010den\u00ed sv\u00e9ho u\u017eivatelsk\u00e9ho \u00fa\u010dtu a p\u0159\u00edstupov\u00e9ho hesla. Ka\u017ed\u00fd u\u017eivatel m\u00e1 mo\u017enost ov\u011b\u0159it sv\u016fj kontaktn\u00ed email. Tato informace m\u016f\u017ee b\u00fdt n\u00e1sledn\u011b vyu\u017eita v p\u0159\u00edpad\u011b \u017e\u00e1dosti o z\u00edsk\u00e1n\u00ed zapomenut\u00e9ho hesla, kdy m\u016f\u017ee b\u00fdt zm\u011bna hesla potvrzena zpr\u00e1vou zasl\u00e1no pr\u00e1v\u011b na ov\u011b\u0159enou emailovou adresu, p\u0159\u00edpadn\u011b na ohl\u00e1\u0161en\u00ed proveden\u00e9 zm\u011bny hesla s mo\u017enost\u00ed [&hellip;]<\/p>\n","protected":false},"author":6,"featured_media":0,"parent":90,"menu_order":0,"comment_status":"closed","ping_status":"closed","template":"page-sidemenu","meta":{"_acf_changed":false,"_relevanssi_hide_post":"","_relevanssi_hide_content":"","_relevanssi_pin_for_all":"","_relevanssi_pin_keywords":"","_relevanssi_unpin_keywords":"","_relevanssi_related_keywords":"","_relevanssi_related_include_ids":"","_relevanssi_related_exclude_ids":"","_relevanssi_related_no_append":"","_relevanssi_related_not_related":"","_relevanssi_related_posts":"","_relevanssi_noindex_reason":"","footnotes":""},"page_category":[24],"page_tag":[],"service_status_category":[],"class_list":["post-141","page","type-page","status-publish","hentry"],"acf":[],"lang":"cs","translations":{"cs":141,"en":2136},"pll_sync_post":[],"_links":{"self":[{"href":"https:\/\/o-seznam.cz\/napoveda\/ucet\/wp-json\/wp\/v2\/pages\/141","targetHints":{"allow":["GET"]}}],"collection":[{"href":"https:\/\/o-seznam.cz\/napoveda\/ucet\/wp-json\/wp\/v2\/pages"}],"about":[{"href":"https:\/\/o-seznam.cz\/napoveda\/ucet\/wp-json\/wp\/v2\/types\/page"}],"author":[{"embeddable":true,"href":"https:\/\/o-seznam.cz\/napoveda\/ucet\/wp-json\/wp\/v2\/users\/6"}],"replies":[{"embeddable":true,"href":"https:\/\/o-seznam.cz\/napoveda\/ucet\/wp-json\/wp\/v2\/comments?post=141"}],"version-history":[{"count":7,"href":"https:\/\/o-seznam.cz\/napoveda\/ucet\/wp-json\/wp\/v2\/pages\/141\/revisions"}],"predecessor-version":[{"id":1794,"href":"https:\/\/o-seznam.cz\/napoveda\/ucet\/wp-json\/wp\/v2\/pages\/141\/revisions\/1794"}],"up":[{"embeddable":true,"href":"https:\/\/o-seznam.cz\/napoveda\/ucet\/wp-json\/wp\/v2\/pages\/90"}],"wp:attachment":[{"href":"https:\/\/o-seznam.cz\/napoveda\/ucet\/wp-json\/wp\/v2\/media?parent=141"}],"wp:term":[{"taxonomy":"page_category","embeddable":true,"href":"https:\/\/o-seznam.cz\/napoveda\/ucet\/wp-json\/wp\/v2\/page_category?post=141"},{"taxonomy":"page_tag","embeddable":true,"href":"https:\/\/o-seznam.cz\/napoveda\/ucet\/wp-json\/wp\/v2\/page_tag?post=141"},{"taxonomy":"service_status_category","embeddable":true,"href":"https:\/\/o-seznam.cz\/napoveda\/ucet\/wp-json\/wp\/v2\/service_status_category?post=141"}],"curies":[{"name":"wp","href":"https:\/\/api.w.org\/{rel}","templated":true}]}}