{"id":137,"date":"2024-10-12T00:45:29","date_gmt":"2024-10-11T22:45:29","guid":{"rendered":"https:\/\/o-seznam.cz\/napoveda\/ucet\/?page_id=137"},"modified":"2025-05-26T16:21:29","modified_gmt":"2025-05-26T14:21:29","slug":"zmena-hesla","status":"publish","type":"page","link":"https:\/\/o-seznam.cz\/napoveda\/ucet\/zabezpeceni-uctu\/zmena-hesla\/","title":{"rendered":"Zm\u011bna hesla"},"content":{"rendered":"\n<div class=\"wp-block-group is-layout-constrained wp-block-group-is-layout-constrained\">\n<p>V\u0161ichni u\u017eivatel\u00e9 \u00fa\u010dt\u016f u Seznam.cz mohou p\u0159\u00edstupov\u00e9 heslo zm\u011bnit v \u00da\u010dtu.<\/p>\n\n\n\n<div class=\"wp-block-seznam-box is-layout-flow wp-block-seznam-box-is-layout-flow\">\n<p>P\u0159e\u010dt\u011bte si n\u00e1\u0161 \u010dl\u00e1nek <a href=\"https:\/\/o-seznam.cz\/napoveda\/ucet\/zabezpeceni-uctu\/bezpecne-heslo\/\" data-type=\"page\" data-id=\"135\">Bezpe\u010dn\u00e9 heslo<\/a>, kde se dozv\u00edte, jak\u00e9 si zvolit heslo, jak ho bezpe\u010dn\u011b pou\u017e\u00edvat, co je to spr\u00e1vce hesel a mnoho dal\u0161\u00edho.<\/p>\n<\/div>\n\n\n\n<ul class=\"wp-block-list\">\n<li>P\u0159ihlaste se ke sv\u00e9mu <a href=\"https:\/\/ucet.seznam.cz\/\">\u00da\u010dtu<\/a><\/li>\n\n\n\n<li>V lev\u00e9 nab\u00eddce klikn\u011bte na odkaz <a href=\"https:\/\/ucet.seznam.cz\/secure\">Zabezpe\u010den\u00ed \u00fa\u010dtu<\/a><\/li>\n\n\n\n<li>U prvn\u00ed polo\u017eky Heslo k \u00fa\u010dtu klikn\u011bte na odkaz Zm\u011bnit<\/li>\n\n\n\n<li>M\u016f\u017ee se st\u00e1t, \u017ee pro toto <a href=\"https:\/\/o-seznam.cz\/napoveda\/ucet\/zmena-zabezpeceni-a-dulezitych-udaju-v-uctu\/\">nastaven\u00ed si budeme cht\u00edt ov\u011b\u0159it,<\/a> \u017ee \u00fa\u010det pat\u0159\u00ed skute\u010dn\u011b v\u00e1m.<\/li>\n<\/ul>\n\n\n\n<figure class=\"wp-block-image size-full\"><img loading=\"lazy\" decoding=\"async\" width=\"690\" height=\"185\" src=\"https:\/\/o-seznam.cz\/napoveda\/ucet\/wp-content\/uploads\/sites\/10\/2024\/10\/zmena-hesla-1.png\" alt=\"\" class=\"wp-image-445\" srcset=\"https:\/\/o-seznam.cz\/napoveda\/ucet\/wp-content\/uploads\/sites\/10\/2024\/10\/zmena-hesla-1.png 690w, https:\/\/o-seznam.cz\/napoveda\/ucet\/wp-content\/uploads\/sites\/10\/2024\/10\/zmena-hesla-1-320x86.png 320w\" sizes=\"auto, (max-width: 690px) 100vw, 690px\" \/><\/figure>\n\n\n\n<ul class=\"wp-block-list\">\n<li>Do pole Zadejte nov\u00e9 heslo vepi\u0161te nov\u00e9 heslo, kter\u00e9 chcete pro p\u0159\u00edstup k \u00fa\u010dtu pou\u017e\u00edvat<\/li>\n\n\n\n<li>V poli Zopakujte nov\u00e9 heslo zadejte pro kontrolu sv\u00e9 nov\u00e9 heslo je\u0161t\u011b jednou<\/li>\n\n\n\n<li>Vypln\u011bn\u00e9 \u00fadaje potvr\u010fte kliknut\u00edm na tla\u010d\u00edtko Ulo\u017eit zm\u011bny<\/li>\n<\/ul>\n\n\n\n<figure class=\"wp-block-image size-full\"><img loading=\"lazy\" decoding=\"async\" width=\"668\" height=\"228\" src=\"https:\/\/o-seznam.cz\/napoveda\/ucet\/wp-content\/uploads\/sites\/10\/2025\/05\/zmena-hesla.png\" alt=\"\" class=\"wp-image-1849\" srcset=\"https:\/\/o-seznam.cz\/napoveda\/ucet\/wp-content\/uploads\/sites\/10\/2025\/05\/zmena-hesla.png 668w, https:\/\/o-seznam.cz\/napoveda\/ucet\/wp-content\/uploads\/sites\/10\/2025\/05\/zmena-hesla-320x109.png 320w\" sizes=\"auto, (max-width: 668px) 100vw, 668px\" \/><\/figure>\n\n\n\n<div class=\"wp-block-seznam-box is-layout-flow wp-block-seznam-box-is-layout-flow\">\n<p>Pozor! Pou\u017e\u00edv\u00e1te-li dvouf\u00e1zov\u00e9 ov\u011b\u0159en\u00ed pro p\u0159ihl\u00e1\u0161en\u00ed a b\u011b\u017en\u00e9 heslo m\u011bn\u00edte z d\u016fvodu napaden\u00ed schr\u00e1nky za \u00fa\u010delem rozes\u00edl\u00e1n\u00ed spamu, nezapome\u0148te na <a href=\"https:\/\/o-seznam.cz\/napoveda\/ucet\/dvoufazove-overeni\/postovni-programy\/\">zm\u011bnu hesla pro po\u0161tovn\u00ed protokoly a CalDAV<\/a>! Pokud jej ponech\u00e1te nezm\u011bn\u011bn\u00e9, \u00fato\u010dn\u00edci by mohli v rozes\u00edl\u00e1n\u00ed spamu pokra\u010dovat.<\/p>\n<\/div>\n<\/div>\n\n\n\n<div class=\"wp-block-group is-layout-constrained wp-block-group-is-layout-constrained\">\n<h2 class=\"wp-block-heading\">Pro\u010d heslo nejde zm\u011bnit?<\/h2>\n\n\n\n<p>Pokud v\u00e1m syst\u00e9m zm\u011bnu hesla neumo\u017en\u00ed (nezobraz\u00ed informaci, \u017ee bylo heslo \u00fasp\u011b\u0161n\u011b ulo\u017eeno), hledejte na str\u00e1nce chybov\u00e9 hl\u00e1\u0161en\u00ed a postupujte dle pokyn\u016f v n\u011bm. S nejv\u011bt\u0161\u00ed pravd\u011bpodobn\u00e9 do\u0161lo k n\u011bkter\u00e9mu z t\u011bchto probl\u00e9m\u016f:<\/p>\n\n\n\n<ul class=\"wp-block-list\">\n<li>heslo bylo p\u0159\u00edli\u0161 slab\u00e9 \u2013 zkuste si vybrat del\u0161\u00ed nov\u00e9 heslo, zapojte do n\u011bj \u010d\u00edslice, velk\u00e1 p\u00edsmena \u010di z\u00e1kladn\u00ed speci\u00e1ln\u00ed znaky (nap\u0159. *, &amp;, %, ! apod.)<\/li>\n\n\n\n<li>heslo bylo podobn\u00e9 n\u011bkter\u00e9mu z ji\u017e d\u0159\u00edve u \u00fa\u010dtu pou\u017eit\u00fdch hesel \u2013 bude nutn\u00e9 si vymyslet takov\u00e9 heslo, kter\u00e9 je dostate\u010dn\u011b odli\u0161n\u00e9 od hesel, kter\u00e1 byla u \u00fa\u010dtu pou\u017eita v minulosti<\/li>\n\n\n\n<li>nov\u00e9 heslo obsahuje n\u011bkter\u00fd ze zak\u00e1zan\u00fdch znak\u016f; znaky s diakritikou (p\u00edsmena s h\u00e1\u010dky a \u010d\u00e1rkami) a znak mezery nejsou podporov\u00e1ny<\/li>\n<\/ul>\n\n\n\n<p>Nev\u00edte-li si rady s v\u00fdb\u011brem hesla, pod\u00edvejte se do <a href=\"https:\/\/o-seznam.cz\/napoveda\/ucet\/zabezpeceni-uctu\/bezpecne-heslo\/\">\u010dl\u00e1nku v\u011bnovan\u00e9mu bezpe\u010dnosti hesel<\/a>.<\/p>\n\n\n\n<div class=\"wp-block-seznam-box is-layout-flow wp-block-seznam-box-is-layout-flow\">\n<p>Spolu se zm\u011bnou hesla zva\u017ete zabezpe\u010den\u00ed \u00fa\u010dtu nastaven\u00edm <a href=\"https:\/\/o-seznam.cz\/napoveda\/ucet\/zabezpeceni-uctu\/zachranne-telefonni-cislo\/\" data-type=\"page\" data-id=\"143\">z\u00e1chrann\u00e9ho telefonn\u00edho \u010d\u00edslo<\/a> a <a href=\"https:\/\/o-seznam.cz\/napoveda\/ucet\/zabezpeceni-uctu\/zachranny-email\/\" data-type=\"page\" data-id=\"141\">z\u00e1chrannou e-mailovou adresou<\/a>. Budete-li kontakty udr\u017eovat aktu\u00e1ln\u00ed, p\u0159i ruce tak budete m\u00edt rychlou mo\u017enost <a href=\"https:\/\/o-seznam.cz\/napoveda\/ucet\/zapomenute-heslo\/\">heslo obnovit pomoc\u00ed SMS nebo e-mailem<\/a>.<\/p>\n<\/div>\n<\/div>\n","protected":false},"excerpt":{"rendered":"<p>V\u0161ichni u\u017eivatel\u00e9 \u00fa\u010dt\u016f u Seznam.cz mohou p\u0159\u00edstupov\u00e9 heslo zm\u011bnit v \u00da\u010dtu. Pro\u010d heslo nejde zm\u011bnit? Pokud v\u00e1m syst\u00e9m zm\u011bnu hesla neumo\u017en\u00ed (nezobraz\u00ed informaci, \u017ee bylo heslo \u00fasp\u011b\u0161n\u011b ulo\u017eeno), hledejte na str\u00e1nce chybov\u00e9 hl\u00e1\u0161en\u00ed a postupujte dle pokyn\u016f v n\u011bm. S nejv\u011bt\u0161\u00ed pravd\u011bpodobn\u00e9 do\u0161lo k n\u011bkter\u00e9mu z t\u011bchto probl\u00e9m\u016f: Nev\u00edte-li si rady s v\u00fdb\u011brem hesla, pod\u00edvejte [&hellip;]<\/p>\n","protected":false},"author":6,"featured_media":0,"parent":90,"menu_order":0,"comment_status":"closed","ping_status":"closed","template":"page-sidemenu","meta":{"_acf_changed":false,"_relevanssi_hide_post":"","_relevanssi_hide_content":"","_relevanssi_pin_for_all":"","_relevanssi_pin_keywords":"","_relevanssi_unpin_keywords":"","_relevanssi_related_keywords":"","_relevanssi_related_include_ids":"","_relevanssi_related_exclude_ids":"","_relevanssi_related_no_append":"","_relevanssi_related_not_related":"","_relevanssi_related_posts":"","_relevanssi_noindex_reason":"","footnotes":""},"page_category":[24],"page_tag":[],"service_status_category":[],"class_list":["post-137","page","type-page","status-publish","hentry"],"acf":[],"lang":"cs","translations":{"cs":137},"pll_sync_post":[],"_links":{"self":[{"href":"https:\/\/o-seznam.cz\/napoveda\/ucet\/wp-json\/wp\/v2\/pages\/137","targetHints":{"allow":["GET"]}}],"collection":[{"href":"https:\/\/o-seznam.cz\/napoveda\/ucet\/wp-json\/wp\/v2\/pages"}],"about":[{"href":"https:\/\/o-seznam.cz\/napoveda\/ucet\/wp-json\/wp\/v2\/types\/page"}],"author":[{"embeddable":true,"href":"https:\/\/o-seznam.cz\/napoveda\/ucet\/wp-json\/wp\/v2\/users\/6"}],"replies":[{"embeddable":true,"href":"https:\/\/o-seznam.cz\/napoveda\/ucet\/wp-json\/wp\/v2\/comments?post=137"}],"version-history":[{"count":9,"href":"https:\/\/o-seznam.cz\/napoveda\/ucet\/wp-json\/wp\/v2\/pages\/137\/revisions"}],"predecessor-version":[{"id":1851,"href":"https:\/\/o-seznam.cz\/napoveda\/ucet\/wp-json\/wp\/v2\/pages\/137\/revisions\/1851"}],"up":[{"embeddable":true,"href":"https:\/\/o-seznam.cz\/napoveda\/ucet\/wp-json\/wp\/v2\/pages\/90"}],"wp:attachment":[{"href":"https:\/\/o-seznam.cz\/napoveda\/ucet\/wp-json\/wp\/v2\/media?parent=137"}],"wp:term":[{"taxonomy":"page_category","embeddable":true,"href":"https:\/\/o-seznam.cz\/napoveda\/ucet\/wp-json\/wp\/v2\/page_category?post=137"},{"taxonomy":"page_tag","embeddable":true,"href":"https:\/\/o-seznam.cz\/napoveda\/ucet\/wp-json\/wp\/v2\/page_tag?post=137"},{"taxonomy":"service_status_category","embeddable":true,"href":"https:\/\/o-seznam.cz\/napoveda\/ucet\/wp-json\/wp\/v2\/service_status_category?post=137"}],"curies":[{"name":"wp","href":"https:\/\/api.w.org\/{rel}","templated":true}]}}