{"id":127,"date":"2024-10-12T00:30:05","date_gmt":"2024-10-11T22:30:05","guid":{"rendered":"https:\/\/o-seznam.cz\/napoveda\/ucet\/?page_id=127"},"modified":"2025-10-24T10:20:18","modified_gmt":"2025-10-24T08:20:18","slug":"pres-seznam","status":"publish","type":"page","link":"https:\/\/o-seznam.cz\/napoveda\/ucet\/prihlasovani\/pres-seznam\/","title":{"rendered":"P\u0159ihl\u00e1\u0161en\u00ed p\u0159es Seznam"},"content":{"rendered":"<nav class=\"menu-anchors\">\n<ul>\n\t<li><a href=\"#prihlaseni-prees-seznam-na-eshopech\">P\u0159ihl\u00e1\u0161en\u00ed p\u0159es Seznam na e-shopech a dal\u0161\u00edch str\u00e1nk\u00e1ch<\/a><\/li>\n<li><a href=\"#Sprava-prihlaseni-a-udaju\">Spr\u00e1va p\u0159ihl\u00e1\u0161en\u00ed a sd\u00edlen\u00fdch \u00fadaj\u016f<\/a><\/li>\n<li><a href=\"#Prihlaseni-pres-seznam-implementace\">Chcete P\u0159ihl\u00e1\u0161en\u00ed p\u0159es Seznam na sv\u00e9m webu?<\/a><\/li>\n<\/ul>\n\n<\/nav>\n\n\n\n<div class=\"wp-block-group is-layout-constrained wp-block-group-is-layout-constrained\">\n<h2 class=\"wp-block-heading is-style-h2\" id=\"prihlaseni-prees-seznam-na-eshopech\">P\u0159ihl\u00e1\u0161en\u00ed p\u0159es Seznam na e-shopech a dal\u0161\u00edch str\u00e1nk\u00e1ch<\/h2>\n\n\n\n<p>P\u0159ihl\u00e1\u0161en\u00ed p\u0159es Seznam v\u00e1m umo\u017en\u00ed pou\u017e\u00edt v\u00e1\u0161 Seznam \u00fa\u010det i na jin\u00fdch webov\u00fdch str\u00e1nk\u00e1ch nebo v aplikac\u00edch jin\u00fdch spole\u010dnost\u00ed. <strong>Nemus\u00edte si tak vytv\u00e1\u0159et nov\u00e9 \u00fa\u010dty ani pamatovat dal\u0161\u00ed hesla<\/strong> \u2013 p\u0159ihl\u00e1s\u00edte se jednodu\u0161e stejn\u011b jako do Seznamu.<\/p>\n\n\n\n<p><strong>Va\u0161e heslo z\u016fst\u00e1v\u00e1 v bezpe\u010d\u00ed<\/strong> \u2013 slu\u017eba, do kter\u00e9 se p\u0159ihla\u0161ujete pomoc\u00ed Seznam \u00fa\u010dtu, ho nikdy neuvid\u00ed. P\u0159ihl\u00e1\u0161en\u00ed prob\u00edh\u00e1 p\u0159\u00edmo na str\u00e1nk\u00e1ch Seznamu a sd\u00edl\u00ed se jen va\u0161e e-mailov\u00e1 adresa a jm\u00e9no (pokud ho m\u00e1te v \u00fa\u010dtu uveden\u00e9).<\/p>\n\n\n\n<div class=\"wp-block-seznam-box is-layout-flow wp-block-seznam-box-is-layout-flow\">\n<p>Pozn\u00e1mka: Vzhled formul\u00e1\u0159e se m\u016f\u017ee li\u0161it na z\u00e1klad\u011b poskytovatele slu\u017eby, ke kter\u00e9 se pomoc\u00ed Seznam \u00fa\u010dtu p\u0159ihla\u0161ujete.<\/p>\n<\/div>\n\n\n\n<div class=\"wp-block-columns is-layout-flex wp-container-core-columns-is-layout-28f84493 wp-block-columns-is-layout-flex\">\n<div class=\"wp-block-column is-layout-flow wp-block-column-is-layout-flow\">\n<figure class=\"wp-block-image size-full is-resized\"><img loading=\"lazy\" decoding=\"async\" width=\"225\" height=\"164\" src=\"https:\/\/o-seznam.cz\/napoveda\/ucet\/wp-content\/uploads\/sites\/10\/2024\/10\/login-via-szn01-thumb.png\" alt=\"\" class=\"wp-image-384\" style=\"width:273px;height:auto\"\/><\/figure>\n<\/div>\n\n\n\n<div class=\"wp-block-column is-layout-flow wp-block-column-is-layout-flow\">\n<figure class=\"wp-block-image size-full\"><img loading=\"lazy\" decoding=\"async\" width=\"416\" height=\"493\" src=\"https:\/\/o-seznam.cz\/napoveda\/ucet\/wp-content\/uploads\/sites\/10\/2025\/07\/prihlaseni-pres-sluzbu.png\" alt=\"\" class=\"wp-image-2287\" srcset=\"https:\/\/o-seznam.cz\/napoveda\/ucet\/wp-content\/uploads\/sites\/10\/2025\/07\/prihlaseni-pres-sluzbu.png 416w, https:\/\/o-seznam.cz\/napoveda\/ucet\/wp-content\/uploads\/sites\/10\/2025\/07\/prihlaseni-pres-sluzbu-270x320.png 270w\" sizes=\"auto, (max-width: 416px) 100vw, 416px\" \/><\/figure>\n<\/div>\n\n\n\n<div class=\"wp-block-column is-layout-flow wp-block-column-is-layout-flow\">\n<figure class=\"wp-block-image size-full\"><img loading=\"lazy\" decoding=\"async\" width=\"225\" height=\"434\" src=\"https:\/\/o-seznam.cz\/napoveda\/ucet\/wp-content\/uploads\/sites\/10\/2024\/10\/szn-ucet-prihlaseni-partner-info-thumb.png\" alt=\"\" class=\"wp-image-387\" srcset=\"https:\/\/o-seznam.cz\/napoveda\/ucet\/wp-content\/uploads\/sites\/10\/2024\/10\/szn-ucet-prihlaseni-partner-info-thumb.png 225w, https:\/\/o-seznam.cz\/napoveda\/ucet\/wp-content\/uploads\/sites\/10\/2024\/10\/szn-ucet-prihlaseni-partner-info-thumb-166x320.png 166w\" sizes=\"auto, (max-width: 225px) 100vw, 225px\" \/><\/figure>\n<\/div>\n<\/div>\n\n\n\n<p>P\u0159i prvn\u00edm p\u0159ihl\u00e1\u0161en\u00ed si m\u016f\u017eete vybrat, jak\u00e9 \u00fadaje budete se slu\u017ebou sd\u00edlet.<\/p>\n\n\n\n<p><strong>Povinn\u00e9 jsou v\u017edy jen jm\u00e9no a e-mail.<\/strong> Dal\u0161\u00ed \u00fadaje (nap\u0159. profilov\u00e1 fotka, pohlav\u00ed, telefon nebo datum narozen\u00ed) m\u016f\u017eete odm\u00edtnout, pokud nejsou vy\u017eadov\u00e1ny. P\u0159ihl\u00e1\u0161en\u00ed p\u0159es Seznam m\u016f\u017eete pou\u017e\u00edvat i bez sd\u00edlen\u00ed voliteln\u00fdch \u00fadaj\u016f. Pokud ale odm\u00edtnete i ty povinn\u00e9, p\u0159ihl\u00e1\u0161en\u00ed nebude mo\u017en\u00e9.<\/p>\n\n\n\n<h2 class=\"wp-block-heading is-style-h2\" id=\"Sprava-prihlaseni-a-udaju\"><br><strong>Spr\u00e1va p\u0159ihl\u00e1\u0161en\u00ed a sd\u00edlen\u00fdch \u00fadaj\u016f<\/strong><\/h2>\n\n\n\n<p>P\u0159ehled slu\u017eeb, do kter\u00fdch jste se p\u0159ihl\u00e1sili p\u0159es Seznam, <strong>naleznete ve sv\u00e9m Seznam \u00fa\u010dtu v sekci Zabezpe\u010den\u00ed \u00fa\u010dtu<\/strong>. Zde m\u016f\u017eete jednotliv\u00e1 p\u0159ihl\u00e1\u0161en\u00ed v p\u0159\u00edpad\u011b pot\u0159eby kdykoliv <a href=\"https:\/\/o-seznam.cz\/napoveda\/ucet\/aktivni-prihlaseni\/zruseni\/\" data-type=\"page\" data-id=\"70\">zru\u0161it<\/a>.<\/p>\n\n\n\n<figure class=\"wp-block-image size-full\"><img loading=\"lazy\" decoding=\"async\" width=\"690\" height=\"228\" src=\"https:\/\/o-seznam.cz\/napoveda\/ucet\/wp-content\/uploads\/sites\/10\/2024\/10\/login-via-szn04.png\" alt=\"\" class=\"wp-image-388\" srcset=\"https:\/\/o-seznam.cz\/napoveda\/ucet\/wp-content\/uploads\/sites\/10\/2024\/10\/login-via-szn04.png 690w, https:\/\/o-seznam.cz\/napoveda\/ucet\/wp-content\/uploads\/sites\/10\/2024\/10\/login-via-szn04-320x106.png 320w\" sizes=\"auto, (max-width: 690px) 100vw, 690px\" \/><\/figure>\n\n\n\n<p>P\u0159ehled <strong>\u00fadaj\u016f sd\u00edlen\u00fdch se slu\u017ebami<\/strong>, do kter\u00fdch jste se p\u0159ihl\u00e1sili p\u0159es Seznam, <strong>naleznete ve sv\u00e9m Seznam \u00fa\u010dtu v sekci Osobn\u00ed \u00fadaje<\/strong> (dole na str\u00e1nce).<\/p>\n\n\n\n<figure class=\"wp-block-image size-full\"><img loading=\"lazy\" decoding=\"async\" width=\"1582\" height=\"358\" src=\"https:\/\/o-seznam.cz\/napoveda\/ucet\/wp-content\/uploads\/sites\/10\/2024\/10\/sdilene-udaje-3-strany.png\" alt=\"\" class=\"wp-image-389\" srcset=\"https:\/\/o-seznam.cz\/napoveda\/ucet\/wp-content\/uploads\/sites\/10\/2024\/10\/sdilene-udaje-3-strany.png 1582w, https:\/\/o-seznam.cz\/napoveda\/ucet\/wp-content\/uploads\/sites\/10\/2024\/10\/sdilene-udaje-3-strany-992x224.png 992w, https:\/\/o-seznam.cz\/napoveda\/ucet\/wp-content\/uploads\/sites\/10\/2024\/10\/sdilene-udaje-3-strany-320x72.png 320w, https:\/\/o-seznam.cz\/napoveda\/ucet\/wp-content\/uploads\/sites\/10\/2024\/10\/sdilene-udaje-3-strany-768x174.png 768w, https:\/\/o-seznam.cz\/napoveda\/ucet\/wp-content\/uploads\/sites\/10\/2024\/10\/sdilene-udaje-3-strany-1536x348.png 1536w\" sizes=\"auto, (max-width: 1582px) 100vw, 1582px\" \/><\/figure>\n\n\n\n<p><br>Sd\u00edlen\u00ed m\u016f\u017eete kdykoliv zru\u0161it kliknut\u00edm na <strong>Odebrat<\/strong> a n\u00e1sledn\u00fdm potvrzen\u00edm t\u00e9to volby.<\/p>\n\n\n\n<figure class=\"wp-block-image size-full\"><img loading=\"lazy\" decoding=\"async\" width=\"1532\" height=\"906\" src=\"https:\/\/o-seznam.cz\/napoveda\/ucet\/wp-content\/uploads\/sites\/10\/2024\/10\/sdilene-udaje-3-strany-odebrani.png\" alt=\"\" class=\"wp-image-390\" srcset=\"https:\/\/o-seznam.cz\/napoveda\/ucet\/wp-content\/uploads\/sites\/10\/2024\/10\/sdilene-udaje-3-strany-odebrani.png 1532w, https:\/\/o-seznam.cz\/napoveda\/ucet\/wp-content\/uploads\/sites\/10\/2024\/10\/sdilene-udaje-3-strany-odebrani-992x587.png 992w, https:\/\/o-seznam.cz\/napoveda\/ucet\/wp-content\/uploads\/sites\/10\/2024\/10\/sdilene-udaje-3-strany-odebrani-320x189.png 320w, https:\/\/o-seznam.cz\/napoveda\/ucet\/wp-content\/uploads\/sites\/10\/2024\/10\/sdilene-udaje-3-strany-odebrani-768x454.png 768w\" sizes=\"auto, (max-width: 1532px) 100vw, 1532px\" \/><\/figure>\n<\/div>\n\n\n\n<div class=\"wp-block-group is-layout-constrained wp-block-group-is-layout-constrained\">\n<h2 class=\"wp-block-heading is-style-h2\" id=\"Prihlaseni-pres-seznam-implementace\"><strong>Chcete P\u0159ihl\u00e1\u0161en\u00ed p\u0159es Seznam na sv\u00e9m webu?<\/strong><\/h2>\n\n\n\n<p>Pokud provozujete web nebo aplikaci, m\u016f\u017eete tuto mo\u017enost nab\u00eddnout i sv\u00fdm u\u017eivatel\u016fm.<\/p>\n\n\n\n<p class=\"is-style-link-external\">V\u00edce informac\u00ed naleznete na str\u00e1nk\u00e1ch <a href=\"https:\/\/partner.seznam.cz\/tlacitko-prihlaseni-pres-seznam\/\" data-type=\"link\" data-id=\"https:\/\/partner.seznam.cz\/tlacitko-prihlaseni-pres-seznam\/\" target=\"_blank\" rel=\"noreferrer noopener\">Seznam Partner<\/a> a <a href=\"https:\/\/napoveda.seznam.cz\/forum\/oauth\" data-type=\"link\" data-id=\"https:\/\/napoveda.seznam.cz\/forum\/oauth\" target=\"_blank\" rel=\"noreferrer noopener\">OAuth p\u0159ihl\u00e1\u0161en\u00ed p\u0159es Seznam<\/a>.<\/p>\n<\/div>\n","protected":false},"excerpt":{"rendered":"<p>P\u0159ihl\u00e1\u0161en\u00ed p\u0159es Seznam na e-shopech a dal\u0161\u00edch str\u00e1nk\u00e1ch P\u0159ihl\u00e1\u0161en\u00ed p\u0159es Seznam v\u00e1m umo\u017en\u00ed pou\u017e\u00edt v\u00e1\u0161 Seznam \u00fa\u010det i na jin\u00fdch webov\u00fdch str\u00e1nk\u00e1ch nebo v aplikac\u00edch jin\u00fdch spole\u010dnost\u00ed. Nemus\u00edte si tak vytv\u00e1\u0159et nov\u00e9 \u00fa\u010dty ani pamatovat dal\u0161\u00ed hesla \u2013 p\u0159ihl\u00e1s\u00edte se jednodu\u0161e stejn\u011b jako do Seznamu. Va\u0161e heslo z\u016fst\u00e1v\u00e1 v bezpe\u010d\u00ed \u2013 slu\u017eba, do kter\u00e9 se [&hellip;]<\/p>\n","protected":false},"author":6,"featured_media":0,"parent":84,"menu_order":0,"comment_status":"closed","ping_status":"closed","template":"page-sidemenu","meta":{"_acf_changed":false,"_relevanssi_hide_post":"","_relevanssi_hide_content":"","_relevanssi_pin_for_all":"","_relevanssi_pin_keywords":"","_relevanssi_unpin_keywords":"","_relevanssi_related_keywords":"","_relevanssi_related_include_ids":"","_relevanssi_related_exclude_ids":"","_relevanssi_related_no_append":"","_relevanssi_related_not_related":"","_relevanssi_related_posts":"","_relevanssi_noindex_reason":"","footnotes":""},"page_category":[24],"page_tag":[],"service_status_category":[],"class_list":["post-127","page","type-page","status-publish","hentry"],"acf":[],"lang":"cs","translations":{"cs":127,"en":1419},"pll_sync_post":[],"_links":{"self":[{"href":"https:\/\/o-seznam.cz\/napoveda\/ucet\/wp-json\/wp\/v2\/pages\/127","targetHints":{"allow":["GET"]}}],"collection":[{"href":"https:\/\/o-seznam.cz\/napoveda\/ucet\/wp-json\/wp\/v2\/pages"}],"about":[{"href":"https:\/\/o-seznam.cz\/napoveda\/ucet\/wp-json\/wp\/v2\/types\/page"}],"author":[{"embeddable":true,"href":"https:\/\/o-seznam.cz\/napoveda\/ucet\/wp-json\/wp\/v2\/users\/6"}],"replies":[{"embeddable":true,"href":"https:\/\/o-seznam.cz\/napoveda\/ucet\/wp-json\/wp\/v2\/comments?post=127"}],"version-history":[{"count":9,"href":"https:\/\/o-seznam.cz\/napoveda\/ucet\/wp-json\/wp\/v2\/pages\/127\/revisions"}],"predecessor-version":[{"id":2600,"href":"https:\/\/o-seznam.cz\/napoveda\/ucet\/wp-json\/wp\/v2\/pages\/127\/revisions\/2600"}],"up":[{"embeddable":true,"href":"https:\/\/o-seznam.cz\/napoveda\/ucet\/wp-json\/wp\/v2\/pages\/84"}],"wp:attachment":[{"href":"https:\/\/o-seznam.cz\/napoveda\/ucet\/wp-json\/wp\/v2\/media?parent=127"}],"wp:term":[{"taxonomy":"page_category","embeddable":true,"href":"https:\/\/o-seznam.cz\/napoveda\/ucet\/wp-json\/wp\/v2\/page_category?post=127"},{"taxonomy":"page_tag","embeddable":true,"href":"https:\/\/o-seznam.cz\/napoveda\/ucet\/wp-json\/wp\/v2\/page_tag?post=127"},{"taxonomy":"service_status_category","embeddable":true,"href":"https:\/\/o-seznam.cz\/napoveda\/ucet\/wp-json\/wp\/v2\/service_status_category?post=127"}],"curies":[{"name":"wp","href":"https:\/\/api.w.org\/{rel}","templated":true}]}}