{"id":123,"date":"2024-10-12T00:35:18","date_gmt":"2024-10-11T22:35:18","guid":{"rendered":"https:\/\/o-seznam.cz\/napoveda\/ucet\/?page_id=123"},"modified":"2026-03-09T09:29:50","modified_gmt":"2026-03-09T08:29:50","slug":"vice-ucty","status":"publish","type":"page","link":"https:\/\/o-seznam.cz\/napoveda\/ucet\/prihlasovani\/vice-ucty\/","title":{"rendered":"P\u0159ihla\u0161ov\u00e1n\u00ed v\u00edce \u00fa\u010dty"},"content":{"rendered":"\n<div class=\"wp-block-group is-layout-constrained wp-block-group-is-layout-constrained\"><nav class=\"menu-anchors\">\n<ul>\n\t<li><a href=\"#jak-to-funguje\">Jak p\u0159ihla\u0161ov\u00e1n\u00ed v\u00edce \u00fa\u010dty funguje?<\/a><\/li>\n<li><a href=\"#pridani-uctu\">P\u0159id\u00e1n\u00ed \u00fa\u010dtu do nab\u00eddky<\/a><\/li>\n<li><a href=\"#odhlasovani-a-zapominani\">Odhla\u0161ov\u00e1n\u00ed a zapom\u00edn\u00e1n\u00ed \u00fa\u010dt\u016f<\/a><\/li>\n<li><a href=\"#sprava-uctu\">Spr\u00e1va p\u0159ihl\u00e1\u0161en\u00fdch \u00fa\u010dt\u016f<\/a><\/li>\n<li><a href=\"#zobrazen\u00ed-oznameni\">Zobrazen\u00ed ozn\u00e1men\u00ed<\/a><\/li>\n<\/ul>\n\n<\/nav>\n<\/div>\n\n\n\n<div class=\"wp-block-group is-layout-constrained wp-block-group-is-layout-constrained\">\n<p>P\u0159ihla\u0161ov\u00e1n\u00ed v\u00edce \u00fa\u010dty umo\u017e\u0148uje v jednom prohl\u00ed\u017ee\u010di p\u0159ep\u00ednat mezi \u00fa\u010dty bez nutnosti odhla\u0161ov\u00e1n\u00ed a op\u011btovn\u00e9ho p\u0159ihla\u0161ov\u00e1n\u00ed.<\/p>\n\n\n\n<p>Pou\u017e\u00edv\u00e1te-li v\u00edce \u00fa\u010dt\u016f pravideln\u011b, je to ide\u00e1ln\u00ed zp\u016fsob, jak si zjednodu\u0161it pr\u00e1ci.<\/p>\n\n\n\n<p>Funkce je uzp\u016fsobena tak, aby zjednodu\u0161ila pou\u017e\u00edv\u00e1n\u00ed v\u00edce \u00fa\u010dtu na jednom za\u0159\u00edzen\u00ed, ale z\u00e1rove\u0148 neohrozila jejich bezpe\u010dnost.<\/p>\n\n\n\n<p>U \u00fa\u010dt\u016f je zachov\u00e1na mo\u017enost odhl\u00e1\u0161en\u00ed, po kter\u00e9m je vy\u017eadov\u00e1no nov\u00e9 p\u0159ihl\u00e1\u0161en\u00ed.<\/p>\n\n\n\n<p>Nebo lze \u00fa\u010dty zapomenout a t\u00edm je z nab\u00eddky p\u0159ihl\u00e1\u0161en\u00ed odstranit.<\/p>\n<\/div>\n\n\n\n<div class=\"wp-block-group is-layout-constrained wp-block-group-is-layout-constrained\">\n<h2 class=\"wp-block-heading\" id=\"jak-to-funguje\">Jak p\u0159ihla\u0161ov\u00e1n\u00ed v\u00edce \u00fa\u010dty funguje?<\/h2>\n\n\n\n<p>Na v\u011bt\u0161in\u011b slu\u017eeb Seznam.cz najdete v prav\u00e9m horn\u00edm rohu tzv. medailonek, ikonku va\u0161eho \u00fa\u010dtu, kter\u00e1 po kliknut\u00ed odkryje hlavn\u00ed nab\u00eddku a odhl\u00e1\u0161en\u00ed\/p\u0159ihl\u00e1\u0161en\u00ed.<\/p>\n\n\n\n<p>Do t\u00e9to nab\u00eddky m\u016f\u017eete p\u0159idat dal\u0161\u00ed \u00fa\u010dty a mezi nimi se plynule p\u0159ep\u00ednat, ani\u017e bychom po v\u00e1s po\u017eadovali poka\u017ed\u00e9 zad\u00e1n\u00ed p\u0159\u00edstupov\u00e9ho hesla. Z\u00e1rove\u0148 v\u0161ak \u00fa\u010dty v nab\u00eddce nad\u00e1le funguj\u00ed samostatn\u011b, ka\u017ed\u00fd s vlastn\u00edm nastaven\u00edm, slu\u017ebami a <a href=\"https:\/\/o-seznam.cz\/napoveda\/ucet\/sprava\/oznameni\/\" data-type=\"page\" data-id=\"65\">ozn\u00e1men\u00edmi<\/a>.<\/p>\n\n\n\n<p>Informace o \u201esv\u00e1zan\u00fdch\u201c \u00fa\u010dtech se udr\u017euje v cookies internetov\u00e9ho prohl\u00ed\u017ee\u010de. Otev\u0159ete-li jin\u00fd prohl\u00ed\u017ee\u010d, p\u0159ihl\u00e1\u0161en\u00ed v\u00edce \u00fa\u010dty v n\u011bm budete muset znovu nastavit. Nov\u00e9 nastaven\u00ed \u00fa\u010dt\u016f budete muset prov\u00e9st tak\u00e9 pokud v prohl\u00ed\u017ee\u010di sma\u017eete historii proch\u00e1zen\u00ed se soubory cookies.<\/p>\n\n\n\n<p>Na konci nab\u00eddky se nach\u00e1z\u00ed volba Spravovat \u00fa\u010dty, kde m\u016f\u017eete najednou p\u0159ihl\u00e1\u0161en\u00e9 \u00fa\u010dty p\u0159id\u00e1vat a tak\u00e9 odeb\u00edrat.<\/p>\n\n\n\n<figure class=\"wp-block-image size-full\"><img loading=\"lazy\" decoding=\"async\" width=\"272\" height=\"357\" src=\"https:\/\/o-seznam.cz\/napoveda\/ucet\/wp-content\/uploads\/sites\/10\/2026\/03\/medaile-multiucty.png\" alt=\"\" class=\"wp-image-2865\" srcset=\"https:\/\/o-seznam.cz\/napoveda\/ucet\/wp-content\/uploads\/sites\/10\/2026\/03\/medaile-multiucty.png 272w, https:\/\/o-seznam.cz\/napoveda\/ucet\/wp-content\/uploads\/sites\/10\/2026\/03\/medaile-multiucty-244x320.png 244w\" sizes=\"auto, (max-width: 272px) 100vw, 272px\" \/><\/figure>\n<\/div>\n\n\n\n<div class=\"wp-block-group is-layout-constrained wp-block-group-is-layout-constrained\">\n<h2 class=\"wp-block-heading\" id=\"pridani-uctu\">P\u0159id\u00e1n\u00ed \u00fa\u010dtu do nab\u00eddky<\/h2>\n\n\n\n<p>P\u0159id\u00e1vat m\u016f\u017eete v\u0161echny \u00fa\u010dty na Seznamu, tj. s dom\u00e9nami @seznam.cz, @email.cz, @post.cz apod., \u00fa\u010dty s vlastn\u00ed adresou, \u00fa\u010dty zalo\u017een\u00e9 na telefonn\u00ed \u010d\u00edslo i ty ze slu\u017eby Email Profi.<\/p>\n\n\n\n<ul class=\"wp-block-list\">\n<li>Otev\u0159ete nab\u00eddku \u00fa\u010dtu kliknut\u00edm na svou ikonu (medailonek) v prav\u00e9m horn\u00edm rohu<\/li>\n\n\n\n<li>V nab\u00eddce \u00fa\u010dtu zvolte P\u0159idat dal\u0161\u00ed \u00fa\u010det. Budete p\u0159esm\u011brov\u00e1n\u00ed na b\u011b\u017en\u00e9 p\u0159ihla\u0161ov\u00e1n\u00ed, jak\u00e9 ji\u017e zn\u00e1te<\/li>\n\n\n\n<li><a href=\"https:\/\/o-seznam.cz\/napoveda\/ucet\/prihlasovani\/ucet-sluzby\/\" data-type=\"page\" data-id=\"119\">P\u0159ihla\u0161te se<\/a> k \u00fa\u010dtu, kter\u00fd chcete p\u0159idat do nab\u00eddky pro p\u0159ihla\u0161ov\u00e1n\u00ed v\u00edce \u00fa\u010dty<\/li>\n\n\n\n<li>Od t\u00e9 chv\u00edle oba \u00fa\u010dty uvid\u00edte v nab\u00eddce p\u0159ihl\u00e1\u0161en\u00ed a budete se mezi nimi moci p\u0159ep\u00ednat<\/li>\n<\/ul>\n\n\n\n<div class=\"wp-block-seznam-box is-layout-flow wp-block-seznam-box-is-layout-flow\">\n<p>Najednou lze p\u0159ihl\u00e1sit a\u017e 10 \u00fa\u010dt\u016f. Pokud dos\u00e1hnete maxim\u00e1ln\u00edho po\u010dtu, tla\u010d\u00edtko P\u0159idat dal\u0161\u00ed \u00fa\u010det se p\u0159estane zobrazovat. Abyste mohli p\u0159idat nov\u00fd \u00fa\u010det, je t\u0159eba p\u0159edt\u00edm n\u011bjak\u00fd <a href=\"https:\/\/o-seznam.cz\/napoveda\/ucet\/prihlasovani\/vice-ucty\/\" data-type=\"page\" data-id=\"123\">odstranit ve spr\u00e1v\u011b p\u0159ihl\u00e1\u0161en\u00fdch \u00fa\u010dt\u016f<\/a>.<\/p>\n<\/div>\n<\/div>\n\n\n\n<div class=\"wp-block-group is-layout-constrained wp-block-group-is-layout-constrained\">\n<h2 class=\"wp-block-heading\" id=\"odhlasovani-a-zapominani\">Odhla\u0161ov\u00e1n\u00ed a zapom\u00edn\u00e1n\u00ed \u00fa\u010dt\u016f<\/h2>\n\n\n\n<p>Po odhl\u00e1\u0161en\u00ed jednoho z p\u0159ihl\u00e1\u0161en\u00fdch \u00fa\u010dt\u016f se dostanete na str\u00e1nku Pokra\u010dujte s \u00fa\u010dtem, odkud m\u016f\u017eete rovnou p\u0159ej\u00edt do dal\u0161\u00edho. Otev\u0159\u00edt tak\u00e9 m\u016f\u017eete <a href=\"https:\/\/o-seznam.cz\/napoveda\/ucet\/prihlasovani\/vice-ucty\/\" data-type=\"page\" data-id=\"123\">Spr\u00e1vu p\u0159ihl\u00e1\u0161en\u00fdch \u00fa\u010dt\u016f<\/a> nebo se p\u0159ihl\u00e1sit pomoc\u00ed zcela jin\u00e9ho \u00fa\u010dtu, kter\u00fd nem\u00e1te ulo\u017een.<\/p>\n\n\n\n<p>\u00da\u010det si pamatuje stav, ve kter\u00e9m jej zanech\u00e1te. Pokud se z \u00fa\u010dtu <a href=\"https:\/\/o-seznam.cz\/napoveda\/ucet\/prihlasovani\/odhlaseni\/\" data-type=\"page\" data-id=\"116\">odhl\u00e1s\u00edte<\/a>, p\u0159epnete se na jin\u00fd a vrat\u00edte zp\u011bt na p\u0159edchoz\u00ed odhl\u00e1\u0161en\u00fd, budete se k n\u011bmu muset p\u0159ihl\u00e1sit. Odhl\u00e1\u0161en\u00fd \u00fa\u010det v nab\u00eddce pozn\u00e1te podle ikony z\u00e1mku.<\/p>\n\n\n\n<p>Pokud se z \u00fa\u010dtu odhl\u00e1s\u00edte a pot\u00e9 jej i zapomenete, \u00fa\u010det z nab\u00eddky p\u0159ihla\u0161ov\u00e1n\u00ed zcela zmiz\u00ed. P\u0159idat zp\u011bt jej m\u016f\u017eete p\u0159es mo\u017enost P\u0159idat dal\u0161\u00ed \u00fa\u010det \u010di ve spr\u00e1v\u011b p\u0159ihl\u00e1\u0161en\u00fdch \u00fa\u010dt\u016f.<\/p>\n\n\n\n<figure class=\"wp-block-gallery has-nested-images columns-default is-cropped wp-block-gallery-1 is-layout-flex wp-block-gallery-is-layout-flex\">\n<figure class=\"wp-block-image size-large\"><img loading=\"lazy\" decoding=\"async\" width=\"358\" height=\"556\" data-id=\"2868\" src=\"https:\/\/o-seznam.cz\/napoveda\/ucet\/wp-content\/uploads\/sites\/10\/2026\/03\/medaile-multiucet-vyber.png\" alt=\"\" class=\"wp-image-2868\" srcset=\"https:\/\/o-seznam.cz\/napoveda\/ucet\/wp-content\/uploads\/sites\/10\/2026\/03\/medaile-multiucet-vyber.png 358w, https:\/\/o-seznam.cz\/napoveda\/ucet\/wp-content\/uploads\/sites\/10\/2026\/03\/medaile-multiucet-vyber-206x320.png 206w\" sizes=\"auto, (max-width: 358px) 100vw, 358px\" \/><\/figure>\n\n\n\n<figure class=\"wp-block-image size-large\"><img loading=\"lazy\" decoding=\"async\" width=\"361\" height=\"622\" data-id=\"2869\" src=\"https:\/\/o-seznam.cz\/napoveda\/ucet\/wp-content\/uploads\/sites\/10\/2026\/03\/medaile-multiucet-zahozeni.png\" alt=\"\" class=\"wp-image-2869\" srcset=\"https:\/\/o-seznam.cz\/napoveda\/ucet\/wp-content\/uploads\/sites\/10\/2026\/03\/medaile-multiucet-zahozeni.png 361w, https:\/\/o-seznam.cz\/napoveda\/ucet\/wp-content\/uploads\/sites\/10\/2026\/03\/medaile-multiucet-zahozeni-186x320.png 186w\" sizes=\"auto, (max-width: 361px) 100vw, 361px\" \/><\/figure>\n<\/figure>\n<\/div>\n\n\n\n<div class=\"wp-block-group is-layout-constrained wp-block-group-is-layout-constrained\">\n<h2 class=\"wp-block-heading\" id=\"sprava-uctu\">Spr\u00e1va p\u0159ihl\u00e1\u0161en\u00fdch \u00fa\u010dt\u016f<\/h2>\n\n\n\n<p>Do spr\u00e1vy p\u0159ihl\u00e1\u0161en\u00fdch \u00fa\u010dt\u016f se dostanete bu\u010f p\u0159es volbu Spravovat \u00fa\u010dty na konci nab\u00eddky medailonku nebo na str\u00e1nce Pokra\u010dujte s \u00fa\u010dtem po odhl\u00e1\u0161en\u00ed n\u011bkter\u00e9ho z \u00fa\u010dt\u016f.<\/p>\n\n\n\n<p>Na tomto m\u00edst\u011b m\u016f\u017eete p\u0159id\u00e1vat nov\u00e9 \u00fa\u010dty do nab\u00eddky a sou\u010dasn\u00e9 odeb\u00edrat tla\u010d\u00edtkem odpadkov\u00e9ho ko\u0161e.<\/p>\n<\/div>\n\n\n\n<div class=\"wp-block-group is-layout-constrained wp-block-group-is-layout-constrained\">\n<h2 class=\"wp-block-heading\" id=\"zobrazen\u00ed-oznameni\">Zobrazen\u00ed ozn\u00e1men\u00ed<\/h2>\n\n\n\n<p>V medailonku a nab\u00eddce p\u0159ihla\u0161ov\u00e1n\u00ed v\u00edce \u00fa\u010dty se m\u016f\u017eete setkat s tzv. odznaky; jde o \u010derven\u00e9 symboly v rohu ikony \u00fa\u010dtu. V odznaku se zobrazuje \u010d\u00edslo po\u010dtu nov\u00fdch ozn\u00e1men\u00ed pro dan\u00fd \u00fa\u010det. Tak se je\u0161t\u011b p\u0159ed p\u0159epnut\u00edm na \u00fa\u010det dozv\u00edte, zda se na \u00fa\u010dtu stalo n\u011bco nov\u00e9ho (nov\u00fd e-mail, ud\u00e1losti v Kalend\u00e1\u0159i, zpr\u00e1vy na Novink\u00e1ch a Seznam Zpr\u00e1v\u00e1ch a dal\u0161\u00ed).<\/p>\n\n\n\n<figure class=\"wp-block-image size-full\"><img loading=\"lazy\" decoding=\"async\" width=\"56\" height=\"56\" src=\"https:\/\/o-seznam.cz\/napoveda\/ucet\/wp-content\/uploads\/sites\/10\/2024\/10\/ucet-odznak.png\" alt=\"\" class=\"wp-image-379\"\/><\/figure>\n\n\n\n<p>Jak\u00e9 slu\u017eby v sou\u010dasn\u00e9 dob\u011b podporuj\u00ed ozn\u00e1men\u00ed se do\u010dtete v <a href=\"https:\/\/o-seznam.cz\/napoveda\/ucet\/sprava\/oznameni\/\" data-type=\"page\" data-id=\"65\">\u010dl\u00e1nku v\u011bnovan\u00e9m t\u00e9to slu\u017eb\u011b<\/a>.<\/p>\n<\/div>\n","protected":false},"excerpt":{"rendered":"<p>P\u0159ihla\u0161ov\u00e1n\u00ed v\u00edce \u00fa\u010dty umo\u017e\u0148uje v jednom prohl\u00ed\u017ee\u010di p\u0159ep\u00ednat mezi \u00fa\u010dty bez nutnosti odhla\u0161ov\u00e1n\u00ed a op\u011btovn\u00e9ho p\u0159ihla\u0161ov\u00e1n\u00ed. Pou\u017e\u00edv\u00e1te-li v\u00edce \u00fa\u010dt\u016f pravideln\u011b, je to ide\u00e1ln\u00ed zp\u016fsob, jak si zjednodu\u0161it pr\u00e1ci. Funkce je uzp\u016fsobena tak, aby zjednodu\u0161ila pou\u017e\u00edv\u00e1n\u00ed v\u00edce \u00fa\u010dtu na jednom za\u0159\u00edzen\u00ed, ale z\u00e1rove\u0148 neohrozila jejich bezpe\u010dnost. U \u00fa\u010dt\u016f je zachov\u00e1na mo\u017enost odhl\u00e1\u0161en\u00ed, po kter\u00e9m je vy\u017eadov\u00e1no [&hellip;]<\/p>\n","protected":false},"author":6,"featured_media":0,"parent":84,"menu_order":0,"comment_status":"closed","ping_status":"closed","template":"page-sidemenu","meta":{"_acf_changed":false,"_relevanssi_hide_post":"","_relevanssi_hide_content":"","_relevanssi_pin_for_all":"","_relevanssi_pin_keywords":"","_relevanssi_unpin_keywords":"","_relevanssi_related_keywords":"","_relevanssi_related_include_ids":"","_relevanssi_related_exclude_ids":"","_relevanssi_related_no_append":"","_relevanssi_related_not_related":"","_relevanssi_related_posts":"","_relevanssi_noindex_reason":"","footnotes":""},"page_category":[24],"page_tag":[],"service_status_category":[],"class_list":["post-123","page","type-page","status-publish","hentry"],"acf":[],"lang":"cs","translations":{"cs":123,"en":1414},"pll_sync_post":[],"_links":{"self":[{"href":"https:\/\/o-seznam.cz\/napoveda\/ucet\/wp-json\/wp\/v2\/pages\/123","targetHints":{"allow":["GET"]}}],"collection":[{"href":"https:\/\/o-seznam.cz\/napoveda\/ucet\/wp-json\/wp\/v2\/pages"}],"about":[{"href":"https:\/\/o-seznam.cz\/napoveda\/ucet\/wp-json\/wp\/v2\/types\/page"}],"author":[{"embeddable":true,"href":"https:\/\/o-seznam.cz\/napoveda\/ucet\/wp-json\/wp\/v2\/users\/6"}],"replies":[{"embeddable":true,"href":"https:\/\/o-seznam.cz\/napoveda\/ucet\/wp-json\/wp\/v2\/comments?post=123"}],"version-history":[{"count":7,"href":"https:\/\/o-seznam.cz\/napoveda\/ucet\/wp-json\/wp\/v2\/pages\/123\/revisions"}],"predecessor-version":[{"id":2870,"href":"https:\/\/o-seznam.cz\/napoveda\/ucet\/wp-json\/wp\/v2\/pages\/123\/revisions\/2870"}],"up":[{"embeddable":true,"href":"https:\/\/o-seznam.cz\/napoveda\/ucet\/wp-json\/wp\/v2\/pages\/84"}],"wp:attachment":[{"href":"https:\/\/o-seznam.cz\/napoveda\/ucet\/wp-json\/wp\/v2\/media?parent=123"}],"wp:term":[{"taxonomy":"page_category","embeddable":true,"href":"https:\/\/o-seznam.cz\/napoveda\/ucet\/wp-json\/wp\/v2\/page_category?post=123"},{"taxonomy":"page_tag","embeddable":true,"href":"https:\/\/o-seznam.cz\/napoveda\/ucet\/wp-json\/wp\/v2\/page_tag?post=123"},{"taxonomy":"service_status_category","embeddable":true,"href":"https:\/\/o-seznam.cz\/napoveda\/ucet\/wp-json\/wp\/v2\/service_status_category?post=123"}],"curies":[{"name":"wp","href":"https:\/\/api.w.org\/{rel}","templated":true}]}}