{"id":1217,"date":"2025-02-19T17:05:35","date_gmt":"2025-02-19T16:05:35","guid":{"rendered":"https:\/\/o-seznam.cz\/napoveda\/ucet\/?page_id=1217"},"modified":"2025-06-25T14:31:34","modified_gmt":"2025-06-25T12:31:34","slug":"zahranicni-telefonni-cislo","status":"publish","type":"page","link":"https:\/\/o-seznam.cz\/napoveda\/ucet\/registrace\/zahranicni-telefonni-cislo\/","title":{"rendered":"Zahrani\u010dn\u00ed telefonn\u00ed \u010d\u00edslo"},"content":{"rendered":"\n<p>Pokud jste se rozhodli vyu\u017e\u00edvat telefonn\u00ed \u010d\u00edslo, kter\u00e9 m\u00e1 jinou p\u0159edvolbu ne\u017e +420 \u010di +421, je postup autorizace n\u00e1sleduj\u00edc\u00ed. Zadejte va\u0161e telefonn\u00ed \u010d\u00edslo i s mezin\u00e1rodn\u00ed p\u0159edvolbou a klikn\u011bte na Pokra\u010dovat.<\/p>\n\n\n\n<figure class=\"wp-block-image size-full is-resized\"><img loading=\"lazy\" decoding=\"async\" width=\"366\" height=\"212\" src=\"https:\/\/o-seznam.cz\/napoveda\/ucet\/wp-content\/uploads\/sites\/10\/2025\/02\/zahranicni-cislo-pokracovat.png\" alt=\"\" class=\"wp-image-1218\" style=\"width:242px;height:auto\" srcset=\"https:\/\/o-seznam.cz\/napoveda\/ucet\/wp-content\/uploads\/sites\/10\/2025\/02\/zahranicni-cislo-pokracovat.png 366w, https:\/\/o-seznam.cz\/napoveda\/ucet\/wp-content\/uploads\/sites\/10\/2025\/02\/zahranicni-cislo-pokracovat-320x185.png 320w\" sizes=\"auto, (max-width: 366px) 100vw, 366px\" \/><\/figure>\n\n\n\n<p>Syst\u00e9m v\u00e1s vyzve k <strong>odesl\u00e1n\u00ed ov\u011b\u0159ovac\u00ed SMS<\/strong> ve tvaru <strong>SEZNAM<\/strong> na telefonn\u00ed \u010d\u00edslo <strong>+420720013134<\/strong>. Toto opat\u0159en\u00ed je z d\u016fvodu zneu\u017e\u00edv\u00e1n\u00ed zahrani\u010dn\u00edch telefonn\u00edch \u010d\u00edsel automatick\u00fdmi programy.<\/p>\n\n\n\n<figure class=\"wp-block-image size-full is-resized\"><img loading=\"lazy\" decoding=\"async\" width=\"441\" height=\"601\" src=\"https:\/\/o-seznam.cz\/napoveda\/ucet\/wp-content\/uploads\/sites\/10\/2025\/02\/zahranicni-cislo-cekaninadoruceni.png\" alt=\"\" class=\"wp-image-1219\" style=\"width:269px;height:auto\" srcset=\"https:\/\/o-seznam.cz\/napoveda\/ucet\/wp-content\/uploads\/sites\/10\/2025\/02\/zahranicni-cislo-cekaninadoruceni.png 441w, https:\/\/o-seznam.cz\/napoveda\/ucet\/wp-content\/uploads\/sites\/10\/2025\/02\/zahranicni-cislo-cekaninadoruceni-235x320.png 235w\" sizes=\"auto, (max-width: 441px) 100vw, 441px\" \/><\/figure>\n\n\n\n<p>\u010cas na p\u0159ijet\u00ed va\u0161\u00ed SMS je 5minut. Po \u00fasp\u011b\u0161n\u00e9m p\u0159ijet\u00ed SMS a tedy \u00fasp\u011b\u0161n\u00e9m ov\u011b\u0159en\u00ed zadan\u00e9ho telefonn\u00edho \u010d\u00edsla m\u016f\u017eete pokra\u010dovat tla\u010d\u00edtkem Dokon\u010den\u00ed zalo\u017een\u00ed \u00fa\u010dtu.<\/p>\n\n\n\n<figure class=\"wp-block-image size-full is-resized\"><img loading=\"lazy\" decoding=\"async\" width=\"479\" height=\"546\" src=\"https:\/\/o-seznam.cz\/napoveda\/ucet\/wp-content\/uploads\/sites\/10\/2025\/02\/obrazek.png\" alt=\"\" class=\"wp-image-1232\" style=\"width:283px;height:auto\" srcset=\"https:\/\/o-seznam.cz\/napoveda\/ucet\/wp-content\/uploads\/sites\/10\/2025\/02\/obrazek.png 479w, https:\/\/o-seznam.cz\/napoveda\/ucet\/wp-content\/uploads\/sites\/10\/2025\/02\/obrazek-281x320.png 281w\" sizes=\"auto, (max-width: 479px) 100vw, 479px\" \/><\/figure>\n\n\n\n<h2 class=\"wp-block-heading\">Co d\u011blat, pokud se ov\u011b\u0159en\u00ed zahrani\u010dn\u00edm \u010d\u00edslem neda\u0159\u00ed?<\/h2>\n\n\n\n<p>Neobdr\u017e\u00edme-li va\u0161i SMS do 5 minut, zobraz\u00edme v\u00e1m \u010dervenou hl\u00e1\u0161ku o nedoru\u010den\u00ed SMS. Tla\u010d\u00edtkem Pokra\u010dovat vyvol\u00e1te akci znovu a my op\u011bt budeme 5 minut \u010dekat na SMS zpr\u00e1vu.<\/p>\n\n\n\n<figure class=\"wp-block-image size-full is-resized\"><img loading=\"lazy\" decoding=\"async\" width=\"381\" height=\"447\" src=\"https:\/\/o-seznam.cz\/napoveda\/ucet\/wp-content\/uploads\/sites\/10\/2025\/02\/zahranicni-cislo-nedoslo-1.png\" alt=\"\" class=\"wp-image-1234\" style=\"width:239px;height:auto\" srcset=\"https:\/\/o-seznam.cz\/napoveda\/ucet\/wp-content\/uploads\/sites\/10\/2025\/02\/zahranicni-cislo-nedoslo-1.png 381w, https:\/\/o-seznam.cz\/napoveda\/ucet\/wp-content\/uploads\/sites\/10\/2025\/02\/zahranicni-cislo-nedoslo-1-273x320.png 273w\" sizes=\"auto, (max-width: 381px) 100vw, 381px\" \/><\/figure>\n\n\n\n<p>Pokud jste \u010dasov\u00fd limit pro odesl\u00e1n\u00ed nep\u0159ekro\u010dili, ale registrace se st\u00e1le neda\u0159\u00ed, \u010di se vyskytla jin\u00e1 nestandardn\u00ed situace, pros\u00edm, kontaktujte na\u0161e odd\u011blen\u00ed U\u017eivatelsk\u00e9 podpory <a href=\"https:\/\/o-seznam.cz\/kontakty\/\">https:\/\/o-seznam.cz\/kontakty\/<\/a>, kde v\u00e1m konkr\u00e9tn\u00ed p\u0159\u00edpad pomohou vy\u0159e\u0161it.<\/p>\n\n\n\n<p><\/p>\n","protected":false},"excerpt":{"rendered":"<p>Pokud jste se rozhodli vyu\u017e\u00edvat telefonn\u00ed \u010d\u00edslo, kter\u00e9 m\u00e1 jinou p\u0159edvolbu ne\u017e +420 \u010di +421, je postup autorizace n\u00e1sleduj\u00edc\u00ed. Zadejte va\u0161e telefonn\u00ed \u010d\u00edslo i s mezin\u00e1rodn\u00ed p\u0159edvolbou a klikn\u011bte na Pokra\u010dovat. Syst\u00e9m v\u00e1s vyzve k odesl\u00e1n\u00ed ov\u011b\u0159ovac\u00ed SMS ve tvaru SEZNAM na telefonn\u00ed \u010d\u00edslo +420720013134. Toto opat\u0159en\u00ed je z d\u016fvodu zneu\u017e\u00edv\u00e1n\u00ed zahrani\u010dn\u00edch telefonn\u00edch \u010d\u00edsel automatick\u00fdmi [&hellip;]<\/p>\n","protected":false},"author":35,"featured_media":0,"parent":82,"menu_order":0,"comment_status":"closed","ping_status":"closed","template":"","meta":{"_acf_changed":false,"_relevanssi_hide_post":"","_relevanssi_hide_content":"","_relevanssi_pin_for_all":"","_relevanssi_pin_keywords":"","_relevanssi_unpin_keywords":"","_relevanssi_related_keywords":"","_relevanssi_related_include_ids":"","_relevanssi_related_exclude_ids":"","_relevanssi_related_no_append":"","_relevanssi_related_not_related":"","_relevanssi_related_posts":"","_relevanssi_noindex_reason":"","footnotes":""},"page_category":[24],"page_tag":[],"service_status_category":[],"class_list":["post-1217","page","type-page","status-publish","hentry"],"acf":[],"lang":"cs","translations":{"cs":1217,"en":1591},"pll_sync_post":[],"_links":{"self":[{"href":"https:\/\/o-seznam.cz\/napoveda\/ucet\/wp-json\/wp\/v2\/pages\/1217","targetHints":{"allow":["GET"]}}],"collection":[{"href":"https:\/\/o-seznam.cz\/napoveda\/ucet\/wp-json\/wp\/v2\/pages"}],"about":[{"href":"https:\/\/o-seznam.cz\/napoveda\/ucet\/wp-json\/wp\/v2\/types\/page"}],"author":[{"embeddable":true,"href":"https:\/\/o-seznam.cz\/napoveda\/ucet\/wp-json\/wp\/v2\/users\/35"}],"replies":[{"embeddable":true,"href":"https:\/\/o-seznam.cz\/napoveda\/ucet\/wp-json\/wp\/v2\/comments?post=1217"}],"version-history":[{"count":11,"href":"https:\/\/o-seznam.cz\/napoveda\/ucet\/wp-json\/wp\/v2\/pages\/1217\/revisions"}],"predecessor-version":[{"id":2169,"href":"https:\/\/o-seznam.cz\/napoveda\/ucet\/wp-json\/wp\/v2\/pages\/1217\/revisions\/2169"}],"up":[{"embeddable":true,"href":"https:\/\/o-seznam.cz\/napoveda\/ucet\/wp-json\/wp\/v2\/pages\/82"}],"wp:attachment":[{"href":"https:\/\/o-seznam.cz\/napoveda\/ucet\/wp-json\/wp\/v2\/media?parent=1217"}],"wp:term":[{"taxonomy":"page_category","embeddable":true,"href":"https:\/\/o-seznam.cz\/napoveda\/ucet\/wp-json\/wp\/v2\/page_category?post=1217"},{"taxonomy":"page_tag","embeddable":true,"href":"https:\/\/o-seznam.cz\/napoveda\/ucet\/wp-json\/wp\/v2\/page_tag?post=1217"},{"taxonomy":"service_status_category","embeddable":true,"href":"https:\/\/o-seznam.cz\/napoveda\/ucet\/wp-json\/wp\/v2\/service_status_category?post=1217"}],"curies":[{"name":"wp","href":"https:\/\/api.w.org\/{rel}","templated":true}]}}