{"id":119,"date":"2024-10-12T00:55:30","date_gmt":"2024-10-11T22:55:30","guid":{"rendered":"https:\/\/o-seznam.cz\/napoveda\/ucet\/?page_id=119"},"modified":"2026-03-09T15:47:13","modified_gmt":"2026-03-09T14:47:13","slug":"ucet-sluzby","status":"publish","type":"page","link":"https:\/\/o-seznam.cz\/napoveda\/ucet\/prihlasovani\/ucet-sluzby\/","title":{"rendered":"P\u0159ihl\u00e1\u0161en\u00ed k \u00fa\u010dtu a slu\u017eb\u00e1m"},"content":{"rendered":"<nav class=\"menu-anchors\">\n<ul>\n\t<li><a href=\"#prihlaseni-uzivatelskym-jmenem\">P\u0159ihl\u00e1\u0161en\u00ed u\u017eivatelsk\u00fdm jm\u00e9nem s dom\u00e9nou (e-mailem)<\/a><\/li>\n<li><a href=\"#jednoduche-prihlaseni\">Jednoduch\u00e9 p\u0159ihl\u00e1\u0161en\u00ed<\/a><\/li>\n<li><a href=\"#prihlaseni-telefonnim-cislem\">P\u0159ihl\u00e1\u0161en\u00ed telefonn\u00edm \u010d\u00edslem<\/a><\/li>\n<li><a href=\"#jednotne-prihlaseni\">Jednotn\u00e9 p\u0159ihl\u00e1\u0161en\u00ed<\/a><\/li>\n<li><a href=\"#prihlasovani-pres-idp\">P\u0159ihl\u00e1\u0161en\u00ed p\u0159es tla\u010d\u00edtka poskytovatel\u016f<\/a><\/li>\n<\/ul>\n\n<\/nav>\n\n\n\n<div class=\"wp-block-group is-layout-constrained wp-block-group-is-layout-constrained\">\n<h2 class=\"wp-block-heading is-style-h2\" id=\"prihlaseni-uzivatelskym-jmenem\">P\u0159ihl\u00e1\u0161en\u00ed u\u017eivatelsk\u00fdm jm\u00e9nem s dom\u00e9nou (e-mailem)<\/h2>\n\n\n\n<p>K p\u0159ihl\u00e1\u0161en\u00ed ke slu\u017eb\u00e1m Seznam.cz sta\u010d\u00ed kliknout v prav\u00e9m horn\u00edm rohu str\u00e1nky na <strong>\u201eP\u0159ihl\u00e1sit\u201c<\/strong>.&nbsp;<\/p>\n\n\n\n<figure class=\"wp-block-image size-full is-resized\"><img loading=\"lazy\" decoding=\"async\" width=\"386\" height=\"80\" src=\"https:\/\/o-seznam.cz\/napoveda\/ucet\/wp-content\/uploads\/sites\/10\/2025\/02\/snimek-obrazovky-2025-02-17-v74818.png\" alt=\"\" class=\"wp-image-1190\" style=\"width:334px;height:auto\" srcset=\"https:\/\/o-seznam.cz\/napoveda\/ucet\/wp-content\/uploads\/sites\/10\/2025\/02\/snimek-obrazovky-2025-02-17-v74818.png 386w, https:\/\/o-seznam.cz\/napoveda\/ucet\/wp-content\/uploads\/sites\/10\/2025\/02\/snimek-obrazovky-2025-02-17-v74818-320x66.png 320w\" sizes=\"auto, (max-width: 386px) 100vw, 386px\" \/><\/figure>\n\n\n\n<p><br>Do p\u0159ihla\u0161ovac\u00edho pole zadejte sv\u00e9 <strong>u\u017eivatelsk\u00e9 jm\u00e9no s dom\u00e9nou<\/strong> (nap\u0159. vesely.uzivatel@seznam.cz) nebo <strong>telefonn\u00ed \u010d\u00edslo<\/strong>, pokud ho m\u00e1te nastaven\u00e9 pro p\u0159ihl\u00e1\u0161en\u00ed. M\u016f\u017eete tak\u00e9 vyu\u017e\u00edt p\u0159ihl\u00e1\u0161en\u00ed p\u0159es jin\u00e9ho poskytovatele \u2013 <strong>Google, Apple, Microsoft, BankiD nebo MojeID<\/strong>. <\/p>\n\n\n\n<p>Vyjma klasick\u00e9ho formul\u00e1\u0159e se m\u016f\u017eete setkat i se &#8222;zelen\u00fdm&#8220; formul\u00e1\u0159em Mapy.com.<\/p>\n\n\n\n<figure class=\"wp-block-gallery has-nested-images columns-default is-cropped wp-block-gallery-1 is-layout-flex wp-block-gallery-is-layout-flex\">\n<figure class=\"wp-block-image size-full\"><img loading=\"lazy\" decoding=\"async\" width=\"457\" height=\"378\" data-id=\"2527\" src=\"https:\/\/o-seznam.cz\/napoveda\/ucet\/wp-content\/uploads\/sites\/10\/2025\/10\/login-bankid.png\" alt=\"\" class=\"wp-image-2527\" srcset=\"https:\/\/o-seznam.cz\/napoveda\/ucet\/wp-content\/uploads\/sites\/10\/2025\/10\/login-bankid.png 457w, https:\/\/o-seznam.cz\/napoveda\/ucet\/wp-content\/uploads\/sites\/10\/2025\/10\/login-bankid-320x265.png 320w\" sizes=\"auto, (max-width: 457px) 100vw, 457px\" \/><\/figure>\n\n\n\n<figure class=\"wp-block-image size-full\"><img loading=\"lazy\" decoding=\"async\" width=\"446\" height=\"359\" data-id=\"2528\" src=\"https:\/\/o-seznam.cz\/napoveda\/ucet\/wp-content\/uploads\/sites\/10\/2025\/10\/login-mapy-bankid.png\" alt=\"\" class=\"wp-image-2528\" srcset=\"https:\/\/o-seznam.cz\/napoveda\/ucet\/wp-content\/uploads\/sites\/10\/2025\/10\/login-mapy-bankid.png 446w, https:\/\/o-seznam.cz\/napoveda\/ucet\/wp-content\/uploads\/sites\/10\/2025\/10\/login-mapy-bankid-320x258.png 320w\" sizes=\"auto, (max-width: 446px) 100vw, 446px\" \/><\/figure>\n<\/figure>\n\n\n\n<p>Po zad\u00e1n\u00ed \u00fadaj\u016f klikn\u011bte na <strong>\u201ePokra\u010dovat\u201c<\/strong> a do dal\u0161\u00edho pole napi\u0161te sv\u00e9 <strong>heslo<\/strong>. Pokud jste ho zapomn\u011bli, zvolte mo\u017enost <a href=\"https:\/\/o-seznam.cz\/napoveda\/ucet\/zapomenute-heslo\/\">Zapomenut\u00e9 heslo?<\/a> a postupujte podle pokyn\u016f.<\/p>\n\n\n\n<figure class=\"wp-block-image size-full is-resized\"><img loading=\"lazy\" decoding=\"async\" width=\"420\" height=\"467\" src=\"https:\/\/o-seznam.cz\/napoveda\/ucet\/wp-content\/uploads\/sites\/10\/2025\/10\/login-jmeno-bankid.png\" alt=\"\" class=\"wp-image-2530\" style=\"width:365px;height:auto\" srcset=\"https:\/\/o-seznam.cz\/napoveda\/ucet\/wp-content\/uploads\/sites\/10\/2025\/10\/login-jmeno-bankid.png 420w, https:\/\/o-seznam.cz\/napoveda\/ucet\/wp-content\/uploads\/sites\/10\/2025\/10\/login-jmeno-bankid-288x320.png 288w\" sizes=\"auto, (max-width: 420px) 100vw, 420px\" \/><\/figure>\n\n\n\n<div class=\"wp-block-seznam-box is-layout-flow wp-block-seznam-box-is-layout-flow\">\n<p>Pokud zvol\u00edte p\u0159ihl\u00e1\u0161en\u00ed p\u0159es SMS m\u00edsto hesla, obdr\u017e\u00edte e-mail obsahuj\u00edc\u00ed informace o \u010dase, m\u00edst\u011b a za\u0159\u00edzen\u00ed, odkud p\u0159ihl\u00e1\u0161en\u00ed prob\u011bhlo.<\/p>\n<\/div>\n\n\n\n<p>Klikn\u011bte na<strong> P\u0159ihl\u00e1sit se<\/strong>. Pokud m\u00e1te zapnut\u00e9 <strong>dvouf\u00e1zov\u00e9 ov\u011b\u0159en\u00ed<\/strong>, budete vyzv\u00e1ni k jeho <a href=\"https:\/\/o-seznam.cz\/napoveda\/ucet\/dvoufazove-overeni\/co-to-je\/?_gl=1*1o9vm11*_up*MQ..*_ga*ODM2MjAyNzc3LjE3NjEyMzUwNjM.*_ga_8SQNY5WC7K*czE3NjEyMzUwNjIkbzEkZzEkdDE3NjEyMzYyODUkajYwJGwwJGgw*_ga_9183RVVT07*czE3NjEyMzUwNjIkbzEkZzEkdDE3NjEyMzYyODUkajYwJGwwJGgw#prihlaseni-s-dvoufazi\" data-type=\"link\" data-id=\"https:\/\/o-seznam.cz\/napoveda\/ucet\/dvoufazove-overeni\/co-to-je\/?_gl=1*1o9vm11*_up*MQ..*_ga*ODM2MjAyNzc3LjE3NjEyMzUwNjM.*_ga_8SQNY5WC7K*czE3NjEyMzUwNjIkbzEkZzEkdDE3NjEyMzYyODUkajYwJGwwJGgw*_ga_9183RVVT07*czE3NjEyMzUwNjIkbzEkZzEkdDE3NjEyMzYyODUkajYwJGwwJGgw#prihlaseni-s-dvoufazi\">potvrzen\u00ed podle zvolen\u00e9ho zp\u016fsobu.<\/a><\/p>\n\n\n\n<p>Po \u00fasp\u011b\u0161n\u00e9m p\u0159ihl\u00e1\u0161en\u00ed se v prav\u00e9m horn\u00edm rohu zobraz\u00ed <strong>ikonka va\u0161eho \u00fa\u010dtu<\/strong> \u2013 bu\u010f <a href=\"https:\/\/o-seznam.cz\/napoveda\/ucet\/osobni-udaje\/nastaveni-ikony\/\" data-type=\"page\" data-id=\"131\">profilov\u00e1 fotka<\/a>, inici\u00e1ly e-mailu nebo symbol telefonu, pokud pou\u017e\u00edv\u00e1te \u00fa\u010det zalo\u017een\u00fd na \u010d\u00edslo.<\/p>\n\n\n\n<figure class=\"wp-block-image size-full\"><img loading=\"lazy\" decoding=\"async\" width=\"1766\" height=\"216\" src=\"https:\/\/o-seznam.cz\/napoveda\/ucet\/wp-content\/uploads\/sites\/10\/2025\/02\/snimek-obrazovky-2025-02-14-v122840.png\" alt=\"\" class=\"wp-image-1174\" srcset=\"https:\/\/o-seznam.cz\/napoveda\/ucet\/wp-content\/uploads\/sites\/10\/2025\/02\/snimek-obrazovky-2025-02-14-v122840.png 1766w, https:\/\/o-seznam.cz\/napoveda\/ucet\/wp-content\/uploads\/sites\/10\/2025\/02\/snimek-obrazovky-2025-02-14-v122840-992x121.png 992w, https:\/\/o-seznam.cz\/napoveda\/ucet\/wp-content\/uploads\/sites\/10\/2025\/02\/snimek-obrazovky-2025-02-14-v122840-320x39.png 320w, https:\/\/o-seznam.cz\/napoveda\/ucet\/wp-content\/uploads\/sites\/10\/2025\/02\/snimek-obrazovky-2025-02-14-v122840-768x94.png 768w, https:\/\/o-seznam.cz\/napoveda\/ucet\/wp-content\/uploads\/sites\/10\/2025\/02\/snimek-obrazovky-2025-02-14-v122840-1536x188.png 1536w\" sizes=\"auto, (max-width: 1766px) 100vw, 1766px\" \/><\/figure>\n<\/div>\n\n\n\n<div class=\"wp-block-group is-layout-constrained wp-block-group-is-layout-constrained\">\n<h2 class=\"wp-block-heading is-style-h2\" id=\"jednoduche-prihlaseni\">Jednoduch\u00e9 p\u0159ihl\u00e1\u0161en\u00ed<\/h2>\n\n\n\n<p>Pokud jste ji\u017e d\u0159\u00edve byli na n\u011bkter\u00e9 ze slu\u017eeb p\u0159ihl\u00e1\u0161eni a dosud jste neprovedli <a href=\"https:\/\/o-seznam.cz\/napoveda\/ucet\/prihlasovani\/odhlaseni\/\" data-type=\"page\" data-id=\"116\">zapomenut\u00ed \u00fa\u010dtu<\/a>, <br>nab\u00eddne se v\u00e1m mo\u017enost p\u0159ihl\u00e1sit se ke stejn\u00e9mu \u00fa\u010dtu znovu \u2013 rychle a bez op\u011btovn\u00e9ho zad\u00e1v\u00e1n\u00ed \u00fadaj\u016f.<\/p>\n\n\n\n<p>Na slu\u017eb\u011b se v tuto chv\u00edli zobrazuje medailonek s ikonkou \u00fa\u010dtu nebo z\u00e1stupnou ikonkou s inici\u00e1lami e-mailov\u00e9 adresy.<\/p>\n\n\n\n<figure class=\"wp-block-image size-full\"><img loading=\"lazy\" decoding=\"async\" width=\"324\" height=\"116\" src=\"https:\/\/o-seznam.cz\/napoveda\/ucet\/wp-content\/uploads\/sites\/10\/2025\/02\/snimek-obrazovky-2025-02-14-v125523.png\" alt=\"\" class=\"wp-image-1182\" srcset=\"https:\/\/o-seznam.cz\/napoveda\/ucet\/wp-content\/uploads\/sites\/10\/2025\/02\/snimek-obrazovky-2025-02-14-v125523.png 324w, https:\/\/o-seznam.cz\/napoveda\/ucet\/wp-content\/uploads\/sites\/10\/2025\/02\/snimek-obrazovky-2025-02-14-v125523-320x115.png 320w\" sizes=\"auto, (max-width: 324px) 100vw, 324px\" \/><\/figure>\n\n\n\n<p><br>Na str\u00e1nce uvid\u00edte <strong>ikonku \u00fa\u010dtu<\/strong> (profilovou fotku, inici\u00e1ly e-mailu nebo symbol telefonu). Po kliknut\u00ed na ni se zobraz\u00ed nab\u00eddka s n\u011bkolika volbami:<\/p>\n\n\n\n<ul class=\"wp-block-list\">\n<li><strong>P\u0159ihl\u00e1sit se<\/strong> &#8211; znovu se p\u0159ihl\u00e1s\u00edte k d\u0159\u00edve pou\u017eit\u00e9mu \u00fa\u010dtu<\/li>\n\n\n\n<li><strong>Zapomenout u\u017eivatele<\/strong> &#8211; provede <a href=\"https:\/\/o-seznam.cz\/napoveda\/ucet\/prihlasovani\/odhlaseni\/\" data-type=\"page\" data-id=\"116\">\u00fapln\u00e9 odhl\u00e1\u0161en\u00ed od u\u017eivatelsk\u00e9ho \u00fa\u010dtu<\/a><\/li>\n\n\n\n<li><strong>P\u0159idat dal\u0161\u00ed \u00fa\u010det<\/strong> &#8211; umo\u017en\u00ed p\u0159ihl\u00e1\u0161en\u00ed s jin\u00fdm u\u017eivatelsk\u00fdm jm\u00e9nem<\/li>\n\n\n\n<li><strong>Spravovat \u00fa\u010dty<\/strong> &#8211; zobraz\u00ed p\u0159ehled v\u0161ech ulo\u017een\u00fdch \u00fa\u010dt\u016f a jejich spr\u00e1vu <\/li>\n<\/ul>\n\n\n\n<figure class=\"wp-block-image size-full is-resized\"><img loading=\"lazy\" decoding=\"async\" width=\"310\" height=\"318\" src=\"https:\/\/o-seznam.cz\/napoveda\/ucet\/wp-content\/uploads\/sites\/10\/2026\/03\/medaile-oranzova.png\" alt=\"\" class=\"wp-image-2863\" style=\"width:365px;height:auto\"\/><\/figure>\n\n\n\n<p><br>Zvol\u00edte-li mo\u017enost <strong>\u201eP\u0159ihl\u00e1sit se\u201c<\/strong>, zobraz\u00ed se p\u0159ihla\u0161ovac\u00ed formul\u00e1\u0159 s p\u0159edvypln\u011bn\u00fdm u\u017eivatelsk\u00fdm jm\u00e9nem zapamatovan\u00e9ho \u00fa\u010dtu \u2013 sta\u010d\u00ed doplnit heslo a potvrdit tla\u010d\u00edtkem <strong>\u201eP\u0159ihl\u00e1sit se\u201c<\/strong>.<\/p>\n\n\n\n<figure class=\"wp-block-image size-full is-resized\"><img loading=\"lazy\" decoding=\"async\" width=\"420\" height=\"467\" src=\"https:\/\/o-seznam.cz\/napoveda\/ucet\/wp-content\/uploads\/sites\/10\/2025\/10\/login-jmeno-bankid-1.png\" alt=\"\" class=\"wp-image-2531\" style=\"width:375px;height:auto\" srcset=\"https:\/\/o-seznam.cz\/napoveda\/ucet\/wp-content\/uploads\/sites\/10\/2025\/10\/login-jmeno-bankid-1.png 420w, https:\/\/o-seznam.cz\/napoveda\/ucet\/wp-content\/uploads\/sites\/10\/2025\/10\/login-jmeno-bankid-1-288x320.png 288w\" sizes=\"auto, (max-width: 420px) 100vw, 420px\" \/><\/figure>\n\n\n\n<p>Pokud zvol\u00edte <strong>\u201eP\u0159idat dal\u0161\u00ed \u00fa\u010det\u201c<\/strong>, otev\u0159e se nov\u00fd formul\u00e1\u0159, kde zad\u00e1te p\u0159ihla\u0161ovac\u00ed \u00fadaje nov\u00e9ho \u00fa\u010dtu.<\/p>\n<\/div>\n\n\n\n<div class=\"wp-block-group is-layout-constrained wp-block-group-is-layout-constrained\">\n<h2 class=\"wp-block-heading is-style-h2\" id=\"prihlaseni-telefonnim-cislem\">P\u0159ihl\u00e1\u0161en\u00ed telefonn\u00edm \u010d\u00edslem<\/h2>\n\n\n\n<p>Ke sv\u00e9mu Seznam \u00fa\u010dtu se m\u016f\u017eete p\u0159ihla\u0161ovat nejen e-mailem, ale tak\u00e9 telefonn\u00edm \u010d\u00edslem. Tuto mo\u017enost si zapnete v nastaven\u00ed \u00fa\u010dtu. <\/p>\n\n\n\n<figure class=\"wp-block-image size-full\"><img loading=\"lazy\" decoding=\"async\" width=\"700\" height=\"105\" src=\"https:\/\/o-seznam.cz\/napoveda\/ucet\/wp-content\/uploads\/sites\/10\/2024\/10\/ucet-prihlaseni-telefonem.png\" alt=\"\" class=\"wp-image-367\" srcset=\"https:\/\/o-seznam.cz\/napoveda\/ucet\/wp-content\/uploads\/sites\/10\/2024\/10\/ucet-prihlaseni-telefonem.png 700w, https:\/\/o-seznam.cz\/napoveda\/ucet\/wp-content\/uploads\/sites\/10\/2024\/10\/ucet-prihlaseni-telefonem-320x48.png 320w\" sizes=\"auto, (max-width: 700px) 100vw, 700px\" \/><\/figure>\n\n\n\n<p>Pokud je funkce <strong>\u201ePou\u017e\u00edvat telefonn\u00ed \u010d\u00edslo pro p\u0159ihla\u0161ov\u00e1n\u00ed\u201c<\/strong> aktivn\u00ed nebo je \u00fa\u010det p\u0159\u00edmo zalo\u017een\u00fd na telefonn\u00ed \u010d\u00edslo, jednodu\u0161e ho zadejte do p\u0159ihla\u0161ovac\u00edho pole m\u00edsto e-mailu.<\/p>\n\n\n\n<figure class=\"wp-block-image size-full is-resized\"><img loading=\"lazy\" decoding=\"async\" width=\"457\" height=\"378\" src=\"https:\/\/o-seznam.cz\/napoveda\/ucet\/wp-content\/uploads\/sites\/10\/2025\/10\/login-bankid.png\" alt=\"\" class=\"wp-image-2527\" style=\"width:317px;height:auto\" srcset=\"https:\/\/o-seznam.cz\/napoveda\/ucet\/wp-content\/uploads\/sites\/10\/2025\/10\/login-bankid.png 457w, https:\/\/o-seznam.cz\/napoveda\/ucet\/wp-content\/uploads\/sites\/10\/2025\/10\/login-bankid-320x265.png 320w\" sizes=\"auto, (max-width: 457px) 100vw, 457px\" \/><\/figure>\n\n\n\n<p>P\u0159ihl\u00e1\u0161en\u00ed prob\u00edh\u00e1 stejn\u011b jako obvykle \u2013 pou\u017eijete stejn\u00e9 heslo, kter\u00e9 m\u00e1te k \u00fa\u010dtu nastaven\u00e9. Pokud heslo je\u0161t\u011b nem\u00e1te, je pot\u0159eba ho nejd\u0159\u00edve vytvo\u0159it. <strong>P\u0159ihl\u00e1\u0161en\u00ed e-mailem samoz\u0159ejm\u011b z\u016fst\u00e1v\u00e1 d\u00e1l k dispozici.<\/strong><\/p>\n\n\n\n<p>Pou\u017e\u00edv\u00e1te-li <strong>zahrani\u010dn\u00ed \u010d\u00edslo<\/strong>, nezapome\u0148te zadat i mezin\u00e1rodn\u00ed p\u0159edvolbu <strong>(nap\u0159. +421 xxx xxx xxx)<\/strong>.<\/p>\n\n\n\n<p>Pokud tuto mo\u017enost u\u017e nechcete vyu\u017e\u00edvat, m\u016f\u017eete ji kdykoliv vypnout v nastaven\u00ed \u00fa\u010dtu kliknut\u00edm na <strong>\u201eVypnout\u201c<\/strong> vedle uveden\u00e9ho \u010d\u00edsla.<\/p>\n\n\n\n<div class=\"wp-block-seznam-box is-layout-flow wp-block-seznam-box-is-layout-flow\">\n<p>M\u00e1te-li stejn\u00e9 telefonn\u00ed \u010d\u00edslo uveden\u00e9 u v\u00edce \u00fa\u010dt\u016f, lze ho pro p\u0159ihl\u00e1\u0161en\u00ed pou\u017e\u00edvat jen u jednoho z nich. Jakmile si p\u0159ihl\u00e1\u0161en\u00ed \u010d\u00edslem zapnete na jednom \u00fa\u010dtu, automaticky se vypne na v\u0161ech ostatn\u00edch.<\/p>\n<\/div>\n<\/div>\n\n\n\n<div class=\"wp-block-group is-layout-constrained wp-block-group-is-layout-constrained\">\n<h2 class=\"wp-block-heading is-style-h2\" id=\"jednotne-prihlaseni\">Jednotn\u00e9 p\u0159ihl\u00e1\u0161en\u00ed<\/h2>\n\n\n\n<p>Jednotn\u00e9 p\u0159ihl\u00e1\u0161en\u00ed v\u00e1m <strong>zjednodu\u0161uje pou\u017e\u00edv\u00e1n\u00ed v\u0161ech slu\u017eeb Seznam.cz<\/strong>. Sta\u010d\u00ed se p\u0159ihl\u00e1sit na jedn\u00e9 a m\u016f\u017eete bez opakovan\u00e9ho zad\u00e1v\u00e1n\u00ed \u00fadaj\u016f p\u0159ech\u00e1zet mezi slu\u017ebami jako je E-mail, Mapy.com, Zpr\u00e1vy a dal\u0161\u00ed.<br><br>Pokud n\u011bkter\u00e1 slu\u017eba nen\u00ed p\u0159ihl\u00e1\u0161en\u00e1 automaticky, jednodu\u0161e klikn\u011bte na <strong>\u201eP\u0159ihl\u00e1sit\u201c<\/strong> a vyberte sv\u016fj \u00fa\u010det. Pot\u0159ebujete-li pou\u017e\u00edt jin\u00fd \u00fa\u010det, zvolte mo\u017enost <strong>\u201ePokra\u010dovat s jin\u00fdm \u00fa\u010dtem\u201c<\/strong>.<\/p>\n\n\n\n<p>Jednotn\u00e9 p\u0159ihl\u00e1\u0161en\u00ed v\u00e1s nijak neomezuje \u2013 kdykoliv se m\u016f\u017eete odhl\u00e1sit nebo p\u0159epnout na jin\u00fd \u00fa\u010det. Sta\u010d\u00ed kliknout na ikonku \u00fa\u010dtu v prav\u00e9m horn\u00edm rohu str\u00e1nky a vybrat <strong>\u201eOdhl\u00e1sit se\u201c<\/strong>.<\/p>\n\n\n\n<figure class=\"wp-block-image size-full is-resized\"><img loading=\"lazy\" decoding=\"async\" width=\"429\" height=\"578\" src=\"https:\/\/o-seznam.cz\/napoveda\/ucet\/wp-content\/uploads\/sites\/10\/2025\/07\/vice-uctu-login.png\" alt=\"\" class=\"wp-image-2283\" style=\"width:254px;height:auto\" srcset=\"https:\/\/o-seznam.cz\/napoveda\/ucet\/wp-content\/uploads\/sites\/10\/2025\/07\/vice-uctu-login.png 429w, https:\/\/o-seznam.cz\/napoveda\/ucet\/wp-content\/uploads\/sites\/10\/2025\/07\/vice-uctu-login-238x320.png 238w\" sizes=\"auto, (max-width: 429px) 100vw, 429px\" \/><\/figure>\n\n\n\n<h2 class=\"wp-block-heading is-style-h2\" id=\"prihlasovani-pres-idp\">P\u0159ihl\u00e1\u0161en\u00ed p\u0159es tla\u010d\u00edtka poskytovatel\u016f<\/h2>\n\n\n\n<p>Ke sv\u00e9mu Seznam \u00fa\u010dtu se m\u016f\u017eete p\u0159ihl\u00e1sit i pomoc\u00ed \u00fa\u010dtu u jin\u00e9ho poskytovatele \u2013 <strong>Google, Apple, Microsoft, BankiD nebo MojeID<\/strong>.<\/p>\n\n\n\n<p>Pokud u\u017e m\u00e1te n\u011bkter\u00fd z t\u011bchto \u00fa\u010dt\u016f propojen\u00fd se sv\u00fdm Seznam \u00fa\u010dtem, sta\u010d\u00ed na p\u0159ihla\u0161ovac\u00ed str\u00e1nce kliknout na p\u0159\u00edslu\u0161n\u00e9 tla\u010d\u00edtko poskytovatele, nebo vyplnit pole pro e-mail a zadat heslo (p\u0159\u00edpadn\u011b potvrdit dvouf\u00e1zov\u00e9 ov\u011b\u0159en\u00ed) a budete p\u0159ihl\u00e1\u0161eni.<\/p>\n\n\n\n<p>Nem\u00e1te-li \u00fa\u010det zat\u00edm propojen\u00fd, m\u016f\u017eete si propojen\u00ed snadno nastavit podle <a href=\"https:\/\/o-seznam.cz\/napoveda\/ucet\/registrace\/propojeni-google-microsoft-ucet\/\" data-type=\"link\" data-id=\"https:\/\/o-seznam.cz\/napoveda\/ucet\/registrace\/propojeni-google-microsoft-ucet\/\">n\u00e1vodu v n\u00e1pov\u011bd\u011b<\/a>.<\/p>\n<\/div>\n\n\n\n<figure class=\"wp-block-image size-full is-resized\"><img loading=\"lazy\" decoding=\"async\" width=\"420\" height=\"467\" src=\"https:\/\/o-seznam.cz\/napoveda\/ucet\/wp-content\/uploads\/sites\/10\/2025\/10\/login-jmeno-bankid-2.png\" alt=\"\" class=\"wp-image-2532\" style=\"width:377px;height:auto\" srcset=\"https:\/\/o-seznam.cz\/napoveda\/ucet\/wp-content\/uploads\/sites\/10\/2025\/10\/login-jmeno-bankid-2.png 420w, https:\/\/o-seznam.cz\/napoveda\/ucet\/wp-content\/uploads\/sites\/10\/2025\/10\/login-jmeno-bankid-2-288x320.png 288w\" sizes=\"auto, (max-width: 420px) 100vw, 420px\" \/><\/figure>\n\n\n\n<div class=\"wp-block-seznam-box is-layout-flow wp-block-seznam-box-is-layout-flow\">\n<p><strong>Pot\u0159ebujete pomoc s MojeID?<\/strong><\/p>\n\n\n\n<p>Pokud naraz\u00edte na probl\u00e9m p\u0159\u00edmo p\u0159i p\u0159ihl\u00e1\u0161en\u00ed nebo ov\u011b\u0159ov\u00e1n\u00ed p\u0159es MojeID, m\u016f\u017eete se obr\u00e1tit na technickou podporu MojeID. Je dostupn\u00e1&nbsp;<strong>24 hodin denn\u011b, 7 dn\u00ed v t\u00fddnu<\/strong>. Kontakty a podrobnosti naleznete na str\u00e1nce podpory:&nbsp;<a class=\"\" href=\"https:\/\/www.mojeid.cz\/cs\/podpora\/\">https:\/\/www.mojeid.cz\/cs\/podpora\/<\/a><\/p>\n<\/div>\n","protected":false},"excerpt":{"rendered":"<p>P\u0159ihl\u00e1\u0161en\u00ed u\u017eivatelsk\u00fdm jm\u00e9nem s dom\u00e9nou (e-mailem) K p\u0159ihl\u00e1\u0161en\u00ed ke slu\u017eb\u00e1m Seznam.cz sta\u010d\u00ed kliknout v prav\u00e9m horn\u00edm rohu str\u00e1nky na \u201eP\u0159ihl\u00e1sit\u201c.&nbsp; Do p\u0159ihla\u0161ovac\u00edho pole zadejte sv\u00e9 u\u017eivatelsk\u00e9 jm\u00e9no s dom\u00e9nou (nap\u0159. vesely.uzivatel@seznam.cz) nebo telefonn\u00ed \u010d\u00edslo, pokud ho m\u00e1te nastaven\u00e9 pro p\u0159ihl\u00e1\u0161en\u00ed. M\u016f\u017eete tak\u00e9 vyu\u017e\u00edt p\u0159ihl\u00e1\u0161en\u00ed p\u0159es jin\u00e9ho poskytovatele \u2013 Google, Apple, Microsoft, BankiD nebo MojeID. Vyjma [&hellip;]<\/p>\n","protected":false},"author":6,"featured_media":0,"parent":84,"menu_order":0,"comment_status":"closed","ping_status":"closed","template":"page-sidemenu","meta":{"_acf_changed":false,"_relevanssi_hide_post":"","_relevanssi_hide_content":"","_relevanssi_pin_for_all":"","_relevanssi_pin_keywords":"","_relevanssi_unpin_keywords":"","_relevanssi_related_keywords":"","_relevanssi_related_include_ids":"","_relevanssi_related_exclude_ids":"","_relevanssi_related_no_append":"","_relevanssi_related_not_related":"","_relevanssi_related_posts":"","_relevanssi_noindex_reason":"","footnotes":""},"page_category":[24],"page_tag":[],"service_status_category":[],"class_list":["post-119","page","type-page","status-publish","hentry"],"acf":[],"lang":"cs","translations":{"cs":119,"en":1442},"pll_sync_post":[],"_links":{"self":[{"href":"https:\/\/o-seznam.cz\/napoveda\/ucet\/wp-json\/wp\/v2\/pages\/119","targetHints":{"allow":["GET"]}}],"collection":[{"href":"https:\/\/o-seznam.cz\/napoveda\/ucet\/wp-json\/wp\/v2\/pages"}],"about":[{"href":"https:\/\/o-seznam.cz\/napoveda\/ucet\/wp-json\/wp\/v2\/types\/page"}],"author":[{"embeddable":true,"href":"https:\/\/o-seznam.cz\/napoveda\/ucet\/wp-json\/wp\/v2\/users\/6"}],"replies":[{"embeddable":true,"href":"https:\/\/o-seznam.cz\/napoveda\/ucet\/wp-json\/wp\/v2\/comments?post=119"}],"version-history":[{"count":38,"href":"https:\/\/o-seznam.cz\/napoveda\/ucet\/wp-json\/wp\/v2\/pages\/119\/revisions"}],"predecessor-version":[{"id":2884,"href":"https:\/\/o-seznam.cz\/napoveda\/ucet\/wp-json\/wp\/v2\/pages\/119\/revisions\/2884"}],"up":[{"embeddable":true,"href":"https:\/\/o-seznam.cz\/napoveda\/ucet\/wp-json\/wp\/v2\/pages\/84"}],"wp:attachment":[{"href":"https:\/\/o-seznam.cz\/napoveda\/ucet\/wp-json\/wp\/v2\/media?parent=119"}],"wp:term":[{"taxonomy":"page_category","embeddable":true,"href":"https:\/\/o-seznam.cz\/napoveda\/ucet\/wp-json\/wp\/v2\/page_category?post=119"},{"taxonomy":"page_tag","embeddable":true,"href":"https:\/\/o-seznam.cz\/napoveda\/ucet\/wp-json\/wp\/v2\/page_tag?post=119"},{"taxonomy":"service_status_category","embeddable":true,"href":"https:\/\/o-seznam.cz\/napoveda\/ucet\/wp-json\/wp\/v2\/service_status_category?post=119"}],"curies":[{"name":"wp","href":"https:\/\/api.w.org\/{rel}","templated":true}]}}