{"id":116,"date":"2024-10-12T00:35:44","date_gmt":"2024-10-11T22:35:44","guid":{"rendered":"https:\/\/o-seznam.cz\/napoveda\/ucet\/?page_id=116"},"modified":"2026-03-09T09:34:00","modified_gmt":"2026-03-09T08:34:00","slug":"odhlaseni","status":"publish","type":"page","link":"https:\/\/o-seznam.cz\/napoveda\/ucet\/prihlasovani\/odhlaseni\/","title":{"rendered":"Odhl\u00e1\u0161en\u00ed z \u00fa\u010dtu a slu\u017eeb"},"content":{"rendered":"\n<div class=\"wp-block-group is-layout-constrained wp-block-group-is-layout-constrained\">\n<p>Odhl\u00e1\u0161en\u00ed z u\u017eivatelsk\u00e9ho \u00fa\u010dtu a slu\u017eeb je dostupn\u00e9 ve dvou f\u00e1z\u00edch:<\/p>\n\n\n\n<ol class=\"wp-block-list\">\n<li>Odhl\u00e1\u0161en\u00ed ze slu\u017eby, kdy si slu\u017eba st\u00e1le pamatuje p\u0159edchoz\u00ed p\u0159ihl\u00e1\u0161en\u00fd \u00fa\u010det. K tomuto \u00fa\u010dtu se lze jednodu\u0161eji op\u011bt p\u0159ihl\u00e1sit.<\/li>\n\n\n\n<li>N\u00e1sledn\u00e1 volba zapomenut\u00ed p\u0159edchoz\u00edho p\u0159ihl\u00e1\u0161en\u00e9ho \u00fa\u010dtu, kter\u00fd si ji\u017e slu\u017eba nebude nad\u00e1le pamatovat.<\/li>\n<\/ol>\n<\/div>\n\n\n\n<div class=\"wp-block-group is-layout-constrained wp-block-group-is-layout-constrained\">\n<h2 class=\"wp-block-heading\">Odhl\u00e1\u0161en\u00ed ze slu\u017eeb<\/h2>\n\n\n\n<p>Jakmile jste na slu\u017eb\u011b p\u0159ihl\u00e1\u0161eni, vid\u00edte ikonku, kterou jste si zvolili v nastaven\u00ed sv\u00e9ho \u00fa\u010dtu, p\u0159\u00edpadn\u011b z\u00e1stupnou ikonkou s inici\u00e1lami va\u0161\u00ed e-mailov\u00e9 adresy \u010di symbolem telefonu pro \u00fa\u010dty pouze s telefonn\u00edm \u010d\u00edslem.<\/p>\n\n\n\n<figure class=\"wp-block-image size-full\"><img loading=\"lazy\" decoding=\"async\" width=\"1766\" height=\"216\" src=\"https:\/\/o-seznam.cz\/napoveda\/ucet\/wp-content\/uploads\/sites\/10\/2025\/02\/snimek-obrazovky-2025-02-14-v122840.png\" alt=\"\" class=\"wp-image-1174\" srcset=\"https:\/\/o-seznam.cz\/napoveda\/ucet\/wp-content\/uploads\/sites\/10\/2025\/02\/snimek-obrazovky-2025-02-14-v122840.png 1766w, https:\/\/o-seznam.cz\/napoveda\/ucet\/wp-content\/uploads\/sites\/10\/2025\/02\/snimek-obrazovky-2025-02-14-v122840-992x121.png 992w, https:\/\/o-seznam.cz\/napoveda\/ucet\/wp-content\/uploads\/sites\/10\/2025\/02\/snimek-obrazovky-2025-02-14-v122840-320x39.png 320w, https:\/\/o-seznam.cz\/napoveda\/ucet\/wp-content\/uploads\/sites\/10\/2025\/02\/snimek-obrazovky-2025-02-14-v122840-768x94.png 768w, https:\/\/o-seznam.cz\/napoveda\/ucet\/wp-content\/uploads\/sites\/10\/2025\/02\/snimek-obrazovky-2025-02-14-v122840-1536x188.png 1536w\" sizes=\"auto, (max-width: 1766px) 100vw, 1766px\" \/><\/figure>\n\n\n\n<p>Po kliknut\u00ed na ikonku \u00fa\u010dtu se zobraz\u00ed nab\u00eddka, ve kter\u00e9 zvolte mo\u017enost <strong>Odhl\u00e1sit se.<\/strong><\/p>\n\n\n\n<figure class=\"wp-block-image size-full\"><img loading=\"lazy\" decoding=\"async\" width=\"281\" height=\"300\" src=\"https:\/\/o-seznam.cz\/napoveda\/ucet\/wp-content\/uploads\/sites\/10\/2026\/03\/medaile-nova.png\" alt=\"\" class=\"wp-image-2877\"\/><\/figure>\n\n\n\n<p>Nyn\u00ed jste ze v\u0161ech slu\u017eeb Seznamu ji\u017e odhl\u00e1\u0161eni, ale i nad\u00e1le si budou pamatovat p\u0159edchoz\u00ed p\u0159ihl\u00e1\u0161en\u00fd \u00fa\u010det. U ikonky \u00fa\u010dtu se v tomto p\u0159\u00edpad\u011b zobrazuje symbol z\u00e1me\u010dku.<\/p>\n\n\n\n<p>Po kliknut\u00ed na ikonku \u00fa\u010dtu m\u00e1te mo\u017enost se op\u011bt k tomuto \u00fa\u010dtu p\u0159ihl\u00e1sit a m\u00edt dostupn\u00e9 ve\u0161ker\u00e9 slu\u017eby, zejm\u00e9na e-mail.<\/p>\n\n\n\n<figure class=\"wp-block-image size-full is-resized\"><img loading=\"lazy\" decoding=\"async\" width=\"324\" height=\"116\" src=\"https:\/\/o-seznam.cz\/napoveda\/ucet\/wp-content\/uploads\/sites\/10\/2025\/02\/snimek-obrazovky-2025-02-14-v125523.png\" alt=\"\" class=\"wp-image-1182\" style=\"width:288px;height:auto\" srcset=\"https:\/\/o-seznam.cz\/napoveda\/ucet\/wp-content\/uploads\/sites\/10\/2025\/02\/snimek-obrazovky-2025-02-14-v125523.png 324w, https:\/\/o-seznam.cz\/napoveda\/ucet\/wp-content\/uploads\/sites\/10\/2025\/02\/snimek-obrazovky-2025-02-14-v125523-320x115.png 320w\" sizes=\"auto, (max-width: 324px) 100vw, 324px\" \/><\/figure>\n\n\n\n<p><\/p>\n\n\n\n<div class=\"wp-block-seznam-box is-layout-flow wp-block-seznam-box-is-layout-flow\">\n<p>Po odhl\u00e1\u0161en\u00ed jsou nad\u00e1le zpracov\u00e1v\u00e1ny \u00fadaje a data, na z\u00e1klad\u011b kter\u00fdch je zobrazov\u00e1n personalizovan\u00fd obsah.<\/p>\n\n\n\n<p>Zpracov\u00e1v\u00e1n\u00ed t\u011bchto \u00fadaj\u016f lze ukon\u010dit <strong>Zapomenut\u00edm u\u017eivatele<\/strong> nebo <a href=\"https:\/\/o-seznam.cz\/napoveda\/ucet\/data-a-personalizace\/odmitnuti-a-odvolani-souhlasu\/\">vyj\u00e1d\u0159en\u00edm nesouhlasu<\/a> v <a href=\"https:\/\/ucet.seznam.cz\/consents\" data-type=\"page\" data-id=\"181\">nastaven\u00ed \u00da\u010dtu<\/a>.<\/p>\n<\/div>\n<\/div>\n\n\n\n<div class=\"wp-block-group is-layout-constrained wp-block-group-is-layout-constrained\">\n<h2 class=\"wp-block-heading\">Zapomenut\u00ed p\u0159edchoz\u00edho p\u0159ihl\u00e1\u0161en\u00e9ho \u00fa\u010dtu<\/h2>\n\n\n\n<p>Pokud jste ji\u017e na slu\u017eb\u011b byli d\u0159\u00edve p\u0159ihl\u00e1\u0161eni, zobrazuje se ikonka \u00fa\u010dtu nebo z\u00e1stupn\u00e1 ikonka s inici\u00e1lami jm\u00e9na v \u00fa\u010dtu \u010di telefonem.<\/p>\n\n\n\n<figure class=\"wp-block-image size-full\"><img loading=\"lazy\" decoding=\"async\" width=\"56\" height=\"56\" src=\"https:\/\/o-seznam.cz\/napoveda\/ucet\/wp-content\/uploads\/sites\/10\/2024\/10\/medailon-4-odhlaseny.jpg\" alt=\"\" class=\"wp-image-359\"\/><\/figure>\n\n\n\n<p>Po kliknut\u00ed na ikonku \u00fa\u010dtu se z\u00e1me\u010dkem se zobraz\u00ed nab\u00eddka, ve kter\u00e9 je mo\u017en\u00e9 se znovu p\u0159ihl\u00e1sit, a to v r\u00e1mci volby jako d\u0159\u00edve p\u0159ihl\u00e1\u0161en\u00fd u\u017eivatel nebo pou\u017e\u00edt jin\u00fd \u00fa\u010det.<\/p>\n\n\n\n<figure class=\"wp-block-image size-full is-resized\"><img loading=\"lazy\" decoding=\"async\" width=\"437\" height=\"481\" src=\"https:\/\/o-seznam.cz\/napoveda\/ucet\/wp-content\/uploads\/sites\/10\/2025\/07\/jeden-ucet-login.png\" alt=\"\" class=\"wp-image-2285\" style=\"width:354px;height:auto\" srcset=\"https:\/\/o-seznam.cz\/napoveda\/ucet\/wp-content\/uploads\/sites\/10\/2025\/07\/jeden-ucet-login.png 437w, https:\/\/o-seznam.cz\/napoveda\/ucet\/wp-content\/uploads\/sites\/10\/2025\/07\/jeden-ucet-login-291x320.png 291w\" sizes=\"auto, (max-width: 437px) 100vw, 437px\" \/><\/figure>\n\n\n\n<p><\/p>\n\n\n\n<p>Pro \u00fapln\u00e9 odhl\u00e1\u0161en\u00ed a zapomenut\u00ed voleb pro personalizaci d\u0159\u00edve p\u0159ihl\u00e1\u0161en\u00e9ho \u00fa\u010dtu zvolte mo\u017enost <strong>Zapomenout u\u017eivatele.<\/strong><\/p>\n\n\n\n<figure class=\"wp-block-image size-full\"><img loading=\"lazy\" decoding=\"async\" width=\"310\" height=\"318\" src=\"https:\/\/o-seznam.cz\/napoveda\/ucet\/wp-content\/uploads\/sites\/10\/2026\/03\/medaile-oranzova-2.png\" alt=\"\" class=\"wp-image-2878\"\/><\/figure>\n\n\n\n<p>Po t\u00e9to volb\u011b si ji\u017e slu\u017eba nepamatuje d\u0159\u00edve pou\u017eit\u00fd \u00fa\u010det a nepou\u017e\u00edv\u00e1 se ani \u017e\u00e1dn\u00e9 dal\u0161\u00ed nastaven\u00ed tohoto \u00fa\u010dtu pro personalizaci. Nyn\u00ed se m\u016f\u017eete op\u011bt p\u0159ihl\u00e1sit, a to jak\u00fdmkoli pou\u017e\u00edvan\u00fdm \u00fa\u010dtem.<\/p>\n<\/div>\n","protected":false},"excerpt":{"rendered":"<p>Odhl\u00e1\u0161en\u00ed z u\u017eivatelsk\u00e9ho \u00fa\u010dtu a slu\u017eeb je dostupn\u00e9 ve dvou f\u00e1z\u00edch: Odhl\u00e1\u0161en\u00ed ze slu\u017eeb Jakmile jste na slu\u017eb\u011b p\u0159ihl\u00e1\u0161eni, vid\u00edte ikonku, kterou jste si zvolili v nastaven\u00ed sv\u00e9ho \u00fa\u010dtu, p\u0159\u00edpadn\u011b z\u00e1stupnou ikonkou s inici\u00e1lami va\u0161\u00ed e-mailov\u00e9 adresy \u010di symbolem telefonu pro \u00fa\u010dty pouze s telefonn\u00edm \u010d\u00edslem. Po kliknut\u00ed na ikonku \u00fa\u010dtu se zobraz\u00ed nab\u00eddka, ve [&hellip;]<\/p>\n","protected":false},"author":6,"featured_media":0,"parent":84,"menu_order":2,"comment_status":"closed","ping_status":"closed","template":"page-sidemenu","meta":{"_acf_changed":false,"_relevanssi_hide_post":"","_relevanssi_hide_content":"","_relevanssi_pin_for_all":"","_relevanssi_pin_keywords":"","_relevanssi_unpin_keywords":"","_relevanssi_related_keywords":"","_relevanssi_related_include_ids":"","_relevanssi_related_exclude_ids":"","_relevanssi_related_no_append":"","_relevanssi_related_not_related":"","_relevanssi_related_posts":"","_relevanssi_noindex_reason":"","footnotes":""},"page_category":[24],"page_tag":[],"service_status_category":[],"class_list":["post-116","page","type-page","status-publish","hentry"],"acf":[],"lang":"cs","translations":{"cs":116,"en":1405},"pll_sync_post":[],"_links":{"self":[{"href":"https:\/\/o-seznam.cz\/napoveda\/ucet\/wp-json\/wp\/v2\/pages\/116","targetHints":{"allow":["GET"]}}],"collection":[{"href":"https:\/\/o-seznam.cz\/napoveda\/ucet\/wp-json\/wp\/v2\/pages"}],"about":[{"href":"https:\/\/o-seznam.cz\/napoveda\/ucet\/wp-json\/wp\/v2\/types\/page"}],"author":[{"embeddable":true,"href":"https:\/\/o-seznam.cz\/napoveda\/ucet\/wp-json\/wp\/v2\/users\/6"}],"replies":[{"embeddable":true,"href":"https:\/\/o-seznam.cz\/napoveda\/ucet\/wp-json\/wp\/v2\/comments?post=116"}],"version-history":[{"count":13,"href":"https:\/\/o-seznam.cz\/napoveda\/ucet\/wp-json\/wp\/v2\/pages\/116\/revisions"}],"predecessor-version":[{"id":2879,"href":"https:\/\/o-seznam.cz\/napoveda\/ucet\/wp-json\/wp\/v2\/pages\/116\/revisions\/2879"}],"up":[{"embeddable":true,"href":"https:\/\/o-seznam.cz\/napoveda\/ucet\/wp-json\/wp\/v2\/pages\/84"}],"wp:attachment":[{"href":"https:\/\/o-seznam.cz\/napoveda\/ucet\/wp-json\/wp\/v2\/media?parent=116"}],"wp:term":[{"taxonomy":"page_category","embeddable":true,"href":"https:\/\/o-seznam.cz\/napoveda\/ucet\/wp-json\/wp\/v2\/page_category?post=116"},{"taxonomy":"page_tag","embeddable":true,"href":"https:\/\/o-seznam.cz\/napoveda\/ucet\/wp-json\/wp\/v2\/page_tag?post=116"},{"taxonomy":"service_status_category","embeddable":true,"href":"https:\/\/o-seznam.cz\/napoveda\/ucet\/wp-json\/wp\/v2\/service_status_category?post=116"}],"curies":[{"name":"wp","href":"https:\/\/api.w.org\/{rel}","templated":true}]}}