{"id":112,"date":"2024-10-10T00:30:41","date_gmt":"2024-10-09T22:30:41","guid":{"rendered":"https:\/\/o-seznam.cz\/napoveda\/ucet\/?page_id=112"},"modified":"2025-11-04T09:18:52","modified_gmt":"2025-11-04T08:18:52","slug":"mojeid","status":"publish","type":"page","link":"https:\/\/o-seznam.cz\/napoveda\/ucet\/overeni-uctu\/mojeid\/","title":{"rendered":"Ov\u011b\u0159en\u00ed pomoc\u00ed MojeID"},"content":{"rendered":"\n<div class=\"wp-block-group is-layout-constrained wp-block-group-is-layout-constrained\"><nav class=\"menu-anchors\">\n<ul>\n\t<li><a href=\"#overen\u00ed-dokladem-totoznosti\">Postup pro ov\u011b\u0159en\u00ed \u00fa\u010dtu pomoc\u00ed MojeID<\/a><\/li>\n<li><a href=\"#overeni-se-nezdarilo\">Ov\u011b\u0159en\u00ed MojeID se nezda\u0159ilo?<\/a><\/li>\n<li><a href=\"#nemam-mojeid\">Nem\u00e1m MojeID, co te\u010f?<\/a><\/li>\n<\/ul>\n\n<\/nav>\n<\/div>\n\n\n\n<div class=\"wp-block-group is-layout-constrained wp-block-group-is-layout-constrained\">\n<p class=\"is-style-link-external\">Ov\u011b\u0159en\u00ed \u00fa\u010dtu pomoc\u00ed MojeID&nbsp;lze prov\u00e9st v&nbsp;nastaven\u00ed <a href=\"https:\/\/ucet.seznam.cz\/\" data-type=\"link\" data-id=\"https:\/\/ucet.seznam.cz\/\" target=\"_blank\" rel=\"noreferrer noopener\">Seznam \u00fa\u010dtu<\/a>&nbsp;v sekci&nbsp;Osobn\u00ed \u00fadaje. &nbsp;Jak p\u0159esn\u011b takov\u00e9 ov\u011b\u0159en\u00ed vypad\u00e1 krok za krokem, se m\u016f\u017eete pod\u00edvat <a href=\"https:\/\/www.youtube.com\/watch?v=gAP62Jn7gpE\" data-type=\"link\" data-id=\"https:\/\/www.youtube.com\/watch?v=gAP62Jn7gpE\">ve videon\u00e1vodu od MojeID. <\/a><\/p>\n\n\n\n<div class=\"wp-block-group is-layout-constrained wp-block-group-is-layout-constrained\">\n<div class=\"wp-block-seznam-box is-layout-flow wp-block-seznam-box-is-layout-flow\">\n<p>Po ov\u011b\u0159en\u00ed \u00fa\u010dtu metodou MojeID nebude nikde uchov\u00e1v\u00e1na fotografie va\u0161eho dokladu, ani poskytov\u00e1na t\u0159et\u00edm stran\u00e1m \u010di pou\u017e\u00edv\u00e1na pro jak\u00e9koli dal\u0161\u00ed \u00fa\u010dely.<\/p>\n<\/div>\n<\/div>\n<\/div>\n\n\n\n<div class=\"wp-block-group is-layout-constrained wp-block-group-is-layout-constrained\">\n<h2 class=\"wp-block-heading\" id=\"overen\u00ed-dokladem-totoznosti\">Postup pro ov\u011b\u0159en\u00ed \u00fa\u010dtu pomoc\u00ed MojeID<\/h2>\n\n\n\n<p class=\"is-style-link-external\">P\u0159ihlaste se na sv\u016fj <a href=\"https:\/\/ucet.seznam.cz\/\" data-type=\"link\" data-id=\"https:\/\/ucet.seznam.cz\/\" target=\"_blank\" rel=\"noreferrer noopener\">\u00da\u010det<\/a>.<\/p>\n\n\n\n<p>V lev\u00e9m menu klikn\u011bte na odkaz Osobn\u00ed \u00fadaje.<\/p>\n\n\n\n<p>U polo\u017eky Ov\u011b\u0159en\u00ed \u00fa\u010dtu klikn\u011bte na odkaz Ov\u011b\u0159it.<\/p>\n\n\n\n<figure class=\"wp-block-image size-full\"><img loading=\"lazy\" decoding=\"async\" width=\"695\" height=\"162\" src=\"https:\/\/o-seznam.cz\/napoveda\/ucet\/wp-content\/uploads\/sites\/10\/2024\/10\/bank-id-overeni.png\" alt=\"\" class=\"wp-image-567\" srcset=\"https:\/\/o-seznam.cz\/napoveda\/ucet\/wp-content\/uploads\/sites\/10\/2024\/10\/bank-id-overeni.png 695w, https:\/\/o-seznam.cz\/napoveda\/ucet\/wp-content\/uploads\/sites\/10\/2024\/10\/bank-id-overeni-320x75.png 320w\" sizes=\"auto, (max-width: 695px) 100vw, 695px\" \/><\/figure>\n\n\n\n<p>Zobraz\u00ed se \u00favodn\u00ed informace k ov\u011b\u0159en\u00ed MojeID, se kter\u00fdmi se, pros\u00edm, seznamte.<\/p>\n\n\n\n<p>Pro pokra\u010dov\u00e1n\u00ed v ov\u011b\u0159en\u00ed klikn\u011bte na tla\u010d\u00edtko Ov\u011b\u0159it \u00fa\u010det.<\/p>\n\n\n\n<figure class=\"wp-block-image size-full\"><img loading=\"lazy\" decoding=\"async\" width=\"436\" height=\"466\" src=\"https:\/\/o-seznam.cz\/napoveda\/ucet\/wp-content\/uploads\/sites\/10\/2024\/10\/moje-id-info.png\" alt=\"\" class=\"wp-image-574\" srcset=\"https:\/\/o-seznam.cz\/napoveda\/ucet\/wp-content\/uploads\/sites\/10\/2024\/10\/moje-id-info.png 436w, https:\/\/o-seznam.cz\/napoveda\/ucet\/wp-content\/uploads\/sites\/10\/2024\/10\/moje-id-info-299x320.png 299w\" sizes=\"auto, (max-width: 436px) 100vw, 436px\" \/><\/figure>\n\n\n\n<p>Budete p\u0159esm\u011brov\u00e1ni na str\u00e1nku poskytovatele slu\u017eby MojeID, kde se p\u0159ihl\u00e1s\u00edte va\u0161imi \u00fadaji.<\/p>\n\n\n\n<figure class=\"wp-block-image size-full is-resized\"><img loading=\"lazy\" decoding=\"async\" width=\"438\" height=\"1024\" src=\"https:\/\/o-seznam.cz\/napoveda\/ucet\/wp-content\/uploads\/sites\/10\/2025\/04\/cmmzw4fetehjw8l5.png\" alt=\"\" class=\"wp-image-1672\" style=\"width:378px;height:auto\" srcset=\"https:\/\/o-seznam.cz\/napoveda\/ucet\/wp-content\/uploads\/sites\/10\/2025\/04\/cmmzw4fetehjw8l5.png 438w, https:\/\/o-seznam.cz\/napoveda\/ucet\/wp-content\/uploads\/sites\/10\/2025\/04\/cmmzw4fetehjw8l5-424x992.png 424w, https:\/\/o-seznam.cz\/napoveda\/ucet\/wp-content\/uploads\/sites\/10\/2025\/04\/cmmzw4fetehjw8l5-137x320.png 137w\" sizes=\"auto, (max-width: 438px) 100vw, 438px\" \/><\/figure>\n\n\n\n<p>N\u00e1sledn\u011b pokra\u010dujte procesem p\u0159ihl\u00e1\u0161en\u00ed dle informac\u00ed MojeID.<\/p>\n\n\n\n<p>B\u011bhem ov\u011b\u0159ov\u00e1n\u00ed v\u00e1s bude syst\u00e9m informovat o \u00fadaj\u00edch, kter\u00e9 spole\u010dnosti Seznam.cz p\u0159ed\u00e1 v r\u00e1mci procesu ov\u011b\u0159en\u00ed. Kdykoliv m\u016f\u017eete proces ov\u011b\u0159en\u00ed ukon\u010dit a data tak nebudou p\u0159ed\u00e1na.<\/p>\n\n\n\n<div class=\"wp-block-seznam-box is-layout-flow wp-block-seznam-box-is-layout-flow\">\n<p><strong>Pot\u0159ebujete pomoc s MojeID?<\/strong><\/p>\n\n\n\n<p>Pokud pot\u0159ebujete pomoc s MojeID, doporu\u010dujeme nav\u0161t\u00edvit str\u00e1nku podpory: <a href=\"https:\/\/www.mojeid.cz\/cs\/podpora\/\">https:\/\/www.mojeid.cz\/cs\/podpora\/<\/a>, kde naleznete kontaktn\u00ed \u00fadaje a podrobnosti. Mohou v\u00e1m pomoci s jak\u00fdmikoli probl\u00e9my, kter\u00e9 se vyskytnou b\u011bhem p\u0159ihla\u0161ov\u00e1n\u00ed nebo ov\u011b\u0159ov\u00e1n\u00ed va\u0161eho \u00fa\u010dtu p\u0159es MojeID.<\/p>\n<\/div>\n\n\n\n<p>Pokud ov\u011b\u0159en\u00ed potvrd\u00edte a dokon\u010d\u00edte, p\u0159esm\u011bruje v\u00e1s poskytovatel slu\u017eby MojeID zp\u011bt na str\u00e1nku s va\u0161imi osobn\u00edmi \u00fadaji a budete vyzv\u00e1ni k zad\u00e1n\u00ed hesla k va\u0161emu \u00fa\u010dtu.<\/p>\n\n\n\n<p>N\u00e1sledn\u011b se zobraz\u00ed okno potvrzuj\u00edc\u00ed \u00fasp\u011b\u0161n\u00e9 dokon\u010den\u00ed ov\u011b\u0159en\u00ed.<\/p>\n\n\n\n<figure class=\"wp-block-image size-full\"><img loading=\"lazy\" decoding=\"async\" width=\"526\" height=\"332\" src=\"https:\/\/o-seznam.cz\/napoveda\/ucet\/wp-content\/uploads\/sites\/10\/2024\/10\/bankid-overeni-04.png\" alt=\"\" class=\"wp-image-569\" srcset=\"https:\/\/o-seznam.cz\/napoveda\/ucet\/wp-content\/uploads\/sites\/10\/2024\/10\/bankid-overeni-04.png 526w, https:\/\/o-seznam.cz\/napoveda\/ucet\/wp-content\/uploads\/sites\/10\/2024\/10\/bankid-overeni-04-320x202.png 320w\" sizes=\"auto, (max-width: 526px) 100vw, 526px\" \/><\/figure>\n\n\n\n<p>Ve va\u0161em \u00fa\u010dtu je nyn\u00ed nastaven\u00e9 jm\u00e9no a rok narozen\u00ed v souladu s \u00fadaji v MojeID. Ru\u010dn\u00ed aktualizaci lze rovn\u011b\u017e spustit kliknut\u00edm na tla\u010d\u00edtko Zm\u011bnit u polo\u017eky MojeID. Proces ov\u011b\u0159en\u00ed je v tomto p\u0159\u00edpad\u011b shodn\u00fd s prvn\u00edm ov\u011b\u0159en\u00edm.<\/p>\n\n\n\n<figure class=\"wp-block-image size-full\"><img loading=\"lazy\" decoding=\"async\" width=\"695\" height=\"63\" src=\"https:\/\/o-seznam.cz\/napoveda\/ucet\/wp-content\/uploads\/sites\/10\/2024\/10\/moje-id-overeno.png\" alt=\"\" class=\"wp-image-577\" srcset=\"https:\/\/o-seznam.cz\/napoveda\/ucet\/wp-content\/uploads\/sites\/10\/2024\/10\/moje-id-overeno.png 695w, https:\/\/o-seznam.cz\/napoveda\/ucet\/wp-content\/uploads\/sites\/10\/2024\/10\/moje-id-overeno-320x29.png 320w\" sizes=\"auto, (max-width: 695px) 100vw, 695px\" \/><\/figure>\n\n\n\n<p>Zm\u011bny jednotliv\u00fdch \u00fadaj\u016f p\u0159\u00edmo v Seznam \u00fa\u010dtu nejsou u ov\u011b\u0159en\u00e9ho \u00fa\u010dtu mo\u017en\u00e9. To proto, abychom zajistili, \u017ee \u00fadaje ov\u011b\u0159en\u00fdch \u00fa\u010dt\u016f budou v\u017edy aktu\u00e1ln\u00ed a pravdiv\u00e9.<\/p>\n<\/div>\n\n\n\n<div class=\"wp-block-group is-layout-constrained wp-block-group-is-layout-constrained\">\n<h2 class=\"wp-block-heading\" id=\"overeni-se-nezdarilo\">Ov\u011b\u0159en\u00ed MojeID se nezda\u0159ilo?<\/h2>\n\n\n\n<p>Pokud ov\u011b\u0159en\u00ed sel\u017ee nebo jej z vlastn\u00edho rozhodnut\u00ed p\u0159eru\u0161\u00edte, zobraz\u00ed se okno upozor\u0148uj\u00edc\u00ed na nedokon\u010den\u00ed ov\u011b\u0159en\u00ed s chybou.<\/p>\n\n\n\n<figure class=\"wp-block-image size-full\"><img loading=\"lazy\" decoding=\"async\" width=\"474\" height=\"491\" src=\"https:\/\/o-seznam.cz\/napoveda\/ucet\/wp-content\/uploads\/sites\/10\/2025\/07\/image-65.png\" alt=\"\" class=\"wp-image-2277\" srcset=\"https:\/\/o-seznam.cz\/napoveda\/ucet\/wp-content\/uploads\/sites\/10\/2025\/07\/image-65.png 474w, https:\/\/o-seznam.cz\/napoveda\/ucet\/wp-content\/uploads\/sites\/10\/2025\/07\/image-65-309x320.png 309w\" sizes=\"auto, (max-width: 474px) 100vw, 474px\" \/><\/figure>\n\n\n\n<p>Seznam \u00fa\u010det z\u016fstane neov\u011b\u0159en\u00fd, dokud si MojeID neov\u011b\u0159\u00edte prost\u0159ednictv\u00edm slu\u017eeb ve\u0159ejn\u00e9 spr\u00e1vy.<\/p>\n<\/div>\n\n\n\n<div class=\"wp-block-group is-layout-constrained wp-block-group-is-layout-constrained\">\n<h2 class=\"wp-block-heading\" id=\"nemam-mojeid\">Nem\u00e1m MojeID, co te\u010f?<\/h2>\n\n\n\n<p class=\"is-style-link-external\">MojeID si m\u016f\u017eete zalo\u017eit dle <a href=\"https:\/\/www.mojeid.cz\/cs\/zalozit-ucet\/\" data-type=\"link\" data-id=\"https:\/\/www.mojeid.cz\/cs\/zalozit-ucet\/\" target=\"_blank\" rel=\"noreferrer noopener\">postupu na str\u00e1nk\u00e1ch MojeID<\/a>.  <\/p>\n\n\n\n<p class=\"is-style-default\">P\u0159\u00edpadn\u011b m\u016f\u017eete vyu\u017e\u00edt ov\u011b\u0159en\u00ed p\u0159es <a href=\"https:\/\/o-seznam.cz\/napoveda\/ucet\/overeni-uctu\/bankovni-identita\/\" data-type=\"page\" data-id=\"109\">Bankovn\u00ed identitu<\/a>.<\/p>\n<\/div>\n","protected":false},"excerpt":{"rendered":"<p>Ov\u011b\u0159en\u00ed \u00fa\u010dtu pomoc\u00ed MojeID&nbsp;lze prov\u00e9st v&nbsp;nastaven\u00ed Seznam \u00fa\u010dtu&nbsp;v sekci&nbsp;Osobn\u00ed \u00fadaje. &nbsp;Jak p\u0159esn\u011b takov\u00e9 ov\u011b\u0159en\u00ed vypad\u00e1 krok za krokem, se m\u016f\u017eete pod\u00edvat ve videon\u00e1vodu od MojeID. Postup pro ov\u011b\u0159en\u00ed \u00fa\u010dtu pomoc\u00ed MojeID P\u0159ihlaste se na sv\u016fj \u00da\u010det. V lev\u00e9m menu klikn\u011bte na odkaz Osobn\u00ed \u00fadaje. U polo\u017eky Ov\u011b\u0159en\u00ed \u00fa\u010dtu klikn\u011bte na odkaz Ov\u011b\u0159it. Zobraz\u00ed se \u00favodn\u00ed [&hellip;]<\/p>\n","protected":false},"author":6,"featured_media":0,"parent":88,"menu_order":0,"comment_status":"closed","ping_status":"closed","template":"page-sidemenu","meta":{"_acf_changed":false,"_relevanssi_hide_post":"","_relevanssi_hide_content":"","_relevanssi_pin_for_all":"","_relevanssi_pin_keywords":"","_relevanssi_unpin_keywords":"","_relevanssi_related_keywords":"","_relevanssi_related_include_ids":"","_relevanssi_related_exclude_ids":"","_relevanssi_related_no_append":"","_relevanssi_related_not_related":"","_relevanssi_related_posts":"","_relevanssi_noindex_reason":"","footnotes":""},"page_category":[24],"page_tag":[],"service_status_category":[],"class_list":["post-112","page","type-page","status-publish","hentry"],"acf":[],"lang":"cs","translations":{"cs":112},"pll_sync_post":[],"_links":{"self":[{"href":"https:\/\/o-seznam.cz\/napoveda\/ucet\/wp-json\/wp\/v2\/pages\/112","targetHints":{"allow":["GET"]}}],"collection":[{"href":"https:\/\/o-seznam.cz\/napoveda\/ucet\/wp-json\/wp\/v2\/pages"}],"about":[{"href":"https:\/\/o-seznam.cz\/napoveda\/ucet\/wp-json\/wp\/v2\/types\/page"}],"author":[{"embeddable":true,"href":"https:\/\/o-seznam.cz\/napoveda\/ucet\/wp-json\/wp\/v2\/users\/6"}],"replies":[{"embeddable":true,"href":"https:\/\/o-seznam.cz\/napoveda\/ucet\/wp-json\/wp\/v2\/comments?post=112"}],"version-history":[{"count":12,"href":"https:\/\/o-seznam.cz\/napoveda\/ucet\/wp-json\/wp\/v2\/pages\/112\/revisions"}],"predecessor-version":[{"id":2628,"href":"https:\/\/o-seznam.cz\/napoveda\/ucet\/wp-json\/wp\/v2\/pages\/112\/revisions\/2628"}],"up":[{"embeddable":true,"href":"https:\/\/o-seznam.cz\/napoveda\/ucet\/wp-json\/wp\/v2\/pages\/88"}],"wp:attachment":[{"href":"https:\/\/o-seznam.cz\/napoveda\/ucet\/wp-json\/wp\/v2\/media?parent=112"}],"wp:term":[{"taxonomy":"page_category","embeddable":true,"href":"https:\/\/o-seznam.cz\/napoveda\/ucet\/wp-json\/wp\/v2\/page_category?post=112"},{"taxonomy":"page_tag","embeddable":true,"href":"https:\/\/o-seznam.cz\/napoveda\/ucet\/wp-json\/wp\/v2\/page_tag?post=112"},{"taxonomy":"service_status_category","embeddable":true,"href":"https:\/\/o-seznam.cz\/napoveda\/ucet\/wp-json\/wp\/v2\/service_status_category?post=112"}],"curies":[{"name":"wp","href":"https:\/\/api.w.org\/{rel}","templated":true}]}}