{"id":109,"date":"2024-10-10T00:35:01","date_gmt":"2024-10-09T22:35:01","guid":{"rendered":"https:\/\/o-seznam.cz\/napoveda\/ucet\/?page_id=109"},"modified":"2025-11-13T16:13:43","modified_gmt":"2025-11-13T15:13:43","slug":"bankovni-identita","status":"publish","type":"page","link":"https:\/\/o-seznam.cz\/napoveda\/ucet\/overeni-uctu\/bankovni-identita\/","title":{"rendered":"Ov\u011b\u0159en\u00ed \u00fa\u010dtu bankovn\u00ed identitou"},"content":{"rendered":"\n<div class=\"wp-block-group is-layout-constrained wp-block-group-is-layout-constrained\"><nav class=\"menu-anchors\">\n<ul>\n\t<li><a href=\"#postup-overeni-bankid\">Postup pro ov\u011b\u0159en\u00ed \u00fa\u010dtu pomoc\u00ed bankovn\u00ed identity<\/a><\/li>\n<li><a href=\"#overeni-se-nezdarilo\">Ov\u011b\u0159en\u00ed bankovn\u00ed identitou se nezda\u0159ilo?<\/a><\/li>\n<li><a href=\"#nemam-bankovni-identitu\">Nem\u00e1m bankovn\u00ed identitu, co te\u010f?<\/a><\/li>\n<\/ul>\n\n<\/nav>\n<\/div>\n\n\n\n<div class=\"wp-block-group is-layout-constrained wp-block-group-is-layout-constrained\">\n<p>Ov\u011b\u0159en\u00ed \u00fa\u010dtu pomoc\u00ed bankovn\u00ed identity lze prov\u00e9st v nastaven\u00ed Seznam \u00fa\u010dtu v sekci Osobn\u00ed \u00fadaje. Ov\u011b\u0159en\u00ed prov\u00e1d\u00edme ve spolupr\u00e1ci s poskytovatelem slu\u017eby BankiD a pou\u017e\u00edv\u00e1 se k n\u011bmu p\u0159ihl\u00e1\u0161en\u00ed elektronickou identitou, kterou v\u00e1m vystavila va\u0161e banka.<\/p>\n\n\n\n<div class=\"wp-block-seznam-box is-layout-flow wp-block-seznam-box-is-layout-flow\">\n<p>U n\u011bkter\u00fdch klient\u016f MONETA Bank m\u016f\u017ee b\u00fdt <a href=\"https:\/\/o-seznam.cz\/napoveda\/ucet\/overeni-uctu\/bankovni-identita\/aktualizace-overeni-bankovni-identity-pro-klienty-moneta-bank\/\" data-type=\"link\" data-id=\"https:\/\/o-seznam.cz\/napoveda\/ucet\/overeni-uctu\/bankovni-identita\/aktualizace-overeni-bankovni-identity-pro-klienty-moneta-bank\/\">pot\u0159eba aktualizace ov\u011b\u0159en\u00ed<\/a> pomoc\u00ed bankovn\u00ed identity.<\/p>\n<\/div>\n\n\n\n<p>\u00da\u010det ov\u011b\u0159en\u00e9ho u\u017eivatele je na vybran\u00fdch slu\u017eb\u00e1ch ozna\u010den modr\u00fdm symbolem ov\u011b\u0159en\u00ed a z\u00edsk\u00e1v\u00e1 n\u011bkter\u00e9 dal\u0161\u00ed v\u00fdhody \u2013 mo\u017enost obnovit p\u0159\u00edstup k \u00fa\u010dtu p\u0159i ztr\u00e1t\u011b hesla pomoc\u00ed bankovn\u00ed identity, v\u011bt\u0161\u00ed d\u016fv\u011bryhodnost napsan\u00fdch recenz\u00ed, v\u011bt\u0161\u00ed v\u00fdznam koment\u00e1\u0159\u016f pod \u010dl\u00e1nky a podobn\u011b.<\/p>\n\n\n\n<div class=\"wp-block-seznam-box is-layout-flow wp-block-seznam-box-is-layout-flow\">\n<p>Po ov\u011b\u0159en\u00ed \u00fa\u010dtu bankovn\u00ed identitou nebude s va\u0161\u00edm Seznam \u00fa\u010dtem \u017e\u00e1dn\u00fdm zp\u016fsobem spojen v\u00e1\u0161 bankovn\u00ed \u00fa\u010det, Seznam.cz nebude m\u00edt p\u0159\u00edstup k \u017e\u00e1dn\u00fdm \u00fadaj\u016fm o va\u0161em bankovn\u00edm \u00fa\u010dtu ani jin\u00fdm \u00fadaj\u016fm, pokud k tomu ned\u00e1te v\u00fdslovn\u00fd souhlas v procesu ov\u011b\u0159en\u00ed (viz d\u00e1le).<\/p>\n\n\n\n<p>Stejn\u011b tak va\u0161e banka ov\u011b\u0159en\u00edm nez\u00edsk\u00e1v\u00e1 \u017e\u00e1dn\u00e9 informace o va\u0161ich aktivit\u00e1ch na slu\u017eb\u00e1ch Seznamu.<\/p>\n\n\n\n<p class=\"is-style-link-external\">Podrobn\u00e9 informace o pou\u017e\u00edv\u00e1n\u00ed bankovn\u00ed identity z\u00edsk\u00e1te na <a href=\"https:\/\/bankid.cz\/\" data-type=\"link\" data-id=\"https:\/\/bankid.cz\/\" target=\"_blank\" rel=\"noreferrer noopener\">str\u00e1nk\u00e1ch poskytovatele slu\u017eby BankiD<\/a>.<\/p>\n<\/div>\n<\/div>\n\n\n\n<div class=\"wp-block-group is-layout-constrained wp-block-group-is-layout-constrained\">\n<h2 class=\"wp-block-heading\" id=\"postup-overeni-bankid\">Postup pro ov\u011b\u0159en\u00ed \u00fa\u010dtu pomoc\u00ed bankovn\u00ed identity<\/h2>\n\n\n\n<p class=\"is-style-link-external\">P\u0159ihlaste se na sv\u016fj <a href=\"https:\/\/ucet.seznam.cz\/\" data-type=\"link\" data-id=\"https:\/\/ucet.seznam.cz\/\" target=\"_blank\" rel=\"noreferrer noopener\">\u00da\u010det<\/a> a v lev\u00e9m menu klikn\u011bte na odkaz Osobn\u00ed \u00fadaje.<\/p>\n\n\n\n<p>V \u010d\u00e1sti Ov\u011b\u0159en\u00ed \u00fa\u010dtu u polo\u017eky Bankovn\u00ed identita klikn\u011bte na odkaz Ov\u011b\u0159it.<\/p>\n\n\n\n<figure class=\"wp-block-image size-full\"><img loading=\"lazy\" decoding=\"async\" width=\"695\" height=\"162\" src=\"https:\/\/o-seznam.cz\/napoveda\/ucet\/wp-content\/uploads\/sites\/10\/2024\/10\/bank-id-overeni.png\" alt=\"\" class=\"wp-image-567\" srcset=\"https:\/\/o-seznam.cz\/napoveda\/ucet\/wp-content\/uploads\/sites\/10\/2024\/10\/bank-id-overeni.png 695w, https:\/\/o-seznam.cz\/napoveda\/ucet\/wp-content\/uploads\/sites\/10\/2024\/10\/bank-id-overeni-320x75.png 320w\" sizes=\"auto, (max-width: 695px) 100vw, 695px\" \/><\/figure>\n\n\n\n<p>Zobraz\u00ed se \u00favodn\u00ed informace k ov\u011b\u0159en\u00ed bankovn\u00ed identitou, se kter\u00fdmi se, pros\u00edm, seznamte.<\/p>\n\n\n\n<p>Pro pokra\u010dov\u00e1n\u00ed v ov\u011b\u0159en\u00ed klikn\u011bte na tla\u010d\u00edtko Ov\u011b\u0159it \u00fa\u010det.<\/p>\n\n\n\n<figure class=\"wp-block-image size-full\"><img loading=\"lazy\" decoding=\"async\" width=\"436\" height=\"449\" src=\"https:\/\/o-seznam.cz\/napoveda\/ucet\/wp-content\/uploads\/sites\/10\/2024\/10\/bank-id-info.png\" alt=\"\" class=\"wp-image-566\" srcset=\"https:\/\/o-seznam.cz\/napoveda\/ucet\/wp-content\/uploads\/sites\/10\/2024\/10\/bank-id-info.png 436w, https:\/\/o-seznam.cz\/napoveda\/ucet\/wp-content\/uploads\/sites\/10\/2024\/10\/bank-id-info-311x320.png 311w\" sizes=\"auto, (max-width: 436px) 100vw, 436px\" \/><\/figure>\n\n\n\n<p>Budete p\u0159esm\u011brov\u00e1no na str\u00e1nku s poskytovateli slu\u017eby BankiD, kde si vyberete banku, u kter\u00e9 m\u00e1te z\u0159\u00edzenou bankovn\u00ed identitu.<\/p>\n\n\n\n<figure class=\"wp-block-image size-full\"><img loading=\"lazy\" decoding=\"async\" width=\"805\" height=\"715\" src=\"https:\/\/o-seznam.cz\/napoveda\/ucet\/wp-content\/uploads\/sites\/10\/2025\/11\/bankid-banky.png\" alt=\"\" class=\"wp-image-2728\" srcset=\"https:\/\/o-seznam.cz\/napoveda\/ucet\/wp-content\/uploads\/sites\/10\/2025\/11\/bankid-banky.png 805w, https:\/\/o-seznam.cz\/napoveda\/ucet\/wp-content\/uploads\/sites\/10\/2025\/11\/bankid-banky-320x284.png 320w, https:\/\/o-seznam.cz\/napoveda\/ucet\/wp-content\/uploads\/sites\/10\/2025\/11\/bankid-banky-768x682.png 768w\" sizes=\"auto, (max-width: 805px) 100vw, 805px\" \/><\/figure>\n\n\n\n<p>N\u00e1sledn\u011b pokra\u010dujte procesem p\u0159ihl\u00e1\u0161en\u00ed, jak jste u sv\u00e9 banky zvykl\u00ed.<\/p>\n\n\n\n<p>B\u011bhem ov\u011b\u0159ov\u00e1n\u00ed v\u00e1s bude va\u0161e banka informovat o \u00fadaj\u00edch, kter\u00e9 spole\u010dnosti Seznam.cz p\u0159ed\u00e1 v r\u00e1mci procesu ov\u011b\u0159en\u00ed. Kdykoliv m\u016f\u017eete proces ov\u011b\u0159en\u00ed ukon\u010dit a data tak nebudou p\u0159ed\u00e1na.<\/p>\n\n\n\n<p>Pokud ov\u011b\u0159en\u00ed potvrd\u00edte a dokon\u010d\u00edte, p\u0159esm\u011bruje v\u00e1s poskytovatel slu\u017eby BankiD zp\u011bt na str\u00e1nku s va\u0161imi osobn\u00edmi \u00fadaji a budete vyzv\u00e1ni k zad\u00e1n\u00ed hesla k Va\u0161emu \u00fa\u010dtu.<\/p>\n\n\n\n<p>N\u00e1sledn\u011b se zobraz\u00ed okno potvrzuj\u00edc\u00ed \u00fasp\u011b\u0161n\u00e9 dokon\u010den\u00ed ov\u011b\u0159en\u00ed.<\/p>\n\n\n\n<figure class=\"wp-block-image size-full\"><img loading=\"lazy\" decoding=\"async\" width=\"526\" height=\"332\" src=\"https:\/\/o-seznam.cz\/napoveda\/ucet\/wp-content\/uploads\/sites\/10\/2024\/10\/bankid-overeni-04.png\" alt=\"\" class=\"wp-image-569\" srcset=\"https:\/\/o-seznam.cz\/napoveda\/ucet\/wp-content\/uploads\/sites\/10\/2024\/10\/bankid-overeni-04.png 526w, https:\/\/o-seznam.cz\/napoveda\/ucet\/wp-content\/uploads\/sites\/10\/2024\/10\/bankid-overeni-04-320x202.png 320w\" sizes=\"auto, (max-width: 526px) 100vw, 526px\" \/><\/figure>\n\n\n\n<p>Ve va\u0161em \u00fa\u010dtu je nyn\u00ed nastaven\u00e9 jm\u00e9no a rok narozen\u00ed v souladu s \u00fadaji v bankovn\u00ed identit\u011b. Ru\u010dn\u00ed aktualizaci lze rovn\u011b\u017e spustit kliknut\u00edm na tla\u010d\u00edtko Zm\u011bnit u polo\u017eky Bankovn\u00ed identita. Proces ov\u011b\u0159en\u00ed je v tomto p\u0159\u00edpad\u011b shodn\u00fd s prvn\u00edm ov\u011b\u0159en\u00edm.<\/p>\n\n\n\n<figure class=\"wp-block-image size-full\"><img loading=\"lazy\" decoding=\"async\" width=\"695\" height=\"59\" src=\"https:\/\/o-seznam.cz\/napoveda\/ucet\/wp-content\/uploads\/sites\/10\/2024\/10\/bank-id-overeno.png\" alt=\"\" class=\"wp-image-570\" srcset=\"https:\/\/o-seznam.cz\/napoveda\/ucet\/wp-content\/uploads\/sites\/10\/2024\/10\/bank-id-overeno.png 695w, https:\/\/o-seznam.cz\/napoveda\/ucet\/wp-content\/uploads\/sites\/10\/2024\/10\/bank-id-overeno-320x27.png 320w\" sizes=\"auto, (max-width: 695px) 100vw, 695px\" \/><\/figure>\n\n\n\n<p>Zm\u011bny jednotliv\u00fdch \u00fadaj\u016f p\u0159\u00edmo v Seznam \u00fa\u010dtu nejsou u ov\u011b\u0159en\u00e9ho \u00fa\u010dtu mo\u017en\u00e9. To proto, abychom zajistili, \u017ee \u00fadaje ov\u011b\u0159en\u00fdch \u00fa\u010dt\u016f budou v\u017edy aktu\u00e1ln\u00ed a pravdiv\u00e9.<\/p>\n<\/div>\n\n\n\n<div class=\"wp-block-group is-layout-constrained wp-block-group-is-layout-constrained\">\n<h2 class=\"wp-block-heading\" id=\"overeni-se-nezdarilo\">Ov\u011b\u0159en\u00ed bankovn\u00ed identitou se nezda\u0159ilo?<\/h2>\n\n\n\n<p>Pokud ov\u011b\u0159en\u00ed sel\u017ee nebo jej z vlastn\u00edho rozhodnut\u00ed p\u0159eru\u0161\u00edte, zobraz\u00ed se okno upozor\u0148uj\u00edc\u00ed na nedokon\u010den\u00ed ov\u011b\u0159en\u00ed.<\/p>\n\n\n\n<figure class=\"wp-block-image size-full\"><img loading=\"lazy\" decoding=\"async\" width=\"436\" height=\"196\" src=\"https:\/\/o-seznam.cz\/napoveda\/ucet\/wp-content\/uploads\/sites\/10\/2024\/10\/overeni-se-nezdarilo.png\" alt=\"\" class=\"wp-image-564\" srcset=\"https:\/\/o-seznam.cz\/napoveda\/ucet\/wp-content\/uploads\/sites\/10\/2024\/10\/overeni-se-nezdarilo.png 436w, https:\/\/o-seznam.cz\/napoveda\/ucet\/wp-content\/uploads\/sites\/10\/2024\/10\/overeni-se-nezdarilo-320x144.png 320w\" sizes=\"auto, (max-width: 436px) 100vw, 436px\" \/><\/figure>\n\n\n\n<p>\u00da\u010det v tomto p\u0159\u00edpad\u011b z\u016fstane neov\u011b\u0159en\u00fd, p\u0159\u00edpadn\u011b z\u016fstane v platnosti d\u0159\u00edve proveden\u00e9 ov\u011b\u0159en\u00ed, pokud jste prov\u00e1d\u011bli aktualizaci.<\/p>\n\n\n\n<p>V p\u0159\u00edpad\u011b, \u017ee m\u00e1te ov\u011b\u0159en\u00fd \u00fa\u010det, ale nechcete svou bankovn\u00ed identitu nad\u00e1le s \u00fa\u010dtem spojovat, klikn\u011bte na tla\u010d\u00edtko Zm\u011bnit u polo\u017eky Bankovn\u00ed identita a zvolte mo\u017enost Odebrat ov\u011b\u0159en\u00ed. Z bezpe\u010dnostn\u00edch d\u016fvod\u016f budete znovu po\u017e\u00e1d\u00e1ni o ov\u011b\u0159en\u00ed bankovn\u00ed identitou, abychom si byli jist\u00ed, \u017ee jste to skute\u010dn\u011b vy, kdo chce ov\u011b\u0159en\u00ed zru\u0161it. Po \u00fasp\u011b\u0161n\u00e9m ov\u011b\u0159en\u00ed bankovn\u00ed identitu od \u00fa\u010dtu odebereme a vy budete moci op\u011bt ru\u010dn\u011b upravovat sv\u00e9 jm\u00e9no a rok narozen\u00ed.<\/p>\n<\/div>\n\n\n\n<div class=\"wp-block-group is-layout-constrained wp-block-group-is-layout-constrained\">\n<h2 class=\"wp-block-heading\" id=\"nemam-bankovni-identitu\">Nem\u00e1m bankovn\u00ed identitu, co te\u010f?<\/h2>\n\n\n\n<p class=\"is-style-link-external\">Seznam bank aktivn\u011b zapojen\u00fdch do mo\u017enosti ov\u011b\u0159en\u00ed pomoc\u00ed Bankovn\u00ed identity naleznete v\u017edy <a href=\"https:\/\/bankid.cz\/#banky\" data-type=\"link\" data-id=\"https:\/\/bankid.cz\/#banky\" target=\"_blank\" rel=\"noreferrer noopener\">na str\u00e1nk\u00e1ch poskytovatele slu\u017eby BankiD<\/a>.<\/p>\n\n\n\n<p class=\"is-style-link-external\">Pokud v seznamu va\u0161e banka uveden\u00e1 nen\u00ed, Bankovn\u00ed identitu v\u016fbec nenab\u00edz\u00ed a nechcete \u010dekat, a\u017e ji zprovozn\u00ed, je zde jedno \u0159e\u0161en\u00ed: N\u011bkter\u00e9 dal\u0161\u00ed banky toti\u017e umo\u017e\u0148uj\u00ed vytvo\u0159it a pou\u017e\u00edvat Bankovn\u00ed identitu i bez nutnosti m\u00edt u nich \u00fa\u010det \u010di vyu\u017e\u00edvat dal\u0161\u00ed jejich slu\u017eby. Jedn\u00e1 se nap\u0159. o <a href=\"https:\/\/www.csas.cz\/cs\/caste-dotazy\/jak-bankovni-identitu-ziskam\" data-type=\"link\" data-id=\"https:\/\/www.csas.cz\/cs\/caste-dotazy\/jak-bankovni-identitu-ziskam\" target=\"_blank\" rel=\"noreferrer noopener\">\u010ceskou Spo\u0159itelnu<\/a>, <a href=\"https:\/\/mojeidentita.csob.cz\/web\/napoveda\/sluzba-csob-identita\/zrizeni-csob-identity\" data-type=\"link\" data-id=\"https:\/\/mojeidentita.csob.cz\/web\/napoveda\/sluzba-csob-identita\/zrizeni-csob-identity\" target=\"_blank\" rel=\"noreferrer noopener\">\u010cSOB<\/a> nebo <a href=\"https:\/\/www.kb.cz\/cs\/podpora\/bank-id\/bankovni-identita-kb#tile-Zdarma-a-bez-registrace\" data-type=\"link\" data-id=\"https:\/\/www.kb.cz\/cs\/podpora\/bank-id\/bankovni-identita-kb#tile-Zdarma-a-bez-registrace\" target=\"_blank\" rel=\"noreferrer noopener\">Komer\u010dn\u00ed banku<\/a>. (Zdroj: <a href=\"https:\/\/www.seznamzpravy.cz\/clanek\/neumi-vase-banka-digitalni-identitu-jinde-vam-ji-daji-zdarma-bez-uctu-178747\" data-type=\"link\" data-id=\"https:\/\/www.seznamzpravy.cz\/clanek\/neumi-vase-banka-digitalni-identitu-jinde-vam-ji-daji-zdarma-bez-uctu-178747\" target=\"_blank\" rel=\"noreferrer noopener\">Seznamzpravy.cz<\/a>)<\/p>\n<\/div>\n","protected":false},"excerpt":{"rendered":"<p>Ov\u011b\u0159en\u00ed \u00fa\u010dtu pomoc\u00ed bankovn\u00ed identity lze prov\u00e9st v nastaven\u00ed Seznam \u00fa\u010dtu v sekci Osobn\u00ed \u00fadaje. Ov\u011b\u0159en\u00ed prov\u00e1d\u00edme ve spolupr\u00e1ci s poskytovatelem slu\u017eby BankiD a pou\u017e\u00edv\u00e1 se k n\u011bmu p\u0159ihl\u00e1\u0161en\u00ed elektronickou identitou, kterou v\u00e1m vystavila va\u0161e banka. \u00da\u010det ov\u011b\u0159en\u00e9ho u\u017eivatele je na vybran\u00fdch slu\u017eb\u00e1ch ozna\u010den modr\u00fdm symbolem ov\u011b\u0159en\u00ed a z\u00edsk\u00e1v\u00e1 n\u011bkter\u00e9 dal\u0161\u00ed v\u00fdhody \u2013 mo\u017enost obnovit [&hellip;]<\/p>\n","protected":false},"author":6,"featured_media":0,"parent":88,"menu_order":0,"comment_status":"closed","ping_status":"closed","template":"page-sidemenu","meta":{"_acf_changed":false,"_relevanssi_hide_post":"","_relevanssi_hide_content":"","_relevanssi_pin_for_all":"","_relevanssi_pin_keywords":"","_relevanssi_unpin_keywords":"","_relevanssi_related_keywords":"","_relevanssi_related_include_ids":"","_relevanssi_related_exclude_ids":"","_relevanssi_related_no_append":"","_relevanssi_related_not_related":"","_relevanssi_related_posts":"","_relevanssi_noindex_reason":"","footnotes":""},"page_category":[24],"page_tag":[],"service_status_category":[],"class_list":["post-109","page","type-page","status-publish","hentry"],"acf":[],"lang":"cs","translations":{"cs":109},"pll_sync_post":[],"_links":{"self":[{"href":"https:\/\/o-seznam.cz\/napoveda\/ucet\/wp-json\/wp\/v2\/pages\/109","targetHints":{"allow":["GET"]}}],"collection":[{"href":"https:\/\/o-seznam.cz\/napoveda\/ucet\/wp-json\/wp\/v2\/pages"}],"about":[{"href":"https:\/\/o-seznam.cz\/napoveda\/ucet\/wp-json\/wp\/v2\/types\/page"}],"author":[{"embeddable":true,"href":"https:\/\/o-seznam.cz\/napoveda\/ucet\/wp-json\/wp\/v2\/users\/6"}],"replies":[{"embeddable":true,"href":"https:\/\/o-seznam.cz\/napoveda\/ucet\/wp-json\/wp\/v2\/comments?post=109"}],"version-history":[{"count":11,"href":"https:\/\/o-seznam.cz\/napoveda\/ucet\/wp-json\/wp\/v2\/pages\/109\/revisions"}],"predecessor-version":[{"id":2746,"href":"https:\/\/o-seznam.cz\/napoveda\/ucet\/wp-json\/wp\/v2\/pages\/109\/revisions\/2746"}],"up":[{"embeddable":true,"href":"https:\/\/o-seznam.cz\/napoveda\/ucet\/wp-json\/wp\/v2\/pages\/88"}],"wp:attachment":[{"href":"https:\/\/o-seznam.cz\/napoveda\/ucet\/wp-json\/wp\/v2\/media?parent=109"}],"wp:term":[{"taxonomy":"page_category","embeddable":true,"href":"https:\/\/o-seznam.cz\/napoveda\/ucet\/wp-json\/wp\/v2\/page_category?post=109"},{"taxonomy":"page_tag","embeddable":true,"href":"https:\/\/o-seznam.cz\/napoveda\/ucet\/wp-json\/wp\/v2\/page_tag?post=109"},{"taxonomy":"service_status_category","embeddable":true,"href":"https:\/\/o-seznam.cz\/napoveda\/ucet\/wp-json\/wp\/v2\/service_status_category?post=109"}],"curies":[{"name":"wp","href":"https:\/\/api.w.org\/{rel}","templated":true}]}}