{"id":1077,"date":"2025-02-11T14:09:49","date_gmt":"2025-02-11T13:09:49","guid":{"rendered":"https:\/\/o-seznam.cz\/napoveda\/ucet\/?page_id=1077"},"modified":"2026-02-19T09:49:18","modified_gmt":"2026-02-19T08:49:18","slug":"cenik-produktu-predplatneho-pro-personalizaci-obsahu-a-reklamy","status":"publish","type":"page","link":"https:\/\/o-seznam.cz\/napoveda\/ucet\/data-a-personalizace\/cenik-produktu-predplatneho-pro-personalizaci-obsahu-a-reklamy\/","title":{"rendered":"Cen\u00edk produkt\u016f p\u0159edplatn\u00e9ho pro personalizaci obsahu a reklamy"},"content":{"rendered":"\n<p>Platn\u00fd od 11. \u00fanora 2025<\/p>\n\n\n\n<figure class=\"wp-block-table\"><table class=\"has-fixed-layout\"><thead><tr><th>Slu\u017eba<\/th><th>Cena (m\u011bs\u00ed\u010dn\u011b)<\/th><th>Dal\u0161\u00ed mo\u017enosti<\/th><\/tr><\/thead><tbody><tr><td><strong>Seznam bez reklam<\/strong><\/td><td>179 K\u010d<\/td><td>Ro\u010dn\u00ed p\u0159edplatn\u00e9: 1 500 K\u010d<\/td><\/tr><tr><td><strong>Seznam bez c\u00edlen\u00e9 reklamy<\/strong><\/td><td>49 K\u010d&nbsp;<\/td><td>Pouze m\u011bs\u00ed\u010dn\u00ed p\u0159edplatn\u00e9<\/td><\/tr><\/tbody><\/table><\/figure>\n\n\n\n<p><em>V\u0161echny uveden\u00e9 ceny jsou v\u010detn\u011b DPH.<\/em><\/p>\n\n\n\n<p><strong>Popis slu\u017eeb:<\/strong><\/p>\n\n\n\n<ul class=\"wp-block-list\">\n<li><strong>Seznam bez reklam<\/strong>: Odstran\u011bn\u00ed reklam na platform\u00e1ch Seznam.cz pro ni\u010d\u00edm neru\u0161en\u00e9 pou\u017e\u00edv\u00e1n\u00ed. <strong>V\u00fdjimky v zobrazen\u00ed reklam v r\u00e1mci komer\u010dn\u00ed spolupr\u00e1ce<\/strong>&nbsp;najdete&nbsp;<a href=\"https:\/\/o-seznam.cz\/napoveda\/ucet\/data-a-personalizace\/seznam-bez-reklam\/#vyjimky-v-zobrazeni-reklamy\">zde<\/a>.<\/li>\n\n\n\n<li><strong>Seznam bez c\u00edlen\u00e9 reklamy<\/strong>: Omezuje vyu\u017e\u00edv\u00e1n\u00ed va\u0161ich dat pro c\u00edlen\u00ed reklamy a zobrazov\u00e1n\u00ed personalizovan\u00fdch reklam.&nbsp;<\/li>\n<\/ul>\n\n\n\n<p><\/p>\n","protected":false},"excerpt":{"rendered":"<p>Platn\u00fd od 11. \u00fanora 2025 Slu\u017eba Cena (m\u011bs\u00ed\u010dn\u011b) Dal\u0161\u00ed mo\u017enosti Seznam bez reklam 179 K\u010d Ro\u010dn\u00ed p\u0159edplatn\u00e9: 1 500 K\u010d Seznam bez c\u00edlen\u00e9 reklamy 49 K\u010d&nbsp; Pouze m\u011bs\u00ed\u010dn\u00ed p\u0159edplatn\u00e9 V\u0161echny uveden\u00e9 ceny jsou v\u010detn\u011b DPH. Popis slu\u017eeb:<\/p>\n","protected":false},"author":18,"featured_media":0,"parent":98,"menu_order":20,"comment_status":"closed","ping_status":"closed","template":"page-sidemenu","meta":{"_acf_changed":false,"_relevanssi_hide_post":"","_relevanssi_hide_content":"","_relevanssi_pin_for_all":"","_relevanssi_pin_keywords":"","_relevanssi_unpin_keywords":"","_relevanssi_related_keywords":"","_relevanssi_related_include_ids":"","_relevanssi_related_exclude_ids":"","_relevanssi_related_no_append":"","_relevanssi_related_not_related":"","_relevanssi_related_posts":"","_relevanssi_noindex_reason":"","footnotes":""},"page_category":[24],"page_tag":[],"service_status_category":[],"class_list":["post-1077","page","type-page","status-publish","hentry"],"acf":[],"lang":"cs","translations":{"cs":1077},"pll_sync_post":[],"_links":{"self":[{"href":"https:\/\/o-seznam.cz\/napoveda\/ucet\/wp-json\/wp\/v2\/pages\/1077","targetHints":{"allow":["GET"]}}],"collection":[{"href":"https:\/\/o-seznam.cz\/napoveda\/ucet\/wp-json\/wp\/v2\/pages"}],"about":[{"href":"https:\/\/o-seznam.cz\/napoveda\/ucet\/wp-json\/wp\/v2\/types\/page"}],"author":[{"embeddable":true,"href":"https:\/\/o-seznam.cz\/napoveda\/ucet\/wp-json\/wp\/v2\/users\/18"}],"replies":[{"embeddable":true,"href":"https:\/\/o-seznam.cz\/napoveda\/ucet\/wp-json\/wp\/v2\/comments?post=1077"}],"version-history":[{"count":7,"href":"https:\/\/o-seznam.cz\/napoveda\/ucet\/wp-json\/wp\/v2\/pages\/1077\/revisions"}],"predecessor-version":[{"id":2861,"href":"https:\/\/o-seznam.cz\/napoveda\/ucet\/wp-json\/wp\/v2\/pages\/1077\/revisions\/2861"}],"up":[{"embeddable":true,"href":"https:\/\/o-seznam.cz\/napoveda\/ucet\/wp-json\/wp\/v2\/pages\/98"}],"wp:attachment":[{"href":"https:\/\/o-seznam.cz\/napoveda\/ucet\/wp-json\/wp\/v2\/media?parent=1077"}],"wp:term":[{"taxonomy":"page_category","embeddable":true,"href":"https:\/\/o-seznam.cz\/napoveda\/ucet\/wp-json\/wp\/v2\/page_category?post=1077"},{"taxonomy":"page_tag","embeddable":true,"href":"https:\/\/o-seznam.cz\/napoveda\/ucet\/wp-json\/wp\/v2\/page_tag?post=1077"},{"taxonomy":"service_status_category","embeddable":true,"href":"https:\/\/o-seznam.cz\/napoveda\/ucet\/wp-json\/wp\/v2\/service_status_category?post=1077"}],"curies":[{"name":"wp","href":"https:\/\/api.w.org\/{rel}","templated":true}]}}