{"id":1042,"date":"2025-01-15T10:05:19","date_gmt":"2025-01-15T09:05:19","guid":{"rendered":"https:\/\/o-seznam.cz\/napoveda\/ucet\/?page_id=1042"},"modified":"2025-11-04T15:00:01","modified_gmt":"2025-11-04T14:00:01","slug":"smluvni-podminky","status":"publish","type":"page","link":"https:\/\/o-seznam.cz\/napoveda\/ucet\/registrace\/smluvni-podminky\/","title":{"rendered":"Smluvn\u00ed podm\u00ednky"},"content":{"rendered":"<div>\n\t<a class=\"flex items-center gap-2 \" href=\"https:\/\/o-seznam.cz\/napoveda\/ucet\/wp-content\/uploads\/sites\/10\/2025\/11\/TermsAndConditions.pdf\" download=\"Terms-and-conditions.pdf\">\n\t\t<svg class=\"flex-none w-4 h-4 order-2\" viewBox=\"0 0 16 17\" fill=\"none\" xmlns=\"http:\/\/www.w3.org\/2000\/svg\">\n\t\t\t<path d=\"M1 11.5V13.5C1 14.6046 1.89543 15.5 3 15.5H13C14.1046 15.5 15 14.6046 15 13.5V11.5\" stroke=\"currentColor\" stroke-width=\"2\" stroke-linecap=\"round\" stroke-linejoin=\"round\"\/>\n\t\t\t<path d=\"M12 7.21429L8 11.5L4 7.21429M7.9668 11.5L7.9668 1.5\" stroke=\"currentColor\" stroke-width=\"2\" stroke-linecap=\"round\" stroke-linejoin=\"round\"\/>\n\t\t<\/svg>\n\t\t<span>Terms and conditions<\/span>\n\t<\/a>\n<\/div>\n\n\n<div>\n\t<a class=\"flex items-center gap-2 \" href=\"https:\/\/o-seznam.cz\/napoveda\/ucet\/wp-content\/uploads\/sites\/10\/2025\/11\/Geschaftsbedingungen.pdf\" download=\"Geschaftsbedingungen.pdf\">\n\t\t<svg class=\"flex-none w-4 h-4 order-2\" viewBox=\"0 0 16 17\" fill=\"none\" xmlns=\"http:\/\/www.w3.org\/2000\/svg\">\n\t\t\t<path d=\"M1 11.5V13.5C1 14.6046 1.89543 15.5 3 15.5H13C14.1046 15.5 15 14.6046 15 13.5V11.5\" stroke=\"currentColor\" stroke-width=\"2\" stroke-linecap=\"round\" stroke-linejoin=\"round\"\/>\n\t\t\t<path d=\"M12 7.21429L8 11.5L4 7.21429M7.9668 11.5L7.9668 1.5\" stroke=\"currentColor\" stroke-width=\"2\" stroke-linecap=\"round\" stroke-linejoin=\"round\"\/>\n\t\t<\/svg>\n\t\t<span>Gesch\u00e4ftsbedingungen<\/span>\n\t<\/a>\n<\/div>\n\n\n\n<div class=\"wp-block-group is-content-justification-left is-layout-constrained wp-container-core-group-is-layout-4efa5b59 wp-block-group-is-layout-constrained\">\n<p><strong>Smluvn\u00ed podm\u00ednky pro registraci u\u017eivatel\u016f slu\u017eeb poskytovan\u00fdch spole\u010dnost\u00ed Seznam.cz, a.s.<\/strong><\/p>\n\n\n\n<h2 class=\"wp-block-heading\"><strong>1. \u00davod<\/strong><\/h2>\n\n\n\n<p>1. 1.    Spole\u010dnost Seznam.cz, a.s., se s\u00eddlem na adrese: Praha 5 &#8211; Sm\u00edchov, Radlick\u00e1 3294\/10, PS\u010c: 150 00, I\u010cO: 26168685, zapsan\u00e1 v obchodn\u00edm rejst\u0159\u00edku veden\u00e9m M\u011bstsk\u00fdm soudem v Praze, odd\u00edl B, vlo\u017eka 6493, kontaktn\u00ed \u00fadaje: https:\/\/o.seznam.cz\/kontakty\/\u201c je provozovatelem \u010di spoluprovozovatelem \u0159ady internetov\u00fdch server\u016f a mobiln\u00edch aplikac\u00ed (d\u00e1le jen \u201eProvozovatel\u201c).<br><br>1.2.    Tyto smluvn\u00ed podm\u00ednky pro registraci u\u017eivatel\u016f (d\u00e1le jen \u201eU\u017eivatel\u201c) slu\u017eeb poskytovan\u00fdch Provozovatelem (d\u00e1le jen \u201ePodm\u00ednky\u201c) se uplatn\u00ed na v\u0161echny slu\u017eby v\u010detn\u011b mobiln\u00edch aplikac\u00ed Provozovatele, kter\u00e9 Provozovatel provozuje \u010di provozovat za\u010dne (d\u00e1le jen \u201eSlu\u017eby\u201c). Tyto Podm\u00ednky se p\u0159im\u011b\u0159en\u011b uplatn\u00ed tak\u00e9 na p\u0159ihl\u00e1\u0161en\u00ed U\u017eivatel\u016f prost\u0159ednictv\u00edm t\u0159et\u00edch stran za\u0159azen\u00fdch do partnersk\u00e9 s\u00edt\u011b Provozovatele (tzv. p\u0159ihl\u00e1\u0161en\u00ed p\u0159es Seznam). Tyto Podm\u00ednky se v\u0161ak nevztahuj\u00ed na registraci, p\u0159ihl\u00e1\u0161en\u00ed a odhl\u00e1\u0161en\u00ed ze slu\u017eeb t\u0159et\u00edch stran jako takov\u00fdch.<\/p>\n<\/div>\n\n\n\n<div class=\"wp-block-group is-content-justification-left is-layout-constrained wp-container-core-group-is-layout-4efa5b59 wp-block-group-is-layout-constrained\">\n<h2 class=\"wp-block-heading\"><strong>2. Popis Slu\u017eeb<\/strong><\/h2>\n\n\n\n<p>2. 1.    Tyto Podm\u00ednky upravuj\u00ed pr\u00e1va a povinnosti Provozovatele a U\u017eivatel\u016f Slu\u017eeb Provozovatele p\u0159i registraci, p\u0159ihl\u00e1\u0161en\u00ed a odhl\u00e1\u0161en\u00ed, v r\u00e1mci internetov\u00e9ho rozhran\u00ed \u010di mobiln\u00ed aplikace. V r\u00e1mci Podm\u00ednek nen\u00ed rozhodn\u00e9, zda se U\u017eivatel registroval p\u0159es internetov\u00e9 rozhran\u00ed \u010di mobiln\u00ed aplikaci.<\/p>\n<\/div>\n\n\n\n<div class=\"wp-block-group is-content-justification-left is-layout-constrained wp-container-core-group-is-layout-4efa5b59 wp-block-group-is-layout-constrained\">\n<h2 class=\"wp-block-heading\"><strong>3. Pr\u00e1va a povinnosti smluvn\u00edch stran<\/strong><\/h2>\n\n\n\n<p>3.1. Pro pln\u00e9 vyu\u017eit\u00ed Slu\u017eeb si U\u017eivatel vytvo\u0159\u00ed u\u017eivatelsk\u00fd \u00fa\u010det a ten vyu\u017e\u00edv\u00e1 za Podm\u00ednek, jako\u017e i za zvl\u00e1\u0161tn\u00edch podm\u00ednek pro vyu\u017eit\u00ed jednotliv\u00fdch Slu\u017eeb. <br><br>3.2. U\u017eivatelsk\u00fd \u00fa\u010det je tvo\u0159en U\u017eivatelem zvolen\u00fdm u\u017eivatelsk\u00fdm jm\u00e9nem, p\u0159\u00edstupov\u00fdm heslem a profilovou fotografi\u00ed U\u017eivatele, pokud byla ze strany U\u017eivatele nahr\u00e1na. U\u017eivatelsk\u00e9 jm\u00e9no je U\u017eivatel povinen zadat ve tvaru e-mailov\u00e9 adresy \u010di telefonn\u00edho \u010d\u00edsla.<br><br>3.3. V r\u00e1mci registrace je U\u017eivatel povinen uv\u00e9st \u00fadaje vy\u017eadovan\u00e9 Provozovatelem. <br><br>3.4. V r\u00e1mci u\u017eivatelsk\u00e9ho \u00fa\u010dtu je ka\u017ed\u00e9mu U\u017eivateli vytvo\u0159en profil U\u017eivatele, kter\u00fd obsahuje u\u017eivatelsk\u00e9 jm\u00e9no a profilovou fotografii U\u017eivatele, pokud byla ze strany U\u017eivatele nahr\u00e1na, p\u0159i\u010dem\u017e tyto \u00fadaje jsou viditeln\u00e9 pro v\u0161echny u\u017eivatele Slu\u017eeb (d\u00e1le jen \u201eProfil U\u017eivatele\u201c). Profil U\u017eivatele d\u00e1le obsahuje \u00fadaje o aktivit\u011b U\u017eivatele na jednotliv\u00fdch Slu\u017eb\u00e1ch, av\u0161ak viditelnost t\u011bchto \u00fadaj\u016f pro v\u0161echny u\u017eivatele Slu\u017eeb m\u016f\u017ee b\u00fdt ze strany U\u017eivatele upravena, p\u0159\u00edpadn\u011b zcela skryta prost\u0159ednictv\u00edm funkce zm\u011bn a nastaven\u00ed v p\u0159\u00edslu\u0161n\u00e9 sekci Profilu U\u017eivatele.<br><br>3.5. V p\u0159\u00edpad\u011b, \u017ee U\u017eivatel zve\u0159ejn\u00ed v r\u00e1mci Profilu U\u017eivatele \u010di u\u017eivatelsk\u00e9ho \u00fa\u010dtu profilovou fotografii \u010di dal\u0161\u00ed fotografie, okam\u017eikem zve\u0159ejn\u011bn\u00ed t\u011bchto fotografi\u00ed ud\u011bluje Provozovateli pro napln\u011bn\u00ed p\u0159edm\u011btu spolupr\u00e1ce a v souvislosti s nutnou sou\u010dinnost\u00ed nev\u00fdhradn\u00ed licenci k jejich u\u017eit\u00ed na Slu\u017eb\u00e1ch, a to na dobu, po kterou U\u017eivatel tyto fotografie v r\u00e1mci Profilu U\u017eivatele \u010di u\u017eivatelsk\u00e9ho \u00fa\u010dtu u\u017e\u00edv\u00e1, a ke zp\u016fsob\u016fm u\u017eit\u00ed v souladu s ur\u010den\u00edm Slu\u017eeb a t\u011bmito Podm\u00ednkami.<br><br>3.6. U\u017eivatel bere na v\u011bdom\u00ed, \u017ee zve\u0159ejn\u011bn\u00ed fotografi\u00ed podle t\u011bchto Podm\u00ednek je u\u017eit\u00edm d\u00edla ve smyslu z\u00e1kona \u010d. 121\/2000 Sb., o pr\u00e1vu autorsk\u00e9m, o pr\u00e1vech souvisej\u00edc\u00edch s pr\u00e1vem autorsk\u00fdm a o zm\u011bn\u011b n\u011bkter\u00fdch z\u00e1kon\u016f (autorsk\u00fd z\u00e1kon), ve zn\u011bn\u00ed pozd\u011bj\u0161\u00edch p\u0159edpis\u016f, a m\u016f\u017ee podl\u00e9hat souhlasu jejich autora nebo jin\u00e9 opr\u00e1vn\u011bn\u00e9 osoby. U\u017eivatel proto prohla\u0161uje, \u017ee je nositelem ve\u0161ker\u00fdch pr\u00e1v k fotografi\u00edm zve\u0159ejn\u011bn\u00fdm v Profilu U\u017eivatele \u010di u\u017eivatelsk\u00e9m \u00fa\u010dtu v rozsahu odpov\u00eddaj\u00edc\u00edm ur\u010den\u00ed Slu\u017eeb a t\u011bmto Podm\u00ednk\u00e1m, a \u017ee \u017e\u00e1dn\u00e1 pr\u00e1va t\u0159et\u00ed strany nebr\u00e1n\u00ed zp\u0159\u00edstupn\u011bn\u00ed t\u011bchto fotografi\u00ed na Slu\u017eb\u00e1ch. U\u017eivatel d\u00e1le prohla\u0161uje, \u017ee zp\u0159\u00edstupn\u011bn\u00edm t\u011bchto fotografi\u00ed na Slu\u017eb\u00e1ch nebudou dot\u010dena \u017e\u00e1dn\u00e1 pr\u00e1va t\u0159et\u00edch osob, zejm\u00e9na (nikoliv v\u0161ak v\u00fdlu\u010dn\u011b) pr\u00e1va nositel\u016f autorsk\u00fdch pr\u00e1v, pr\u00e1va na ochranu osobnosti, jin\u00e1 pr\u00e1va t\u0159et\u00edch osob, a ani nebudou poru\u0161eny platn\u00e9 a \u00fa\u010dinn\u00e9 pr\u00e1vn\u00ed p\u0159edpisy. U\u017eivatel odpov\u00edd\u00e1 Provozovateli za ve\u0161kerou \u0161kodu zp\u016fsobenou nepravdivost\u00ed kter\u00e9hokoliv prohl\u00e1\u0161en\u00ed podle tohoto \u010dl\u00e1nku.<\/p>\n\n\n\n<p>3.7.    Fotografie zve\u0159ejn\u011bn\u00e9 v Profilu U\u017eivatele \u010di u\u017eivatelsk\u00e9m \u00fa\u010dtu mus\u00ed spl\u0148ovat n\u00e1sleduj\u00edc\u00ed pravidla:<br>    a) nesm\u011bj\u00ed poru\u0161ovat platn\u00e9 a \u00fa\u010dinn\u00e9 pr\u00e1vn\u00ed p\u0159edpisy \u010cR;<br>    b) nesm\u011bj\u00ed zahrnovat erotick\u00fd \u010di sexu\u00e1ln\u011b explicitn\u00ed obsah;<br>    c) nesm\u011bj\u00ed vyvol\u00e1vat myln\u00fd dojem o identit\u011b U\u017eivatele (nap\u0159. fotografie, kter\u00fdmi se U\u017eivatel myln\u011b vyd\u00e1v\u00e1 za slavnou osobnost apod.).<br><br>3.8.     U\u017eivatel je povinen ve stanov\u00fdch p\u0159\u00edpadech, a to zejm\u00e9na v souvislosti s placen\u00fdmi Slu\u017ebami, uv\u00e9st v u\u017eivatelsk\u00e9m \u00fa\u010dtu e-mailovou adresu, p\u0159i\u010dem\u017e Provozovatel je opr\u00e1vn\u011bn k tomuto U\u017eivatele vyzvat.<\/p>\n<\/div>\n\n\n\n<div class=\"wp-block-group is-content-justification-left is-layout-constrained wp-container-core-group-is-layout-4efa5b59 wp-block-group-is-layout-constrained\">\n<h2 class=\"wp-block-heading\"><strong>4. P\u0159ihl\u00e1\u0161en\u00ed a odhl\u00e1\u0161en\u00ed U\u017eivatele<\/strong><\/h2>\n\n\n\n<p>4.1.    U\u017eivatel se p\u0159ihla\u0161uje do Slu\u017eby p\u0159ihl\u00e1\u0161en\u00edm k u\u017eivatelsk\u00e9mu \u00fa\u010dtu, tj. zad\u00e1n\u00edm u\u017eivatelsk\u00e9ho jm\u00e9na a p\u0159\u00edstupov\u00e9ho hesla, nebo prost\u0159ednictv\u00edm poskytovatel\u016f identity t\u0159et\u00edch stran. Pokud u\u017eivatelsk\u00e9 jm\u00e9no odpov\u00edd\u00e1 telefonn\u00edmu \u010d\u00edslu U\u017eivatele, p\u0159i prvn\u00edm, p\u0159\u00edp. druh\u00e9m p\u0159ihl\u00e1\u0161en\u00ed bude formou SMS zpr\u00e1vy U\u017eivateli zasl\u00e1no jednor\u00e1zov\u00e9 p\u0159\u00edstupov\u00e9 heslo. U\u017eivatel bere na v\u011bdom\u00ed, \u017ee za zasl\u00e1n\u00ed uveden\u00e9 SMS zpr\u00e1vy mohou b\u00fdt U\u017eivateli \u00fa\u010dtov\u00e1ny poplatky oper\u00e1tora. Za \u00fahradu t\u011bchto poplatk\u016f Provozovatel neodpov\u00edd\u00e1.<br><br>4.2.    P\u0159ihl\u00e1\u0161en\u00edm je U\u017eivateli umo\u017en\u011bno vyu\u017e\u00edv\u00e1n\u00ed jednotliv\u00fdch Slu\u017eeb, za podm\u00ednky, \u017ee U\u017eivatel akceptoval smluvn\u00ed podm\u00ednky p\u0159\u00edslu\u0161n\u00e9 Slu\u017eby. U\u017eivatelsk\u00fd \u00fa\u010det je pou\u017eiteln\u00fd nap\u0159\u00ed\u010d Slu\u017ebami, tedy p\u0159i p\u0159echodu mezi Slu\u017ebami je U\u017eivatel automaticky p\u0159ihl\u00e1\u0161en a nen\u00ed t\u0159eba opakovan\u011b zad\u00e1vat p\u0159ihla\u0161ovac\u00ed \u00fadaje. Z technick\u00fdch d\u016fvod\u016f je v\u0161ak mo\u017en\u00e9, \u017ee jednotliv\u00e9 Slu\u017eby po\u017e\u00e1daj\u00ed ji\u017e p\u0159ihl\u00e1\u0161en\u00e9ho U\u017eivatele o zvl\u00e1\u0161tn\u00ed p\u0159ihl\u00e1\u0161en\u00ed \u010di akceptaci zvl\u00e1\u0161tn\u00edch smluvn\u00edch podm\u00ednek.<br><br>4.3.    Pro odhl\u00e1\u0161en\u00ed ze Slu\u017eby U\u017eivatel vyu\u017e\u00edv\u00e1 odkazu \u201eOdhl\u00e1sit\u201c, pop\u0159. \u201eOdhl\u00e1sit se\u201c \u010di jin\u00e9ho obdobn\u00e9ho odkazu, na str\u00e1nce Slu\u017eby. Odhl\u00e1\u0161en\u00edm z kter\u00e9koliv Slu\u017eby doch\u00e1z\u00ed k odhl\u00e1\u0161en\u00ed U\u017eivatele ze v\u0161ech Slu\u017eeb a U\u017eivateli je znemo\u017en\u011bno Slu\u017eby vyu\u017e\u00edvat zp\u016fsobem vy\u017eaduj\u00edc\u00edm p\u0159ihl\u00e1\u0161en\u00ed.<br><br>4.4.    Po odhl\u00e1\u0161en\u00ed se U\u017eivatel pova\u017euje za tzv. identifikovan\u00e9ho u\u017eivatele, tzn., v r\u00e1mci za\u0159\u00edzen\u00ed a prohl\u00ed\u017ee\u010de, ze kter\u00e9ho se U\u017eivatel p\u0159ihl\u00e1sil ke Slu\u017eb\u011b, m\u016f\u017ee b\u00fdt U\u017eivatel nad\u00e1le identifikov\u00e1n nap\u0159\u00edklad sv\u00fdm u\u017eivatelsk\u00fdm jm\u00e9nem, profilov\u00fdm obr\u00e1zkem (pokud jej U\u017eivatel v r\u00e1mci Profilu U\u017eivatele nahr\u00e1l), p\u0159\u00edpadn\u011b jin\u00fdm \u00fadajem uveden\u00fdm U\u017eivatelem p\u0159i registraci \u010di dopln\u011bn\u00fdm do Profilu U\u017eivatele, co\u017e U\u017eivateli po zad\u00e1n\u00ed p\u0159\u00edstupov\u00e9ho hesla umo\u017e\u0148uje pohodln\u00e9 op\u011btovn\u00e9 p\u0159ihl\u00e1\u0161en\u00ed ke Slu\u017eb\u00e1m. Pro odstran\u011bn\u00ed identifikace ze za\u0159\u00edzen\u00ed U\u017eivatel vyu\u017e\u00edv\u00e1 odkazu \u201eZapomenout\u201c, pop\u0159. \u201eZapomenout u\u017eivatele\u201c \u010di jin\u00e9ho obdobn\u00e9ho odkazu.<\/p>\n<\/div>\n\n\n\n<div class=\"wp-block-group is-content-justification-left is-layout-constrained wp-container-core-group-is-layout-4efa5b59 wp-block-group-is-layout-constrained\">\n<h2 class=\"wp-block-heading\"><strong>5. N\u00e1sledky poru\u0161en\u00ed povinnost\u00ed U\u017eivatele<\/strong><\/h2>\n\n\n\n<p>5. 1.    Provozovatel si vyhrazuje pr\u00e1vo vymazat u\u017eivatelsk\u00e9 \u00fa\u010dty, jejich\u017e u\u017eivatelsk\u00e9 jm\u00e9no vzbuzuje pohor\u0161en\u00ed a\/nebo je v rozporu s dobr\u00fdmi mravy \u010di ve\u0159ejn\u00fdm po\u0159\u00e1dkem \u010di pr\u00e1vy Provozovatele a\/nebo t\u0159et\u00edch osob, a to i bez p\u0159edchoz\u00ed v\u00fdzvy k n\u00e1prav\u011b a bez n\u00e1hrady. Zvl\u00e1\u0161tn\u00ed podm\u00ednky Slu\u017eeb mohou stanovit dal\u0161\u00ed opr\u00e1vn\u011bn\u00ed k v\u00fdmazu u\u017eivatelsk\u00fdch \u00fa\u010dt\u016f. <br><br>5.2.    Provozovatel si d\u00e1le vyhrazuje n\u00e1sleduj\u00edc\u00ed opat\u0159en\u00ed, kter\u00e9 je opr\u00e1vn\u011bn uplatnit v\u016f\u010di u\u017eivatelsk\u00fdm \u00fa\u010dt\u016fm, kter\u00fdmi jsou poru\u0161ov\u00e1ny Podm\u00ednky a\/nebo smluvn\u00ed podm\u00ednky jednotliv\u00fdch Slu\u017eeb a\/nebo platn\u00e9 pr\u00e1vn\u00ed p\u0159edpisy, dobr\u00e9 mravy, ve\u0159ejn\u00fd po\u0159\u00e1dek \u010di pr\u00e1va Provozovatele a\/nebo t\u0159et\u00edch osob, a to i bez p\u0159edchoz\u00ed v\u00fdzvy k n\u00e1prav\u011b a bez n\u00e1hrady:<br>&#8211; v\u00fdmaz u\u017eivatelsk\u00e9ho \u00fa\u010dtu;<br>&#8211; do\u010dasn\u00e9 nebo trval\u00e9 omezen\u00ed p\u0159\u00edstupu (tj. blokace) do u\u017eivatelsk\u00e9ho \u00fa\u010dtu.<br>Provozovatel je opr\u00e1vn\u011bn uplatnit tato opat\u0159en\u00ed i v\u016f\u010di u\u017eivatelsk\u00fdm \u00fa\u010dt\u016fm, ke kter\u00fdm se v\u00e1\u017e\u00ed stejn\u00e9 identifika\u010dn\u00ed \u00fadaje jako k u\u017eivatelsk\u00e9mu \u00fa\u010dtu, k n\u011bmu\u017e byl U\u017eivateli omezen p\u0159\u00edstup nebo byl vymaz\u00e1n z n\u011bkter\u00e9ho z d\u016fvod\u016f uveden\u00fdch v tomto odstavci.<br><br>5.3.    Provozovatel si vyhrazuje pr\u00e1vo vymazat u\u017eivatelsk\u00e9 \u00fa\u010dty U\u017eivatel\u016f, kte\u0159\u00ed ve stanoven\u00e9 lh\u016ft\u011b po registraci u\u017eivatelsk\u00e9ho \u00fa\u010dtu U\u017eivatele nedopln\u00ed do u\u017eivatelsk\u00e9ho \u00fa\u010dtu U\u017eivatele informace, kter\u00e9 jsou stanoveny Provozovatelem jako povinn\u00e9.<br><br>5.4.    Provozovatel si d\u00e1le vyhrazuje pr\u00e1vo vymazat u\u017eivatelsk\u00fd \u00fa\u010det U\u017eivatele, kter\u00fd je v\u00edce jak 2 kalend\u00e1\u0159n\u00ed roky neaktivn\u00ed (zejm\u00e9na, pokud se U\u017eivatel do tohoto u\u017eivatelsk\u00e9ho \u00fa\u010dtu nep\u0159ihl\u00e1sil nebo u\u017eivatelsk\u00fd \u00fa\u010det vykazuje jin\u00e9 znaky neaktivity).<br><br>5.5.    Provozovatel si vyhrazuje pr\u00e1vo \u010dinit opat\u0159en\u00ed podle tohoto \u010dl\u00e1nku administr\u00e1tory Slu\u017eby a\/nebo formou automatizovan\u00fdch syst\u00e9m\u016f.<\/p>\n<\/div>\n\n\n\n<div class=\"wp-block-group is-content-justification-left is-layout-constrained wp-container-core-group-is-layout-4efa5b59 wp-block-group-is-layout-constrained\">\n<h2 class=\"wp-block-heading\"><strong>6. Zpracov\u00e1n\u00ed osobn\u00edch \u00fadaj\u016f<\/strong><\/h2>\n\n\n\n<p>6.1.    Provozovatel postupuje p\u0159i zpracov\u00e1n\u00ed osobn\u00edch \u00fadaj\u016f v souladu s na\u0159\u00edzen\u00edm Evropsk\u00e9ho parlamentu a Rady (EU) \u010d. 2016\/679 o ochran\u011b fyzick\u00fdch osob v souvislosti se zpracov\u00e1n\u00edm osobn\u00edch \u00fadaj\u016f a o voln\u00e9m pohybu t\u011bchto \u00fadaj\u016f (obecn\u00e9 na\u0159\u00edzen\u00ed o ochran\u011b osobn\u00edch \u00fadaj\u016f, d\u00e1le jen \u201ena\u0159\u00edzen\u00ed\u201c), z\u00e1konem \u010d. 110\/2019 Sb., o zpracov\u00e1n\u00ed osobn\u00edch \u00fadaj\u016f, z\u00e1konem \u010d. 111\/2019 Sb., kter\u00fdm se m\u011bn\u00ed n\u011bkter\u00e9 z\u00e1kony s p\u0159ijet\u00edm z\u00e1kona o zpracov\u00e1n\u00ed osobn\u00edch \u00fadaj\u016f, z\u00e1konem \u010d. 480\/2004 Sb., o n\u011bkter\u00fdch slu\u017eb\u00e1ch informa\u010dn\u00ed spole\u010dnosti, z\u00e1konem \u010d. 127\/2005 Sb., o elektronick\u00fdch komunikac\u00edch a dal\u0161\u00edmi pr\u00e1vn\u00edmi p\u0159edpisy upravuj\u00edc\u00ed ochranu osobn\u00edch \u00fadaj\u016f.<br><br>6.2.    Pro registraci U\u017eivatele na Slu\u017eb\u00e1ch a pro rozpozn\u00e1n\u00ed p\u0159ihl\u00e1\u0161en\u00e9ho \u010di identifikovan\u00e9ho U\u017eivatele je Provozovatel opr\u00e1vn\u011bn zpracov\u00e1vat osobn\u00ed \u00fadaje U\u017eivatele nebo osobn\u00ed \u00fadaje poskytnut\u00e9 \u010di zadan\u00e9 U\u017eivatelem p\u0159i registraci a\/nebo dopln\u011bn\u00e9 na jak\u00e9koliv Slu\u017eb\u011b Provozovatele. U\u017eivatel bere na v\u011bdom\u00ed, \u017ee pro zaji\u0161t\u011bn\u00ed bezpe\u010dnosti U\u017eivatel\u016f a jejich dat je Provozovatel opr\u00e1vn\u011bn zpracov\u00e1vat osobn\u00ed \u00fadaje U\u017eivatele zadan\u00e9 \u010di dopln\u011bn\u00e9 na jak\u00e9koliv Slu\u017eb\u011b nap\u0159\u00ed\u010d v\u0161emi Slu\u017ebami Provozovatele, a to z d\u016fvodu kvalitn\u011bj\u0161\u00edho rozpozn\u00e1n\u00ed ji\u017e p\u0159ihl\u00e1\u0161en\u00e9ho \u010di identifikovan\u00e9ho U\u017eivatele.<br><br>6.3.    Takov\u00e9 zpracov\u00e1n\u00ed osobn\u00edch \u00fadaj\u016f je z\u00e1konn\u00e9, jeliko\u017e je nezbytn\u00e9 p\u0159i pln\u011bn\u00ed smlouvy, na jej\u00edm\u017e z\u00e1klad\u011b Provozovatel poskytuje registraci na Slu\u017eb\u00e1ch, a jej\u00edch\u017e smluvn\u00ed stranou je U\u017eivatel, jako subjekt osobn\u00edch \u00fadaj\u016f.<br><br>6.4.    V konkr\u00e9tn\u00edch p\u0159\u00edpadech m\u016f\u017ee Provozovatel zpracov\u00e1vat osobn\u00ed \u00fadaje dle konkr\u00e9tn\u00edho \u00fa\u010delu pro ochranu opr\u00e1vn\u011bn\u00fdch z\u00e1jm\u016f Provozovatele nebo t\u0159et\u00edch osob (nap\u0159. z\u00e1jem na bezpe\u010dn\u00e9m fungov\u00e1n\u00ed Slu\u017eby) dle z\u00e1konn\u00fdch po\u017eadavk\u016f na zpracov\u00e1v\u00e1n\u00ed osobn\u00edch \u00fadaj\u016f. <br><br>6.5.    Pokud U\u017eivatel p\u0159edal \u010di p\u0159ed\u00e1 Provozovateli osobn\u00ed \u00fadaje jin\u00fdch fyzick\u00fdch osob, je U\u017eivatel povinen tyto fyzick\u00e9 osoby informovat o zpracov\u00e1n\u00ed osobn\u00edch \u00fadaj\u016f a zajistit tak z\u00e1konnost zpracov\u00e1n\u00ed osobn\u00edch \u00fadaj\u016f. V opa\u010dn\u00e9m p\u0159\u00edpad\u011b U\u017eivatel odpov\u00edd\u00e1 Provozovateli za zp\u016fsobenou \u0161kodu.<br><br>6.6.    K p\u0159ed\u00e1n\u00ed dat, kter\u00e1 mohou m\u00edt povahu osobn\u00edch \u00fadaj\u016f, t\u0159et\u00ed osob\u011b m\u016f\u017ee doj\u00edt v p\u0159\u00edpad\u011b, kdy se tak d\u011bje v souvislosti s provozov\u00e1n\u00edm Slu\u017eeb a je tak stanoveno smlouvou mezi Provozovatelem a takovouto t\u0159et\u00ed osobou.  Podrobn\u011bj\u0161\u00ed informace o nakl\u00e1d\u00e1n\u00ed s osobn\u00edmi \u00fadaji jsou uvedeny na internetov\u00fdch str\u00e1nk\u00e1ch Provozovatele, a to v p\u0159\u00edslu\u0161n\u00e9 sekci.<\/p>\n<\/div>\n\n\n\n<div class=\"wp-block-group is-content-justification-left is-layout-constrained wp-container-core-group-is-layout-4efa5b59 wp-block-group-is-layout-constrained\">\n<h2 class=\"wp-block-heading\"><strong>7. Z\u00e1v\u011bre\u010dn\u00e1 ustanoven\u00ed<\/strong><\/h2>\n\n\n\n<p>7.1. Na poskytov\u00e1n\u00ed Slu\u017eeb se d\u00e1le pou\u017eij\u00ed jejich zvl\u00e1\u0161tn\u00ed smluvn\u00ed podm\u00ednky. Ustanoven\u00ed smluvn\u00edch podm\u00ednek jednotliv\u00fdch Slu\u017eeb maj\u00ed p\u0159ed ustanoven\u00edmi t\u011bchto Podm\u00ednek p\u0159ednost. <br><br>7.2. Ned\u00edlnou sou\u010d\u00e1st\u00ed t\u011bchto Podm\u00ednek jsou <a href=\"https:\/\/o-seznam.cz\/napoveda\/ucet\/registrace\/smluvni-podminky-pro-predplatne-autoru\/\" data-type=\"link\" data-id=\"https:\/\/o-seznam.cz\/napoveda\/ucet\/registrace\/smluvni-podminky-pro-predplatne-autoru\/\">Smluvn\u00ed podm\u00ednky pro P\u0159edplatn\u00e9 autor\u016f<\/a>, a to ve vztahu k U\u017eivatel\u016fm, kter\u00fdm Provozovatel poskytne p\u0159\u00edstup k obsahu autora, kter\u00fd autor podm\u00ednil platbou. <br><br>7.3. Provozovatel si vyhrazuje pr\u00e1vo v p\u0159im\u011b\u0159en\u00e9m rozsahu jednostrann\u011b tyto Podm\u00ednky zm\u011bnit, zejm\u00e9na p\u0159i zm\u011bn\u011b legislativy, technick\u00e9 zm\u011bn\u011b Slu\u017eeb \u010di v p\u0159\u00edpad\u011b zm\u011bny provozn\u00edch, organiza\u010dn\u00edch \u010di obchodn\u00edch proces\u016f u Provozovatele. Provozovatel ozn\u00e1m\u00ed zm\u011bnu U\u017eivateli prost\u0159ednictv\u00edm rozhran\u00ed Slu\u017eby nebo e-mailem minim\u00e1ln\u011b 15 dn\u016f p\u0159ed \u00fa\u010dinnost\u00ed t\u00e9to zm\u011bny. U\u017eivatel m\u00e1 pr\u00e1vo odm\u00edtnout zm\u011bnu Podm\u00ednek a v takov\u00e9m p\u0159\u00edpad\u011b zru\u0161it sv\u016fj u\u017eivatelsk\u00fd \u00fa\u010det. Pokud U\u017eivatel u\u017e\u00edv\u00e1 po \u00fa\u010dinnosti zm\u011bny Podm\u00ednek i nad\u00e1le sv\u016fj u\u017eivatelsk\u00fd \u00fa\u010det, m\u00e1 se za to, \u017ee t\u00edm p\u0159ij\u00edm\u00e1 zm\u011bnu Podm\u00ednek.<\/p>\n\n\n\n<p>Tyto Podm\u00ednky nab\u00fdvaj\u00ed platnosti a \u00fa\u010dinnosti dne 3.11.2025.<\/p>\n<\/div>\n","protected":false},"excerpt":{"rendered":"<p>Smluvn\u00ed podm\u00ednky pro registraci u\u017eivatel\u016f slu\u017eeb poskytovan\u00fdch spole\u010dnost\u00ed Seznam.cz, a.s. 1. \u00davod 1. 1. Spole\u010dnost Seznam.cz, a.s., se s\u00eddlem na adrese: Praha 5 &#8211; Sm\u00edchov, Radlick\u00e1 3294\/10, PS\u010c: 150 00, I\u010cO: 26168685, zapsan\u00e1 v obchodn\u00edm rejst\u0159\u00edku veden\u00e9m M\u011bstsk\u00fdm soudem v Praze, odd\u00edl B, vlo\u017eka 6493, kontaktn\u00ed \u00fadaje: https:\/\/o.seznam.cz\/kontakty\/\u201c je provozovatelem \u010di spoluprovozovatelem \u0159ady internetov\u00fdch server\u016f [&hellip;]<\/p>\n","protected":false},"author":12,"featured_media":0,"parent":82,"menu_order":50,"comment_status":"closed","ping_status":"closed","template":"page-sidemenu","meta":{"_acf_changed":false,"_relevanssi_hide_post":"","_relevanssi_hide_content":"","_relevanssi_pin_for_all":"","_relevanssi_pin_keywords":"","_relevanssi_unpin_keywords":"","_relevanssi_related_keywords":"","_relevanssi_related_include_ids":"","_relevanssi_related_exclude_ids":"","_relevanssi_related_no_append":"","_relevanssi_related_not_related":"","_relevanssi_related_posts":"","_relevanssi_noindex_reason":"","footnotes":""},"page_category":[24],"page_tag":[],"service_status_category":[],"class_list":["post-1042","page","type-page","status-publish","hentry"],"acf":[],"lang":"cs","translations":{"cs":1042},"pll_sync_post":[],"_links":{"self":[{"href":"https:\/\/o-seznam.cz\/napoveda\/ucet\/wp-json\/wp\/v2\/pages\/1042","targetHints":{"allow":["GET"]}}],"collection":[{"href":"https:\/\/o-seznam.cz\/napoveda\/ucet\/wp-json\/wp\/v2\/pages"}],"about":[{"href":"https:\/\/o-seznam.cz\/napoveda\/ucet\/wp-json\/wp\/v2\/types\/page"}],"author":[{"embeddable":true,"href":"https:\/\/o-seznam.cz\/napoveda\/ucet\/wp-json\/wp\/v2\/users\/12"}],"replies":[{"embeddable":true,"href":"https:\/\/o-seznam.cz\/napoveda\/ucet\/wp-json\/wp\/v2\/comments?post=1042"}],"version-history":[{"count":5,"href":"https:\/\/o-seznam.cz\/napoveda\/ucet\/wp-json\/wp\/v2\/pages\/1042\/revisions"}],"predecessor-version":[{"id":2665,"href":"https:\/\/o-seznam.cz\/napoveda\/ucet\/wp-json\/wp\/v2\/pages\/1042\/revisions\/2665"}],"up":[{"embeddable":true,"href":"https:\/\/o-seznam.cz\/napoveda\/ucet\/wp-json\/wp\/v2\/pages\/82"}],"wp:attachment":[{"href":"https:\/\/o-seznam.cz\/napoveda\/ucet\/wp-json\/wp\/v2\/media?parent=1042"}],"wp:term":[{"taxonomy":"page_category","embeddable":true,"href":"https:\/\/o-seznam.cz\/napoveda\/ucet\/wp-json\/wp\/v2\/page_category?post=1042"},{"taxonomy":"page_tag","embeddable":true,"href":"https:\/\/o-seznam.cz\/napoveda\/ucet\/wp-json\/wp\/v2\/page_tag?post=1042"},{"taxonomy":"service_status_category","embeddable":true,"href":"https:\/\/o-seznam.cz\/napoveda\/ucet\/wp-json\/wp\/v2\/service_status_category?post=1042"}],"curies":[{"name":"wp","href":"https:\/\/api.w.org\/{rel}","templated":true}]}}