{"id":102,"date":"2024-10-10T00:17:09","date_gmt":"2024-10-09T22:17:09","guid":{"rendered":"https:\/\/o-seznam.cz\/napoveda\/ucet\/?page_id=102"},"modified":"2025-10-30T09:30:37","modified_gmt":"2025-10-30T08:30:37","slug":"zasady-bezpecnosti","status":"publish","type":"page","link":"https:\/\/o-seznam.cz\/napoveda\/ucet\/zasady-bezpecnosti\/","title":{"rendered":"Z\u00e1sady bezpe\u010dnosti na internetu"},"content":{"rendered":"\n<div class=\"wp-block-group is-layout-constrained wp-block-group-is-layout-constrained\"><div class=\"wp-block-seznam-list-pages\"><div>\n<div style=\"--seznam-tiles--columns:3\" class=\"wp-block-seznam-tiles has-columns-3\"><div class=\"inner-blocks\">\n<div class=\"block-boxlink\"><a class=\"boxlink boxlink--icon-arrow boxlink--align-y-center px-f8 py-f4\" href=\"https:\/\/o-seznam.cz\/napoveda\/ucet\/zasady-bezpecnosti\/bezpecne-chovani\/\"><div class=\"inner-blocks\">Bezpe\u010dn\u00e9 chov\u00e1n\u00ed<\/div><\/a><\/div><div class=\"block-boxlink\"><a class=\"boxlink boxlink--icon-arrow boxlink--align-y-center px-f8 py-f4\" href=\"https:\/\/o-seznam.cz\/napoveda\/ucet\/zasady-bezpecnosti\/bezpecne-heslo\/\"><div class=\"inner-blocks\">Bezpe\u010dn\u00e9 heslo<\/div><\/a><\/div><div class=\"block-boxlink\"><a class=\"boxlink boxlink--icon-arrow boxlink--align-y-center px-f8 py-f4\" href=\"https:\/\/o-seznam.cz\/napoveda\/ucet\/zasady-bezpecnosti\/kradez-uctu\/\"><div class=\"inner-blocks\">Kr\u00e1de\u017e \u00fa\u010dtu<\/div><\/a><\/div><\/div><\/div>\n\n<\/div><\/div>\n<\/div>\n","protected":false},"excerpt":{"rendered":"","protected":false},"author":6,"featured_media":0,"parent":0,"menu_order":110,"comment_status":"closed","ping_status":"closed","template":"page-sidemenu","meta":{"_acf_changed":false,"_relevanssi_hide_post":"","_relevanssi_hide_content":"","_relevanssi_pin_for_all":"","_relevanssi_pin_keywords":"","_relevanssi_unpin_keywords":"","_relevanssi_related_keywords":"","_relevanssi_related_include_ids":"","_relevanssi_related_exclude_ids":"","_relevanssi_related_no_append":"","_relevanssi_related_not_related":"","_relevanssi_related_posts":"","_relevanssi_noindex_reason":"","footnotes":""},"page_category":[24],"page_tag":[],"service_status_category":[],"class_list":["post-102","page","type-page","status-publish","hentry"],"acf":[],"lang":"cs","translations":{"cs":102,"en":1675},"pll_sync_post":[],"_links":{"self":[{"href":"https:\/\/o-seznam.cz\/napoveda\/ucet\/wp-json\/wp\/v2\/pages\/102","targetHints":{"allow":["GET"]}}],"collection":[{"href":"https:\/\/o-seznam.cz\/napoveda\/ucet\/wp-json\/wp\/v2\/pages"}],"about":[{"href":"https:\/\/o-seznam.cz\/napoveda\/ucet\/wp-json\/wp\/v2\/types\/page"}],"author":[{"embeddable":true,"href":"https:\/\/o-seznam.cz\/napoveda\/ucet\/wp-json\/wp\/v2\/users\/6"}],"replies":[{"embeddable":true,"href":"https:\/\/o-seznam.cz\/napoveda\/ucet\/wp-json\/wp\/v2\/comments?post=102"}],"version-history":[{"count":5,"href":"https:\/\/o-seznam.cz\/napoveda\/ucet\/wp-json\/wp\/v2\/pages\/102\/revisions"}],"predecessor-version":[{"id":941,"href":"https:\/\/o-seznam.cz\/napoveda\/ucet\/wp-json\/wp\/v2\/pages\/102\/revisions\/941"}],"wp:attachment":[{"href":"https:\/\/o-seznam.cz\/napoveda\/ucet\/wp-json\/wp\/v2\/media?parent=102"}],"wp:term":[{"taxonomy":"page_category","embeddable":true,"href":"https:\/\/o-seznam.cz\/napoveda\/ucet\/wp-json\/wp\/v2\/page_category?post=102"},{"taxonomy":"page_tag","embeddable":true,"href":"https:\/\/o-seznam.cz\/napoveda\/ucet\/wp-json\/wp\/v2\/page_tag?post=102"},{"taxonomy":"service_status_category","embeddable":true,"href":"https:\/\/o-seznam.cz\/napoveda\/ucet\/wp-json\/wp\/v2\/service_status_category?post=102"}],"curies":[{"name":"wp","href":"https:\/\/api.w.org\/{rel}","templated":true}]}}