{"id":788,"date":"2024-12-07T13:13:39","date_gmt":"2024-12-07T12:13:39","guid":{"rendered":"https:\/\/o-seznam.cz\/napoveda\/tv-program\/?page_id=788"},"modified":"2024-12-12T11:56:58","modified_gmt":"2024-12-12T10:56:58","slug":"instalace-ios","status":"publish","type":"page","link":"https:\/\/o-seznam.cz\/napoveda\/tv-program\/aplikace\/instalace-ios\/","title":{"rendered":"Instalace aplikace pro iOS"},"content":{"rendered":"\n<div class=\"wp-block-group is-layout-constrained wp-block-group-is-layout-constrained\"><div class=\"mediaText is-position-left is-orientation-portrait\">\n\t\n\t<div class=\"mediaText__media\">\n\t\t<img loading=\"lazy\" decoding=\"async\" width=\"828\" height=\"1792\" src=\"https:\/\/o-seznam.cz\/napoveda\/tv-program\/wp-content\/uploads\/sites\/15\/2024\/09\/ios-1.png\" class=\"border border-neutral-20 border-solid\" alt=\"\" srcset=\"https:\/\/o-seznam.cz\/napoveda\/tv-program\/wp-content\/uploads\/sites\/15\/2024\/09\/ios-1.png 828w, https:\/\/o-seznam.cz\/napoveda\/tv-program\/wp-content\/uploads\/sites\/15\/2024\/09\/ios-1-458x992.png 458w, https:\/\/o-seznam.cz\/napoveda\/tv-program\/wp-content\/uploads\/sites\/15\/2024\/09\/ios-1-148x320.png 148w, https:\/\/o-seznam.cz\/napoveda\/tv-program\/wp-content\/uploads\/sites\/15\/2024\/09\/ios-1-768x1662.png 768w, https:\/\/o-seznam.cz\/napoveda\/tv-program\/wp-content\/uploads\/sites\/15\/2024\/09\/ios-1-710x1536.png 710w\" sizes=\"auto, (max-width: 828px) 100vw, 828px\" \/>\t<\/div>\n\n\t<div class=\"mediaText__content is-layout-flow\">\n\n<div class=\"wp-block-group is-layout-constrained wp-container-core-group-is-layout-beff7c7e wp-block-group-is-layout-constrained\">\n<ol start=\"1\" class=\"wp-block-list is-style-circle\">\n<li>Nejprve si na sv\u00e9m telefonu otev\u0159ete obchod s aplikacemi App Store.<\/li>\n<\/ol>\n<\/div>\n\n<\/div>\t\n<\/div>\n<\/div>\n\n\n\n<div class=\"wp-block-group is-layout-constrained wp-block-group-is-layout-constrained\"><div class=\"mediaText is-position-right is-orientation-portrait\">\n\t\n\t<div class=\"mediaText__media\">\n\t\t<img loading=\"lazy\" decoding=\"async\" width=\"828\" height=\"1792\" src=\"https:\/\/o-seznam.cz\/napoveda\/tv-program\/wp-content\/uploads\/sites\/15\/2024\/09\/ios-2.png\" class=\"border border-neutral-20 border-solid\" alt=\"\" srcset=\"https:\/\/o-seznam.cz\/napoveda\/tv-program\/wp-content\/uploads\/sites\/15\/2024\/09\/ios-2.png 828w, https:\/\/o-seznam.cz\/napoveda\/tv-program\/wp-content\/uploads\/sites\/15\/2024\/09\/ios-2-458x992.png 458w, https:\/\/o-seznam.cz\/napoveda\/tv-program\/wp-content\/uploads\/sites\/15\/2024\/09\/ios-2-148x320.png 148w, https:\/\/o-seznam.cz\/napoveda\/tv-program\/wp-content\/uploads\/sites\/15\/2024\/09\/ios-2-768x1662.png 768w, https:\/\/o-seznam.cz\/napoveda\/tv-program\/wp-content\/uploads\/sites\/15\/2024\/09\/ios-2-710x1536.png 710w\" sizes=\"auto, (max-width: 828px) 100vw, 828px\" \/>\t<\/div>\n\n\t<div class=\"mediaText__content is-layout-flow\">\n\n<div class=\"wp-block-group is-layout-constrained wp-container-core-group-is-layout-beff7c7e wp-block-group-is-layout-constrained\">\n<ol start=\"2\" class=\"wp-block-list is-style-circle\">\n<li>N\u00e1sledn\u011b klikn\u011bte na ikonku s lupou Hledat.<\/li>\n<\/ol>\n<\/div>\n\n<\/div>\t\n<\/div>\n<\/div>\n\n\n\n<div class=\"wp-block-group is-layout-constrained wp-block-group-is-layout-constrained\"><div class=\"mediaText is-position-left is-orientation-portrait\">\n\t\n\t<div class=\"mediaText__media\">\n\t\t<img loading=\"lazy\" decoding=\"async\" width=\"828\" height=\"1792\" src=\"https:\/\/o-seznam.cz\/napoveda\/tv-program\/wp-content\/uploads\/sites\/15\/2024\/09\/ios-3.png\" class=\"border border-neutral-20 border-solid\" alt=\"\" srcset=\"https:\/\/o-seznam.cz\/napoveda\/tv-program\/wp-content\/uploads\/sites\/15\/2024\/09\/ios-3.png 828w, https:\/\/o-seznam.cz\/napoveda\/tv-program\/wp-content\/uploads\/sites\/15\/2024\/09\/ios-3-458x992.png 458w, https:\/\/o-seznam.cz\/napoveda\/tv-program\/wp-content\/uploads\/sites\/15\/2024\/09\/ios-3-148x320.png 148w, https:\/\/o-seznam.cz\/napoveda\/tv-program\/wp-content\/uploads\/sites\/15\/2024\/09\/ios-3-768x1662.png 768w, https:\/\/o-seznam.cz\/napoveda\/tv-program\/wp-content\/uploads\/sites\/15\/2024\/09\/ios-3-710x1536.png 710w\" sizes=\"auto, (max-width: 828px) 100vw, 828px\" \/>\t<\/div>\n\n\t<div class=\"mediaText__content is-layout-flow\">\n\n<div class=\"wp-block-group is-layout-constrained wp-container-core-group-is-layout-beff7c7e wp-block-group-is-layout-constrained\">\n<ol start=\"3\" class=\"wp-block-list is-style-circle\">\n<li>Pot\u00e9 napi\u0161te do vyhled\u00e1vac\u00edho pole TV program.<\/li>\n<\/ol>\n<\/div>\n\n<\/div>\t\n<\/div>\n<\/div>\n\n\n\n<div class=\"wp-block-group is-layout-constrained wp-block-group-is-layout-constrained\"><div class=\"mediaText is-position-right is-orientation-portrait\">\n\t\n\t<div class=\"mediaText__media\">\n\t\t<img loading=\"lazy\" decoding=\"async\" width=\"828\" height=\"1792\" src=\"https:\/\/o-seznam.cz\/napoveda\/tv-program\/wp-content\/uploads\/sites\/15\/2024\/09\/ios-4.png\" class=\"border border-neutral-20 border-solid\" alt=\"\" srcset=\"https:\/\/o-seznam.cz\/napoveda\/tv-program\/wp-content\/uploads\/sites\/15\/2024\/09\/ios-4.png 828w, https:\/\/o-seznam.cz\/napoveda\/tv-program\/wp-content\/uploads\/sites\/15\/2024\/09\/ios-4-458x992.png 458w, https:\/\/o-seznam.cz\/napoveda\/tv-program\/wp-content\/uploads\/sites\/15\/2024\/09\/ios-4-148x320.png 148w, https:\/\/o-seznam.cz\/napoveda\/tv-program\/wp-content\/uploads\/sites\/15\/2024\/09\/ios-4-768x1662.png 768w, https:\/\/o-seznam.cz\/napoveda\/tv-program\/wp-content\/uploads\/sites\/15\/2024\/09\/ios-4-710x1536.png 710w\" sizes=\"auto, (max-width: 828px) 100vw, 828px\" \/>\t<\/div>\n\n\t<div class=\"mediaText__content is-layout-flow\">\n\n<div class=\"wp-block-group is-layout-constrained wp-container-core-group-is-layout-beff7c7e wp-block-group-is-layout-constrained\">\n<ol start=\"4\" class=\"wp-block-list is-style-circle\">\n<li>Volbu potvr\u010fte kliknut\u00edm na kl\u00e1vesnici na Hledat.<\/li>\n<\/ol>\n<\/div>\n\n<\/div>\t\n<\/div>\n<\/div>\n\n\n\n<div class=\"wp-block-group is-layout-constrained wp-block-group-is-layout-constrained\"><div class=\"mediaText is-position-left is-orientation-portrait\">\n\t\n\t<div class=\"mediaText__media\">\n\t\t<img loading=\"lazy\" decoding=\"async\" width=\"828\" height=\"1792\" src=\"https:\/\/o-seznam.cz\/napoveda\/tv-program\/wp-content\/uploads\/sites\/15\/2024\/09\/ios-5.png\" class=\"border border-neutral-20 border-solid\" alt=\"\" srcset=\"https:\/\/o-seznam.cz\/napoveda\/tv-program\/wp-content\/uploads\/sites\/15\/2024\/09\/ios-5.png 828w, https:\/\/o-seznam.cz\/napoveda\/tv-program\/wp-content\/uploads\/sites\/15\/2024\/09\/ios-5-458x992.png 458w, https:\/\/o-seznam.cz\/napoveda\/tv-program\/wp-content\/uploads\/sites\/15\/2024\/09\/ios-5-148x320.png 148w, https:\/\/o-seznam.cz\/napoveda\/tv-program\/wp-content\/uploads\/sites\/15\/2024\/09\/ios-5-768x1662.png 768w, https:\/\/o-seznam.cz\/napoveda\/tv-program\/wp-content\/uploads\/sites\/15\/2024\/09\/ios-5-710x1536.png 710w\" sizes=\"auto, (max-width: 828px) 100vw, 828px\" \/>\t<\/div>\n\n\t<div class=\"mediaText__content is-layout-flow\">\n\n<div class=\"wp-block-group is-layout-constrained wp-container-core-group-is-layout-beff7c7e wp-block-group-is-layout-constrained\">\n<ol start=\"5\" class=\"wp-block-list is-style-circle\">\n<li>Otev\u0159ete si detail aplikace TV program Seznam.cz.<\/li>\n<\/ol>\n<\/div>\n\n<\/div>\t\n<\/div>\n<\/div>\n\n\n\n<div class=\"wp-block-group is-layout-constrained wp-block-group-is-layout-constrained\"><div class=\"mediaText is-position-right is-orientation-portrait\">\n\t\n\t<div class=\"mediaText__media\">\n\t\t<img loading=\"lazy\" decoding=\"async\" width=\"828\" height=\"1792\" src=\"https:\/\/o-seznam.cz\/napoveda\/tv-program\/wp-content\/uploads\/sites\/15\/2024\/09\/ios-6.png\" class=\"border border-neutral-20 border-solid\" alt=\"\" srcset=\"https:\/\/o-seznam.cz\/napoveda\/tv-program\/wp-content\/uploads\/sites\/15\/2024\/09\/ios-6.png 828w, https:\/\/o-seznam.cz\/napoveda\/tv-program\/wp-content\/uploads\/sites\/15\/2024\/09\/ios-6-458x992.png 458w, https:\/\/o-seznam.cz\/napoveda\/tv-program\/wp-content\/uploads\/sites\/15\/2024\/09\/ios-6-148x320.png 148w, https:\/\/o-seznam.cz\/napoveda\/tv-program\/wp-content\/uploads\/sites\/15\/2024\/09\/ios-6-768x1662.png 768w, https:\/\/o-seznam.cz\/napoveda\/tv-program\/wp-content\/uploads\/sites\/15\/2024\/09\/ios-6-710x1536.png 710w\" sizes=\"auto, (max-width: 828px) 100vw, 828px\" \/>\t<\/div>\n\n\t<div class=\"mediaText__content is-layout-flow\">\n\n<div class=\"wp-block-group is-layout-constrained wp-container-core-group-is-layout-beff7c7e wp-block-group-is-layout-constrained\">\n<ol start=\"6\" class=\"wp-block-list is-style-circle\">\n<li>Instalaci zah\u00e1j\u00edte kliknut\u00edm na tla\u010d\u00edtko Z\u00edskat.<\/li>\n<\/ol>\n<\/div>\n\n<\/div>\t\n<\/div>\n<\/div>\n\n\n\n<div class=\"wp-block-group is-layout-constrained wp-block-group-is-layout-constrained\"><div class=\"mediaText is-position-left is-orientation-portrait\">\n\t\n\t<div class=\"mediaText__media\">\n\t\t<img loading=\"lazy\" decoding=\"async\" width=\"828\" height=\"1792\" src=\"https:\/\/o-seznam.cz\/napoveda\/tv-program\/wp-content\/uploads\/sites\/15\/2024\/09\/iso-7.png\" class=\"border border-neutral-20 border-solid\" alt=\"\" srcset=\"https:\/\/o-seznam.cz\/napoveda\/tv-program\/wp-content\/uploads\/sites\/15\/2024\/09\/iso-7.png 828w, https:\/\/o-seznam.cz\/napoveda\/tv-program\/wp-content\/uploads\/sites\/15\/2024\/09\/iso-7-458x992.png 458w, https:\/\/o-seznam.cz\/napoveda\/tv-program\/wp-content\/uploads\/sites\/15\/2024\/09\/iso-7-148x320.png 148w, https:\/\/o-seznam.cz\/napoveda\/tv-program\/wp-content\/uploads\/sites\/15\/2024\/09\/iso-7-768x1662.png 768w, https:\/\/o-seznam.cz\/napoveda\/tv-program\/wp-content\/uploads\/sites\/15\/2024\/09\/iso-7-710x1536.png 710w\" sizes=\"auto, (max-width: 828px) 100vw, 828px\" \/>\t<\/div>\n\n\t<div class=\"mediaText__content is-layout-flow\">\n\n<div class=\"wp-block-group is-layout-constrained wp-container-core-group-is-layout-beff7c7e wp-block-group-is-layout-constrained\">\n<ol start=\"7\" class=\"wp-block-list is-style-circle\">\n<li>Volbu potvr\u010fte dvojit\u00fdm stisknut\u00edm zamykac\u00edho tla\u010d\u00edtka po stran\u011b telefonu.<\/li>\n<\/ol>\n<\/div>\n\n<\/div>\t\n<\/div>\n<\/div>\n\n\n\n<div class=\"wp-block-group is-layout-constrained wp-block-group-is-layout-constrained\"><div class=\"mediaText is-position-right is-orientation-portrait\">\n\t\n\t<div class=\"mediaText__media\">\n\t\t<img loading=\"lazy\" decoding=\"async\" width=\"828\" height=\"1792\" src=\"https:\/\/o-seznam.cz\/napoveda\/tv-program\/wp-content\/uploads\/sites\/15\/2024\/09\/iso-8.png\" class=\"border border-neutral-20 border-solid\" alt=\"\" srcset=\"https:\/\/o-seznam.cz\/napoveda\/tv-program\/wp-content\/uploads\/sites\/15\/2024\/09\/iso-8.png 828w, https:\/\/o-seznam.cz\/napoveda\/tv-program\/wp-content\/uploads\/sites\/15\/2024\/09\/iso-8-458x992.png 458w, https:\/\/o-seznam.cz\/napoveda\/tv-program\/wp-content\/uploads\/sites\/15\/2024\/09\/iso-8-148x320.png 148w, https:\/\/o-seznam.cz\/napoveda\/tv-program\/wp-content\/uploads\/sites\/15\/2024\/09\/iso-8-768x1662.png 768w, https:\/\/o-seznam.cz\/napoveda\/tv-program\/wp-content\/uploads\/sites\/15\/2024\/09\/iso-8-710x1536.png 710w\" sizes=\"auto, (max-width: 828px) 100vw, 828px\" \/>\t<\/div>\n\n\t<div class=\"mediaText__content is-layout-flow\">\n\n<div class=\"wp-block-group is-layout-constrained wp-container-core-group-is-layout-beff7c7e wp-block-group-is-layout-constrained\">\n<ol start=\"8\" class=\"wp-block-list is-style-circle\">\n<li>Aplikaci pak m\u016f\u017eete otev\u0159\u00edt p\u0159\u00edmo z App Storu.<\/li>\n<\/ol>\n<\/div>\n\n<\/div>\t\n<\/div>\n<\/div>\n\n\n\n<div class=\"wp-block-group is-layout-constrained wp-block-group-is-layout-constrained\"><div class=\"mediaText is-position-left is-orientation-portrait\">\n\t\n\t<div class=\"mediaText__media\">\n\t\t<img loading=\"lazy\" decoding=\"async\" width=\"828\" height=\"1792\" src=\"https:\/\/o-seznam.cz\/napoveda\/tv-program\/wp-content\/uploads\/sites\/15\/2024\/09\/iso-9.png\" class=\"border border-neutral-20 border-solid\" alt=\"\" srcset=\"https:\/\/o-seznam.cz\/napoveda\/tv-program\/wp-content\/uploads\/sites\/15\/2024\/09\/iso-9.png 828w, https:\/\/o-seznam.cz\/napoveda\/tv-program\/wp-content\/uploads\/sites\/15\/2024\/09\/iso-9-458x992.png 458w, https:\/\/o-seznam.cz\/napoveda\/tv-program\/wp-content\/uploads\/sites\/15\/2024\/09\/iso-9-148x320.png 148w, https:\/\/o-seznam.cz\/napoveda\/tv-program\/wp-content\/uploads\/sites\/15\/2024\/09\/iso-9-768x1662.png 768w, https:\/\/o-seznam.cz\/napoveda\/tv-program\/wp-content\/uploads\/sites\/15\/2024\/09\/iso-9-710x1536.png 710w\" sizes=\"auto, (max-width: 828px) 100vw, 828px\" \/>\t<\/div>\n\n\t<div class=\"mediaText__content is-layout-flow\">\n\n<div class=\"wp-block-group is-layout-constrained wp-container-core-group-is-layout-beff7c7e wp-block-group-is-layout-constrained\">\n<ol start=\"9\" class=\"wp-block-list is-style-circle\">\n<li>Nebo p\u0159es plochu telefonu, kam se v\u00e1m automaticky p\u0159id\u00e1.<\/li>\n<\/ol>\n<\/div>\n\n<\/div>\t\n<\/div>\n<\/div>\n","protected":false},"excerpt":{"rendered":"","protected":false},"author":2,"featured_media":0,"parent":784,"menu_order":0,"comment_status":"closed","ping_status":"closed","template":"page-sidemenu","meta":{"_acf_changed":false,"_relevanssi_hide_post":"","_relevanssi_hide_content":"","_relevanssi_pin_for_all":"","_relevanssi_pin_keywords":"","_relevanssi_unpin_keywords":"","_relevanssi_related_keywords":"","_relevanssi_related_include_ids":"","_relevanssi_related_exclude_ids":"","_relevanssi_related_no_append":"","_relevanssi_related_not_related":"","_relevanssi_related_posts":"","_relevanssi_noindex_reason":"","footnotes":""},"page_category":[5],"page_tag":[],"service_status_category":[33],"class_list":["post-788","page","type-page","status-publish","hentry"],"acf":[],"_links":{"self":[{"href":"https:\/\/o-seznam.cz\/napoveda\/tv-program\/wp-json\/wp\/v2\/pages\/788","targetHints":{"allow":["GET"]}}],"collection":[{"href":"https:\/\/o-seznam.cz\/napoveda\/tv-program\/wp-json\/wp\/v2\/pages"}],"about":[{"href":"https:\/\/o-seznam.cz\/napoveda\/tv-program\/wp-json\/wp\/v2\/types\/page"}],"author":[{"embeddable":true,"href":"https:\/\/o-seznam.cz\/napoveda\/tv-program\/wp-json\/wp\/v2\/users\/2"}],"replies":[{"embeddable":true,"href":"https:\/\/o-seznam.cz\/napoveda\/tv-program\/wp-json\/wp\/v2\/comments?post=788"}],"version-history":[{"count":7,"href":"https:\/\/o-seznam.cz\/napoveda\/tv-program\/wp-json\/wp\/v2\/pages\/788\/revisions"}],"predecessor-version":[{"id":993,"href":"https:\/\/o-seznam.cz\/napoveda\/tv-program\/wp-json\/wp\/v2\/pages\/788\/revisions\/993"}],"up":[{"embeddable":true,"href":"https:\/\/o-seznam.cz\/napoveda\/tv-program\/wp-json\/wp\/v2\/pages\/784"}],"wp:attachment":[{"href":"https:\/\/o-seznam.cz\/napoveda\/tv-program\/wp-json\/wp\/v2\/media?parent=788"}],"wp:term":[{"taxonomy":"page_category","embeddable":true,"href":"https:\/\/o-seznam.cz\/napoveda\/tv-program\/wp-json\/wp\/v2\/page_category?post=788"},{"taxonomy":"page_tag","embeddable":true,"href":"https:\/\/o-seznam.cz\/napoveda\/tv-program\/wp-json\/wp\/v2\/page_tag?post=788"},{"taxonomy":"service_status_category","embeddable":true,"href":"https:\/\/o-seznam.cz\/napoveda\/tv-program\/wp-json\/wp\/v2\/service_status_category?post=788"}],"curies":[{"name":"wp","href":"https:\/\/api.w.org\/{rel}","templated":true}]}}