{"id":786,"date":"2024-12-07T13:12:58","date_gmt":"2024-12-07T12:12:58","guid":{"rendered":"https:\/\/o-seznam.cz\/napoveda\/tv-program\/?page_id=786"},"modified":"2024-12-12T12:25:48","modified_gmt":"2024-12-12T11:25:48","slug":"instalace-android","status":"publish","type":"page","link":"https:\/\/o-seznam.cz\/napoveda\/tv-program\/aplikace\/instalace-android\/","title":{"rendered":"Instalace aplikace pro Android"},"content":{"rendered":"\n<div class=\"wp-block-group is-layout-constrained wp-block-group-is-layout-constrained\"><div class=\"mediaText is-position-left is-orientation-portrait\">\n\t\n\t<div class=\"mediaText__media\">\n\t\t<img loading=\"lazy\" decoding=\"async\" width=\"720\" height=\"1600\" src=\"https:\/\/o-seznam.cz\/napoveda\/tv-program\/wp-content\/uploads\/sites\/15\/2024\/09\/android-1.png\" class=\"border border-neutral-20 border-solid\" alt=\"\" srcset=\"https:\/\/o-seznam.cz\/napoveda\/tv-program\/wp-content\/uploads\/sites\/15\/2024\/09\/android-1.png 720w, https:\/\/o-seznam.cz\/napoveda\/tv-program\/wp-content\/uploads\/sites\/15\/2024\/09\/android-1-446x992.png 446w, https:\/\/o-seznam.cz\/napoveda\/tv-program\/wp-content\/uploads\/sites\/15\/2024\/09\/android-1-144x320.png 144w, https:\/\/o-seznam.cz\/napoveda\/tv-program\/wp-content\/uploads\/sites\/15\/2024\/09\/android-1-691x1536.png 691w\" sizes=\"auto, (max-width: 720px) 100vw, 720px\" \/>\t<\/div>\n\n\t<div class=\"mediaText__content is-layout-flow\">\n\n<div class=\"wp-block-group is-layout-constrained wp-container-core-group-is-layout-beff7c7e wp-block-group-is-layout-constrained\">\n<ol start=\"1\" class=\"wp-block-list is-style-circle\">\n<li>Nejprve si na sv\u00e9m telefonu otev\u0159ete obchod s aplikacemi Google Play.<\/li>\n<\/ol>\n<\/div>\n\n<\/div>\t\n<\/div>\n<\/div>\n\n\n\n<div class=\"wp-block-group is-layout-constrained wp-block-group-is-layout-constrained\"><div class=\"mediaText is-position-right is-orientation-portrait\">\n\t\n\t<div class=\"mediaText__media\">\n\t\t<img loading=\"lazy\" decoding=\"async\" width=\"720\" height=\"1600\" src=\"https:\/\/o-seznam.cz\/napoveda\/tv-program\/wp-content\/uploads\/sites\/15\/2024\/09\/android-2.png\" class=\"border border-neutral-20 border-solid\" alt=\"\" srcset=\"https:\/\/o-seznam.cz\/napoveda\/tv-program\/wp-content\/uploads\/sites\/15\/2024\/09\/android-2.png 720w, https:\/\/o-seznam.cz\/napoveda\/tv-program\/wp-content\/uploads\/sites\/15\/2024\/09\/android-2-446x992.png 446w, https:\/\/o-seznam.cz\/napoveda\/tv-program\/wp-content\/uploads\/sites\/15\/2024\/09\/android-2-144x320.png 144w, https:\/\/o-seznam.cz\/napoveda\/tv-program\/wp-content\/uploads\/sites\/15\/2024\/09\/android-2-691x1536.png 691w\" sizes=\"auto, (max-width: 720px) 100vw, 720px\" \/>\t<\/div>\n\n\t<div class=\"mediaText__content is-layout-flow\">\n\n<div class=\"wp-block-group is-layout-constrained wp-container-core-group-is-layout-beff7c7e wp-block-group-is-layout-constrained\">\n<ol start=\"2\" class=\"wp-block-list is-style-circle\">\n<li>N\u00e1sledn\u011b klikn\u011bte do vyhled\u00e1vac\u00edho pole a napi\u0161te do n\u011bj TV program.<\/li>\n<\/ol>\n<\/div>\n\n<\/div>\t\n<\/div>\n<\/div>\n\n\n\n<div class=\"wp-block-group is-layout-constrained wp-block-group-is-layout-constrained\"><div class=\"mediaText is-position-left is-orientation-portrait\">\n\t\n\t<div class=\"mediaText__media\">\n\t\t<img loading=\"lazy\" decoding=\"async\" width=\"720\" height=\"1600\" src=\"https:\/\/o-seznam.cz\/napoveda\/tv-program\/wp-content\/uploads\/sites\/15\/2024\/09\/android-3.png\" class=\"border border-neutral-20 border-solid\" alt=\"\" srcset=\"https:\/\/o-seznam.cz\/napoveda\/tv-program\/wp-content\/uploads\/sites\/15\/2024\/09\/android-3.png 720w, https:\/\/o-seznam.cz\/napoveda\/tv-program\/wp-content\/uploads\/sites\/15\/2024\/09\/android-3-446x992.png 446w, https:\/\/o-seznam.cz\/napoveda\/tv-program\/wp-content\/uploads\/sites\/15\/2024\/09\/android-3-144x320.png 144w, https:\/\/o-seznam.cz\/napoveda\/tv-program\/wp-content\/uploads\/sites\/15\/2024\/09\/android-3-691x1536.png 691w\" sizes=\"auto, (max-width: 720px) 100vw, 720px\" \/>\t<\/div>\n\n\t<div class=\"mediaText__content is-layout-flow\">\n\n<div class=\"wp-block-group is-layout-constrained wp-container-core-group-is-layout-beff7c7e wp-block-group-is-layout-constrained\">\n<ol start=\"3\" class=\"wp-block-list is-style-circle\">\n<li>Volbu potvr\u010fte kliknut\u00edm na ikonku lupy.<\/li>\n<\/ol>\n<\/div>\n\n<\/div>\t\n<\/div>\n<\/div>\n\n\n\n<div class=\"wp-block-group is-layout-constrained wp-block-group-is-layout-constrained\"><div class=\"mediaText is-position-right is-orientation-portrait\">\n\t\n\t<div class=\"mediaText__media\">\n\t\t<img loading=\"lazy\" decoding=\"async\" width=\"720\" height=\"1600\" src=\"https:\/\/o-seznam.cz\/napoveda\/tv-program\/wp-content\/uploads\/sites\/15\/2024\/09\/android-4.png\" class=\"border border-neutral-20 border-solid\" alt=\"\" srcset=\"https:\/\/o-seznam.cz\/napoveda\/tv-program\/wp-content\/uploads\/sites\/15\/2024\/09\/android-4.png 720w, https:\/\/o-seznam.cz\/napoveda\/tv-program\/wp-content\/uploads\/sites\/15\/2024\/09\/android-4-446x992.png 446w, https:\/\/o-seznam.cz\/napoveda\/tv-program\/wp-content\/uploads\/sites\/15\/2024\/09\/android-4-144x320.png 144w, https:\/\/o-seznam.cz\/napoveda\/tv-program\/wp-content\/uploads\/sites\/15\/2024\/09\/android-4-691x1536.png 691w\" sizes=\"auto, (max-width: 720px) 100vw, 720px\" \/>\t<\/div>\n\n\t<div class=\"mediaText__content is-layout-flow\">\n\n<div class=\"wp-block-group is-layout-constrained wp-container-core-group-is-layout-beff7c7e wp-block-group-is-layout-constrained\">\n<ol start=\"4\" class=\"wp-block-list is-style-circle\">\n<li>Otev\u0159ete si detail aplikace TV program.<\/li>\n<\/ol>\n<\/div>\n\n<\/div>\t\n<\/div>\n<\/div>\n\n\n\n<div class=\"wp-block-group is-layout-constrained wp-block-group-is-layout-constrained\"><div class=\"mediaText is-position-left is-orientation-portrait\">\n\t\n\t<div class=\"mediaText__media\">\n\t\t<img loading=\"lazy\" decoding=\"async\" width=\"720\" height=\"1600\" src=\"https:\/\/o-seznam.cz\/napoveda\/tv-program\/wp-content\/uploads\/sites\/15\/2024\/09\/android-5.png\" class=\"border border-neutral-20 border-solid\" alt=\"\" srcset=\"https:\/\/o-seznam.cz\/napoveda\/tv-program\/wp-content\/uploads\/sites\/15\/2024\/09\/android-5.png 720w, https:\/\/o-seznam.cz\/napoveda\/tv-program\/wp-content\/uploads\/sites\/15\/2024\/09\/android-5-446x992.png 446w, https:\/\/o-seznam.cz\/napoveda\/tv-program\/wp-content\/uploads\/sites\/15\/2024\/09\/android-5-144x320.png 144w, https:\/\/o-seznam.cz\/napoveda\/tv-program\/wp-content\/uploads\/sites\/15\/2024\/09\/android-5-691x1536.png 691w\" sizes=\"auto, (max-width: 720px) 100vw, 720px\" \/>\t<\/div>\n\n\t<div class=\"mediaText__content is-layout-flow\">\n\n<div class=\"wp-block-group is-layout-constrained wp-container-core-group-is-layout-beff7c7e wp-block-group-is-layout-constrained\">\n<ol start=\"5\" class=\"wp-block-list is-style-circle\">\n<li>Instalaci zah\u00e1j\u00edte stisknut\u00edm tla\u010d\u00edtka Instalovat.<\/li>\n<\/ol>\n<\/div>\n\n<\/div>\t\n<\/div>\n<\/div>\n\n\n\n<div class=\"wp-block-group is-layout-constrained wp-block-group-is-layout-constrained\"><div class=\"mediaText is-position-right is-orientation-portrait\">\n\t\n\t<div class=\"mediaText__media\">\n\t\t<img loading=\"lazy\" decoding=\"async\" width=\"720\" height=\"1600\" src=\"https:\/\/o-seznam.cz\/napoveda\/tv-program\/wp-content\/uploads\/sites\/15\/2024\/09\/android-6.png\" class=\"border border-neutral-20 border-solid\" alt=\"\" srcset=\"https:\/\/o-seznam.cz\/napoveda\/tv-program\/wp-content\/uploads\/sites\/15\/2024\/09\/android-6.png 720w, https:\/\/o-seznam.cz\/napoveda\/tv-program\/wp-content\/uploads\/sites\/15\/2024\/09\/android-6-446x992.png 446w, https:\/\/o-seznam.cz\/napoveda\/tv-program\/wp-content\/uploads\/sites\/15\/2024\/09\/android-6-144x320.png 144w, https:\/\/o-seznam.cz\/napoveda\/tv-program\/wp-content\/uploads\/sites\/15\/2024\/09\/android-6-691x1536.png 691w\" sizes=\"auto, (max-width: 720px) 100vw, 720px\" \/>\t<\/div>\n\n\t<div class=\"mediaText__content is-layout-flow\">\n\n<div class=\"wp-block-group is-layout-constrained wp-container-core-group-is-layout-beff7c7e wp-block-group-is-layout-constrained\">\n<ol start=\"6\" class=\"wp-block-list is-style-circle\">\n<li>Aplikaci pak m\u016f\u017eete otev\u0159\u00edt bu\u010f p\u0159\u00edmo z Obchodu.<\/li>\n<\/ol>\n<\/div>\n\n<\/div>\t\n<\/div>\n<\/div>\n\n\n\n<div class=\"wp-block-group is-layout-constrained wp-block-group-is-layout-constrained\"><div class=\"mediaText is-position-left is-orientation-portrait\">\n\t\n\t<div class=\"mediaText__media\">\n\t\t<img loading=\"lazy\" decoding=\"async\" width=\"720\" height=\"1600\" src=\"https:\/\/o-seznam.cz\/napoveda\/tv-program\/wp-content\/uploads\/sites\/15\/2024\/09\/android-7.png\" class=\"border border-neutral-20 border-solid\" alt=\"\" srcset=\"https:\/\/o-seznam.cz\/napoveda\/tv-program\/wp-content\/uploads\/sites\/15\/2024\/09\/android-7.png 720w, https:\/\/o-seznam.cz\/napoveda\/tv-program\/wp-content\/uploads\/sites\/15\/2024\/09\/android-7-446x992.png 446w, https:\/\/o-seznam.cz\/napoveda\/tv-program\/wp-content\/uploads\/sites\/15\/2024\/09\/android-7-144x320.png 144w, https:\/\/o-seznam.cz\/napoveda\/tv-program\/wp-content\/uploads\/sites\/15\/2024\/09\/android-7-691x1536.png 691w\" sizes=\"auto, (max-width: 720px) 100vw, 720px\" \/>\t<\/div>\n\n\t<div class=\"mediaText__content is-layout-flow\">\n\n<div class=\"wp-block-group is-layout-constrained wp-container-core-group-is-layout-beff7c7e wp-block-group-is-layout-constrained\">\n<ol start=\"7\" class=\"wp-block-list is-style-circle\">\n<li>Nebo p\u0159es plochu telefonu, kam si m\u016f\u017eete aplikaci Televizn\u00ed program p\u0159idat.<\/li>\n<\/ol>\n<\/div>\n\n<\/div>\t\n<\/div>\n<\/div>\n","protected":false},"excerpt":{"rendered":"","protected":false},"author":2,"featured_media":0,"parent":784,"menu_order":0,"comment_status":"closed","ping_status":"closed","template":"page-sidemenu","meta":{"_acf_changed":false,"_relevanssi_hide_post":"","_relevanssi_hide_content":"","_relevanssi_pin_for_all":"","_relevanssi_pin_keywords":"","_relevanssi_unpin_keywords":"","_relevanssi_related_keywords":"","_relevanssi_related_include_ids":"","_relevanssi_related_exclude_ids":"","_relevanssi_related_no_append":"","_relevanssi_related_not_related":"","_relevanssi_related_posts":"","_relevanssi_noindex_reason":"","footnotes":""},"page_category":[5],"page_tag":[],"service_status_category":[33],"class_list":["post-786","page","type-page","status-publish","hentry"],"acf":[],"_links":{"self":[{"href":"https:\/\/o-seznam.cz\/napoveda\/tv-program\/wp-json\/wp\/v2\/pages\/786","targetHints":{"allow":["GET"]}}],"collection":[{"href":"https:\/\/o-seznam.cz\/napoveda\/tv-program\/wp-json\/wp\/v2\/pages"}],"about":[{"href":"https:\/\/o-seznam.cz\/napoveda\/tv-program\/wp-json\/wp\/v2\/types\/page"}],"author":[{"embeddable":true,"href":"https:\/\/o-seznam.cz\/napoveda\/tv-program\/wp-json\/wp\/v2\/users\/2"}],"replies":[{"embeddable":true,"href":"https:\/\/o-seznam.cz\/napoveda\/tv-program\/wp-json\/wp\/v2\/comments?post=786"}],"version-history":[{"count":11,"href":"https:\/\/o-seznam.cz\/napoveda\/tv-program\/wp-json\/wp\/v2\/pages\/786\/revisions"}],"predecessor-version":[{"id":811,"href":"https:\/\/o-seznam.cz\/napoveda\/tv-program\/wp-json\/wp\/v2\/pages\/786\/revisions\/811"}],"up":[{"embeddable":true,"href":"https:\/\/o-seznam.cz\/napoveda\/tv-program\/wp-json\/wp\/v2\/pages\/784"}],"wp:attachment":[{"href":"https:\/\/o-seznam.cz\/napoveda\/tv-program\/wp-json\/wp\/v2\/media?parent=786"}],"wp:term":[{"taxonomy":"page_category","embeddable":true,"href":"https:\/\/o-seznam.cz\/napoveda\/tv-program\/wp-json\/wp\/v2\/page_category?post=786"},{"taxonomy":"page_tag","embeddable":true,"href":"https:\/\/o-seznam.cz\/napoveda\/tv-program\/wp-json\/wp\/v2\/page_tag?post=786"},{"taxonomy":"service_status_category","embeddable":true,"href":"https:\/\/o-seznam.cz\/napoveda\/tv-program\/wp-json\/wp\/v2\/service_status_category?post=786"}],"curies":[{"name":"wp","href":"https:\/\/api.w.org\/{rel}","templated":true}]}}