{"id":5,"date":"2024-08-28T18:01:48","date_gmt":"2024-08-28T16:01:48","guid":{"rendered":"https:\/\/o-seznam.cz\/napoveda\/tv-program\/?page_id=5"},"modified":"2025-12-08T11:06:55","modified_gmt":"2025-12-08T10:06:55","slug":"napoveda-tv-program","status":"publish","type":"page","link":"https:\/\/o-seznam.cz\/napoveda\/tv-program\/","title":{"rendered":"N\u00e1pov\u011bda Seznam.cz Televizn\u00ed program"},"content":{"rendered":"\n<div class=\"wp-block-group alignwide is-layout-constrained wp-block-group-is-layout-constrained\">\n<div class=\"wp-block-group alignwide is-layout-constrained wp-block-group-is-layout-constrained\"><div class=\"alignwide alignwide wp-block-seznam-hero\"><div class=\"cover is-hero is-hero-default bg-neutral-40\"><img decoding=\"async\" width=\"1280\" height=\"512\" src=\"https:\/\/o-seznam.cz\/napoveda\/tv-program\/wp-content\/uploads\/sites\/15\/2025\/01\/tv-program-seznam-napoveda.jpg\" class=\"cover__media cover__media--desktop\" alt=\"\" fetchpriority=\"high\" srcset=\"https:\/\/o-seznam.cz\/napoveda\/tv-program\/wp-content\/uploads\/sites\/15\/2025\/01\/tv-program-seznam-napoveda.jpg 2000w, https:\/\/o-seznam.cz\/napoveda\/tv-program\/wp-content\/uploads\/sites\/15\/2025\/01\/tv-program-seznam-napoveda-992x397.jpg 992w, https:\/\/o-seznam.cz\/napoveda\/tv-program\/wp-content\/uploads\/sites\/15\/2025\/01\/tv-program-seznam-napoveda-1984x794.jpg 1984w, https:\/\/o-seznam.cz\/napoveda\/tv-program\/wp-content\/uploads\/sites\/15\/2025\/01\/tv-program-seznam-napoveda-320x128.jpg 320w, https:\/\/o-seznam.cz\/napoveda\/tv-program\/wp-content\/uploads\/sites\/15\/2025\/01\/tv-program-seznam-napoveda-768x307.jpg 768w, https:\/\/o-seznam.cz\/napoveda\/tv-program\/wp-content\/uploads\/sites\/15\/2025\/01\/tv-program-seznam-napoveda-1536x614.jpg 1536w\" sizes=\"(max-width: 1280px) 100vw, 1280px\" \/><div class=\"cover__dim\" style=\"opacity:0.25\"><\/div><div class=\"cover__content is-layout-constrained\">\n\n<h1 class=\"wp-block-heading has-text-align-left\">N\u00e1pov\u011bda<br>Televizn\u00ed program<\/h1>\n\n\n\n<div class=\"wp-block-group is-content-justification-left is-layout-constrained wp-container-core-group-is-layout-59d06cab wp-block-group-is-layout-constrained\">\n<p>Praktick\u00e9 informace, jak vyhled\u00e1vat po\u0159ady, nastavit p\u0159ipomenut\u00ed, p\u0159izp\u016fsobit si zobrazen\u00ed programu nebo jak vyu\u017e\u00edvat pokro\u010dil\u00e9 funkce.<\/p>\n<\/div>\n\n<\/div><\/div><\/div>\n\n\n<\/div>\n<\/div>\n\n\n\n<div class=\"wp-block-group is-layout-constrained wp-block-group-is-layout-constrained\">\n<h2 class=\"wp-block-heading\">Nej\u010dast\u011bj\u0161\u00ed dotazy<\/h2>\n\n\n\n<div class=\"accordion\">\n\t<div class=\"accordion__items\">\n\n<details class=\"expander is-style-default\">\n\t<summary data-datalayer-name=\"\" data-datalayer-text=\"Jde si nastavit p\u0159ipomenut\u00ed po\u0159adu?\">\n\t\t\t\t<strong>Jde si nastavit p\u0159ipomenut\u00ed po\u0159adu?<\/strong>\n\t\t\t<\/summary>\n\t<div class=\"inner-blocks\">\n\n<p>Ano, obl\u00edben\u00fd po\u0159ad si m\u016f\u017eete p\u0159idat do Kalend\u00e1\u0159e a my v\u00e1m pak 15 min. p\u0159ed za\u010d\u00e1tkem vys\u00edl\u00e1n\u00ed po\u0161leme upozorn\u011bn\u00ed. Po\u0159ad si p\u0159id\u00e1te do Kalend\u00e1\u0159e jednoduch\u00fdm zp\u016fsobem, a to kliknut\u00edm na link P\u0159idat do kalend\u00e1\u0159e na domovsk\u00e9 str\u00e1nce nebo v detailu po\u0159adu. <\/p>\n\n<\/div><\/details>\n\n\n\n<details class=\"expander is-style-default\">\n\t<summary data-datalayer-name=\"\" data-datalayer-text=\"M\u016f\u017eu si televizn\u00ed program upravit podle sv\u00fdch p\u0159edstav?\">\n\t\t\t\t<strong>M\u016f\u017eu si televizn\u00ed program upravit podle sv\u00fdch p\u0159edstav?<\/strong>\n\t\t\t<\/summary>\n\t<div class=\"inner-blocks\">\n\n<p class=\"is-style-default\">Je hned n\u011bkolik mo\u017enost\u00ed, jak si p\u0159izp\u016fsobit vzhled TV programu, abyste se v n\u011bm dob\u0159e orientovali. M\u016f\u017eete si nastavit sloupcov\u00e9, nebo \u0159\u00e1dkov\u00e9 zobrazen\u00ed a upravit, se\u0159adit nebo zm\u011bnit seznam kan\u00e1l\u016f podle va\u0161ich preferenc\u00ed. Pro rychlou volbu kategori\u00ed stanic m\u016f\u017eete vyu\u017e\u00edt jejich v\u00fdpis v menu. V\u00edce informac\u00ed si m\u016f\u017eete p\u0159e\u010d\u00edst v sekci <a href=\"https:\/\/o-seznam.cz\/napoveda\/tv-program\/funkce\/\">Funkce<\/a>.<\/p>\n\n<\/div><\/details>\n\n\n\n<details class=\"expander is-style-default\">\n\t<summary data-datalayer-name=\"\" data-datalayer-text=\"M\u016f\u017eu si nastavit vlastn\u00ed v\u00fdb\u011br stanic?\">\n\t\t\t\t<strong>M\u016f\u017eu si nastavit vlastn\u00ed v\u00fdb\u011br stanic?<\/strong>\n\t\t\t<\/summary>\n\t<div class=\"inner-blocks\">\n\n<p class=\"is-style-default\">Ano, ka\u017ed\u00fd si m\u016f\u017ee sv\u016fj seznam stanic upravit podle sv\u00fdch preferenc\u00ed. Nab\u00edz\u00edme \u0161irok\u00e9 mno\u017estv\u00ed kategori\u00ed jako jsou sportovn\u00ed, dokument\u00e1rn\u00ed, d\u011btsk\u00e9, filmov\u00e9, historick\u00e9, hudebn\u00ed, zpravodajsk\u00e9 i zahrani\u010dn\u00ed stanice a mnoho dal\u0161\u00edch. V\u00edce informac\u00ed o v\u00fdb\u011bru stanic si m\u016f\u017eete p\u0159e\u010d\u00edst v sekci <a href=\"https:\/\/o-seznam.cz\/napoveda\/tv-program\/funkce\/#moje-stanice\">Funkce<\/a>.<\/p>\n\n<\/div><\/details>\n\n<\/div><\/div>\n\n<\/div>\n\n\n\n<div class=\"wp-block-group is-layout-constrained wp-block-group-is-layout-constrained\">\n<h2 class=\"wp-block-heading\">N\u00e1pov\u011bda pro Televizn\u00ed program<\/h2>\n\n\n<div class=\"wp-block-seznam-list-pages\"><div>\n<div style=\"--seznam-tiles--columns:3\" class=\"wp-block-seznam-tiles has-columns-3\"><div class=\"inner-blocks\">\n<div class=\"block-boxlink\"><a class=\"boxlink boxlink--icon-arrow boxlink--align-y-center px-f8 py-f4\" href=\"https:\/\/o-seznam.cz\/napoveda\/tv-program\/funkce\/\"> <div class=\"inner-blocks\">Funkce<\/div> <\/a><\/div><div class=\"block-boxlink\"><a class=\"boxlink boxlink--icon-arrow boxlink--align-y-center px-f8 py-f4\" href=\"https:\/\/o-seznam.cz\/napoveda\/tv-program\/navigace\/\"> <div class=\"inner-blocks\">Navigace<\/div> <\/a><\/div><div class=\"block-boxlink\"><a class=\"boxlink boxlink--icon-arrow boxlink--align-y-center px-f8 py-f4\" href=\"https:\/\/o-seznam.cz\/napoveda\/tv-program\/podporovana-zarizeni\/\"> <div class=\"inner-blocks\">Podporovan\u00e1 za\u0159\u00edzen\u00ed<\/div> <\/a><\/div><div class=\"block-boxlink\"><a class=\"boxlink boxlink--icon-arrow boxlink--align-y-center px-f8 py-f4\" href=\"https:\/\/o-seznam.cz\/napoveda\/tv-program\/nejcastejsi-potize\/\"> <div class=\"inner-blocks\">Nej\u010dast\u011bj\u0161\u00ed pot\u00ed\u017ee<\/div> <\/a><\/div><\/div><\/div>\n\n<\/div><\/div>\n<\/div>\n","protected":false},"excerpt":{"rendered":"<p>Nej\u010dast\u011bj\u0161\u00ed dotazy N\u00e1pov\u011bda pro Televizn\u00ed program<\/p>\n","protected":false},"author":2,"featured_media":0,"parent":0,"menu_order":0,"comment_status":"closed","ping_status":"closed","template":"page-no-head","meta":{"_acf_changed":false,"_relevanssi_hide_post":"","_relevanssi_hide_content":"","_relevanssi_pin_for_all":"","_relevanssi_pin_keywords":"","_relevanssi_unpin_keywords":"","_relevanssi_related_keywords":"","_relevanssi_related_include_ids":"","_relevanssi_related_exclude_ids":"","_relevanssi_related_no_append":"","_relevanssi_related_not_related":"","_relevanssi_related_posts":"","_relevanssi_noindex_reason":"","footnotes":""},"page_category":[],"page_tag":[],"service_status_category":[33,22,29],"class_list":["post-5","page","type-page","status-publish","hentry"],"acf":[],"_links":{"self":[{"href":"https:\/\/o-seznam.cz\/napoveda\/tv-program\/wp-json\/wp\/v2\/pages\/5","targetHints":{"allow":["GET"]}}],"collection":[{"href":"https:\/\/o-seznam.cz\/napoveda\/tv-program\/wp-json\/wp\/v2\/pages"}],"about":[{"href":"https:\/\/o-seznam.cz\/napoveda\/tv-program\/wp-json\/wp\/v2\/types\/page"}],"author":[{"embeddable":true,"href":"https:\/\/o-seznam.cz\/napoveda\/tv-program\/wp-json\/wp\/v2\/users\/2"}],"replies":[{"embeddable":true,"href":"https:\/\/o-seznam.cz\/napoveda\/tv-program\/wp-json\/wp\/v2\/comments?post=5"}],"version-history":[{"count":57,"href":"https:\/\/o-seznam.cz\/napoveda\/tv-program\/wp-json\/wp\/v2\/pages\/5\/revisions"}],"predecessor-version":[{"id":1090,"href":"https:\/\/o-seznam.cz\/napoveda\/tv-program\/wp-json\/wp\/v2\/pages\/5\/revisions\/1090"}],"wp:attachment":[{"href":"https:\/\/o-seznam.cz\/napoveda\/tv-program\/wp-json\/wp\/v2\/media?parent=5"}],"wp:term":[{"taxonomy":"page_category","embeddable":true,"href":"https:\/\/o-seznam.cz\/napoveda\/tv-program\/wp-json\/wp\/v2\/page_category?post=5"},{"taxonomy":"page_tag","embeddable":true,"href":"https:\/\/o-seznam.cz\/napoveda\/tv-program\/wp-json\/wp\/v2\/page_tag?post=5"},{"taxonomy":"service_status_category","embeddable":true,"href":"https:\/\/o-seznam.cz\/napoveda\/tv-program\/wp-json\/wp\/v2\/service_status_category?post=5"}],"curies":[{"name":"wp","href":"https:\/\/api.w.org\/{rel}","templated":true}]}}