{"id":473,"date":"2024-09-10T09:17:22","date_gmt":"2024-09-10T07:17:22","guid":{"rendered":"https:\/\/o-seznam.cz\/napoveda\/tv-program\/?page_id=473"},"modified":"2025-12-08T09:41:18","modified_gmt":"2025-12-08T08:41:18","slug":"co-zlepsit","status":"publish","type":"page","link":"https:\/\/o-seznam.cz\/napoveda\/tv-program\/co-zlepsit\/","title":{"rendered":"Co m\u016f\u017eeme zlep\u0161it?"},"content":{"rendered":"\n<div class=\"wp-block-group is-content-justification-left is-layout-constrained wp-container-core-group-is-layout-0ed21503 wp-block-group-is-layout-constrained\"><div><script>\nvar gform;gform||(document.addEventListener(\"gform_main_scripts_loaded\",function(){gform.scriptsLoaded=!0}),document.addEventListener(\"gform\/theme\/scripts_loaded\",function(){gform.themeScriptsLoaded=!0}),window.addEventListener(\"DOMContentLoaded\",function(){gform.domLoaded=!0}),gform={domLoaded:!1,scriptsLoaded:!1,themeScriptsLoaded:!1,isFormEditor:()=>\"function\"==typeof InitializeEditor,callIfLoaded:function(o){return!(!gform.domLoaded||!gform.scriptsLoaded||!gform.themeScriptsLoaded&&!gform.isFormEditor()||(gform.isFormEditor()&&console.warn(\"The use of gform.initializeOnLoaded() is deprecated in the form editor context and will be removed in Gravity Forms 3.1.\"),o(),0))},initializeOnLoaded:function(o){gform.callIfLoaded(o)||(document.addEventListener(\"gform_main_scripts_loaded\",()=>{gform.scriptsLoaded=!0,gform.callIfLoaded(o)}),document.addEventListener(\"gform\/theme\/scripts_loaded\",()=>{gform.themeScriptsLoaded=!0,gform.callIfLoaded(o)}),window.addEventListener(\"DOMContentLoaded\",()=>{gform.domLoaded=!0,gform.callIfLoaded(o)}))},hooks:{action:{},filter:{}},addAction:function(o,r,e,t){gform.addHook(\"action\",o,r,e,t)},addFilter:function(o,r,e,t){gform.addHook(\"filter\",o,r,e,t)},doAction:function(o){gform.doHook(\"action\",o,arguments)},applyFilters:function(o){return gform.doHook(\"filter\",o,arguments)},removeAction:function(o,r){gform.removeHook(\"action\",o,r)},removeFilter:function(o,r,e){gform.removeHook(\"filter\",o,r,e)},addHook:function(o,r,e,t,n){null==gform.hooks[o][r]&&(gform.hooks[o][r]=[]);var d=gform.hooks[o][r];null==n&&(n=r+\"_\"+d.length),gform.hooks[o][r].push({tag:n,callable:e,priority:t=null==t?10:t})},doHook:function(r,o,e){var t;if(e=Array.prototype.slice.call(e,1),null!=gform.hooks[r][o]&&((o=gform.hooks[r][o]).sort(function(o,r){return o.priority-r.priority}),o.forEach(function(o){\"function\"!=typeof(t=o.callable)&&(t=window[t]),\"action\"==r?t.apply(null,e):e[0]=t.apply(null,e)})),\"filter\"==r)return e[0]},removeHook:function(o,r,t,n){var e;null!=gform.hooks[o][r]&&(e=(e=gform.hooks[o][r]).filter(function(o,r,e){return!!(null!=n&&n!=o.tag||null!=t&&t!=o.priority)}),gform.hooks[o][r]=e)}});\n<\/script>\n\n                <div class='gf_browser_gecko gform_wrapper gravity-theme gform-theme--no-framework' data-form-theme='gravity-theme' data-form-index='0' id='gform_wrapper_4' style='display:none'>\n                        <div class='gform_heading'>\n\t\t\t\t\t\t\t<p class='gform_required_legend'>&quot;<span class=\"gfield_required gfield_required_asterisk\">*<\/span>&quot; indicates required fields<\/p>\n                        <\/div><form method='post' enctype='multipart\/form-data'  id='gform_4'  action='\/napoveda\/tv-program\/wp-json\/wp\/v2\/pages\/473' data-formid='4' novalidate>\n                        <div class='gform-body gform_body'><div id='gform_fields_4' class='gform_fields top_label form_sublabel_below description_below validation_below'><div id=\"field_4_17\" class=\"gfield gfield--type-honeypot gform_validation_container field_sublabel_below gfield--has-description field_description_below field_validation_below gfield_visibility_visible\"  ><label class='gfield_label gform-field-label' for='input_4_17'>Email<\/label><div class='ginput_container'><input name='input_17' id='input_4_17' type='text' value='' autocomplete='new-password'\/><\/div><div class='gfield_description' id='gfield_description_4_17'>This field is for validation purposes and should be left unchanged.<\/div><\/div><fieldset id=\"field_4_1\" class=\"gfield gfield--type-radio gfield--type-choice gfield--input-type-radio gfield--width-full field_sublabel_below gfield--no-description field_description_below field_validation_below gfield_visibility_visible\"  ><legend class='gfield_label gform-field-label' >Chyb\u00ed V\u00e1m v na\u0161em TV programu od Seznamu n\u011bjak\u00e1 televizn\u00ed stanice?<\/legend><div class='ginput_container ginput_container_radio'><div class='gfield_radio' id='input_4_1'>\n\t\t\t<div class='gchoice gchoice_4_1_0'>\n\t\t\t\t\t<input class='gfield-choice-input' name='input_1' type='radio' value='Ne'  id='choice_4_1_0' onchange='gformToggleRadioOther( this )'    \/>\n\t\t\t\t\t<label for='choice_4_1_0' id='label_4_1_0' class='gform-field-label gform-field-label--type-inline'>Ne<\/label>\n\t\t\t<\/div>\n\t\t\t<div class='gchoice gchoice_4_1_1'>\n\t\t\t\t\t<input class='gfield-choice-input' name='input_1' type='radio' value='Ano'  id='choice_4_1_1' onchange='gformToggleRadioOther( this )'    \/>\n\t\t\t\t\t<label for='choice_4_1_1' id='label_4_1_1' class='gform-field-label gform-field-label--type-inline'>Ano<\/label>\n\t\t\t<\/div><\/div><\/div><\/fieldset><div id=\"field_4_3\" class=\"gfield gfield--type-textarea gfield--input-type-textarea gfield--width-full field_sublabel_below gfield--no-description field_description_below field_validation_below gfield_visibility_visible\"  ><label class='gfield_label gform-field-label' for='input_4_3'>Jak\u00e1 stanice V\u00e1m chyb\u00ed?<\/label><div class='ginput_container ginput_container_textarea'><textarea name='input_3' id='input_4_3' class='textarea small'      aria-invalid=\"false\"   rows='10' cols='50'><\/textarea><\/div><\/div><fieldset id=\"field_4_14\" class=\"gfield gfield--type-multi_choice gfield--type-choice gfield--input-type-checkbox gfield--width-full field_sublabel_below gfield--no-description field_description_below field_validation_below gfield_visibility_visible gfield--choice-align-vertical\"  ><legend class='gfield_label gform-field-label gfield_label_before_complex' >Kter\u00e9 funkce v na\u0161em TV programu r\u00e1di pou\u017e\u00edv\u00e1te?<\/legend><div class='ginput_container ginput_container_checkbox'><div class='gfield_checkbox ' id='input_4_14'><div class='gchoice gchoice_4_14_1'>\n\t\t\t\t\t\t\t\t<input class='gfield-choice-input' name='input_14.1' type='checkbox'  value='P\u0159idat do kalend\u00e1\u0159e'  id='choice_4_14_1'   \/>\n\t\t\t\t\t\t\t\t<label for='choice_4_14_1' id='label_4_14_1' class='gform-field-label gform-field-label--type-inline'>P\u0159idat do kalend\u00e1\u0159e<\/label>\n\t\t\t\t\t\t\t<\/div><div class='gchoice gchoice_4_14_2'>\n\t\t\t\t\t\t\t\t<input class='gfield-choice-input' name='input_14.2' type='checkbox'  value='Moje po\u0159ady'  id='choice_4_14_2'   \/>\n\t\t\t\t\t\t\t\t<label for='choice_4_14_2' id='label_4_14_2' class='gform-field-label gform-field-label--type-inline'>Moje po\u0159ady<\/label>\n\t\t\t\t\t\t\t<\/div><div class='gchoice gchoice_4_14_3'>\n\t\t\t\t\t\t\t\t<input class='gfield-choice-input' name='input_14.3' type='checkbox'  value='Roz\u0161\u00ed\u0159en\u00ed z\u00e1kladn\u00edho zobrazen\u00ed stanic'  id='choice_4_14_3'   \/>\n\t\t\t\t\t\t\t\t<label for='choice_4_14_3' id='label_4_14_3' class='gform-field-label gform-field-label--type-inline'>Roz\u0161\u00ed\u0159en\u00ed z\u00e1kladn\u00edho zobrazen\u00ed stanic<\/label>\n\t\t\t\t\t\t\t<\/div><div class='gchoice gchoice_4_14_4'>\n\t\t\t\t\t\t\t\t<input class='gfield-choice-input' name='input_14.4' type='checkbox'  value='\u0158azen\u00ed stanic na domovsk\u00e9 str\u00e1nce pomoc\u00ed p\u0159eta\u017een\u00ed loga kan\u00e1lu'  id='choice_4_14_4'   \/>\n\t\t\t\t\t\t\t\t<label for='choice_4_14_4' id='label_4_14_4' class='gform-field-label gform-field-label--type-inline'>\u0158azen\u00ed stanic na domovsk\u00e9 str\u00e1nce pomoc\u00ed p\u0159eta\u017een\u00ed loga kan\u00e1lu<\/label>\n\t\t\t\t\t\t\t<\/div><div class='gchoice gchoice_4_14_5'>\n\t\t\t\t\t\t\t\t<input class='gfield-choice-input' name='input_14.5' type='checkbox'  value='Zobrazen\u00ed stanic dle kategorie'  id='choice_4_14_5'   \/>\n\t\t\t\t\t\t\t\t<label for='choice_4_14_5' id='label_4_14_5' class='gform-field-label gform-field-label--type-inline'>Zobrazen\u00ed stanic dle kategorie<\/label>\n\t\t\t\t\t\t\t<\/div><div class='gchoice gchoice_4_14_6'>\n\t\t\t\t\t\t\t\t<input class='gfield-choice-input' name='input_14.6' type='checkbox'  value='Vyhled\u00e1v\u00e1n\u00ed'  id='choice_4_14_6'   \/>\n\t\t\t\t\t\t\t\t<label for='choice_4_14_6' id='label_4_14_6' class='gform-field-label gform-field-label--type-inline'>Vyhled\u00e1v\u00e1n\u00ed<\/label>\n\t\t\t\t\t\t\t<\/div><div class='gchoice gchoice_4_14_7'>\n\t\t\t\t\t\t\t\t<input class='gfield-choice-input' name='input_14.7' type='checkbox'  value='Upozorn\u011bn\u00ed na n\u00e1sleduj\u00edc\u00ed d\u00edly seri\u00e1lu na detailu po\u0159adu'  id='choice_4_14_7'   \/>\n\t\t\t\t\t\t\t\t<label for='choice_4_14_7' id='label_4_14_7' class='gform-field-label gform-field-label--type-inline'>Upozorn\u011bn\u00ed na n\u00e1sleduj\u00edc\u00ed d\u00edly seri\u00e1lu na detailu po\u0159adu<\/label>\n\t\t\t\t\t\t\t<\/div><div class='gchoice gchoice_4_14_8'>\n\t\t\t\t\t\t\t\t<input class='gfield-choice-input' name='input_14.8' type='checkbox'  value='Doporu\u010den\u00ed podobn\u00fdch po\u0159ad\u016f na detailu po\u0159adu'  id='choice_4_14_8'   \/>\n\t\t\t\t\t\t\t\t<label for='choice_4_14_8' id='label_4_14_8' class='gform-field-label gform-field-label--type-inline'>Doporu\u010den\u00ed podobn\u00fdch po\u0159ad\u016f na detailu po\u0159adu<\/label>\n\t\t\t\t\t\t\t<\/div><div class='gchoice gchoice_4_14_9'>\n\t\t\t\t\t\t\t\t<input class='gfield-choice-input' name='input_14.9' type='checkbox'  value='\u017d\u00e1dnou'  id='choice_4_14_9'   \/>\n\t\t\t\t\t\t\t\t<label for='choice_4_14_9' id='label_4_14_9' class='gform-field-label gform-field-label--type-inline'>\u017d\u00e1dnou<\/label>\n\t\t\t\t\t\t\t<\/div><\/div><\/div><\/fieldset><div id=\"field_4_16\" class=\"gfield gfield--type-textarea gfield--input-type-textarea gfield--width-full field_sublabel_below gfield--no-description field_description_below field_validation_below gfield_visibility_visible\"  ><label class='gfield_label gform-field-label' for='input_4_16'>Kter\u00e9 nov\u00e9 funkce nebo zlep\u0161en\u00ed st\u00e1vaj\u00edc\u00edch byste uv\u00edtali?<\/label><div class='ginput_container ginput_container_textarea'><textarea name='input_16' id='input_4_16' class='textarea small'      aria-invalid=\"false\"   rows='10' cols='50'><\/textarea><\/div><\/div><fieldset id=\"field_4_15\" class=\"gfield gfield--type-checkbox gfield--type-choice gfield--input-type-checkbox gfield--width-full field_sublabel_below gfield--no-description field_description_below field_validation_below gfield_visibility_visible\"  ><legend class='gfield_label gform-field-label gfield_label_before_complex' >Cht\u011bli byste se zapojit do u\u017eivatelsk\u00e9ho v\u00fdzkumu, kter\u00fd bude prob\u00edhat v roce 2026 a bude zam\u011b\u0159en na z\u00edsk\u00e1n\u00ed podrobn\u00e9 zp\u011btn\u00e9 vazby a zlep\u0161en\u00ed slu\u017eby tv.seznam.cz?<\/legend><div class='ginput_container ginput_container_checkbox'><div class='gfield_checkbox ' id='input_4_15'><div class='gchoice gchoice_4_15_1'>\n\t\t\t\t\t\t\t\t<input class='gfield-choice-input is-medium' name='input_15.1' type='checkbox'  value='Ano'  id='choice_4_15_1'   \/>\n\t\t\t\t\t\t\t\t<label for='choice_4_15_1' id='label_4_15_1' class='gform-field-label gform-field-label--type-inline'>Ano<\/label>\n\t\t\t\t\t\t\t<\/div><\/div><\/div><\/fieldset><div id=\"field_4_10\" class=\"gfield gfield--type-html gfield--input-type-html gfield_html gfield_html_formatted gfield_no_follows_desc field_sublabel_below gfield--no-description field_description_below field_validation_below gfield_visibility_visible\"  >Pokud si p\u0159ejete, abychom se v\u00e1m ozvali, vypl\u0148te pros\u00edm sv\u00e9 kontaktn\u00ed \u00fadaje.<\/div><div id=\"field_4_13\" class=\"gfield gfield--type-email gfield--input-type-email gfield--width-half gfield_contains_required field_sublabel_below gfield--no-description field_description_below field_validation_below gfield_visibility_visible\"  ><label class='gfield_label gform-field-label' for='input_4_13'>E-mail<span class=\"gfield_required\"><span class=\"gfield_required gfield_required_asterisk\">*<\/span><\/span><\/label><div class='ginput_container ginput_container_email'>\n                            <input name='input_13' id='input_4_13' type='email' value='' class='large'    aria-required=\"true\" aria-invalid=\"false\"  \/>\n                        <\/div><\/div><div id=\"field_4_12\" class=\"gfield gfield--type-text gfield--input-type-text gfield--width-half gfield_contains_required field_sublabel_below gfield--no-description field_description_below field_validation_below gfield_visibility_visible\"  ><label class='gfield_label gform-field-label' for='input_4_12'>Telefon<span class=\"gfield_required\"><span class=\"gfield_required gfield_required_asterisk\">*<\/span><\/span><\/label><div class='ginput_container ginput_container_text'><input name='input_12' id='input_4_12' type='text' value='' class='large'    placeholder='+420 234 694 111' aria-required=\"true\" aria-invalid=\"false\"   \/><\/div><\/div><div id=\"field_4_11\" class=\"gfield gfield--type-html gfield--input-type-html gfield--width-full is-html-consent-gfield gfield_html gfield_html_formatted gfield_no_follows_desc field_sublabel_below gfield--no-description field_description_below field_validation_below gfield_visibility_visible\"  ><!-- GENERATED CONSENT -->  <div class=\"limiter has-button\" data-limiter=\"1\" data-limiter-selector=\"&gt; * \"> \t<div> \t\t<div class=\"is-layout-flow\"> \t\t\tZa \u00fa\u010delem vyu\u017eit\u00ed slu\u017eby &#8222;Co m\u016f\u017eeme zlep\u0161it?&#8220; dostupn\u00e9 na internetov\u00e9 adrese (URL) https:\/\/o-seznam.cz\/napoveda\/tv-program\/co-zlepsit\/ (d\u00e1le jen &#8222;Slu\u017eba&#8220;) u\u017eivatelem Slu\u017eby (d\u00e1le jen &#8222;U\u017eivatel&#8220;) je spole\u010dnost Seznam.cz, a.s., I\u010cO 26168685, se s\u00eddlem Radlick\u00e1 3294\/10, 150 00 Praha 5, provozovatel Slu\u017eby (d\u00e1le jen &#8222;Provozovatel&#8220;) opr\u00e1vn\u011bna zpracov\u00e1vat osobn\u00ed \u00fadaje U\u017eivatel\u016f (zejm\u00e9na adresn\u00e9 a popisn\u00e9 \u00fadaje v rozsahu n\u00ed\u017ee uveden\u00e9m), kter\u00e9 tito U\u017eivatel\u00e9 poskytnou Provozovateli v r\u00e1mci u\u017e\u00edv\u00e1n\u00ed Slu\u017eby.\t\t<\/div> \t\t<div class=\"limiter-item-hidden is-layout-flow mt-f6\" hidden=\"true\"> \t\t\t<p>Osobn\u00ed \u00fadaje U\u017eivatele budou zpracov\u00e1ny Provozovatelem v nezbytn\u00e9m rozsahu za \u00fa\u010delem poskytov\u00e1n\u00ed Slu\u017eby, a to zejm\u00e9na za t\u011bmito \u00fa\u010dely: Za \u00fa\u010delem za\u0159azen\u00ed kontaktn\u00edch \u00fadaj\u016f do kontakt\u016f Provozovatele za \u00fa\u010delem vz\u00e1jemn\u00e9 budouc\u00ed komunikace Provozovatele a U\u017eivatele. Takov\u00e9 zpracov\u00e1n\u00ed osobn\u00edch \u00fadaj\u016f je z\u00e1konn\u00e9, jeliko\u017e je nezbytn\u00e9 pro spln\u011bn\u00ed smlouvy, na jej\u00edm\u017e z\u00e1klad\u011b U\u017eivatel u\u017e\u00edv\u00e1 Slu\u017ebu, a jej\u00edch\u017e smluvn\u00ed stranou je U\u017eivatel, jako subjekt osobn\u00edch \u00fadaj\u016f. Provozovatel postupuje p\u0159i zpracov\u00e1n\u00ed osobn\u00edch \u00fadaj\u016f v souladu s na\u0159\u00edzen\u00edm Evropsk\u00e9ho parlamentu a Rady (EU) \u010d. 2016\/679 o ochran\u011b fyzick\u00fdch osob v souvislosti se zpracov\u00e1n\u00edm osobn\u00edch \u00fadaj\u016f a o voln\u00e9m pohybu t\u011bchto \u00fadaj\u016f (obecn\u00e9 na\u0159\u00edzen\u00ed o ochran\u011b osobn\u00edch \u00fadaj\u016f, d\u00e1le jen &#8222;na\u0159\u00edzen\u00ed&#8220;), z\u00e1konem \u010d. 110\/2019 Sb., o zpracov\u00e1n\u00ed osobn\u00edch \u00fadaj\u016f, z\u00e1konem \u010d. 111\/2019 Sb., kter\u00fdm se m\u011bn\u00ed n\u011bkter\u00e9 z\u00e1kony s p\u0159ijet\u00edm z\u00e1kona o zpracov\u00e1n\u00ed osobn\u00edch \u00fadaj\u016f, z\u00e1konem \u010d. 480\/2004 Sb., o n\u011bkter\u00fdch slu\u017eb\u00e1ch informa\u010dn\u00ed spole\u010dnosti, z\u00e1konem \u010d. 127\/2005 Sb., o elektronick\u00fdch komunikac\u00edch a dal\u0161\u00edmi pr\u00e1vn\u00edmi p\u0159edpisy upravuj\u00edc\u00ed ochranu osobn\u00edch \u00fadaj\u016f. Podrobn\u011bj\u0161\u00ed informace o nakl\u00e1d\u00e1n\u00ed s osobn\u00edmi \u00fadaji jsou uvedeny na internetov\u00fdch str\u00e1nk\u00e1ch Provozovatele, a to v p\u0159\u00edslu\u0161n\u00e9 sekci.<\/p> \t\t<\/div> \t<\/div> \t<button class=\"limiter__button circle-button circle-button--down\" aria-expanded=\"false\"> \t\t<span class=\"screen-reader-text\">Rozbalit\/sbalit<\/span> \t<\/button> <\/div> <!-- \/GENERATED CONSENT --><\/div><\/div><\/div>\n        <div class='gform-footer gform_footer top_label'> <input type='submit' id='gform_submit_button_4' class='gform_button wp-element-button button' onclick='gform.submission.handleButtonClick(this);' data-submission-type='submit' value='Odeslat'  \/> \n            <input type='hidden' class='gform_hidden' name='gform_submission_method' data-js='gform_submission_method_4' value='postback' \/>\n            <input type='hidden' class='gform_hidden' name='gform_theme' data-js='gform_theme_4' id='gform_theme_4' value='gravity-theme' \/>\n            <input type='hidden' class='gform_hidden' name='gform_style_settings' data-js='gform_style_settings_4' id='gform_style_settings_4' value='{&quot;inputPrimaryColor&quot;:&quot;#204ce5&quot;,&quot;theme&quot;:&quot;gravity-theme&quot;}' \/>\n            <input type='hidden' class='gform_hidden' name='is_submit_4' value='1' \/>\n            <input type='hidden' class='gform_hidden' name='gform_submit' value='4' \/>\n            \n            <input type='hidden' class='gform_hidden' name='gform_currency' data-currency='USD' value='ZGah9IH0yLWz\/gcnT1147BxaOB6ENmt380zUSDV\/bAKhBSbdjGRLn85h\/rDZND6nD2RT7SFMZj9\/CPuun3yuWxxou7O\/MOWpVrwzuY+rw3YlqSQ=' \/>\n            <input type='hidden' class='gform_hidden' name='gform_unique_id' value='' \/>\n            <input type='hidden' class='gform_hidden' name='state_4' value='WyJ7XCIxXCI6W1wiMzEzYjgyMzUxN2Q1Y2RlOWFiMDgxZDY3MGE5ZmU5YTdcIixcImY3YTM3NzA4MzAwNjk0Y2RlMTM0NTVlYWE5NTMzMmEzXCJdLFwiMTQuMVwiOlwiYWI4MTFjZmNlMjVhYWNjYTQ4OGE0OTRkYzU0ZmRlNjFcIixcIjE0LjJcIjpcIjU5NGZiOWRmNzYxZGU5MzA1YTg4Mjg3ODdhMmU2ZTFmXCIsXCIxNC4zXCI6XCI4MTJmNjBmOGVjNzE3YjZiMjllOWMwNGFhZDA1MmIzY1wiLFwiMTQuNFwiOlwiODYxN2U0ZTNiNWFmZWQ2OGM4NzVkYmEzMGRjN2M2YWRcIixcIjE0LjVcIjpcImNlNTg2MDIxMjVmMmUzMWE3OWQ1Mjk1YWQ0NGVlOGI2XCIsXCIxNC42XCI6XCIyNjRmNjdjNjBhMWViM2UxZDdjOTY3MzIyYmMwZWZjMlwiLFwiMTQuN1wiOlwiMWRkMWQ2NDgzNTk4OWIyZWQ3N2M1NTgxMTkzZDNjYjNcIixcIjE0LjhcIjpcImM5N2M0OTFlZjI4MjUzYWQ1ZThlZWUxZTI0YTE5ZjQ5XCIsXCIxNC45XCI6XCI1MGI1ZGU5MDU4Mzk3OTZlOWIwMDg1NzhhYWM2NmU1MlwiLFwiMTUuMVwiOlwiZjdhMzc3MDgzMDA2OTRjZGUxMzQ1NWVhYTk1MzMyYTNcIn0iLCIyY2YwZjAyOWNkODViOWEwYjY4NWI2YThiYjU1ZTllMCJd' \/>\n            <input type='hidden' autocomplete='off' class='gform_hidden' name='gform_target_page_number_4' id='gform_target_page_number_4' value='0' \/>\n            <input type='hidden' autocomplete='off' class='gform_hidden' name='gform_source_page_number_4' id='gform_source_page_number_4' value='1' \/>\n            <input type='hidden' name='gform_field_values' value='' \/>\n            \n        <\/div>\n                        <\/form>\n                        <\/div><script>\ngform.initializeOnLoaded( function() {gformInitSpinner( 4, 'https:\/\/o-seznam.cz\/napoveda\/tv-program\/wp-content\/plugins\/gravityforms\/images\/spinner.svg', true );jQuery('#gform_ajax_frame_4').on('load',function(){var contents = jQuery(this).contents().find('*').html();var is_postback = contents.indexOf('GF_AJAX_POSTBACK') >= 0;if(!is_postback){return;}var form_content = jQuery(this).contents().find('#gform_wrapper_4');var is_confirmation = jQuery(this).contents().find('#gform_confirmation_wrapper_4').length > 0;var is_redirect = contents.indexOf('gformRedirect(){') >= 0;var is_form = form_content.length > 0 && ! is_redirect && ! is_confirmation;var mt = parseInt(jQuery('html').css('margin-top'), 10) + parseInt(jQuery('body').css('margin-top'), 10) + 100;if(is_form){form_content.find('form').css('opacity', 0);jQuery('#gform_wrapper_4').html(form_content.html());if(form_content.hasClass('gform_validation_error')){jQuery('#gform_wrapper_4').addClass('gform_validation_error');} else {jQuery('#gform_wrapper_4').removeClass('gform_validation_error');}setTimeout( function() { \/* delay the scroll by 50 milliseconds to fix a bug in chrome *\/  }, 50 );if(window['gformInitDatepicker']) {gformInitDatepicker();}if(window['gformInitPriceFields']) {gformInitPriceFields();}var current_page = jQuery('#gform_source_page_number_4').val();gformInitSpinner( 4, 'https:\/\/o-seznam.cz\/napoveda\/tv-program\/wp-content\/plugins\/gravityforms\/images\/spinner.svg', true );jQuery(document).trigger('gform_page_loaded', [4, current_page]);window['gf_submitting_4'] = false;}else if(!is_redirect){var confirmation_content = jQuery(this).contents().find('.GF_AJAX_POSTBACK').html();if(!confirmation_content){confirmation_content = contents;}jQuery('#gform_wrapper_4').replaceWith(confirmation_content);jQuery(document).trigger('gform_confirmation_loaded', [4]);window['gf_submitting_4'] = false;wp.a11y.speak(jQuery('#gform_confirmation_message_4').text());}else{jQuery('#gform_4').append(contents);if(window['gformRedirect']) {gformRedirect();}}jQuery(document).trigger(\"gform_pre_post_render\", [{ formId: \"4\", currentPage: \"current_page\", abort: function() { this.preventDefault(); } }]);        if (event && event.defaultPrevented) {                return;        }        const gformWrapperDiv = document.getElementById( \"gform_wrapper_4\" );        if ( gformWrapperDiv ) {            const visibilitySpan = document.createElement( \"span\" );            visibilitySpan.id = \"gform_visibility_test_4\";            gformWrapperDiv.insertAdjacentElement( \"afterend\", visibilitySpan );        }        const visibilityTestDiv = document.getElementById( \"gform_visibility_test_4\" );        let postRenderFired = false;        function triggerPostRender() {            if ( postRenderFired ) {                return;            }            postRenderFired = true;            gform.core.triggerPostRenderEvents( 4, current_page );            if ( visibilityTestDiv ) {                visibilityTestDiv.parentNode.removeChild( visibilityTestDiv );            }        }        function debounce( func, wait, immediate ) {            var timeout;            return function() {                var context = this, args = arguments;                var later = function() {                    timeout = null;                    if ( !immediate ) func.apply( context, args );                };                var callNow = immediate && !timeout;                clearTimeout( timeout );                timeout = setTimeout( later, wait );                if ( callNow ) func.apply( context, args );            };        }        const debouncedTriggerPostRender = debounce( function() {            triggerPostRender();        }, 200 );        if ( visibilityTestDiv && visibilityTestDiv.offsetParent === null ) {            const observer = new MutationObserver( ( mutations ) => {                mutations.forEach( ( mutation ) => {                    if ( mutation.type === 'attributes' && visibilityTestDiv.offsetParent !== null ) {                        debouncedTriggerPostRender();                        observer.disconnect();                    }                });            });            observer.observe( document.body, {                attributes: true,                childList: false,                subtree: true,                attributeFilter: [ 'style', 'class' ],            });        } else {            triggerPostRender();        }    } );} );\n<\/script>\n<\/div><\/div>\n","protected":false},"excerpt":{"rendered":"","protected":false},"author":2,"featured_media":0,"parent":0,"menu_order":0,"comment_status":"closed","ping_status":"closed","template":"","meta":{"_acf_changed":false,"_relevanssi_hide_post":"","_relevanssi_hide_content":"","_relevanssi_pin_for_all":"","_relevanssi_pin_keywords":"","_relevanssi_unpin_keywords":"","_relevanssi_related_keywords":"","_relevanssi_related_include_ids":"","_relevanssi_related_exclude_ids":"","_relevanssi_related_no_append":"","_relevanssi_related_not_related":"","_relevanssi_related_posts":"","_relevanssi_noindex_reason":"","footnotes":""},"page_category":[5],"page_tag":[],"service_status_category":[33],"class_list":["post-473","page","type-page","status-publish","hentry"],"acf":[],"_links":{"self":[{"href":"https:\/\/o-seznam.cz\/napoveda\/tv-program\/wp-json\/wp\/v2\/pages\/473","targetHints":{"allow":["GET"]}}],"collection":[{"href":"https:\/\/o-seznam.cz\/napoveda\/tv-program\/wp-json\/wp\/v2\/pages"}],"about":[{"href":"https:\/\/o-seznam.cz\/napoveda\/tv-program\/wp-json\/wp\/v2\/types\/page"}],"author":[{"embeddable":true,"href":"https:\/\/o-seznam.cz\/napoveda\/tv-program\/wp-json\/wp\/v2\/users\/2"}],"replies":[{"embeddable":true,"href":"https:\/\/o-seznam.cz\/napoveda\/tv-program\/wp-json\/wp\/v2\/comments?post=473"}],"version-history":[{"count":7,"href":"https:\/\/o-seznam.cz\/napoveda\/tv-program\/wp-json\/wp\/v2\/pages\/473\/revisions"}],"predecessor-version":[{"id":1075,"href":"https:\/\/o-seznam.cz\/napoveda\/tv-program\/wp-json\/wp\/v2\/pages\/473\/revisions\/1075"}],"wp:attachment":[{"href":"https:\/\/o-seznam.cz\/napoveda\/tv-program\/wp-json\/wp\/v2\/media?parent=473"}],"wp:term":[{"taxonomy":"page_category","embeddable":true,"href":"https:\/\/o-seznam.cz\/napoveda\/tv-program\/wp-json\/wp\/v2\/page_category?post=473"},{"taxonomy":"page_tag","embeddable":true,"href":"https:\/\/o-seznam.cz\/napoveda\/tv-program\/wp-json\/wp\/v2\/page_tag?post=473"},{"taxonomy":"service_status_category","embeddable":true,"href":"https:\/\/o-seznam.cz\/napoveda\/tv-program\/wp-json\/wp\/v2\/service_status_category?post=473"}],"curies":[{"name":"wp","href":"https:\/\/api.w.org\/{rel}","templated":true}]}}