{"id":35,"date":"2024-09-04T10:40:59","date_gmt":"2024-09-04T08:40:59","guid":{"rendered":"https:\/\/o-seznam.cz\/napoveda\/tv-program\/?page_id=35"},"modified":"2025-12-12T09:06:45","modified_gmt":"2025-12-12T08:06:45","slug":"funkce","status":"publish","type":"page","link":"https:\/\/o-seznam.cz\/napoveda\/tv-program\/funkce\/","title":{"rendered":"Funkce"},"content":{"rendered":"\n<div class=\"wp-block-group is-layout-constrained wp-block-group-is-layout-constrained\"><nav class=\"menu-anchors limiter\" data-limiter=\"6\" data-limiter-selector=\"&gt; ul\">\n<ul>\n\t<li><a href=\"#moje-stanice\">Moje stanice<\/a><\/li>\n<li><a href=\"#moje-porady\">Moje po\u0159ady<\/a><\/li>\n<li><a href=\"#vyhled\u00e1v\u00e1n\u00ed\">Vyhled\u00e1v\u00e1n\u00ed<\/a><\/li>\n<li><a href=\"#zobrazeni\">Sloupcov\u00e9 a \u0159\u00e1dkov\u00e9 zobrazen\u00ed<\/a><\/li>\n<li><a href=\"#uvidite-v-tv\">Uvid\u00edte v TV<\/a><\/li>\n<li><a href=\"#stitky\">\u0160t\u00edtky a ozna\u010den\u00ed<\/a><\/li>\n<li class=\"limiter-item-hidden\"><a href=\"#hodnoceni\">Hodnocen\u00ed<\/a><\/li>\n<\/ul>\n\t<button class=\"limiter__button circle-button circle-button--down\">\n\t\t<span class=\"screen-reader-text\">Zobrazit v\u0161e <\/span>\n\t<\/button>\n\n<\/nav>\n<\/div>\n\n\n\n<div class=\"wp-block-group is-layout-constrained wp-block-group-is-layout-constrained\">\n<div class=\"wp-block-columns pattern-columns-2-icons is-layout-flex wp-container-core-columns-is-layout-28f84493 wp-block-columns-is-layout-flex\">\n<div class=\"wp-block-column is-layout-flow wp-container-core-column-is-layout-16b3bfcb wp-block-column-is-layout-flow\"><figure class=\"aligncenter aligncenter wp-block-seznam-icon\"><img loading=\"lazy\" decoding=\"async\" width=\"64\" height=\"64\" src=\"https:\/\/o-seznam.cz\/napoveda\/tv-program\/wp-content\/uploads\/sites\/15\/2024\/12\/televizni-program-vyber.svg\" class=\"attachment-full size-full\" alt=\"\" \/><\/figure>\n\n\n\n<p class=\"has-text-align-center is-style-wrap-balance\"><strong>+220 stanic<\/strong> <strong>a kan\u00e1l\u016f<\/strong><\/p>\n\n\n\n<p class=\"has-text-align-center is-style-wrap-balance\">v\u0161ech \u017e\u00e1nr\u016f z v\u00edce ne\u017e p\u011bti zem\u00ed<\/p>\n<\/div>\n\n\n\n<div class=\"wp-block-column is-layout-flow wp-container-core-column-is-layout-16b3bfcb wp-block-column-is-layout-flow\"><figure class=\"aligncenter aligncenter wp-block-seznam-icon\"><img loading=\"lazy\" decoding=\"async\" width=\"64\" height=\"64\" src=\"https:\/\/o-seznam.cz\/napoveda\/tv-program\/wp-content\/uploads\/sites\/15\/2024\/12\/televizni-program-dopredu.svg\" class=\"attachment-full size-full\" alt=\"\" \/><\/figure>\n\n\n\n<p class=\"has-text-align-center is-style-wrap-balance\"><strong>14 dn\u00ed dop\u0159edu<\/strong><\/p>\n\n\n\n<p class=\"has-text-align-center is-style-wrap-balance\">zn\u00e1te program, tak\u017ee nic nezme\u0161k\u00e1te<\/p>\n<\/div>\n<\/div>\n<\/div>\n\n\n\n<div class=\"wp-block-group is-layout-constrained wp-block-group-is-layout-constrained\">\n<h2 class=\"wp-block-heading\" id=\"moje-stanice\">Moje stanice<\/h2>\n\n\n\n<figure class=\"wp-block-image size-large is-style-strong-border\"><img loading=\"lazy\" decoding=\"async\" width=\"1984\" height=\"1065\" src=\"https:\/\/o-seznam.cz\/napoveda\/tv-program\/wp-content\/uploads\/sites\/15\/2025\/12\/snimek-obrazovky-2025-12-08-v100151-1984x1065.png\" alt=\"\" class=\"wp-image-1079\" srcset=\"https:\/\/o-seznam.cz\/napoveda\/tv-program\/wp-content\/uploads\/sites\/15\/2025\/12\/snimek-obrazovky-2025-12-08-v100151-1984x1065.png 1984w, https:\/\/o-seznam.cz\/napoveda\/tv-program\/wp-content\/uploads\/sites\/15\/2025\/12\/snimek-obrazovky-2025-12-08-v100151-992x533.png 992w, https:\/\/o-seznam.cz\/napoveda\/tv-program\/wp-content\/uploads\/sites\/15\/2025\/12\/snimek-obrazovky-2025-12-08-v100151-320x172.png 320w, https:\/\/o-seznam.cz\/napoveda\/tv-program\/wp-content\/uploads\/sites\/15\/2025\/12\/snimek-obrazovky-2025-12-08-v100151-768x412.png 768w, https:\/\/o-seznam.cz\/napoveda\/tv-program\/wp-content\/uploads\/sites\/15\/2025\/12\/snimek-obrazovky-2025-12-08-v100151-1536x825.png 1536w, https:\/\/o-seznam.cz\/napoveda\/tv-program\/wp-content\/uploads\/sites\/15\/2025\/12\/snimek-obrazovky-2025-12-08-v100151-2048x1100.png 2048w\" sizes=\"auto, (max-width: 1984px) 100vw, 1984px\" \/><\/figure>\n\n\n\n<p class=\"is-style-link-external\">Na za\u010d\u00e1tek od n\u00e1s m\u00e1te p\u0159ednastaven\u00fdch 16 nejobl\u00edben\u011bj\u0161\u00edch stanic. Z\u00e1kladn\u00ed v\u00fdb\u011br si pak m\u016f\u017eete sami upravit podle preferenc\u00ed, na v\u00fdb\u011br m\u00e1te z v\u00edce ne\u017e 220 stanic. Pro nastaven\u00ed vlastn\u00edho v\u00fdb\u011bru p\u0159ejd\u011bte do sekce <a href=\"https:\/\/tv.seznam.cz\/nastaveni\" target=\"_blank\" rel=\"noreferrer noopener\">Nastavit moje stanice<\/a> p\u0159es Menu <img loading=\"lazy\" decoding=\"async\" width=\"64\" height=\"64\" class=\"inline-image wp-image-954\" style=\"--inline-image-zoom:85\" src=\"https:\/\/o-seznam.cz\/napoveda\/tv-program\/wp-content\/uploads\/sites\/15\/2024\/12\/menu.svg\" alt=\"\"> nebo prvn\u00ed pilulku v horn\u00ed navigaci.<\/p>\n\n\n\n<div class=\"accordion\">\n\t<div class=\"accordion__items\">\n\n<details class=\"expander is-style-box\">\n\t<summary data-datalayer-name=\"\" data-datalayer-text=\"P\u0159id\u00e1n\u00ed stanice\">\n\t\t\t\t<strong>P\u0159id\u00e1n\u00ed stanice<\/strong>\n\t\t\t<\/summary>\n\t<div class=\"inner-blocks\">\n\n<p>P\u0159eta\u017een\u00edm vybran\u00e9 stanice do horn\u00ed sekce dojde k jej\u00edmu p\u0159id\u00e1n\u00ed na V\u00e1mi preferovanou pozici. Zde si m\u016f\u017eete po\u0159ad\u00ed libovoln\u011b upravovat. Druhou mo\u017enost\u00ed je vyu\u017e\u00edt tla\u010d\u00edtka <img loading=\"lazy\" decoding=\"async\" width=\"64\" height=\"64\" class=\"inline-image wp-image-953\" style=\"--inline-image-zoom:85\" src=\"https:\/\/o-seznam.cz\/napoveda\/tv-program\/wp-content\/uploads\/sites\/15\/2024\/12\/kanal-pridani.svg\" alt=\"\">, pot\u00e9 se V\u00e1m stanice za\u0159ad\u00ed na konec seznamu. <\/p>\n\n<\/div><\/details>\n\n\n\n<details class=\"expander is-style-box\">\n\t<summary data-datalayer-name=\"\" data-datalayer-text=\"Odebr\u00e1n\u00ed stanice\">\n\t\t\t\t<strong>Odebr\u00e1n\u00ed stanice<\/strong>\n\t\t\t<\/summary>\n\t<div class=\"inner-blocks\">\n\n<p>Naje\u010fte my\u0161\u00ed na ikonku p\u0159idan\u00e9 stanice a zvolte <img loading=\"lazy\" decoding=\"async\" width=\"64\" height=\"64\" class=\"inline-image wp-image-955\" style=\"--inline-image-zoom:85\" src=\"https:\/\/o-seznam.cz\/napoveda\/tv-program\/wp-content\/uploads\/sites\/15\/2024\/12\/odebrani-kanalu.svg\" alt=\"\">. Stanici m\u016f\u017eete tak\u00e9 jednodu\u0161e p\u0159et\u00e1hnout sm\u011brem dol\u016f do spodn\u00ed sekce.<\/p>\n\n<\/div><\/details>\n\n\n\n<details class=\"expander is-style-box\">\n\t<summary data-datalayer-name=\"\" data-datalayer-text=\"\u0158azen\u00ed stanic\">\n\t\t\t\t<strong>\u0158azen\u00ed stanic<\/strong>\n\t\t\t<\/summary>\n\t<div class=\"inner-blocks\">\n\n<p>Po\u0159ad\u00ed stanic m\u016f\u017eete jednodu\u0161e upravovat p\u0159eta\u017een\u00edm jejich log, a to jak na str\u00e1nce <a href=\"https:\/\/tv.seznam.cz\/nastaveni\" target=\"_blank\" rel=\"noreferrer noopener\">Nastavit moje stanice<\/a>, tak na domovsk\u00e9 str\u00e1nce. <\/p>\n\n<\/div><\/details>\n\n<\/div><\/div>\n\n<\/div>\n\n\n\n<div class=\"wp-block-group is-layout-constrained wp-block-group-is-layout-constrained\">\n<h2 class=\"wp-block-heading\" id=\"moje-porady\">Moje po\u0159ady<\/h2>\n\n\n\n<figure class=\"wp-block-image size-large is-style-strong-border\"><img loading=\"lazy\" decoding=\"async\" width=\"1984\" height=\"1240\" src=\"https:\/\/o-seznam.cz\/napoveda\/tv-program\/wp-content\/uploads\/sites\/15\/2024\/12\/televizni-program-9-1984x1240.png\" alt=\"\" class=\"wp-image-976\" srcset=\"https:\/\/o-seznam.cz\/napoveda\/tv-program\/wp-content\/uploads\/sites\/15\/2024\/12\/televizni-program-9-1984x1240.png 1984w, https:\/\/o-seznam.cz\/napoveda\/tv-program\/wp-content\/uploads\/sites\/15\/2024\/12\/televizni-program-9-992x620.png 992w, https:\/\/o-seznam.cz\/napoveda\/tv-program\/wp-content\/uploads\/sites\/15\/2024\/12\/televizni-program-9-320x200.png 320w, https:\/\/o-seznam.cz\/napoveda\/tv-program\/wp-content\/uploads\/sites\/15\/2024\/12\/televizni-program-9-768x480.png 768w, https:\/\/o-seznam.cz\/napoveda\/tv-program\/wp-content\/uploads\/sites\/15\/2024\/12\/televizni-program-9-1536x960.png 1536w, https:\/\/o-seznam.cz\/napoveda\/tv-program\/wp-content\/uploads\/sites\/15\/2024\/12\/televizni-program-9-2048x1280.png 2048w\" sizes=\"auto, (max-width: 1984px) 100vw, 1984px\" \/><\/figure>\n\n\n\n<p class=\"is-style-link-external\">Sekce <a href=\"https:\/\/tv.seznam.cz\/moje-porady\/\" target=\"_blank\" rel=\"noreferrer noopener\">Moje po\u0159ady<\/a> funguje jako seznam po\u0159ad\u016f, kter\u00e9 jste si ozna\u010dili, \u017ee nechcete zme\u0161kat. Ozna\u010den\u00e9 po\u0159ady najdete i mod\u0159e podkreslen\u00e9 na domovsk\u00e9 str\u00e1nce. V p\u0159\u00edpad\u011b seri\u00e1l\u016f si takto m\u016f\u017eete nechat p\u0159idat automaticky ka\u017ed\u00fd d\u00edl i do budoucna. <\/p>\n\n\n\n<p><\/p>\n\n\n\n<div class=\"accordion\">\n\t<div class=\"accordion__items\">\n\n<details class=\"expander is-style-box\">\n\t<summary data-datalayer-name=\"\" data-datalayer-text=\"P\u0159id\u00e1n\u00ed po\u0159adu\">\n\t\t\t\t<strong>P\u0159id\u00e1n\u00ed po\u0159adu<\/strong>\n\t\t\t<\/summary>\n\t<div class=\"inner-blocks\">\n\n<p>Pokud chcete p\u0159idat po\u0159ad do Kalend\u00e1\u0159e, sta\u010d\u00ed kliknout na link P\u0159idat do kalend\u00e1\u0159e. Po p\u0159ena\u010dten\u00ed str\u00e1nky se po\u0159ad se n\u00e1sledn\u011b zabarv\u00ed. <\/p>\n\n<\/div><\/details>\n\n\n\n<details class=\"expander is-style-box\">\n\t<summary data-datalayer-name=\"\" data-datalayer-text=\"Odebr\u00e1n\u00ed po\u0159adu\">\n\t\t\t\t<strong>Odebr\u00e1n\u00ed po\u0159adu<\/strong>\n\t\t\t<\/summary>\n\t<div class=\"inner-blocks\">\n\n<p>Na detailu po\u0159adu nebo na str\u00e1nce <a href=\"https:\/\/tv.seznam.cz\/moje-porady\">Moje po\u0159ady<\/a> m\u016f\u017eete po\u0159ady p\u0159es ikonu hv\u011bzdi\u010dky op\u011bt odebrat. <\/p>\n\n<\/div><\/details>\n\n\n\n<details class=\"expander is-style-box\">\n\t<summary data-datalayer-name=\"\" data-datalayer-text=\"P\u0159ehled po\u0159ad\u016f\">\n\t\t\t\t<strong>P\u0159ehled po\u0159ad\u016f<\/strong>\n\t\t\t<\/summary>\n\t<div class=\"inner-blocks\">\n\n<p>Obsahuje v\u0161echny v\u00e1mi p\u0159idan\u00e9 po\u0159ady, kter\u00e9 je\u0161t\u011b nebyly odvys\u00edlan\u00e9. Str\u00e1nku Moje po\u0159ady najdete v Menu <img loading=\"lazy\" decoding=\"async\" width=\"64\" height=\"64\" class=\"inline-image wp-image-954\" src=\"https:\/\/o-seznam.cz\/napoveda\/tv-program\/wp-content\/uploads\/sites\/15\/2024\/12\/menu.svg\" alt=\"\" style=\"--inline-image-zoom:85\">.<\/p>\n\n<\/div><\/details>\n\n<\/div><\/div>\n\n<\/div>\n\n\n\n<div class=\"wp-block-group is-layout-constrained wp-block-group-is-layout-constrained\">\n<h2 class=\"wp-block-heading\" id=\"vyhled\u00e1v\u00e1n\u00ed\">Vyhled\u00e1v\u00e1n\u00ed<\/h2>\n\n\n\n<figure class=\"wp-block-image size-large is-style-strong-border\"><img loading=\"lazy\" decoding=\"async\" width=\"1984\" height=\"1049\" src=\"https:\/\/o-seznam.cz\/napoveda\/tv-program\/wp-content\/uploads\/sites\/15\/2025\/12\/snimek-obrazovky-2025-12-08-v102728-1984x1049.png\" alt=\"\" class=\"wp-image-1082\" srcset=\"https:\/\/o-seznam.cz\/napoveda\/tv-program\/wp-content\/uploads\/sites\/15\/2025\/12\/snimek-obrazovky-2025-12-08-v102728-1984x1049.png 1984w, https:\/\/o-seznam.cz\/napoveda\/tv-program\/wp-content\/uploads\/sites\/15\/2025\/12\/snimek-obrazovky-2025-12-08-v102728-992x524.png 992w, https:\/\/o-seznam.cz\/napoveda\/tv-program\/wp-content\/uploads\/sites\/15\/2025\/12\/snimek-obrazovky-2025-12-08-v102728-320x169.png 320w, https:\/\/o-seznam.cz\/napoveda\/tv-program\/wp-content\/uploads\/sites\/15\/2025\/12\/snimek-obrazovky-2025-12-08-v102728-768x406.png 768w, https:\/\/o-seznam.cz\/napoveda\/tv-program\/wp-content\/uploads\/sites\/15\/2025\/12\/snimek-obrazovky-2025-12-08-v102728-1536x812.png 1536w, https:\/\/o-seznam.cz\/napoveda\/tv-program\/wp-content\/uploads\/sites\/15\/2025\/12\/snimek-obrazovky-2025-12-08-v102728-2048x1082.png 2048w\" sizes=\"auto, (max-width: 1984px) 100vw, 1984px\" \/><\/figure>\n\n\n\n<p>Ve vyhled\u00e1vac\u00edm poli m\u016f\u017eete zkontrolovat, jestli nebo kdy budou vys\u00edlat v\u00e1\u0161 obl\u00edben\u00fd po\u0159ad. Vyhled\u00e1v\u00e1n\u00ed v\u00e1m ukazuje budouc\u00ed a 7 dn\u00ed zp\u011bt i minul\u00e9 po\u0159ady. Pro p\u0159esn\u011bj\u0161\u00ed vyhled\u00e1v\u00e1n\u00ed obecn\u011bj\u0161\u00edch v\u00fdraz\u016f (nap\u0159. &#8222;zpr\u00e1vy&#8220;) doporu\u010dujeme zadat i n\u00e1zev stanice. <\/p>\n<\/div>\n\n\n\n<div class=\"wp-block-group is-layout-constrained wp-block-group-is-layout-constrained\">\n<h2 class=\"wp-block-heading\" id=\"zobrazeni\">Sloupcov\u00e9 a \u0159\u00e1dkov\u00e9 zobrazen\u00ed<\/h2>\n\n\n\n<p>Sloupcov\u00e9 zobrazen\u00ed p\u0159ipom\u00edn\u00e1 klasick\u00e9 ti\u0161t\u011bn\u00e9 televizn\u00ed programy, zat\u00edmco \u0159\u00e1dkov\u00e9 je podobn\u00e9 form\u00e1tu pou\u017e\u00edvan\u00e9mu v televiz\u00edch. Vzhled programu m\u016f\u017eete libovoln\u011b p\u0159ep\u00ednat p\u0159es pilulku v horn\u00ed navigaci. <\/p>\n<\/div>\n\n\n\n<div class=\"wp-block-group is-layout-constrained wp-block-group-is-layout-constrained\">\n<p><\/p>\n<\/div>\n\n\n\n<div class=\"wp-block-group is-layout-constrained wp-block-group-is-layout-constrained\">\n<h2 class=\"wp-block-heading\" id=\"uvidite-v-tv\">Uvid\u00edte v TV<\/h2>\n\n\n\n<p>Na detailu seri\u00e1l\u016f najdete vys\u00edlac\u00ed \u010dasy dal\u0161\u00edch d\u00edl\u016f. <\/p>\n<\/div>\n\n\n\n<div class=\"wp-block-group is-layout-constrained wp-block-group-is-layout-constrained\">\n<h2 class=\"wp-block-heading\" id=\"stitky\">\u0160t\u00edtky a ozna\u010den\u00ed<\/h2>\n\n\n\n<p>U n\u011bkter\u00fdch po\u0159ad\u016f najdete \u0161t\u00edtky, d\u00edky kter\u00fdm na prvn\u00ed pohled rozli\u0161\u00edte, jestli se jedn\u00e1 nap\u0159\u00edklad o \u017eiv\u011b vys\u00edl\u00e1n\u00ed \u010di konkr\u00e9tn\u00ed druh programu (film, seri\u00e1l, zpr\u00e1vy, &#8230;).  <\/p>\n<\/div>\n\n\n\n<div class=\"wp-block-group is-layout-constrained wp-block-group-is-layout-constrained\">\n<h2 class=\"wp-block-heading\" id=\"hodnoceni\">Hodnocen\u00ed<\/h2>\n\n\n\n<p>Hodnocen\u00ed nyn\u00ed bohu\u017eel nen\u00ed dostupn\u00e9. P\u0159ipravujeme ho pro V\u00e1s na rok 2027. <\/p>\n<\/div>\n","protected":false},"excerpt":{"rendered":"<p>+220 stanic a kan\u00e1l\u016f v\u0161ech \u017e\u00e1nr\u016f z v\u00edce ne\u017e p\u011bti zem\u00ed 14 dn\u00ed dop\u0159edu zn\u00e1te program, tak\u017ee nic nezme\u0161k\u00e1te Moje stanice Na za\u010d\u00e1tek od n\u00e1s m\u00e1te p\u0159ednastaven\u00fdch 16 nejobl\u00edben\u011bj\u0161\u00edch stanic. Z\u00e1kladn\u00ed v\u00fdb\u011br si pak m\u016f\u017eete sami upravit podle preferenc\u00ed, na v\u00fdb\u011br m\u00e1te z v\u00edce ne\u017e 220 stanic. Pro nastaven\u00ed vlastn\u00edho v\u00fdb\u011bru p\u0159ejd\u011bte do sekce Nastavit [&hellip;]<\/p>\n","protected":false},"author":2,"featured_media":0,"parent":0,"menu_order":20,"comment_status":"closed","ping_status":"closed","template":"page-sidemenu","meta":{"_acf_changed":false,"_relevanssi_hide_post":"","_relevanssi_hide_content":"","_relevanssi_pin_for_all":"","_relevanssi_pin_keywords":"","_relevanssi_unpin_keywords":"","_relevanssi_related_keywords":"","_relevanssi_related_include_ids":"","_relevanssi_related_exclude_ids":"","_relevanssi_related_no_append":"","_relevanssi_related_not_related":"","_relevanssi_related_posts":"","_relevanssi_noindex_reason":"","footnotes":""},"page_category":[4],"page_tag":[],"service_status_category":[22],"class_list":["post-35","page","type-page","status-publish","hentry"],"acf":[],"_links":{"self":[{"href":"https:\/\/o-seznam.cz\/napoveda\/tv-program\/wp-json\/wp\/v2\/pages\/35","targetHints":{"allow":["GET"]}}],"collection":[{"href":"https:\/\/o-seznam.cz\/napoveda\/tv-program\/wp-json\/wp\/v2\/pages"}],"about":[{"href":"https:\/\/o-seznam.cz\/napoveda\/tv-program\/wp-json\/wp\/v2\/types\/page"}],"author":[{"embeddable":true,"href":"https:\/\/o-seznam.cz\/napoveda\/tv-program\/wp-json\/wp\/v2\/users\/2"}],"replies":[{"embeddable":true,"href":"https:\/\/o-seznam.cz\/napoveda\/tv-program\/wp-json\/wp\/v2\/comments?post=35"}],"version-history":[{"count":141,"href":"https:\/\/o-seznam.cz\/napoveda\/tv-program\/wp-json\/wp\/v2\/pages\/35\/revisions"}],"predecessor-version":[{"id":1093,"href":"https:\/\/o-seznam.cz\/napoveda\/tv-program\/wp-json\/wp\/v2\/pages\/35\/revisions\/1093"}],"wp:attachment":[{"href":"https:\/\/o-seznam.cz\/napoveda\/tv-program\/wp-json\/wp\/v2\/media?parent=35"}],"wp:term":[{"taxonomy":"page_category","embeddable":true,"href":"https:\/\/o-seznam.cz\/napoveda\/tv-program\/wp-json\/wp\/v2\/page_category?post=35"},{"taxonomy":"page_tag","embeddable":true,"href":"https:\/\/o-seznam.cz\/napoveda\/tv-program\/wp-json\/wp\/v2\/page_tag?post=35"},{"taxonomy":"service_status_category","embeddable":true,"href":"https:\/\/o-seznam.cz\/napoveda\/tv-program\/wp-json\/wp\/v2\/service_status_category?post=35"}],"curies":[{"name":"wp","href":"https:\/\/api.w.org\/{rel}","templated":true}]}}