{"id":725,"date":"2025-06-26T14:34:23","date_gmt":"2025-06-26T12:34:23","guid":{"rendered":"https:\/\/o-seznam.cz\/napoveda\/stream\/?page_id=725"},"modified":"2025-06-27T10:18:53","modified_gmt":"2025-06-27T08:18:53","slug":"informace-k-pristupnosti","status":"publish","type":"page","link":"https:\/\/o-seznam.cz\/napoveda\/stream\/informace-k-pristupnosti\/","title":{"rendered":"Informace k p\u0159\u00edstupnosti"},"content":{"rendered":"\n<p class=\"has-medium-font-size\">Tyto informace o\u202fp\u0159\u00edstupnosti se vztahuj\u00ed na webovou str\u00e1nku <a href=\"https:\/\/www.stream.cz\/\">https:\/\/www.stream.cz\/<\/a> (d\u00e1le jen \u201eWeb\u201c).\u00a0Prost\u0159ednictv\u00edm Webu je poskytov\u00e1n p\u0159\u00edstup k\u202faudiovizu\u00e1ln\u00ed medi\u00e1ln\u00ed slu\u017eb\u011b na vy\u017e\u00e1d\u00e1n\u00ed.\u00a0<\/p>\n\n\n\n<p class=\"has-x-large-font-size\"><strong>Funkce p\u0159\u00edstupnosti:&nbsp;<\/strong><\/p>\n\n\n\n<div class=\"wp-block-group is-vertical is-layout-flex wp-container-core-group-is-layout-fe9cc265 wp-block-group-is-layout-flex\">\n<p class=\"has-medium-font-size\">Web obsahuje \u010diteln\u00fd a srozumiteln\u00fd text i d\u00edky kontrastn\u00edm barv\u00e1m. &nbsp;<\/p>\n\n\n\n<p>Web podporuje funkce pro ovl\u00e1d\u00e1n\u00ed kl\u00e1vesnic\u00ed. &nbsp;<\/p>\n\n\n\n<p>Web m\u00e1 s\u00e9manticky spr\u00e1vn\u00e9 HTML tagy a pou\u017e\u00edv\u00e1 \u201caria atributy\u201d, je tedy kompatibiln\u00ed s\u202f\u010dte\u010dkami obrazovek. \u00a0<\/p>\n<\/div>\n\n\n\n<p><\/p>\n\n\n\n<p class=\"has-large-font-size\"><strong>Podporovan\u00e9 webov\u00e9 prohl\u00ed\u017ee\u010de&nbsp;<\/strong><\/p>\n\n\n\n<p class=\"has-medium-font-size\">Optim\u00e1ln\u00ed zobrazen\u00ed a\u202fpr\u00e1ci umo\u017e\u0148uj\u00ed tyto webov\u00e9 prohl\u00ed\u017ee\u010de:&nbsp;<\/p>\n\n\n\n<p><strong>Pro desktop: &nbsp;<\/strong><\/p>\n\n\n\n<ul class=\"wp-block-list\">\n<li>Google Chrome&nbsp;<\/li>\n\n\n\n<li>Microsoft Edge&nbsp;<\/li>\n\n\n\n<li>Mozilla Firefox&nbsp;<\/li>\n\n\n\n<li>Safari&nbsp;<\/li>\n\n\n\n<li>Seznam.cz prohl\u00ed\u017ee\u010d&nbsp;<\/li>\n<\/ul>\n\n\n\n<p>&nbsp;<br><strong>Pro mobiln\u00ed za\u0159\u00edzen\u00ed:&nbsp;<\/strong><\/p>\n\n\n\n<ul class=\"wp-block-list\">\n<li>Google Chrome (Android)&nbsp;<\/li>\n\n\n\n<li>Safari (iOS)&nbsp;<\/li>\n\n\n\n<li>Seznam.cz (Android a iOS)&nbsp;<\/li>\n<\/ul>\n\n\n\n<p><\/p>\n\n\n\n<p class=\"has-x-large-font-size\"><strong>Zp\u011btn\u00e1 vazba a\u202fkontaktn\u00ed \u00fadaje&nbsp;<\/strong><\/p>\n\n\n\n<p>Pokud naraz\u00edte na jak\u00fdkoli probl\u00e9m, dejte n\u00e1m, pros\u00edm, v\u011bd\u011bt. Pro sd\u011blen\u00ed n\u00e1m\u011bt\u016f, post\u0159eh\u016f \u010di informac\u00ed o\u202fprobl\u00e9mech se zobrazov\u00e1n\u00edm, pros\u00edm kontaktujte <a href=\"https:\/\/o-seznam.cz\/kontakty\/\" target=\"_blank\" rel=\"noreferrer noopener\">technickou podporu<\/a>. &nbsp;<\/p>\n\n\n\n<p class=\"has-x-large-font-size\"><\/p>\n\n\n\n<p><\/p>\n","protected":false},"excerpt":{"rendered":"<p>Tyto informace o\u202fp\u0159\u00edstupnosti se vztahuj\u00ed na webovou str\u00e1nku https:\/\/www.stream.cz\/ (d\u00e1le jen \u201eWeb\u201c).\u00a0Prost\u0159ednictv\u00edm Webu je poskytov\u00e1n p\u0159\u00edstup k\u202faudiovizu\u00e1ln\u00ed medi\u00e1ln\u00ed slu\u017eb\u011b na vy\u017e\u00e1d\u00e1n\u00ed.\u00a0 Funkce p\u0159\u00edstupnosti:&nbsp; Web obsahuje \u010diteln\u00fd a srozumiteln\u00fd text i d\u00edky kontrastn\u00edm barv\u00e1m. &nbsp; Web podporuje funkce pro ovl\u00e1d\u00e1n\u00ed kl\u00e1vesnic\u00ed. &nbsp; Web m\u00e1 s\u00e9manticky spr\u00e1vn\u00e9 HTML tagy a pou\u017e\u00edv\u00e1 \u201caria atributy\u201d, je tedy kompatibiln\u00ed s\u202f\u010dte\u010dkami [&hellip;]<\/p>\n","protected":false},"author":60,"featured_media":0,"parent":0,"menu_order":0,"comment_status":"closed","ping_status":"closed","template":"","meta":{"_acf_changed":false,"_relevanssi_hide_post":"","_relevanssi_hide_content":"","_relevanssi_pin_for_all":"","_relevanssi_pin_keywords":"","_relevanssi_unpin_keywords":"","_relevanssi_related_keywords":"","_relevanssi_related_include_ids":"","_relevanssi_related_exclude_ids":"","_relevanssi_related_no_append":"","_relevanssi_related_not_related":"","_relevanssi_related_posts":"","_relevanssi_noindex_reason":"","footnotes":""},"page_category":[],"page_tag":[],"service_status_category":[],"class_list":["post-725","page","type-page","status-publish","hentry"],"acf":[],"_links":{"self":[{"href":"https:\/\/o-seznam.cz\/napoveda\/stream\/wp-json\/wp\/v2\/pages\/725","targetHints":{"allow":["GET"]}}],"collection":[{"href":"https:\/\/o-seznam.cz\/napoveda\/stream\/wp-json\/wp\/v2\/pages"}],"about":[{"href":"https:\/\/o-seznam.cz\/napoveda\/stream\/wp-json\/wp\/v2\/types\/page"}],"author":[{"embeddable":true,"href":"https:\/\/o-seznam.cz\/napoveda\/stream\/wp-json\/wp\/v2\/users\/60"}],"replies":[{"embeddable":true,"href":"https:\/\/o-seznam.cz\/napoveda\/stream\/wp-json\/wp\/v2\/comments?post=725"}],"version-history":[{"count":5,"href":"https:\/\/o-seznam.cz\/napoveda\/stream\/wp-json\/wp\/v2\/pages\/725\/revisions"}],"predecessor-version":[{"id":734,"href":"https:\/\/o-seznam.cz\/napoveda\/stream\/wp-json\/wp\/v2\/pages\/725\/revisions\/734"}],"wp:attachment":[{"href":"https:\/\/o-seznam.cz\/napoveda\/stream\/wp-json\/wp\/v2\/media?parent=725"}],"wp:term":[{"taxonomy":"page_category","embeddable":true,"href":"https:\/\/o-seznam.cz\/napoveda\/stream\/wp-json\/wp\/v2\/page_category?post=725"},{"taxonomy":"page_tag","embeddable":true,"href":"https:\/\/o-seznam.cz\/napoveda\/stream\/wp-json\/wp\/v2\/page_tag?post=725"},{"taxonomy":"service_status_category","embeddable":true,"href":"https:\/\/o-seznam.cz\/napoveda\/stream\/wp-json\/wp\/v2\/service_status_category?post=725"}],"curies":[{"name":"wp","href":"https:\/\/api.w.org\/{rel}","templated":true}]}}