{"id":554,"date":"2024-12-13T08:05:14","date_gmt":"2024-12-13T07:05:14","guid":{"rendered":"https:\/\/o-seznam.cz\/napoveda\/stream\/?page_id=554"},"modified":"2025-01-20T12:58:46","modified_gmt":"2025-01-20T11:58:46","slug":"instalace-tvos","status":"publish","type":"page","link":"https:\/\/o-seznam.cz\/napoveda\/stream\/aplikace\/instalace-tvos\/","title":{"rendered":"Instalace tvOS"},"content":{"rendered":"\n<div class=\"wp-block-group is-content-justification-center is-layout-constrained wp-block-group-is-layout-constrained\">\n<figure class=\"wp-block-image size-large\"><img loading=\"lazy\" decoding=\"async\" width=\"1984\" height=\"1156\" src=\"https:\/\/o-seznam.cz\/napoveda\/stream\/wp-content\/uploads\/sites\/14\/2024\/12\/1-1984x1156.png\" alt=\"\" class=\"wp-image-430\" srcset=\"https:\/\/o-seznam.cz\/napoveda\/stream\/wp-content\/uploads\/sites\/14\/2024\/12\/1-1984x1156.png 1984w, https:\/\/o-seznam.cz\/napoveda\/stream\/wp-content\/uploads\/sites\/14\/2024\/12\/1-992x578.png 992w, https:\/\/o-seznam.cz\/napoveda\/stream\/wp-content\/uploads\/sites\/14\/2024\/12\/1-320x186.png 320w, https:\/\/o-seznam.cz\/napoveda\/stream\/wp-content\/uploads\/sites\/14\/2024\/12\/1-768x447.png 768w, https:\/\/o-seznam.cz\/napoveda\/stream\/wp-content\/uploads\/sites\/14\/2024\/12\/1-1536x895.png 1536w, https:\/\/o-seznam.cz\/napoveda\/stream\/wp-content\/uploads\/sites\/14\/2024\/12\/1-2048x1193.png 2048w\" sizes=\"auto, (max-width: 1984px) 100vw, 1984px\" \/><\/figure>\n\n\n\n<div class=\"wp-block-group is-content-justification-center is-nowrap is-layout-flex wp-container-core-group-is-layout-23441af8 wp-block-group-is-layout-flex\">\n<ol class=\"wp-block-list is-style-circle\">\n<li>Otev\u0159en\u00edm App Storu se v\u00e1m automaticky zobraz\u00ed vyhled\u00e1v\u00e1n\u00ed.<\/li>\n<\/ol>\n<\/div>\n<\/div>\n\n\n\n<div class=\"wp-block-group is-layout-constrained wp-block-group-is-layout-constrained\">\n<figure class=\"wp-block-image size-large\"><img loading=\"lazy\" decoding=\"async\" width=\"1984\" height=\"1156\" src=\"https:\/\/o-seznam.cz\/napoveda\/stream\/wp-content\/uploads\/sites\/14\/2024\/12\/2-1984x1156.png\" alt=\"\" class=\"wp-image-431\" srcset=\"https:\/\/o-seznam.cz\/napoveda\/stream\/wp-content\/uploads\/sites\/14\/2024\/12\/2-1984x1156.png 1984w, https:\/\/o-seznam.cz\/napoveda\/stream\/wp-content\/uploads\/sites\/14\/2024\/12\/2-992x578.png 992w, https:\/\/o-seznam.cz\/napoveda\/stream\/wp-content\/uploads\/sites\/14\/2024\/12\/2-320x186.png 320w, https:\/\/o-seznam.cz\/napoveda\/stream\/wp-content\/uploads\/sites\/14\/2024\/12\/2-768x447.png 768w, https:\/\/o-seznam.cz\/napoveda\/stream\/wp-content\/uploads\/sites\/14\/2024\/12\/2-1536x895.png 1536w, https:\/\/o-seznam.cz\/napoveda\/stream\/wp-content\/uploads\/sites\/14\/2024\/12\/2-2048x1193.png 2048w\" sizes=\"auto, (max-width: 1984px) 100vw, 1984px\" \/><\/figure>\n\n\n\n<div class=\"wp-block-group is-content-justification-center is-nowrap is-layout-flex wp-container-core-group-is-layout-23441af8 wp-block-group-is-layout-flex\">\n<ol start=\"2\" class=\"wp-block-list is-style-circle\">\n<li>Do vyhled\u00e1vac\u00edho pole napi\u0161te Stream a klikn\u011bte na odpov\u00eddaj\u00edc\u00ed aplikaci.<\/li>\n<\/ol>\n<\/div>\n<\/div>\n\n\n\n<div class=\"wp-block-group is-layout-constrained wp-block-group-is-layout-constrained\">\n<figure class=\"wp-block-image size-large\"><img loading=\"lazy\" decoding=\"async\" width=\"1984\" height=\"1180\" src=\"https:\/\/o-seznam.cz\/napoveda\/stream\/wp-content\/uploads\/sites\/14\/2024\/12\/3-1984x1180.png\" alt=\"\" class=\"wp-image-432\" srcset=\"https:\/\/o-seznam.cz\/napoveda\/stream\/wp-content\/uploads\/sites\/14\/2024\/12\/3-1984x1180.png 1984w, https:\/\/o-seznam.cz\/napoveda\/stream\/wp-content\/uploads\/sites\/14\/2024\/12\/3-992x590.png 992w, https:\/\/o-seznam.cz\/napoveda\/stream\/wp-content\/uploads\/sites\/14\/2024\/12\/3-320x190.png 320w, https:\/\/o-seznam.cz\/napoveda\/stream\/wp-content\/uploads\/sites\/14\/2024\/12\/3-768x457.png 768w, https:\/\/o-seznam.cz\/napoveda\/stream\/wp-content\/uploads\/sites\/14\/2024\/12\/3-1536x913.png 1536w, https:\/\/o-seznam.cz\/napoveda\/stream\/wp-content\/uploads\/sites\/14\/2024\/12\/3-2048x1218.png 2048w\" sizes=\"auto, (max-width: 1984px) 100vw, 1984px\" \/><\/figure>\n\n\n\n<div class=\"wp-block-group is-content-justification-center is-nowrap is-layout-flex wp-container-core-group-is-layout-23441af8 wp-block-group-is-layout-flex\">\n<ol start=\"3\" class=\"wp-block-list is-style-circle\">\n<li>Stahov\u00e1n\u00ed zah\u00e1j\u00edte kliknut\u00edm na tla\u010d\u00edtko Z\u00edskat.<\/li>\n<\/ol>\n<\/div>\n<\/div>\n\n\n\n<div class=\"wp-block-group is-layout-constrained wp-block-group-is-layout-constrained\">\n<div class=\"wp-block-group is-vertical is-content-justification-center is-layout-flex wp-container-core-group-is-layout-ce155fab wp-block-group-is-layout-flex\">\n<figure class=\"wp-block-image size-large\"><img loading=\"lazy\" decoding=\"async\" width=\"1984\" height=\"1180\" src=\"https:\/\/o-seznam.cz\/napoveda\/stream\/wp-content\/uploads\/sites\/14\/2024\/12\/4-1-1984x1180.png\" alt=\"\" class=\"wp-image-433\" srcset=\"https:\/\/o-seznam.cz\/napoveda\/stream\/wp-content\/uploads\/sites\/14\/2024\/12\/4-1-1984x1180.png 1984w, https:\/\/o-seznam.cz\/napoveda\/stream\/wp-content\/uploads\/sites\/14\/2024\/12\/4-1-992x590.png 992w, https:\/\/o-seznam.cz\/napoveda\/stream\/wp-content\/uploads\/sites\/14\/2024\/12\/4-1-320x190.png 320w, https:\/\/o-seznam.cz\/napoveda\/stream\/wp-content\/uploads\/sites\/14\/2024\/12\/4-1-768x457.png 768w, https:\/\/o-seznam.cz\/napoveda\/stream\/wp-content\/uploads\/sites\/14\/2024\/12\/4-1-1536x913.png 1536w, https:\/\/o-seznam.cz\/napoveda\/stream\/wp-content\/uploads\/sites\/14\/2024\/12\/4-1-2048x1218.png 2048w\" sizes=\"auto, (max-width: 1984px) 100vw, 1984px\" \/><\/figure>\n\n\n\n<ol start=\"4\" class=\"wp-block-list is-style-circle\">\n<li>Sta\u017een\u00ed potvrd\u00edte p\u0159es jin\u00e9 Apple za\u0159\u00edzen\u00ed, nebo heslem.<\/li>\n<\/ol>\n<\/div>\n<\/div>\n\n\n\n<div class=\"wp-block-group is-layout-constrained wp-block-group-is-layout-constrained\">\n<div class=\"wp-block-group is-vertical is-content-justification-center is-layout-flex wp-container-core-group-is-layout-ce155fab wp-block-group-is-layout-flex\">\n<figure class=\"wp-block-image size-large\"><img loading=\"lazy\" decoding=\"async\" width=\"1984\" height=\"1180\" src=\"https:\/\/o-seznam.cz\/napoveda\/stream\/wp-content\/uploads\/sites\/14\/2024\/12\/5-1984x1180.png\" alt=\"\" class=\"wp-image-434\" srcset=\"https:\/\/o-seznam.cz\/napoveda\/stream\/wp-content\/uploads\/sites\/14\/2024\/12\/5-1984x1180.png 1984w, https:\/\/o-seznam.cz\/napoveda\/stream\/wp-content\/uploads\/sites\/14\/2024\/12\/5-992x590.png 992w, https:\/\/o-seznam.cz\/napoveda\/stream\/wp-content\/uploads\/sites\/14\/2024\/12\/5-320x190.png 320w, https:\/\/o-seznam.cz\/napoveda\/stream\/wp-content\/uploads\/sites\/14\/2024\/12\/5-768x457.png 768w, https:\/\/o-seznam.cz\/napoveda\/stream\/wp-content\/uploads\/sites\/14\/2024\/12\/5-1536x913.png 1536w, https:\/\/o-seznam.cz\/napoveda\/stream\/wp-content\/uploads\/sites\/14\/2024\/12\/5-2048x1218.png 2048w\" sizes=\"auto, (max-width: 1984px) 100vw, 1984px\" \/><\/figure>\n\n\n\n<ol start=\"5\" class=\"wp-block-list is-style-circle\">\n<li>Aplikaci pak m\u016f\u017eete otev\u0159\u00edt rovnou z App Storu.<\/li>\n<\/ol>\n<\/div>\n<\/div>\n\n\n\n<div class=\"wp-block-group is-content-justification-center is-layout-constrained wp-block-group-is-layout-constrained\">\n<div class=\"wp-block-group is-vertical is-content-justification-center is-layout-flex wp-container-core-group-is-layout-ce155fab wp-block-group-is-layout-flex\">\n<figure class=\"wp-block-image size-full\"><img loading=\"lazy\" decoding=\"async\" width=\"1984\" height=\"1180\" src=\"https:\/\/o-seznam.cz\/napoveda\/stream\/wp-content\/uploads\/sites\/14\/2024\/12\/image.png\" alt=\"Tento obr\u00e1zek nem\u00e1 vypln\u011bn\u00fd atribut alt; n\u00e1zev souboru je 6-1984x1180.png.\" class=\"wp-image-446\" srcset=\"https:\/\/o-seznam.cz\/napoveda\/stream\/wp-content\/uploads\/sites\/14\/2024\/12\/image.png 1984w, https:\/\/o-seznam.cz\/napoveda\/stream\/wp-content\/uploads\/sites\/14\/2024\/12\/image-992x590.png 992w, https:\/\/o-seznam.cz\/napoveda\/stream\/wp-content\/uploads\/sites\/14\/2024\/12\/image-320x190.png 320w, https:\/\/o-seznam.cz\/napoveda\/stream\/wp-content\/uploads\/sites\/14\/2024\/12\/image-768x457.png 768w, https:\/\/o-seznam.cz\/napoveda\/stream\/wp-content\/uploads\/sites\/14\/2024\/12\/image-1536x914.png 1536w\" sizes=\"auto, (max-width: 1984px) 100vw, 1984px\" \/><\/figure>\n\n\n\n<ol start=\"6\" class=\"wp-block-list is-style-circle\">\n<li>Nebo ji m\u016f\u017eete otev\u0159\u00edt p\u0159es hlavn\u00ed str\u00e1nku, kam se v\u00e1m automaticky po sta\u017een\u00ed nahraje.<\/li>\n<\/ol>\n<\/div>\n<\/div>\n\n\n\n<p><\/p>\n","protected":false},"excerpt":{"rendered":"","protected":false},"author":2,"featured_media":0,"parent":480,"menu_order":20,"comment_status":"closed","ping_status":"closed","template":"page-sidemenu","meta":{"_acf_changed":false,"_relevanssi_hide_post":"","_relevanssi_hide_content":"","_relevanssi_pin_for_all":"","_relevanssi_pin_keywords":"","_relevanssi_unpin_keywords":"","_relevanssi_related_keywords":"","_relevanssi_related_include_ids":"","_relevanssi_related_exclude_ids":"","_relevanssi_related_no_append":"","_relevanssi_related_not_related":"","_relevanssi_related_posts":"","_relevanssi_noindex_reason":"","footnotes":""},"page_category":[35],"page_tag":[],"service_status_category":[22,38],"class_list":["post-554","page","type-page","status-publish","hentry"],"acf":[],"_links":{"self":[{"href":"https:\/\/o-seznam.cz\/napoveda\/stream\/wp-json\/wp\/v2\/pages\/554","targetHints":{"allow":["GET"]}}],"collection":[{"href":"https:\/\/o-seznam.cz\/napoveda\/stream\/wp-json\/wp\/v2\/pages"}],"about":[{"href":"https:\/\/o-seznam.cz\/napoveda\/stream\/wp-json\/wp\/v2\/types\/page"}],"author":[{"embeddable":true,"href":"https:\/\/o-seznam.cz\/napoveda\/stream\/wp-json\/wp\/v2\/users\/2"}],"replies":[{"embeddable":true,"href":"https:\/\/o-seznam.cz\/napoveda\/stream\/wp-json\/wp\/v2\/comments?post=554"}],"version-history":[{"count":4,"href":"https:\/\/o-seznam.cz\/napoveda\/stream\/wp-json\/wp\/v2\/pages\/554\/revisions"}],"predecessor-version":[{"id":671,"href":"https:\/\/o-seznam.cz\/napoveda\/stream\/wp-json\/wp\/v2\/pages\/554\/revisions\/671"}],"up":[{"embeddable":true,"href":"https:\/\/o-seznam.cz\/napoveda\/stream\/wp-json\/wp\/v2\/pages\/480"}],"wp:attachment":[{"href":"https:\/\/o-seznam.cz\/napoveda\/stream\/wp-json\/wp\/v2\/media?parent=554"}],"wp:term":[{"taxonomy":"page_category","embeddable":true,"href":"https:\/\/o-seznam.cz\/napoveda\/stream\/wp-json\/wp\/v2\/page_category?post=554"},{"taxonomy":"page_tag","embeddable":true,"href":"https:\/\/o-seznam.cz\/napoveda\/stream\/wp-json\/wp\/v2\/page_tag?post=554"},{"taxonomy":"service_status_category","embeddable":true,"href":"https:\/\/o-seznam.cz\/napoveda\/stream\/wp-json\/wp\/v2\/service_status_category?post=554"}],"curies":[{"name":"wp","href":"https:\/\/api.w.org\/{rel}","templated":true}]}}