{"id":550,"date":"2024-12-13T08:02:04","date_gmt":"2024-12-13T07:02:04","guid":{"rendered":"https:\/\/o-seznam.cz\/napoveda\/stream\/?page_id=550"},"modified":"2025-01-20T12:47:22","modified_gmt":"2025-01-20T11:47:22","slug":"instalace-ios","status":"publish","type":"page","link":"https:\/\/o-seznam.cz\/napoveda\/stream\/aplikace\/instalace-ios\/","title":{"rendered":"Instalace iOS"},"content":{"rendered":"<div class=\"mediaText is-position-left is-orientation-portrait\">\n\t\n\t<div class=\"mediaText__media\">\n\t\t<img loading=\"lazy\" decoding=\"async\" width=\"828\" height=\"1792\" src=\"https:\/\/o-seznam.cz\/napoveda\/stream\/wp-content\/uploads\/sites\/14\/2024\/10\/ios-1.png\" class=\"border border-neutral-20 border-solid\" alt=\"\" srcset=\"https:\/\/o-seznam.cz\/napoveda\/stream\/wp-content\/uploads\/sites\/14\/2024\/10\/ios-1.png 828w, https:\/\/o-seznam.cz\/napoveda\/stream\/wp-content\/uploads\/sites\/14\/2024\/10\/ios-1-458x992.png 458w, https:\/\/o-seznam.cz\/napoveda\/stream\/wp-content\/uploads\/sites\/14\/2024\/10\/ios-1-148x320.png 148w, https:\/\/o-seznam.cz\/napoveda\/stream\/wp-content\/uploads\/sites\/14\/2024\/10\/ios-1-768x1662.png 768w, https:\/\/o-seznam.cz\/napoveda\/stream\/wp-content\/uploads\/sites\/14\/2024\/10\/ios-1-710x1536.png 710w\" sizes=\"auto, (max-width: 828px) 100vw, 828px\" \/>\t<\/div>\n\n\t<div class=\"mediaText__content is-layout-flow\">\n\n<ol class=\"wp-block-list is-style-circle\">\n<li>Nejprve si na sv\u00e9m telefonu otev\u0159ete obchod s aplikacemi \u201eApp Store\u201c.<\/li>\n<\/ol>\n\n<\/div>\t\n<\/div>\n\n\n<div class=\"mediaText is-position-right is-orientation-portrait\">\n\t\n\t<div class=\"mediaText__media\">\n\t\t<img loading=\"lazy\" decoding=\"async\" width=\"828\" height=\"1792\" src=\"https:\/\/o-seznam.cz\/napoveda\/stream\/wp-content\/uploads\/sites\/14\/2024\/10\/ios-2.png\" class=\"border border-neutral-20 border-solid\" alt=\"\" srcset=\"https:\/\/o-seznam.cz\/napoveda\/stream\/wp-content\/uploads\/sites\/14\/2024\/10\/ios-2.png 828w, https:\/\/o-seznam.cz\/napoveda\/stream\/wp-content\/uploads\/sites\/14\/2024\/10\/ios-2-458x992.png 458w, https:\/\/o-seznam.cz\/napoveda\/stream\/wp-content\/uploads\/sites\/14\/2024\/10\/ios-2-148x320.png 148w, https:\/\/o-seznam.cz\/napoveda\/stream\/wp-content\/uploads\/sites\/14\/2024\/10\/ios-2-768x1662.png 768w, https:\/\/o-seznam.cz\/napoveda\/stream\/wp-content\/uploads\/sites\/14\/2024\/10\/ios-2-710x1536.png 710w\" sizes=\"auto, (max-width: 828px) 100vw, 828px\" \/>\t<\/div>\n\n\t<div class=\"mediaText__content is-layout-flow\">\n\n<ol start=\"2\" class=\"wp-block-list is-style-circle\">\n<li>N\u00e1sledn\u011b klikn\u011bte na ikonku s lupou \u201eHledat\u201c.<\/li>\n<\/ol>\n\n<\/div>\t\n<\/div>\n\n\n<div class=\"mediaText is-position-left is-orientation-portrait\">\n\t\n\t<div class=\"mediaText__media\">\n\t\t<img loading=\"lazy\" decoding=\"async\" width=\"828\" height=\"1792\" src=\"https:\/\/o-seznam.cz\/napoveda\/stream\/wp-content\/uploads\/sites\/14\/2024\/10\/ios-3.png\" class=\"border border-neutral-20 border-solid\" alt=\"\" srcset=\"https:\/\/o-seznam.cz\/napoveda\/stream\/wp-content\/uploads\/sites\/14\/2024\/10\/ios-3.png 828w, https:\/\/o-seznam.cz\/napoveda\/stream\/wp-content\/uploads\/sites\/14\/2024\/10\/ios-3-458x992.png 458w, https:\/\/o-seznam.cz\/napoveda\/stream\/wp-content\/uploads\/sites\/14\/2024\/10\/ios-3-148x320.png 148w, https:\/\/o-seznam.cz\/napoveda\/stream\/wp-content\/uploads\/sites\/14\/2024\/10\/ios-3-768x1662.png 768w, https:\/\/o-seznam.cz\/napoveda\/stream\/wp-content\/uploads\/sites\/14\/2024\/10\/ios-3-710x1536.png 710w\" sizes=\"auto, (max-width: 828px) 100vw, 828px\" \/>\t<\/div>\n\n\t<div class=\"mediaText__content is-layout-flow\">\n\n<ol start=\"3\" class=\"wp-block-list is-style-circle\">\n<li>Pot\u00e9 napi\u0161te do vyhled\u00e1vac\u00edho pole \u201eStream\u201c.<\/li>\n<\/ol>\n\n<\/div>\t\n<\/div>\n\n\n<div class=\"mediaText is-position-right is-orientation-portrait\">\n\t\n\t<div class=\"mediaText__media\">\n\t\t<img loading=\"lazy\" decoding=\"async\" width=\"828\" height=\"1792\" src=\"https:\/\/o-seznam.cz\/napoveda\/stream\/wp-content\/uploads\/sites\/14\/2024\/10\/ios-4.png\" class=\"border border-neutral-20 border-solid\" alt=\"\" srcset=\"https:\/\/o-seznam.cz\/napoveda\/stream\/wp-content\/uploads\/sites\/14\/2024\/10\/ios-4.png 828w, https:\/\/o-seznam.cz\/napoveda\/stream\/wp-content\/uploads\/sites\/14\/2024\/10\/ios-4-458x992.png 458w, https:\/\/o-seznam.cz\/napoveda\/stream\/wp-content\/uploads\/sites\/14\/2024\/10\/ios-4-148x320.png 148w, https:\/\/o-seznam.cz\/napoveda\/stream\/wp-content\/uploads\/sites\/14\/2024\/10\/ios-4-768x1662.png 768w, https:\/\/o-seznam.cz\/napoveda\/stream\/wp-content\/uploads\/sites\/14\/2024\/10\/ios-4-710x1536.png 710w\" sizes=\"auto, (max-width: 828px) 100vw, 828px\" \/>\t<\/div>\n\n\t<div class=\"mediaText__content is-layout-flow\">\n\n<ol start=\"4\" class=\"wp-block-list is-style-circle\">\n<li>Volbu potvr\u010fte stisknut\u00edm kl\u00e1vesnice \u201eHledat\u201c.<\/li>\n<\/ol>\n\n<\/div>\t\n<\/div>\n\n\n<div class=\"mediaText is-position-left is-orientation-portrait\">\n\t\n\t<div class=\"mediaText__media\">\n\t\t<img loading=\"lazy\" decoding=\"async\" width=\"828\" height=\"1792\" src=\"https:\/\/o-seznam.cz\/napoveda\/stream\/wp-content\/uploads\/sites\/14\/2024\/10\/ios-5.png\" class=\"border border-neutral-20 border-solid\" alt=\"\" srcset=\"https:\/\/o-seznam.cz\/napoveda\/stream\/wp-content\/uploads\/sites\/14\/2024\/10\/ios-5.png 828w, https:\/\/o-seznam.cz\/napoveda\/stream\/wp-content\/uploads\/sites\/14\/2024\/10\/ios-5-458x992.png 458w, https:\/\/o-seznam.cz\/napoveda\/stream\/wp-content\/uploads\/sites\/14\/2024\/10\/ios-5-148x320.png 148w, https:\/\/o-seznam.cz\/napoveda\/stream\/wp-content\/uploads\/sites\/14\/2024\/10\/ios-5-768x1662.png 768w, https:\/\/o-seznam.cz\/napoveda\/stream\/wp-content\/uploads\/sites\/14\/2024\/10\/ios-5-710x1536.png 710w\" sizes=\"auto, (max-width: 828px) 100vw, 828px\" \/>\t<\/div>\n\n\t<div class=\"mediaText__content is-layout-flow\">\n\n<ol start=\"5\" class=\"wp-block-list is-style-circle\">\n<li>Otev\u0159ete si detail aplikace Stream.<\/li>\n<\/ol>\n\n<\/div>\t\n<\/div>\n\n\n<div class=\"mediaText is-position-right is-orientation-portrait\">\n\t\n\t<div class=\"mediaText__media\">\n\t\t<img loading=\"lazy\" decoding=\"async\" width=\"828\" height=\"1792\" src=\"https:\/\/o-seznam.cz\/napoveda\/stream\/wp-content\/uploads\/sites\/14\/2024\/10\/ios-6.png\" class=\"border border-neutral-20 border-solid\" alt=\"\" srcset=\"https:\/\/o-seznam.cz\/napoveda\/stream\/wp-content\/uploads\/sites\/14\/2024\/10\/ios-6.png 828w, https:\/\/o-seznam.cz\/napoveda\/stream\/wp-content\/uploads\/sites\/14\/2024\/10\/ios-6-458x992.png 458w, https:\/\/o-seznam.cz\/napoveda\/stream\/wp-content\/uploads\/sites\/14\/2024\/10\/ios-6-148x320.png 148w, https:\/\/o-seznam.cz\/napoveda\/stream\/wp-content\/uploads\/sites\/14\/2024\/10\/ios-6-768x1662.png 768w, https:\/\/o-seznam.cz\/napoveda\/stream\/wp-content\/uploads\/sites\/14\/2024\/10\/ios-6-710x1536.png 710w\" sizes=\"auto, (max-width: 828px) 100vw, 828px\" \/>\t<\/div>\n\n\t<div class=\"mediaText__content is-layout-flow\">\n\n<ol start=\"6\" class=\"wp-block-list is-style-circle\">\n<li>Instalaci zah\u00e1j\u00edte kliknut\u00edm na tla\u010d\u00edtko \u201eZ\u00edskat\u201c.<\/li>\n<\/ol>\n\n<\/div>\t\n<\/div>\n\n\n<div class=\"mediaText is-position-left is-orientation-portrait\">\n\t\n\t<div class=\"mediaText__media\">\n\t\t<img loading=\"lazy\" decoding=\"async\" width=\"828\" height=\"1792\" src=\"https:\/\/o-seznam.cz\/napoveda\/stream\/wp-content\/uploads\/sites\/14\/2024\/10\/ios-7.png\" class=\"border border-neutral-20 border-solid\" alt=\"\" srcset=\"https:\/\/o-seznam.cz\/napoveda\/stream\/wp-content\/uploads\/sites\/14\/2024\/10\/ios-7.png 828w, https:\/\/o-seznam.cz\/napoveda\/stream\/wp-content\/uploads\/sites\/14\/2024\/10\/ios-7-458x992.png 458w, https:\/\/o-seznam.cz\/napoveda\/stream\/wp-content\/uploads\/sites\/14\/2024\/10\/ios-7-148x320.png 148w, https:\/\/o-seznam.cz\/napoveda\/stream\/wp-content\/uploads\/sites\/14\/2024\/10\/ios-7-768x1662.png 768w, https:\/\/o-seznam.cz\/napoveda\/stream\/wp-content\/uploads\/sites\/14\/2024\/10\/ios-7-710x1536.png 710w\" sizes=\"auto, (max-width: 828px) 100vw, 828px\" \/>\t<\/div>\n\n\t<div class=\"mediaText__content is-layout-flow\">\n\n<ol start=\"7\" class=\"wp-block-list is-style-circle\">\n<li>Volbu potvr\u010fte dvojit\u00fdm stisknut\u00edm zamykac\u00edho tla\u010d\u00edtka<br>po stran\u011b telefonu.<\/li>\n<\/ol>\n\n<\/div>\t\n<\/div>\n\n\n<div class=\"mediaText is-position-right is-orientation-portrait\">\n\t\n\t<div class=\"mediaText__media\">\n\t\t<img loading=\"lazy\" decoding=\"async\" width=\"828\" height=\"1792\" src=\"https:\/\/o-seznam.cz\/napoveda\/stream\/wp-content\/uploads\/sites\/14\/2024\/10\/ios-8.png\" class=\"border border-neutral-20 border-solid\" alt=\"\" srcset=\"https:\/\/o-seznam.cz\/napoveda\/stream\/wp-content\/uploads\/sites\/14\/2024\/10\/ios-8.png 828w, https:\/\/o-seznam.cz\/napoveda\/stream\/wp-content\/uploads\/sites\/14\/2024\/10\/ios-8-458x992.png 458w, https:\/\/o-seznam.cz\/napoveda\/stream\/wp-content\/uploads\/sites\/14\/2024\/10\/ios-8-148x320.png 148w, https:\/\/o-seznam.cz\/napoveda\/stream\/wp-content\/uploads\/sites\/14\/2024\/10\/ios-8-768x1662.png 768w, https:\/\/o-seznam.cz\/napoveda\/stream\/wp-content\/uploads\/sites\/14\/2024\/10\/ios-8-710x1536.png 710w\" sizes=\"auto, (max-width: 828px) 100vw, 828px\" \/>\t<\/div>\n\n\t<div class=\"mediaText__content is-layout-flow\">\n\n<ol start=\"8\" class=\"wp-block-list is-style-circle\">\n<li>Aplikaci pak m\u016f\u017eete otev\u0159\u00edt p\u0159\u00edmo z obchodu.<\/li>\n<\/ol>\n\n<\/div>\t\n<\/div>\n\n\n<div class=\"mediaText is-position-left is-orientation-portrait\">\n\t\n\t<div class=\"mediaText__media\">\n\t\t<img loading=\"lazy\" decoding=\"async\" width=\"828\" height=\"1792\" src=\"https:\/\/o-seznam.cz\/napoveda\/stream\/wp-content\/uploads\/sites\/14\/2024\/10\/ios-9.png\" class=\"border border-neutral-20 border-solid\" alt=\"\" srcset=\"https:\/\/o-seznam.cz\/napoveda\/stream\/wp-content\/uploads\/sites\/14\/2024\/10\/ios-9.png 828w, https:\/\/o-seznam.cz\/napoveda\/stream\/wp-content\/uploads\/sites\/14\/2024\/10\/ios-9-458x992.png 458w, https:\/\/o-seznam.cz\/napoveda\/stream\/wp-content\/uploads\/sites\/14\/2024\/10\/ios-9-148x320.png 148w, https:\/\/o-seznam.cz\/napoveda\/stream\/wp-content\/uploads\/sites\/14\/2024\/10\/ios-9-768x1662.png 768w, https:\/\/o-seznam.cz\/napoveda\/stream\/wp-content\/uploads\/sites\/14\/2024\/10\/ios-9-710x1536.png 710w\" sizes=\"auto, (max-width: 828px) 100vw, 828px\" \/>\t<\/div>\n\n\t<div class=\"mediaText__content is-layout-flow\">\n\n<ol start=\"9\" class=\"wp-block-list is-style-circle\">\n<li>Nebo p\u0159es plochu, kam se v\u00e1m po sta\u017een\u00ed automaticky nahraje.<\/li>\n<\/ol>\n\n<\/div>\t\n<\/div>\n\n\n\n<p><\/p>\n","protected":false},"excerpt":{"rendered":"","protected":false},"author":2,"featured_media":0,"parent":480,"menu_order":10,"comment_status":"closed","ping_status":"closed","template":"page-sidemenu","meta":{"_acf_changed":false,"_relevanssi_hide_post":"","_relevanssi_hide_content":"","_relevanssi_pin_for_all":"","_relevanssi_pin_keywords":"","_relevanssi_unpin_keywords":"","_relevanssi_related_keywords":"","_relevanssi_related_include_ids":"","_relevanssi_related_exclude_ids":"","_relevanssi_related_no_append":"","_relevanssi_related_not_related":"","_relevanssi_related_posts":"","_relevanssi_noindex_reason":"","footnotes":""},"page_category":[35],"page_tag":[],"service_status_category":[37,22],"class_list":["post-550","page","type-page","status-publish","hentry"],"acf":[],"_links":{"self":[{"href":"https:\/\/o-seznam.cz\/napoveda\/stream\/wp-json\/wp\/v2\/pages\/550","targetHints":{"allow":["GET"]}}],"collection":[{"href":"https:\/\/o-seznam.cz\/napoveda\/stream\/wp-json\/wp\/v2\/pages"}],"about":[{"href":"https:\/\/o-seznam.cz\/napoveda\/stream\/wp-json\/wp\/v2\/types\/page"}],"author":[{"embeddable":true,"href":"https:\/\/o-seznam.cz\/napoveda\/stream\/wp-json\/wp\/v2\/users\/2"}],"replies":[{"embeddable":true,"href":"https:\/\/o-seznam.cz\/napoveda\/stream\/wp-json\/wp\/v2\/comments?post=550"}],"version-history":[{"count":3,"href":"https:\/\/o-seznam.cz\/napoveda\/stream\/wp-json\/wp\/v2\/pages\/550\/revisions"}],"predecessor-version":[{"id":669,"href":"https:\/\/o-seznam.cz\/napoveda\/stream\/wp-json\/wp\/v2\/pages\/550\/revisions\/669"}],"up":[{"embeddable":true,"href":"https:\/\/o-seznam.cz\/napoveda\/stream\/wp-json\/wp\/v2\/pages\/480"}],"wp:attachment":[{"href":"https:\/\/o-seznam.cz\/napoveda\/stream\/wp-json\/wp\/v2\/media?parent=550"}],"wp:term":[{"taxonomy":"page_category","embeddable":true,"href":"https:\/\/o-seznam.cz\/napoveda\/stream\/wp-json\/wp\/v2\/page_category?post=550"},{"taxonomy":"page_tag","embeddable":true,"href":"https:\/\/o-seznam.cz\/napoveda\/stream\/wp-json\/wp\/v2\/page_tag?post=550"},{"taxonomy":"service_status_category","embeddable":true,"href":"https:\/\/o-seznam.cz\/napoveda\/stream\/wp-json\/wp\/v2\/service_status_category?post=550"}],"curies":[{"name":"wp","href":"https:\/\/api.w.org\/{rel}","templated":true}]}}