{"id":548,"date":"2024-12-13T08:01:10","date_gmt":"2024-12-13T07:01:10","guid":{"rendered":"https:\/\/o-seznam.cz\/napoveda\/stream\/?page_id=548"},"modified":"2025-01-20T13:05:39","modified_gmt":"2025-01-20T12:05:39","slug":"instalace-androidtv","status":"publish","type":"page","link":"https:\/\/o-seznam.cz\/napoveda\/stream\/aplikace\/instalace-androidtv\/","title":{"rendered":"Instalace Android TV"},"content":{"rendered":"\n<div class=\"wp-block-group is-content-justification-center is-layout-constrained wp-container-core-group-is-layout-ffce93fd wp-block-group-is-layout-constrained\">\n<figure class=\"wp-block-image size-full\"><img loading=\"lazy\" decoding=\"async\" width=\"1280\" height=\"720\" src=\"https:\/\/o-seznam.cz\/napoveda\/stream\/wp-content\/uploads\/sites\/14\/2024\/10\/androidtv-1.png\" alt=\"\" class=\"wp-image-125\" srcset=\"https:\/\/o-seznam.cz\/napoveda\/stream\/wp-content\/uploads\/sites\/14\/2024\/10\/androidtv-1.png 1280w, https:\/\/o-seznam.cz\/napoveda\/stream\/wp-content\/uploads\/sites\/14\/2024\/10\/androidtv-1-992x558.png 992w, https:\/\/o-seznam.cz\/napoveda\/stream\/wp-content\/uploads\/sites\/14\/2024\/10\/androidtv-1-320x180.png 320w, https:\/\/o-seznam.cz\/napoveda\/stream\/wp-content\/uploads\/sites\/14\/2024\/10\/androidtv-1-768x432.png 768w\" sizes=\"auto, (max-width: 1280px) 100vw, 1280px\" \/><\/figure>\n\n\n\n<div class=\"wp-block-group is-content-justification-center is-nowrap is-layout-flex wp-container-core-group-is-layout-23441af8 wp-block-group-is-layout-flex\">\n<ol class=\"wp-block-list is-style-circle\">\n<li>Nejprve naje\u010fte my\u0161\u00ed na z\u00e1lo\u017eku \u201eAplikace\u201c.<\/li>\n<\/ol>\n<\/div>\n<\/div>\n\n\n\n<div class=\"wp-block-group is-layout-constrained wp-container-core-group-is-layout-19e250f3 wp-block-group-is-layout-constrained\">\n<figure class=\"wp-block-image size-full\"><img loading=\"lazy\" decoding=\"async\" width=\"1280\" height=\"720\" src=\"https:\/\/o-seznam.cz\/napoveda\/stream\/wp-content\/uploads\/sites\/14\/2025\/01\/androidtv-15.png\" alt=\"\" class=\"wp-image-658\" srcset=\"https:\/\/o-seznam.cz\/napoveda\/stream\/wp-content\/uploads\/sites\/14\/2025\/01\/androidtv-15.png 1280w, https:\/\/o-seznam.cz\/napoveda\/stream\/wp-content\/uploads\/sites\/14\/2025\/01\/androidtv-15-992x558.png 992w, https:\/\/o-seznam.cz\/napoveda\/stream\/wp-content\/uploads\/sites\/14\/2025\/01\/androidtv-15-320x180.png 320w, https:\/\/o-seznam.cz\/napoveda\/stream\/wp-content\/uploads\/sites\/14\/2025\/01\/androidtv-15-768x432.png 768w\" sizes=\"auto, (max-width: 1280px) 100vw, 1280px\" \/><\/figure>\n\n\n\n<div class=\"wp-block-group is-content-justification-center is-nowrap is-layout-flex wp-container-core-group-is-layout-23441af8 wp-block-group-is-layout-flex\">\n<ol start=\"2\" class=\"wp-block-list is-style-circle\">\n<li>Pak klikn\u011bte na aplikaci Google Pay Store, kter\u00e1 se v\u00e1m otev\u0159ete.<\/li>\n<\/ol>\n<\/div>\n<\/div>\n\n\n\n<div class=\"wp-block-group is-layout-constrained wp-container-core-group-is-layout-19e250f3 wp-block-group-is-layout-constrained\">\n<figure class=\"wp-block-image size-full\"><img loading=\"lazy\" decoding=\"async\" width=\"1920\" height=\"1080\" src=\"https:\/\/o-seznam.cz\/napoveda\/stream\/wp-content\/uploads\/sites\/14\/2024\/10\/androidtv-2.png\" alt=\"\" class=\"wp-image-126\" srcset=\"https:\/\/o-seznam.cz\/napoveda\/stream\/wp-content\/uploads\/sites\/14\/2024\/10\/androidtv-2.png 1920w, https:\/\/o-seznam.cz\/napoveda\/stream\/wp-content\/uploads\/sites\/14\/2024\/10\/androidtv-2-992x558.png 992w, https:\/\/o-seznam.cz\/napoveda\/stream\/wp-content\/uploads\/sites\/14\/2024\/10\/androidtv-2-320x180.png 320w, https:\/\/o-seznam.cz\/napoveda\/stream\/wp-content\/uploads\/sites\/14\/2024\/10\/androidtv-2-768x432.png 768w, https:\/\/o-seznam.cz\/napoveda\/stream\/wp-content\/uploads\/sites\/14\/2024\/10\/androidtv-2-1536x864.png 1536w\" sizes=\"auto, (max-width: 1920px) 100vw, 1920px\" \/><\/figure>\n\n\n\n<div class=\"wp-block-group is-content-justification-center is-nowrap is-layout-flex wp-container-core-group-is-layout-23441af8 wp-block-group-is-layout-flex\">\n<ol start=\"3\" class=\"wp-block-list is-style-circle\">\n<li>Naje\u010fte na pol\u00ed\u010dko s lupou pro vyhled\u00e1v\u00e1n\u00ed.<\/li>\n<\/ol>\n<\/div>\n<\/div>\n\n\n\n<div class=\"wp-block-group is-layout-constrained wp-container-core-group-is-layout-19e250f3 wp-block-group-is-layout-constrained\">\n<figure class=\"wp-block-image size-full\"><img loading=\"lazy\" decoding=\"async\" width=\"1280\" height=\"720\" src=\"https:\/\/o-seznam.cz\/napoveda\/stream\/wp-content\/uploads\/sites\/14\/2024\/10\/image.png\" alt=\"This image has an empty alt attribute; its file name is androidtv-3.png\" class=\"wp-image-140\" srcset=\"https:\/\/o-seznam.cz\/napoveda\/stream\/wp-content\/uploads\/sites\/14\/2024\/10\/image.png 1280w, https:\/\/o-seznam.cz\/napoveda\/stream\/wp-content\/uploads\/sites\/14\/2024\/10\/image-992x558.png 992w, https:\/\/o-seznam.cz\/napoveda\/stream\/wp-content\/uploads\/sites\/14\/2024\/10\/image-320x180.png 320w, https:\/\/o-seznam.cz\/napoveda\/stream\/wp-content\/uploads\/sites\/14\/2024\/10\/image-768x432.png 768w\" sizes=\"auto, (max-width: 1280px) 100vw, 1280px\" \/><\/figure>\n\n\n\n<div class=\"wp-block-group is-content-justification-center is-nowrap is-layout-flex wp-container-core-group-is-layout-23441af8 wp-block-group-is-layout-flex\">\n<ol start=\"4\" class=\"wp-block-list is-style-circle\">\n<li>Napi\u0161te do n\u011bj \u201eSeznam.cz\u201c a vyhled\u00e1v\u00e1n\u00ed potvr\u010fte ikonkou lupy Hledat.<\/li>\n<\/ol>\n<\/div>\n<\/div>\n\n\n\n<div class=\"wp-block-group is-layout-constrained wp-container-core-group-is-layout-19e250f3 wp-block-group-is-layout-constrained\">\n<figure class=\"wp-block-image size-full\"><img loading=\"lazy\" decoding=\"async\" width=\"1920\" height=\"1080\" src=\"https:\/\/o-seznam.cz\/napoveda\/stream\/wp-content\/uploads\/sites\/14\/2024\/10\/androidtv-4.png\" alt=\"\" class=\"wp-image-128\" srcset=\"https:\/\/o-seznam.cz\/napoveda\/stream\/wp-content\/uploads\/sites\/14\/2024\/10\/androidtv-4.png 1920w, https:\/\/o-seznam.cz\/napoveda\/stream\/wp-content\/uploads\/sites\/14\/2024\/10\/androidtv-4-992x558.png 992w, https:\/\/o-seznam.cz\/napoveda\/stream\/wp-content\/uploads\/sites\/14\/2024\/10\/androidtv-4-320x180.png 320w, https:\/\/o-seznam.cz\/napoveda\/stream\/wp-content\/uploads\/sites\/14\/2024\/10\/androidtv-4-768x432.png 768w, https:\/\/o-seznam.cz\/napoveda\/stream\/wp-content\/uploads\/sites\/14\/2024\/10\/androidtv-4-1536x864.png 1536w\" sizes=\"auto, (max-width: 1920px) 100vw, 1920px\" \/><\/figure>\n\n\n\n<div class=\"wp-block-group is-content-justification-center is-nowrap is-layout-flex wp-container-core-group-is-layout-23441af8 wp-block-group-is-layout-flex\">\n<ol start=\"5\" class=\"wp-block-list is-style-circle\">\n<li>Stahov\u00e1n\u00ed aplikace zah\u00e1j\u00edte kliknut\u00edm na tla\u010d\u00edtko \u201eInstalovat\u201c.<\/li>\n<\/ol>\n<\/div>\n<\/div>\n\n\n\n<div class=\"wp-block-group is-layout-constrained wp-container-core-group-is-layout-19e250f3 wp-block-group-is-layout-constrained\">\n<figure class=\"wp-block-image size-full\"><img loading=\"lazy\" decoding=\"async\" width=\"1920\" height=\"1080\" src=\"https:\/\/o-seznam.cz\/napoveda\/stream\/wp-content\/uploads\/sites\/14\/2024\/10\/androidtv-5.png\" alt=\"\" class=\"wp-image-129\" srcset=\"https:\/\/o-seznam.cz\/napoveda\/stream\/wp-content\/uploads\/sites\/14\/2024\/10\/androidtv-5.png 1920w, https:\/\/o-seznam.cz\/napoveda\/stream\/wp-content\/uploads\/sites\/14\/2024\/10\/androidtv-5-992x558.png 992w, https:\/\/o-seznam.cz\/napoveda\/stream\/wp-content\/uploads\/sites\/14\/2024\/10\/androidtv-5-320x180.png 320w, https:\/\/o-seznam.cz\/napoveda\/stream\/wp-content\/uploads\/sites\/14\/2024\/10\/androidtv-5-768x432.png 768w, https:\/\/o-seznam.cz\/napoveda\/stream\/wp-content\/uploads\/sites\/14\/2024\/10\/androidtv-5-1536x864.png 1536w\" sizes=\"auto, (max-width: 1920px) 100vw, 1920px\" \/><\/figure>\n\n\n\n<div class=\"wp-block-group is-content-justification-center is-nowrap is-layout-flex wp-container-core-group-is-layout-23441af8 wp-block-group-is-layout-flex\">\n<ol start=\"6\" class=\"wp-block-list is-style-circle\">\n<li>Aplikaci m\u016f\u017eete pak spustit p\u0159\u00edmo z obchodu.<\/li>\n<\/ol>\n<\/div>\n<\/div>\n\n\n\n<div class=\"wp-block-group is-layout-constrained wp-container-core-group-is-layout-19e250f3 wp-block-group-is-layout-constrained\">\n<figure class=\"wp-block-image size-full\"><img loading=\"lazy\" decoding=\"async\" width=\"1280\" height=\"720\" src=\"https:\/\/o-seznam.cz\/napoveda\/stream\/wp-content\/uploads\/sites\/14\/2024\/10\/androidtv-6.png\" alt=\"\" class=\"wp-image-130\" srcset=\"https:\/\/o-seznam.cz\/napoveda\/stream\/wp-content\/uploads\/sites\/14\/2024\/10\/androidtv-6.png 1280w, https:\/\/o-seznam.cz\/napoveda\/stream\/wp-content\/uploads\/sites\/14\/2024\/10\/androidtv-6-992x558.png 992w, https:\/\/o-seznam.cz\/napoveda\/stream\/wp-content\/uploads\/sites\/14\/2024\/10\/androidtv-6-320x180.png 320w, https:\/\/o-seznam.cz\/napoveda\/stream\/wp-content\/uploads\/sites\/14\/2024\/10\/androidtv-6-768x432.png 768w\" sizes=\"auto, (max-width: 1280px) 100vw, 1280px\" \/><\/figure>\n\n\n\n<div class=\"wp-block-group is-content-justification-center is-nowrap is-layout-flex wp-container-core-group-is-layout-23441af8 wp-block-group-is-layout-flex\">\n<ol start=\"7\" class=\"wp-block-list is-style-circle\">\n<li>Pokud si chcete aplikaci p\u0159idat na domovskou obrazovku, klikn\u011bte na tla\u010d\u00edtko s velk\u00fdm plus.<\/li>\n<\/ol>\n<\/div>\n<\/div>\n\n\n\n<div class=\"wp-block-group is-layout-constrained wp-container-core-group-is-layout-19e250f3 wp-block-group-is-layout-constrained\">\n<figure class=\"wp-block-image size-full\"><img loading=\"lazy\" decoding=\"async\" width=\"1280\" height=\"720\" src=\"https:\/\/o-seznam.cz\/napoveda\/stream\/wp-content\/uploads\/sites\/14\/2024\/10\/androidtv-7.png\" alt=\"\" class=\"wp-image-131\" srcset=\"https:\/\/o-seznam.cz\/napoveda\/stream\/wp-content\/uploads\/sites\/14\/2024\/10\/androidtv-7.png 1280w, https:\/\/o-seznam.cz\/napoveda\/stream\/wp-content\/uploads\/sites\/14\/2024\/10\/androidtv-7-992x558.png 992w, https:\/\/o-seznam.cz\/napoveda\/stream\/wp-content\/uploads\/sites\/14\/2024\/10\/androidtv-7-320x180.png 320w, https:\/\/o-seznam.cz\/napoveda\/stream\/wp-content\/uploads\/sites\/14\/2024\/10\/androidtv-7-768x432.png 768w\" sizes=\"auto, (max-width: 1280px) 100vw, 1280px\" \/><\/figure>\n\n\n\n<div class=\"wp-block-group is-content-justification-center is-nowrap is-layout-flex wp-container-core-group-is-layout-23441af8 wp-block-group-is-layout-flex\">\n<ol start=\"8\" class=\"wp-block-list is-style-circle\">\n<li>Pak si vyberte aplikaci ze seznamu.<\/li>\n<\/ol>\n<\/div>\n<\/div>\n\n\n\n<p><\/p>\n","protected":false},"excerpt":{"rendered":"","protected":false},"author":2,"featured_media":0,"parent":480,"menu_order":40,"comment_status":"closed","ping_status":"closed","template":"page-sidemenu","meta":{"_acf_changed":false,"_relevanssi_hide_post":"","_relevanssi_hide_content":"","_relevanssi_pin_for_all":"","_relevanssi_pin_keywords":"","_relevanssi_unpin_keywords":"","_relevanssi_related_keywords":"","_relevanssi_related_include_ids":"","_relevanssi_related_exclude_ids":"","_relevanssi_related_no_append":"","_relevanssi_related_not_related":"","_relevanssi_related_posts":"","_relevanssi_noindex_reason":"","footnotes":""},"page_category":[35],"page_tag":[],"service_status_category":[22,38],"class_list":["post-548","page","type-page","status-publish","hentry"],"acf":[],"_links":{"self":[{"href":"https:\/\/o-seznam.cz\/napoveda\/stream\/wp-json\/wp\/v2\/pages\/548","targetHints":{"allow":["GET"]}}],"collection":[{"href":"https:\/\/o-seznam.cz\/napoveda\/stream\/wp-json\/wp\/v2\/pages"}],"about":[{"href":"https:\/\/o-seznam.cz\/napoveda\/stream\/wp-json\/wp\/v2\/types\/page"}],"author":[{"embeddable":true,"href":"https:\/\/o-seznam.cz\/napoveda\/stream\/wp-json\/wp\/v2\/users\/2"}],"replies":[{"embeddable":true,"href":"https:\/\/o-seznam.cz\/napoveda\/stream\/wp-json\/wp\/v2\/comments?post=548"}],"version-history":[{"count":5,"href":"https:\/\/o-seznam.cz\/napoveda\/stream\/wp-json\/wp\/v2\/pages\/548\/revisions"}],"predecessor-version":[{"id":674,"href":"https:\/\/o-seznam.cz\/napoveda\/stream\/wp-json\/wp\/v2\/pages\/548\/revisions\/674"}],"up":[{"embeddable":true,"href":"https:\/\/o-seznam.cz\/napoveda\/stream\/wp-json\/wp\/v2\/pages\/480"}],"wp:attachment":[{"href":"https:\/\/o-seznam.cz\/napoveda\/stream\/wp-json\/wp\/v2\/media?parent=548"}],"wp:term":[{"taxonomy":"page_category","embeddable":true,"href":"https:\/\/o-seznam.cz\/napoveda\/stream\/wp-json\/wp\/v2\/page_category?post=548"},{"taxonomy":"page_tag","embeddable":true,"href":"https:\/\/o-seznam.cz\/napoveda\/stream\/wp-json\/wp\/v2\/page_tag?post=548"},{"taxonomy":"service_status_category","embeddable":true,"href":"https:\/\/o-seznam.cz\/napoveda\/stream\/wp-json\/wp\/v2\/service_status_category?post=548"}],"curies":[{"name":"wp","href":"https:\/\/api.w.org\/{rel}","templated":true}]}}