{"id":546,"date":"2024-12-13T07:59:06","date_gmt":"2024-12-13T06:59:06","guid":{"rendered":"https:\/\/o-seznam.cz\/napoveda\/stream\/?page_id=546"},"modified":"2025-01-20T13:00:39","modified_gmt":"2025-01-20T12:00:39","slug":"instalace-android","status":"publish","type":"page","link":"https:\/\/o-seznam.cz\/napoveda\/stream\/aplikace\/instalace-android\/","title":{"rendered":"Instalace Android"},"content":{"rendered":"<div class=\"mediaText is-position-left is-orientation-portrait\">\n\t\n\t<div class=\"mediaText__media\">\n\t\t<img loading=\"lazy\" decoding=\"async\" width=\"720\" height=\"1600\" src=\"https:\/\/o-seznam.cz\/napoveda\/stream\/wp-content\/uploads\/sites\/14\/2024\/10\/1.png\" class=\"border border-neutral-20 border-solid\" alt=\"\" srcset=\"https:\/\/o-seznam.cz\/napoveda\/stream\/wp-content\/uploads\/sites\/14\/2024\/10\/1.png 720w, https:\/\/o-seznam.cz\/napoveda\/stream\/wp-content\/uploads\/sites\/14\/2024\/10\/1-446x992.png 446w, https:\/\/o-seznam.cz\/napoveda\/stream\/wp-content\/uploads\/sites\/14\/2024\/10\/1-144x320.png 144w, https:\/\/o-seznam.cz\/napoveda\/stream\/wp-content\/uploads\/sites\/14\/2024\/10\/1-691x1536.png 691w\" sizes=\"auto, (max-width: 720px) 100vw, 720px\" \/>\t<\/div>\n\n\t<div class=\"mediaText__content is-layout-flow\">\n\n<ol class=\"wp-block-list is-style-circle\">\n<li>Nejprve si na sv\u00e9m telefonu otev\u0159ete obchod s aplikacemi \u201eObchod Play Store\u201c.<\/li>\n<\/ol>\n\n<\/div>\t\n<\/div>\n\n\n<div class=\"mediaText is-position-right is-orientation-portrait\">\n\t\n\t<div class=\"mediaText__media\">\n\t\t<img loading=\"lazy\" decoding=\"async\" width=\"720\" height=\"1600\" src=\"https:\/\/o-seznam.cz\/napoveda\/stream\/wp-content\/uploads\/sites\/14\/2024\/10\/2.png\" class=\"border border-neutral-20 border-solid\" alt=\"\" srcset=\"https:\/\/o-seznam.cz\/napoveda\/stream\/wp-content\/uploads\/sites\/14\/2024\/10\/2.png 720w, https:\/\/o-seznam.cz\/napoveda\/stream\/wp-content\/uploads\/sites\/14\/2024\/10\/2-446x992.png 446w, https:\/\/o-seznam.cz\/napoveda\/stream\/wp-content\/uploads\/sites\/14\/2024\/10\/2-144x320.png 144w, https:\/\/o-seznam.cz\/napoveda\/stream\/wp-content\/uploads\/sites\/14\/2024\/10\/2-691x1536.png 691w\" sizes=\"auto, (max-width: 720px) 100vw, 720px\" \/>\t<\/div>\n\n\t<div class=\"mediaText__content is-layout-flow\">\n\n<ol start=\"2\" class=\"wp-block-list is-style-circle\">\n<li>N\u00e1sledn\u011b klikn\u011bte do vyhled\u00e1vac\u00edho pole a napi\u0161te do n\u011bj \u201eStream\u201c.<\/li>\n<\/ol>\n\n<\/div>\t\n<\/div>\n\n\n<div class=\"mediaText is-position-left is-orientation-portrait\">\n\t\n\t<div class=\"mediaText__media\">\n\t\t<img loading=\"lazy\" decoding=\"async\" width=\"720\" height=\"1600\" src=\"https:\/\/o-seznam.cz\/napoveda\/stream\/wp-content\/uploads\/sites\/14\/2024\/10\/3.png\" class=\"border border-neutral-20 border-solid\" alt=\"\" srcset=\"https:\/\/o-seznam.cz\/napoveda\/stream\/wp-content\/uploads\/sites\/14\/2024\/10\/3.png 720w, https:\/\/o-seznam.cz\/napoveda\/stream\/wp-content\/uploads\/sites\/14\/2024\/10\/3-446x992.png 446w, https:\/\/o-seznam.cz\/napoveda\/stream\/wp-content\/uploads\/sites\/14\/2024\/10\/3-144x320.png 144w, https:\/\/o-seznam.cz\/napoveda\/stream\/wp-content\/uploads\/sites\/14\/2024\/10\/3-691x1536.png 691w\" sizes=\"auto, (max-width: 720px) 100vw, 720px\" \/>\t<\/div>\n\n\t<div class=\"mediaText__content is-layout-flow\">\n\n<ol start=\"3\" class=\"wp-block-list is-style-circle\">\n<li>Volbu potvr\u010fte kliknut\u00edm na ikonku lupy \u201eHledat\u201c.<\/li>\n<\/ol>\n\n<\/div>\t\n<\/div>\n\n\n<div class=\"mediaText is-position-right is-orientation-portrait\">\n\t\n\t<div class=\"mediaText__media\">\n\t\t<img loading=\"lazy\" decoding=\"async\" width=\"720\" height=\"1600\" src=\"https:\/\/o-seznam.cz\/napoveda\/stream\/wp-content\/uploads\/sites\/14\/2024\/10\/4.png\" class=\"border border-neutral-20 border-solid\" alt=\"\" srcset=\"https:\/\/o-seznam.cz\/napoveda\/stream\/wp-content\/uploads\/sites\/14\/2024\/10\/4.png 720w, https:\/\/o-seznam.cz\/napoveda\/stream\/wp-content\/uploads\/sites\/14\/2024\/10\/4-446x992.png 446w, https:\/\/o-seznam.cz\/napoveda\/stream\/wp-content\/uploads\/sites\/14\/2024\/10\/4-144x320.png 144w, https:\/\/o-seznam.cz\/napoveda\/stream\/wp-content\/uploads\/sites\/14\/2024\/10\/4-691x1536.png 691w\" sizes=\"auto, (max-width: 720px) 100vw, 720px\" \/>\t<\/div>\n\n\t<div class=\"mediaText__content is-layout-flow\">\n\n<ol start=\"4\" class=\"wp-block-list is-style-circle\">\n<li>Otev\u0159ete si detail aplikace Stream.<\/li>\n<\/ol>\n\n<\/div>\t\n<\/div>\n\n\n<div class=\"mediaText is-position-left is-orientation-portrait\">\n\t\n\t<div class=\"mediaText__media\">\n\t\t<img loading=\"lazy\" decoding=\"async\" width=\"720\" height=\"1600\" src=\"https:\/\/o-seznam.cz\/napoveda\/stream\/wp-content\/uploads\/sites\/14\/2024\/10\/5.png\" class=\"border border-neutral-20 border-solid\" alt=\"\" srcset=\"https:\/\/o-seznam.cz\/napoveda\/stream\/wp-content\/uploads\/sites\/14\/2024\/10\/5.png 720w, https:\/\/o-seznam.cz\/napoveda\/stream\/wp-content\/uploads\/sites\/14\/2024\/10\/5-446x992.png 446w, https:\/\/o-seznam.cz\/napoveda\/stream\/wp-content\/uploads\/sites\/14\/2024\/10\/5-144x320.png 144w, https:\/\/o-seznam.cz\/napoveda\/stream\/wp-content\/uploads\/sites\/14\/2024\/10\/5-691x1536.png 691w\" sizes=\"auto, (max-width: 720px) 100vw, 720px\" \/>\t<\/div>\n\n\t<div class=\"mediaText__content is-layout-flow\">\n\n<ol start=\"5\" class=\"wp-block-list is-style-circle\">\n<li>Instalaci zah\u00e1j\u00edte stisknut\u00edm&nbsp;tla\u010d\u00edtka \u201eInstalovat\u201c.<\/li>\n<\/ol>\n\n<\/div>\t\n<\/div>\n\n\n<div class=\"mediaText is-position-right is-orientation-portrait\">\n\t\n\t<div class=\"mediaText__media\">\n\t\t<img loading=\"lazy\" decoding=\"async\" width=\"720\" height=\"1600\" src=\"https:\/\/o-seznam.cz\/napoveda\/stream\/wp-content\/uploads\/sites\/14\/2024\/10\/6.png\" class=\"border border-neutral-20 border-solid\" alt=\"\" srcset=\"https:\/\/o-seznam.cz\/napoveda\/stream\/wp-content\/uploads\/sites\/14\/2024\/10\/6.png 720w, https:\/\/o-seznam.cz\/napoveda\/stream\/wp-content\/uploads\/sites\/14\/2024\/10\/6-446x992.png 446w, https:\/\/o-seznam.cz\/napoveda\/stream\/wp-content\/uploads\/sites\/14\/2024\/10\/6-144x320.png 144w, https:\/\/o-seznam.cz\/napoveda\/stream\/wp-content\/uploads\/sites\/14\/2024\/10\/6-691x1536.png 691w\" sizes=\"auto, (max-width: 720px) 100vw, 720px\" \/>\t<\/div>\n\n\t<div class=\"mediaText__content is-layout-flow\">\n\n<ol start=\"6\" class=\"wp-block-list is-style-circle\">\n<li>Aplikaci pak m\u016f\u017eete otev\u0159\u00edt bu\u010f p\u0159\u00edmo z obchodu.<\/li>\n<\/ol>\n\n<\/div>\t\n<\/div>\n\n\n<div class=\"mediaText is-position-left is-orientation-portrait\">\n\t\n\t<div class=\"mediaText__media\">\n\t\t<img loading=\"lazy\" decoding=\"async\" width=\"720\" height=\"1600\" src=\"https:\/\/o-seznam.cz\/napoveda\/stream\/wp-content\/uploads\/sites\/14\/2024\/10\/7.png\" class=\"border border-neutral-20 border-solid\" alt=\"\" srcset=\"https:\/\/o-seznam.cz\/napoveda\/stream\/wp-content\/uploads\/sites\/14\/2024\/10\/7.png 720w, https:\/\/o-seznam.cz\/napoveda\/stream\/wp-content\/uploads\/sites\/14\/2024\/10\/7-446x992.png 446w, https:\/\/o-seznam.cz\/napoveda\/stream\/wp-content\/uploads\/sites\/14\/2024\/10\/7-144x320.png 144w, https:\/\/o-seznam.cz\/napoveda\/stream\/wp-content\/uploads\/sites\/14\/2024\/10\/7-691x1536.png 691w\" sizes=\"auto, (max-width: 720px) 100vw, 720px\" \/>\t<\/div>\n\n\t<div class=\"mediaText__content is-layout-flow\">\n\n<ol start=\"7\" class=\"wp-block-list is-style-circle\">\n<li>Nebo p\u0159es plochu, kam se v\u00e1m aplikace po sta\u017een\u00ed automaticky nahraje.<\/li>\n<\/ol>\n\n<\/div>\t\n<\/div>\n\n\n\n<div class=\"wp-block-buttons is-layout-flex wp-block-buttons-is-layout-flex\">\n<div class=\"wp-block-button\"><a class=\"wp-block-button__link wp-element-button\" href=\"https:\/\/o-seznam.cz\/napoveda\/stream\/podporovana-zarizeni\/\">Zp\u011bt<\/a><\/div>\n<\/div>\n\n\n\n<p><\/p>\n","protected":false},"excerpt":{"rendered":"","protected":false},"author":2,"featured_media":0,"parent":480,"menu_order":30,"comment_status":"closed","ping_status":"closed","template":"page-sidemenu","meta":{"_acf_changed":false,"_relevanssi_hide_post":"","_relevanssi_hide_content":"","_relevanssi_pin_for_all":"","_relevanssi_pin_keywords":"","_relevanssi_unpin_keywords":"","_relevanssi_related_keywords":"","_relevanssi_related_include_ids":"","_relevanssi_related_exclude_ids":"","_relevanssi_related_no_append":"","_relevanssi_related_not_related":"","_relevanssi_related_posts":"","_relevanssi_noindex_reason":"","footnotes":""},"page_category":[35],"page_tag":[],"service_status_category":[36,22],"class_list":["post-546","page","type-page","status-publish","hentry"],"acf":[],"_links":{"self":[{"href":"https:\/\/o-seznam.cz\/napoveda\/stream\/wp-json\/wp\/v2\/pages\/546","targetHints":{"allow":["GET"]}}],"collection":[{"href":"https:\/\/o-seznam.cz\/napoveda\/stream\/wp-json\/wp\/v2\/pages"}],"about":[{"href":"https:\/\/o-seznam.cz\/napoveda\/stream\/wp-json\/wp\/v2\/types\/page"}],"author":[{"embeddable":true,"href":"https:\/\/o-seznam.cz\/napoveda\/stream\/wp-json\/wp\/v2\/users\/2"}],"replies":[{"embeddable":true,"href":"https:\/\/o-seznam.cz\/napoveda\/stream\/wp-json\/wp\/v2\/comments?post=546"}],"version-history":[{"count":3,"href":"https:\/\/o-seznam.cz\/napoveda\/stream\/wp-json\/wp\/v2\/pages\/546\/revisions"}],"predecessor-version":[{"id":672,"href":"https:\/\/o-seznam.cz\/napoveda\/stream\/wp-json\/wp\/v2\/pages\/546\/revisions\/672"}],"up":[{"embeddable":true,"href":"https:\/\/o-seznam.cz\/napoveda\/stream\/wp-json\/wp\/v2\/pages\/480"}],"wp:attachment":[{"href":"https:\/\/o-seznam.cz\/napoveda\/stream\/wp-json\/wp\/v2\/media?parent=546"}],"wp:term":[{"taxonomy":"page_category","embeddable":true,"href":"https:\/\/o-seznam.cz\/napoveda\/stream\/wp-json\/wp\/v2\/page_category?post=546"},{"taxonomy":"page_tag","embeddable":true,"href":"https:\/\/o-seznam.cz\/napoveda\/stream\/wp-json\/wp\/v2\/page_tag?post=546"},{"taxonomy":"service_status_category","embeddable":true,"href":"https:\/\/o-seznam.cz\/napoveda\/stream\/wp-json\/wp\/v2\/service_status_category?post=546"}],"curies":[{"name":"wp","href":"https:\/\/api.w.org\/{rel}","templated":true}]}}