{"id":13,"date":"2024-09-06T13:25:37","date_gmt":"2024-09-06T11:25:37","guid":{"rendered":"https:\/\/o-seznam.cz\/napoveda\/stream\/?page_id=13"},"modified":"2025-03-20T10:32:06","modified_gmt":"2025-03-20T09:32:06","slug":"podporovana-zarizeni","status":"publish","type":"page","link":"https:\/\/o-seznam.cz\/napoveda\/stream\/podporovana-zarizeni\/","title":{"rendered":"Podporovan\u00e1 za\u0159\u00edzen\u00ed"},"content":{"rendered":"\n<div class=\"wp-block-group is-layout-constrained wp-block-group-is-layout-constrained\"><nav class=\"menu-anchors\">\n<ul>\n\t<li><a href=\"#aplikace\">Mobiln\u00ed aplikace<\/a><\/li>\n<li><a href=\"#televizni-aplikace\">Televizn\u00ed aplikace<\/a><\/li>\n<li><a href=\"#hbbtv\">HbbTV<\/a><\/li>\n<li><a href=\"#prehled-prohlizecu\">P\u0159ehled podporovan\u00fdch prohl\u00ed\u017ee\u010d\u016f<\/a><\/li>\n<\/ul>\n\n<\/nav>\n<\/div>\n\n\n\n<div class=\"wp-block-group is-layout-constrained wp-block-group-is-layout-constrained\">\n<h2 class=\"wp-block-heading\" id=\"aplikace\">Mobiln\u00ed aplikace<\/h2>\n\n\n\n<div class=\"wp-block-columns is-layout-flex wp-container-core-columns-is-layout-28f84493 wp-block-columns-is-layout-flex\">\n<div class=\"wp-block-column is-layout-flow wp-block-column-is-layout-flow\"><div class=\"block-boxlink\"><a class=\"boxlink boxlink--icon-none px-f4 py-f4\" href=\"https:\/\/o-seznam.cz\/napoveda\/stream\/aplikace\/instalace-android\/\"><div class=\"inner-blocks\">\n<div class=\"boxlink-logo\">\n\t<img loading=\"lazy\" decoding=\"async\" width=\"920\" height=\"400\" src=\"https:\/\/o-seznam.cz\/napoveda\/stream\/wp-content\/uploads\/sites\/14\/2024\/12\/stream-android.svg\" class=\"attachment-full size-full\" alt=\"\" \/><\/div>\n\n\t<div class=\"ml-f4\">\n\t\t<strong>Android aplikace<\/strong>\n\t<\/div>\n\n <\/div><\/a><\/div><\/div>\n\n\n\n<div class=\"wp-block-column is-layout-flow wp-block-column-is-layout-flow\"><div class=\"block-boxlink\"><a class=\"boxlink boxlink--icon-none px-f4 py-f4\" href=\"https:\/\/o-seznam.cz\/napoveda\/stream\/aplikace\/instalace-ios\/\"><div class=\"inner-blocks\">\n<div class=\"boxlink-logo\">\n\t<img loading=\"lazy\" decoding=\"async\" width=\"920\" height=\"400\" src=\"https:\/\/o-seznam.cz\/napoveda\/stream\/wp-content\/uploads\/sites\/14\/2024\/12\/stream-ios.svg\" class=\"attachment-full size-full\" alt=\"\" \/><\/div>\n\n\t<div class=\"ml-f4\">\n\t\t<strong>iOS aplikace<\/strong>\n\t<\/div>\n\n <\/div><\/a><\/div><\/div>\n<\/div>\n<\/div>\n\n\n\n<div class=\"wp-block-group is-layout-constrained wp-block-group-is-layout-constrained\">\n<h2 class=\"wp-block-heading\" id=\"televizni-aplikace\">Televizn\u00ed aplikace<\/h2>\n\n\n\n<figure class=\"wp-block-image size-large is-style-rounded-none\"><img loading=\"lazy\" decoding=\"async\" width=\"5534\" height=\"400\" src=\"https:\/\/o-seznam.cz\/napoveda\/stream\/wp-content\/uploads\/sites\/14\/2025\/03\/stream-televizni-aplikace-2.svg\" alt=\"\" class=\"wp-image-708\"\/><\/figure>\n\n\n\n<div class=\"wp-block-group is-layout-constrained wp-block-group-is-layout-constrained\">\n<figure class=\"wp-block-table\"><table class=\"has-fixed-layout\"><thead><tr><th><\/th><th class=\"has-text-align-center\" data-align=\"center\">Opera\u010dn\u00ed syst\u00e9m<\/th><th class=\"has-text-align-center\" data-align=\"center\">Podpora od<\/th><\/tr><\/thead><tbody><tr><td>Apple TV<\/td><td class=\"has-text-align-center\" data-align=\"center\">tvOS<\/td><td class=\"has-text-align-center\" data-align=\"center\">verze 11<\/td><\/tr><tr><td>Android TV<\/td><td class=\"has-text-align-center\" data-align=\"center\">Android TV<\/td><td class=\"has-text-align-center\" data-align=\"center\">verze 5<\/td><\/tr><tr><td>LG<\/td><td class=\"has-text-align-center\" data-align=\"center\">WebOS<\/td><td class=\"has-text-align-center\" data-align=\"center\">verze 2.5<\/td><\/tr><tr><td>Samsung<\/td><td class=\"has-text-align-center\" data-align=\"center\">Tizen<\/td><td class=\"has-text-align-center\" data-align=\"center\">verze 2.3<\/td><\/tr><tr><td>Samsung<\/td><td class=\"has-text-align-center\" data-align=\"center\">Orsay<\/td><td class=\"has-text-align-center\" data-align=\"center\">rok 2012<\/td><\/tr><\/tbody><\/table><\/figure>\n<\/div>\n\n\n\n<p class=\"is-style-next\"><a href=\"https:\/\/o-seznam.cz\/napoveda\/stream\/aplikace\/\" data-type=\"page\" data-id=\"480\">V\u00edce o aplikac\u00edch<\/a><\/p>\n<\/div>\n\n\n\n<div class=\"wp-block-group is-layout-constrained wp-block-group-is-layout-constrained\">\n<h2 class=\"wp-block-heading\" id=\"hbbtv\">HbbTV<\/h2>\n\n\n\n<p>Stream.cz m\u016f\u017eete vyu\u017e\u00edt i pomoc\u00ed funkce HbbTV neboli \u010derven\u00e9ho tla\u010d\u00edtka. Pokud va\u0161e televize tuto funkci podporuje, sta\u010d\u00ed najet na kan\u00e1l Televize Seznam a stisknout \u010derven\u00e9 tla\u010d\u00edtko na d\u00e1lkov\u00e9m ovlada\u010di.<\/p>\n<\/div>\n\n\n\n<div class=\"wp-block-group is-layout-constrained wp-block-group-is-layout-constrained\">\n<h2 class=\"wp-block-heading\" id=\"prehled-prohlizecu\">P\u0159ehled podporovan\u00fdch prohl\u00ed\u017ee\u010d\u016f<\/h2>\n\n\n\n<figure class=\"wp-block-table\"><table class=\"has-fixed-layout\"><thead><tr><th><\/th><th class=\"has-text-align-center\" data-align=\"center\">Po\u010d\u00edta\u010d<\/th><th class=\"has-text-align-center\" data-align=\"center\">Mobil\/Tablet<\/th><\/tr><\/thead><tbody><tr><td>Seznam.cz<\/td><td class=\"has-text-align-center\" data-align=\"center\"><span class=\"charicon charicon--checked\">\u2713<\/span><\/td><td class=\"has-text-align-center\" data-align=\"center\"><span class=\"charicon charicon--checked\">\u2713<\/span><\/td><\/tr><tr><td>Google Chrome<\/td><td class=\"has-text-align-center\" data-align=\"center\"><span class=\"charicon charicon--checked\">\u2713<\/span><\/td><td class=\"has-text-align-center\" data-align=\"center\"><span class=\"charicon charicon--checked\">\u2713<\/span><\/td><\/tr><tr><td>Mozilla Firefox<\/td><td class=\"has-text-align-center\" data-align=\"center\"><span class=\"charicon charicon--checked\">\u2713<\/span><\/td><td class=\"has-text-align-center\" data-align=\"center\"><span class=\"charicon charicon--checked\">\u2713<\/span><\/td><\/tr><tr><td>Safari<\/td><td class=\"has-text-align-center\" data-align=\"center\"><span class=\"charicon charicon--checked\">\u2713<\/span><\/td><td class=\"has-text-align-center\" data-align=\"center\"><span class=\"charicon charicon--checked\">\u2713<\/span><\/td><\/tr><tr><td>Microsoft Edge<\/td><td class=\"has-text-align-center\" data-align=\"center\"><span class=\"charicon charicon--checked\">\u2713<\/span><\/td><td class=\"has-text-align-center\" data-align=\"center\"><\/td><\/tr><tr><td>Samsung Browser<\/td><td class=\"has-text-align-center\" data-align=\"center\"><\/td><td class=\"has-text-align-center\" data-align=\"center\"><span class=\"charicon charicon--checked\">\u2713<\/span><\/td><\/tr><\/tbody><\/table><\/figure>\n<\/div>\n","protected":false},"excerpt":{"rendered":"<p>Mobiln\u00ed aplikace Televizn\u00ed aplikace Opera\u010dn\u00ed syst\u00e9m Podpora od Apple TV tvOS verze 11 Android TV Android TV verze 5 LG WebOS verze 2.5 Samsung Tizen verze 2.3 Samsung Orsay rok 2012 V\u00edce o aplikac\u00edch HbbTV Stream.cz m\u016f\u017eete vyu\u017e\u00edt i pomoc\u00ed funkce HbbTV neboli \u010derven\u00e9ho tla\u010d\u00edtka. Pokud va\u0161e televize tuto funkci podporuje, sta\u010d\u00ed najet na kan\u00e1l [&hellip;]<\/p>\n","protected":false},"author":2,"featured_media":0,"parent":0,"menu_order":30,"comment_status":"closed","ping_status":"closed","template":"page-sidemenu","meta":{"_acf_changed":false,"_relevanssi_hide_post":"","_relevanssi_hide_content":"","_relevanssi_pin_for_all":"","_relevanssi_pin_keywords":"","_relevanssi_unpin_keywords":"","_relevanssi_related_keywords":"","_relevanssi_related_include_ids":"","_relevanssi_related_exclude_ids":"","_relevanssi_related_no_append":"","_relevanssi_related_not_related":"","_relevanssi_related_posts":"","_relevanssi_noindex_reason":"","footnotes":""},"page_category":[3],"page_tag":[],"service_status_category":[22],"class_list":["post-13","page","type-page","status-publish","hentry"],"acf":[],"_links":{"self":[{"href":"https:\/\/o-seznam.cz\/napoveda\/stream\/wp-json\/wp\/v2\/pages\/13","targetHints":{"allow":["GET"]}}],"collection":[{"href":"https:\/\/o-seznam.cz\/napoveda\/stream\/wp-json\/wp\/v2\/pages"}],"about":[{"href":"https:\/\/o-seznam.cz\/napoveda\/stream\/wp-json\/wp\/v2\/types\/page"}],"author":[{"embeddable":true,"href":"https:\/\/o-seznam.cz\/napoveda\/stream\/wp-json\/wp\/v2\/users\/2"}],"replies":[{"embeddable":true,"href":"https:\/\/o-seznam.cz\/napoveda\/stream\/wp-json\/wp\/v2\/comments?post=13"}],"version-history":[{"count":23,"href":"https:\/\/o-seznam.cz\/napoveda\/stream\/wp-json\/wp\/v2\/pages\/13\/revisions"}],"predecessor-version":[{"id":712,"href":"https:\/\/o-seznam.cz\/napoveda\/stream\/wp-json\/wp\/v2\/pages\/13\/revisions\/712"}],"wp:attachment":[{"href":"https:\/\/o-seznam.cz\/napoveda\/stream\/wp-json\/wp\/v2\/media?parent=13"}],"wp:term":[{"taxonomy":"page_category","embeddable":true,"href":"https:\/\/o-seznam.cz\/napoveda\/stream\/wp-json\/wp\/v2\/page_category?post=13"},{"taxonomy":"page_tag","embeddable":true,"href":"https:\/\/o-seznam.cz\/napoveda\/stream\/wp-json\/wp\/v2\/page_tag?post=13"},{"taxonomy":"service_status_category","embeddable":true,"href":"https:\/\/o-seznam.cz\/napoveda\/stream\/wp-json\/wp\/v2\/service_status_category?post=13"}],"curies":[{"name":"wp","href":"https:\/\/api.w.org\/{rel}","templated":true}]}}