{"id":926,"date":"2024-10-03T22:15:58","date_gmt":"2024-10-03T20:15:58","guid":{"rendered":"https:\/\/o-seznam.cz\/napoveda\/sreality\/?page_id=926"},"modified":"2024-12-16T01:19:59","modified_gmt":"2024-12-16T00:19:59","slug":"zasady-zpracovani-osobnich-udaju-a-pravidla-pro-vkladani-uzivatelskeho-obsahu-na-serveru-sreality-cz","status":"publish","type":"page","link":"https:\/\/o-seznam.cz\/napoveda\/sreality\/smluvni-podminky-sluzby-sreality-cz\/zasady-zpracovani-osobnich-udaju-a-pravidla-pro-vkladani-uzivatelskeho-obsahu-na-serveru-sreality-cz\/","title":{"rendered":"Z\u00e1sady zpracov\u00e1n\u00ed osobn\u00edch \u00fadaj\u016f a Pravidla pro vkl\u00e1d\u00e1n\u00ed u\u017eivatelsk\u00e9ho obsahu na serveru Sreality.cz"},"content":{"rendered":"\n<div class=\"wp-block-group is-layout-constrained wp-block-group-is-layout-constrained\">\n<p class=\"is-style-link-external\">Za \u00fa\u010delem vyu\u017eit\u00ed slu\u017eby Vkl\u00e1d\u00e1n\u00ed u\u017eivatelsk\u00e9ho obsahu do profilu realitn\u00edho makl\u00e9\u0159e na serveru Sreality.cz, dostupn\u00e9ho z <a href=\"https:\/\/www.sreality.cz\" data-type=\"link\" data-id=\"https:\/\/www.sreality.cz\" target=\"_blank\" rel=\"noreferrer noopener\">internetov\u00e9 adresy (URL)<\/a> (d\u00e1le jen \u201eSlu\u017eba\u201c), je spole\u010dnost Seznam.cz, a.s., I\u010cO: 261 68 685, se s\u00eddlem Praha 5 \u2013 Sm\u00edchov, Radlick\u00e1 3294\/10, PS\u010c 150 00, jako provozovatel Slu\u017eby (d\u00e1le jen \u201eProvozovatel\u201d), opr\u00e1vn\u011bna zpracov\u00e1vat osobn\u00ed \u00fadaje u\u017eivatel\u016f (zejm\u00e9na adresn\u00e9 a popisn\u00e9 \u00fadaje v rozsahu jm\u00e9no, p\u0159\u00edjmen\u00ed, e-mailov\u00e1 adresa, telefonick\u00fd kontakt, \u00fadaje uveden\u00e9 v certifik\u00e1tech \u010di jin\u00fdch dokumentech osv\u011bd\u010duj\u00edc\u00edch profesn\u00ed kvalifikaci, fotografie, videonahr\u00e1vky a dal\u0161\u00ed data), kter\u00e9 tito u\u017eivatel\u00e9 vkl\u00e1daj\u00ed prost\u0159ednictv\u00edm Slu\u017eby (d\u00e1le jen \u201eOsobn\u00ed \u00fadaje\u201c). Provozovatel m\u016f\u017ee zadan\u00e9 Osobn\u00ed \u00fadaje ov\u011b\u0159it prost\u0159ednictv\u00edm ve\u0159ejn\u00fdch zdroj\u016f (datab\u00e1z\u00ed).<\/p>\n<\/div>\n\n\n\n<div class=\"wp-block-group is-layout-constrained wp-block-group-is-layout-constrained\">\n<h2 class=\"wp-block-heading\">Z\u00e1sady zpracov\u00e1n\u00ed osobn\u00edch \u00fadaj\u016f<\/h2>\n\n\n\n<p>Osobn\u00ed \u00fadaje u\u017eivatele budou zpracov\u00e1ny Provozovatelem v nezbytn\u00e9m rozsahu za \u00fa\u010delem poskytov\u00e1n\u00ed Slu\u017eby.<\/p>\n\n\n\n<p>Takov\u00e9 zpracov\u00e1n\u00ed Osobn\u00edch \u00fadaj\u016f je z\u00e1konn\u00e9, jeliko\u017e je nezbytn\u00e9 pro spln\u011bn\u00ed smlouvy, na jej\u00edm\u017e z\u00e1klad\u011b u\u017eivatel u\u017e\u00edv\u00e1 Slu\u017ebu, a jej\u00edch\u017e smluvn\u00ed stranou je U\u017eivatel, jako subjekt osobn\u00edch \u00fadaj\u016f.<\/p>\n\n\n\n<p>Provozovatel postupuje p\u0159i zpracov\u00e1n\u00ed Osobn\u00edch \u00fadaj\u016f v souladu s na\u0159\u00edzen\u00edm Evropsk\u00e9ho parlamentu a Rady (EU) \u010d. 2016\/679 o ochran\u011b fyzick\u00fdch osob v souvislosti se zpracov\u00e1n\u00edm osobn\u00edch \u00fadaj\u016f a o voln\u00e9m pohybu t\u011bchto \u00fadaj\u016f (obecn\u00e9 na\u0159\u00edzen\u00ed o ochran\u011b osobn\u00edch \u00fadaj\u016f, d\u00e1le jen \u201eGDPR\u201c), z\u00e1konem \u010d. 110\/2019 Sb., o zpracov\u00e1n\u00ed osobn\u00edch \u00fadaj\u016f, v platn\u00e9m zn\u011bn\u00ed, z\u00e1konem \u010d. 111\/2019 Sb., kter\u00fdm se m\u011bn\u00ed n\u011bkter\u00e9 z\u00e1kony s p\u0159ijet\u00edm z\u00e1kona o zpracov\u00e1n\u00ed osobn\u00edch \u00fadaj\u016f, v platn\u00e9m zn\u011bn\u00ed, z\u00e1konem \u010d. 480\/2004 Sb., o n\u011bkter\u00fdch slu\u017eb\u00e1ch informa\u010dn\u00ed spole\u010dnosti, z\u00e1konem \u010d. 127\/2005 Sb., o elektronick\u00fdch komunikac\u00edch, a dal\u0161\u00edmi pr\u00e1vn\u00edmi p\u0159edpisy upravuj\u00edc\u00edmi ochranu osobn\u00edch \u00fadaj\u016f.<\/p>\n\n\n\n<p>Provozovatel garantuje u\u017eivateli dal\u0161\u00ed pr\u00e1va dle \u010dl\u00e1nk\u016f 15\u201321 GDPR.<\/p>\n<\/div>\n\n\n\n<div class=\"wp-block-group is-layout-constrained wp-block-group-is-layout-constrained\">\n<h2 class=\"wp-block-heading\">Pravidla pro vkl\u00e1d\u00e1n\u00ed u\u017eivatelsk\u00e9ho obsahu do profilu realitn\u00edho makl\u00e9\u0159e<\/h2>\n\n\n\n<p>U\u017eivatel (typicky realitn\u00ed makl\u00e9\u0159), kter\u00fd vkl\u00e1d\u00e1 sv\u00e9 Osobn\u00ed \u00fadaje prost\u0159ednictv\u00edm Slu\u017eby, odpov\u00edd\u00e1 Provozovateli za jejich \u00faplnost a pravdivost.<\/p>\n\n\n\n<p>V p\u0159\u00edpad\u011b, \u017ee Osobn\u00ed \u00fadaje Provozovateli prost\u0159ednictv\u00edm Slu\u017eby vkl\u00e1d\u00e1 u\u017eivatel, kter\u00fd je realitn\u00ed kancel\u00e1\u0159\u00ed \u010di jej\u00edm z\u00e1stupcem (d\u00e1le jen \u201eRealitn\u00ed kancel\u00e1\u0159\u201c), a doch\u00e1z\u00ed k p\u0159ed\u00e1n\u00ed Osobn\u00edch \u00fadaj\u016f t\u0159et\u00edch osob (typicky realitn\u00edch makl\u00e9\u0159\u016f), je Realitn\u00ed kancel\u00e1\u0159 povinna informovat tyto fyzick\u00e9 osoby o zpracov\u00e1n\u00ed Osobn\u00edch \u00fadaj\u016f Provozovatelem ve v\u00fd\u0161e uveden\u00e9m rozsahu a zajistit tak z\u00e1konnost zpracov\u00e1n\u00ed Osobn\u00edch \u00fadaj\u016f. V opa\u010dn\u00e9m p\u0159\u00edpad\u011b odpov\u00edd\u00e1 Realitn\u00ed kancel\u00e1\u0159 Provozovateli za zp\u016fsobenou \u0161kodu.<\/p>\n<\/div>\n\n\n\n<div class=\"wp-block-group is-layout-constrained wp-block-group-is-layout-constrained\">\n<div class=\"wp-block-seznam-box is-layout-flow wp-block-seznam-box-is-layout-flow\">\n<p>Podrobn\u011bj\u0161\u00ed informace o nakl\u00e1d\u00e1n\u00ed s\u00a0osobn\u00edmi \u00fadaji jsou uvedeny na internetov\u00fdch str\u00e1nk\u00e1ch Provozovatele, a to v\u00a0p\u0159\u00edslu\u0161n\u00e9 sekci.<\/p>\n<\/div>\n<\/div>\n","protected":false},"excerpt":{"rendered":"<p>Za \u00fa\u010delem vyu\u017eit\u00ed slu\u017eby Vkl\u00e1d\u00e1n\u00ed u\u017eivatelsk\u00e9ho obsahu do profilu realitn\u00edho makl\u00e9\u0159e na serveru Sreality.cz, dostupn\u00e9ho z internetov\u00e9 adresy (URL) (d\u00e1le jen \u201eSlu\u017eba\u201c), je spole\u010dnost Seznam.cz, a.s., I\u010cO: 261 68 685, se s\u00eddlem Praha 5 \u2013 Sm\u00edchov, Radlick\u00e1 3294\/10, PS\u010c 150 00, jako provozovatel Slu\u017eby (d\u00e1le jen \u201eProvozovatel\u201d), opr\u00e1vn\u011bna zpracov\u00e1vat osobn\u00ed \u00fadaje u\u017eivatel\u016f (zejm\u00e9na adresn\u00e9 a [&hellip;]<\/p>\n","protected":false},"author":6,"featured_media":0,"parent":568,"menu_order":0,"comment_status":"closed","ping_status":"closed","template":"page-sidemenu","meta":{"_acf_changed":false,"_relevanssi_hide_post":"","_relevanssi_hide_content":"","_relevanssi_pin_for_all":"","_relevanssi_pin_keywords":"","_relevanssi_unpin_keywords":"","_relevanssi_related_keywords":"","_relevanssi_related_include_ids":"","_relevanssi_related_exclude_ids":"","_relevanssi_related_no_append":"","_relevanssi_related_not_related":"","_relevanssi_related_posts":"","_relevanssi_noindex_reason":"","footnotes":""},"page_category":[7],"page_tag":[],"service_status_category":[],"class_list":["post-926","page","type-page","status-publish","hentry"],"acf":[],"_links":{"self":[{"href":"https:\/\/o-seznam.cz\/napoveda\/sreality\/wp-json\/wp\/v2\/pages\/926","targetHints":{"allow":["GET"]}}],"collection":[{"href":"https:\/\/o-seznam.cz\/napoveda\/sreality\/wp-json\/wp\/v2\/pages"}],"about":[{"href":"https:\/\/o-seznam.cz\/napoveda\/sreality\/wp-json\/wp\/v2\/types\/page"}],"author":[{"embeddable":true,"href":"https:\/\/o-seznam.cz\/napoveda\/sreality\/wp-json\/wp\/v2\/users\/6"}],"replies":[{"embeddable":true,"href":"https:\/\/o-seznam.cz\/napoveda\/sreality\/wp-json\/wp\/v2\/comments?post=926"}],"version-history":[{"count":4,"href":"https:\/\/o-seznam.cz\/napoveda\/sreality\/wp-json\/wp\/v2\/pages\/926\/revisions"}],"predecessor-version":[{"id":1115,"href":"https:\/\/o-seznam.cz\/napoveda\/sreality\/wp-json\/wp\/v2\/pages\/926\/revisions\/1115"}],"up":[{"embeddable":true,"href":"https:\/\/o-seznam.cz\/napoveda\/sreality\/wp-json\/wp\/v2\/pages\/568"}],"wp:attachment":[{"href":"https:\/\/o-seznam.cz\/napoveda\/sreality\/wp-json\/wp\/v2\/media?parent=926"}],"wp:term":[{"taxonomy":"page_category","embeddable":true,"href":"https:\/\/o-seznam.cz\/napoveda\/sreality\/wp-json\/wp\/v2\/page_category?post=926"},{"taxonomy":"page_tag","embeddable":true,"href":"https:\/\/o-seznam.cz\/napoveda\/sreality\/wp-json\/wp\/v2\/page_tag?post=926"},{"taxonomy":"service_status_category","embeddable":true,"href":"https:\/\/o-seznam.cz\/napoveda\/sreality\/wp-json\/wp\/v2\/service_status_category?post=926"}],"curies":[{"name":"wp","href":"https:\/\/api.w.org\/{rel}","templated":true}]}}