{"id":915,"date":"2024-10-06T09:47:15","date_gmt":"2024-10-06T07:47:15","guid":{"rendered":"https:\/\/o-seznam.cz\/napoveda\/sreality\/?page_id=915"},"modified":"2025-05-28T09:32:02","modified_gmt":"2025-05-28T07:32:02","slug":"technicke-parametry-fotografie-videoprohlidky-virtualni-prohlidky","status":"publish","type":"page","link":"https:\/\/o-seznam.cz\/napoveda\/sreality\/uzitecne-informace\/technicke-parametry-fotografie-videoprohlidky-virtualni-prohlidky\/","title":{"rendered":"Technick\u00e9 parametry \u2013 fotografie, videoprohl\u00eddky, virtu\u00e1ln\u00ed prohl\u00eddky"},"content":{"rendered":"\n<div class=\"wp-block-group is-layout-constrained wp-block-group-is-layout-constrained\">\n<p>P\u0159i vkl\u00e1d\u00e1n\u00ed inzer\u00e1tu m\u016f\u017eete vlo\u017eit krom\u011b fotografi\u00ed tak\u00e9 videoprohl\u00eddku \u010di virtu\u00e1ln\u00ed prohl\u00eddku.<\/p>\n<\/div>\n\n\n\n<div class=\"wp-block-group is-layout-constrained wp-block-group-is-layout-constrained\">\n<h2 class=\"wp-block-heading\">1. Fotografie<\/h2>\n\n\n\n<p>Podm\u00ednkou pro publikov\u00e1n\u00ed inzer\u00e1tu je vlo\u017een\u00ed alespo\u0148 3 fotografi\u00ed dan\u00e9 nemovitosti.<\/p>\n\n\n\n<p>Lze vkl\u00e1dat soubory spl\u0148uj\u00edc\u00ed tyto parametry:<\/p>\n\n\n\n<ul class=\"wp-block-list\">\n<li>Min. rozli\u0161en\u00ed 480 \u00d7 360 px<\/li>\n\n\n\n<li>Pom\u011br stran 4:3<\/li>\n\n\n\n<li>Max. velikost jedn\u00e9 fotky 10 MB<\/li>\n\n\n\n<li>Form\u00e1t JPG<\/li>\n<\/ul>\n\n\n\n<h3 class=\"wp-block-heading\">Nej\u010dast\u011bj\u0161\u00ed chyby:<\/h3>\n\n\n\n<ul class=\"wp-block-list\">\n<li>Fotografie nespl\u0148uje minim\u00e1ln\u00ed rozli\u0161en\u00ed nebo je orientov\u00e1na na v\u00fd\u0161ku. Pak je nutn\u00e9 fotografii upravit v&nbsp;p\u0159\u00edslu\u0161n\u00e9m programu<\/li>\n\n\n\n<li>Soubor je ve form\u00e1tu PDF, nikoli JPG.<\/li>\n\n\n\n<li>Fotografie nespl\u0148uje n\u011bkter\u00fd z&nbsp;p\u0159edepsan\u00fdch parametr\u016f &#8211; nedojde k&nbsp;jejich ulo\u017een\u00ed a syst\u00e9m zobraz\u00ed chybovou hl\u00e1\u0161ku s&nbsp;od\u016fvodn\u011bn\u00edm.<\/li>\n\n\n\n<li>Syst\u00e9m nerozpoznal metadata souboru, co\u017e znamen\u00e1 chybu ve zpracov\u00e1n\u00ed fotografie. V&nbsp;tomto p\u0159\u00edpad\u011b je t\u0159eba fotografii ulo\u017eit znovu, p\u0159ejmenovat a doplnit o koncovku .jpg<\/li>\n<\/ul>\n<\/div>\n\n\n\n<div class=\"wp-block-group is-layout-constrained wp-block-group-is-layout-constrained\">\n<h2 class=\"wp-block-heading\">2. Videoprohl\u00eddka<\/h2>\n\n\n\n<ul class=\"wp-block-list is-style-link-external\">\n<li>K inzer\u00e1tu je mo\u017en\u00e9 vlo\u017eit a\u017e 10 video soubor\u016f. Video m\u016f\u017ee m\u00edt max. velikost 3 GB a podporujeme v\u0161echny form\u00e1ty knihovny ffmpeg<\/li>\n\n\n\n<li>Videa jsou nej\u010dast\u011bji vkl\u00e1d\u00e1na ve form\u00e1tech typu avi, mov, mp3 a mp4.<\/li>\n\n\n\n<li>V\u0161echny podporovan\u00e9 form\u00e1ty jsou uveden\u00e9 v&nbsp;<a href=\"https:\/\/o-seznam.cz\/napoveda\/sreality\/wp-content\/uploads\/sites\/11\/2024\/10\/import.pdf\" data-type=\"link\" data-id=\"https:\/\/o-seznam.cz\/napoveda\/sreality\/wp-content\/uploads\/sites\/11\/2024\/10\/import.pdf\" target=\"_blank\" rel=\"noreferrer noopener\">importn\u00ed dokumentaci<\/a><\/li>\n\n\n\n<li>Video m\u016f\u017ee obsahovat pouze jednu video a audio stopu. V p\u0159\u00edpad\u011b zvuku\/audia mus\u00ed b\u00fdt audio i video stopa stejn\u011b dlouh\u00e1.<\/li>\n<\/ul>\n\n\n\n<h3 class=\"wp-block-heading\">Nej\u010dast\u011bj\u0161\u00ed chyby:<\/h3>\n\n\n\n<ul class=\"wp-block-list\">\n<li>Soubor nespl\u0148uje n\u011bkter\u00fd z&nbsp;p\u0159edepsan\u00fdch parametr\u016f &#8211; nedojde k&nbsp;jeho zpracov\u00e1n\u00ed a syst\u00e9m na konci zobraz\u00ed chybovou hl\u00e1\u0161ku s&nbsp;od\u016fvodn\u011bn\u00edm.<\/li>\n\n\n\n<li>Video je sest\u0159\u00edhan\u00e9 a skl\u00e1d\u00e1 se z&nbsp;v\u00edce videostop. V&nbsp;takov\u00e9m p\u0159\u00edpad\u011b je nutn\u00e9 soubor \u201evyrenderovat\u201c \u010dili spojit &nbsp;&nbsp;&nbsp;<\/li>\n\n\n\n<li>Odli\u0161n\u00e1 d\u00e9lka audio a video stopy. Ty mus\u00ed b\u00fdt stejn\u011b dlouh\u00e9.<\/li>\n<\/ul>\n<\/div>\n\n\n\n<div class=\"wp-block-group is-layout-constrained wp-block-group-is-layout-constrained\">\n<h2 class=\"wp-block-heading\">3. Virtu\u00e1ln\u00ed prohl\u00eddka<\/h2>\n\n\n\n<ul class=\"wp-block-list\">\n<li>K inzer\u00e1tu je mo\u017en\u00e9 vlo\u017eit virtu\u00e1ln\u00ed prohl\u00eddku formou odkazu zpracovan\u00e9ho spole\u010dnost\u00ed Matterport.<\/li>\n<\/ul>\n\n\n\n<div class=\"wp-block-seznam-box is-layout-flow wp-block-seznam-box-is-layout-flow\">\n<p><strong>Pozn\u00e1mka<\/strong><\/p>\n\n\n\n<p>Matterport nab\u00edz\u00ed r\u016fzn\u00e9 dopl\u0148ky v&nbsp;r\u00e1mci virtu\u00e1ln\u00ed prohl\u00eddky, kter\u00e9 v\u0161ak nelze na serveru Sreality.cz zobrazit.<\/p>\n<\/div>\n<\/div>\n\n\n\n<h2 class=\"wp-block-heading\">4. 360\u00b0 fotografie<\/h2>\n\n\n\n<ul class=\"wp-block-list\">\n<li>K inzer\u00e1tu je mo\u017en\u00e9 nahr\u00e1t 360\u00b0 fotografie od jak\u00e9hokoli v\u00fdrobce. Pro spr\u00e1vn\u00e9 zobrazen\u00ed je pot\u0159eba fotografii nahr\u00e1t do p\u0159\u00edslu\u0161n\u00e9 kolonky nikoli do b\u011b\u017en\u00e9 fotogalerie.<\/li>\n<\/ul>\n\n\n\n<p><\/p>\n","protected":false},"excerpt":{"rendered":"<p>P\u0159i vkl\u00e1d\u00e1n\u00ed inzer\u00e1tu m\u016f\u017eete vlo\u017eit krom\u011b fotografi\u00ed tak\u00e9 videoprohl\u00eddku \u010di virtu\u00e1ln\u00ed prohl\u00eddku. 1. Fotografie Podm\u00ednkou pro publikov\u00e1n\u00ed inzer\u00e1tu je vlo\u017een\u00ed alespo\u0148 3 fotografi\u00ed dan\u00e9 nemovitosti. Lze vkl\u00e1dat soubory spl\u0148uj\u00edc\u00ed tyto parametry: Nej\u010dast\u011bj\u0161\u00ed chyby: 2. Videoprohl\u00eddka Nej\u010dast\u011bj\u0161\u00ed chyby: 3. Virtu\u00e1ln\u00ed prohl\u00eddka 4. 360\u00b0 fotografie<\/p>\n","protected":false},"author":6,"featured_media":0,"parent":922,"menu_order":0,"comment_status":"closed","ping_status":"closed","template":"page-sidemenu","meta":{"_acf_changed":false,"_relevanssi_hide_post":"","_relevanssi_hide_content":"","_relevanssi_pin_for_all":"","_relevanssi_pin_keywords":"","_relevanssi_unpin_keywords":"","_relevanssi_related_keywords":"","_relevanssi_related_include_ids":"","_relevanssi_related_exclude_ids":"","_relevanssi_related_no_append":"","_relevanssi_related_not_related":"","_relevanssi_related_posts":"","_relevanssi_noindex_reason":"","footnotes":""},"page_category":[9],"page_tag":[],"service_status_category":[],"class_list":["post-915","page","type-page","status-publish","hentry"],"acf":[],"_links":{"self":[{"href":"https:\/\/o-seznam.cz\/napoveda\/sreality\/wp-json\/wp\/v2\/pages\/915","targetHints":{"allow":["GET"]}}],"collection":[{"href":"https:\/\/o-seznam.cz\/napoveda\/sreality\/wp-json\/wp\/v2\/pages"}],"about":[{"href":"https:\/\/o-seznam.cz\/napoveda\/sreality\/wp-json\/wp\/v2\/types\/page"}],"author":[{"embeddable":true,"href":"https:\/\/o-seznam.cz\/napoveda\/sreality\/wp-json\/wp\/v2\/users\/6"}],"replies":[{"embeddable":true,"href":"https:\/\/o-seznam.cz\/napoveda\/sreality\/wp-json\/wp\/v2\/comments?post=915"}],"version-history":[{"count":8,"href":"https:\/\/o-seznam.cz\/napoveda\/sreality\/wp-json\/wp\/v2\/pages\/915\/revisions"}],"predecessor-version":[{"id":1421,"href":"https:\/\/o-seznam.cz\/napoveda\/sreality\/wp-json\/wp\/v2\/pages\/915\/revisions\/1421"}],"up":[{"embeddable":true,"href":"https:\/\/o-seznam.cz\/napoveda\/sreality\/wp-json\/wp\/v2\/pages\/922"}],"wp:attachment":[{"href":"https:\/\/o-seznam.cz\/napoveda\/sreality\/wp-json\/wp\/v2\/media?parent=915"}],"wp:term":[{"taxonomy":"page_category","embeddable":true,"href":"https:\/\/o-seznam.cz\/napoveda\/sreality\/wp-json\/wp\/v2\/page_category?post=915"},{"taxonomy":"page_tag","embeddable":true,"href":"https:\/\/o-seznam.cz\/napoveda\/sreality\/wp-json\/wp\/v2\/page_tag?post=915"},{"taxonomy":"service_status_category","embeddable":true,"href":"https:\/\/o-seznam.cz\/napoveda\/sreality\/wp-json\/wp\/v2\/service_status_category?post=915"}],"curies":[{"name":"wp","href":"https:\/\/api.w.org\/{rel}","templated":true}]}}