{"id":91,"date":"2024-09-07T17:33:02","date_gmt":"2024-09-07T15:33:02","guid":{"rendered":"https:\/\/o-seznam.cz\/napoveda\/sreality\/?page_id=91"},"modified":"2024-09-08T16:23:33","modified_gmt":"2024-09-08T14:23:33","slug":"nejcastejsi-dotazy","status":"publish","type":"page","link":"https:\/\/o-seznam.cz\/napoveda\/sreality\/nejcastejsi-dotazy\/","title":{"rendered":"Nej\u010dast\u011bj\u0161\u00ed dotazy"},"content":{"rendered":"\n<div class=\"wp-block-group is-layout-constrained wp-block-group-is-layout-constrained\"><div class=\"wp-block-seznam-list-pages\"><div>\n<div style=\"--seznam-tiles--columns:3\" class=\"wp-block-seznam-tiles has-columns-3\"><div class=\"inner-blocks\">\n<div class=\"block-boxlink\"><a class=\"boxlink boxlink--icon-arrow boxlink--align-y-center px-f8 py-f4\" href=\"https:\/\/o-seznam.cz\/napoveda\/sreality\/nejcastejsi-dotazy\/premium-ucet\/\"><div class=\"inner-blocks\">Premium \u00fa\u010det<\/div><\/a><\/div><div class=\"block-boxlink\"><a class=\"boxlink boxlink--icon-arrow boxlink--align-y-center px-f8 py-f4\" href=\"https:\/\/o-seznam.cz\/napoveda\/sreality\/nejcastejsi-dotazy\/cenik-sluzeb\/\"><div class=\"inner-blocks\">Cen\u00edk slu\u017eeb<\/div><\/a><\/div><div class=\"block-boxlink\"><a class=\"boxlink boxlink--icon-arrow boxlink--align-y-center px-f8 py-f4\" href=\"https:\/\/o-seznam.cz\/napoveda\/sreality\/nejcastejsi-dotazy\/jednorazova-inzerce\/\"><div class=\"inner-blocks\">Jednor\u00e1zov\u00e1 inzerce<\/div><\/a><\/div><div class=\"block-boxlink\"><a class=\"boxlink boxlink--icon-arrow boxlink--align-y-center px-f8 py-f4\" href=\"https:\/\/o-seznam.cz\/napoveda\/sreality\/nejcastejsi-dotazy\/realitni-kancelare-a-makleri\/\"><div class=\"inner-blocks\">Realitn\u00ed kancel\u00e1\u0159e a makl\u00e9\u0159i<\/div><\/a><\/div><div class=\"block-boxlink\"><a class=\"boxlink boxlink--icon-arrow boxlink--align-y-center px-f8 py-f4\" href=\"https:\/\/o-seznam.cz\/napoveda\/sreality\/nejcastejsi-dotazy\/cenova-mapa\/\"><div class=\"inner-blocks\">Cenov\u00e1 mapa<\/div><\/a><\/div><\/div><\/div>\n\n<\/div><\/div>\n<\/div>\n","protected":false},"excerpt":{"rendered":"","protected":false},"author":6,"featured_media":0,"parent":0,"menu_order":0,"comment_status":"closed","ping_status":"closed","template":"","meta":{"_acf_changed":false,"_relevanssi_hide_post":"","_relevanssi_hide_content":"","_relevanssi_pin_for_all":"","_relevanssi_pin_keywords":"","_relevanssi_unpin_keywords":"","_relevanssi_related_keywords":"","_relevanssi_related_include_ids":"","_relevanssi_related_exclude_ids":"","_relevanssi_related_no_append":"","_relevanssi_related_not_related":"","_relevanssi_related_posts":"","_relevanssi_noindex_reason":"","footnotes":""},"page_category":[6],"page_tag":[],"service_status_category":[],"class_list":["post-91","page","type-page","status-publish","hentry"],"acf":[],"_links":{"self":[{"href":"https:\/\/o-seznam.cz\/napoveda\/sreality\/wp-json\/wp\/v2\/pages\/91","targetHints":{"allow":["GET"]}}],"collection":[{"href":"https:\/\/o-seznam.cz\/napoveda\/sreality\/wp-json\/wp\/v2\/pages"}],"about":[{"href":"https:\/\/o-seznam.cz\/napoveda\/sreality\/wp-json\/wp\/v2\/types\/page"}],"author":[{"embeddable":true,"href":"https:\/\/o-seznam.cz\/napoveda\/sreality\/wp-json\/wp\/v2\/users\/6"}],"replies":[{"embeddable":true,"href":"https:\/\/o-seznam.cz\/napoveda\/sreality\/wp-json\/wp\/v2\/comments?post=91"}],"version-history":[{"count":9,"href":"https:\/\/o-seznam.cz\/napoveda\/sreality\/wp-json\/wp\/v2\/pages\/91\/revisions"}],"predecessor-version":[{"id":717,"href":"https:\/\/o-seznam.cz\/napoveda\/sreality\/wp-json\/wp\/v2\/pages\/91\/revisions\/717"}],"wp:attachment":[{"href":"https:\/\/o-seznam.cz\/napoveda\/sreality\/wp-json\/wp\/v2\/media?parent=91"}],"wp:term":[{"taxonomy":"page_category","embeddable":true,"href":"https:\/\/o-seznam.cz\/napoveda\/sreality\/wp-json\/wp\/v2\/page_category?post=91"},{"taxonomy":"page_tag","embeddable":true,"href":"https:\/\/o-seznam.cz\/napoveda\/sreality\/wp-json\/wp\/v2\/page_tag?post=91"},{"taxonomy":"service_status_category","embeddable":true,"href":"https:\/\/o-seznam.cz\/napoveda\/sreality\/wp-json\/wp\/v2\/service_status_category?post=91"}],"curies":[{"name":"wp","href":"https:\/\/api.w.org\/{rel}","templated":true}]}}