{"id":909,"date":"2024-10-06T09:12:37","date_gmt":"2024-10-06T07:12:37","guid":{"rendered":"https:\/\/o-seznam.cz\/napoveda\/sreality\/?page_id=909"},"modified":"2024-12-16T00:28:30","modified_gmt":"2024-12-15T23:28:30","slug":"soubory-ke-stazeni","status":"publish","type":"page","link":"https:\/\/o-seznam.cz\/napoveda\/sreality\/soubory-ke-stazeni\/","title":{"rendered":"Soubory ke sta\u017een\u00ed"},"content":{"rendered":"\n<div class=\"wp-block-group is-layout-constrained wp-block-group-is-layout-constrained\"><div class=\"block-boxlink\"><a class=\"boxlink boxlink--icon-download boxlink--align-y-center px-f8 py-f4\" href=\"https:\/\/o-seznam.cz\/napoveda\/sreality\/wp-content\/uploads\/sites\/11\/2024\/12\/16-tipu-jak-dostat-z-Sreality.cz-maximum.pdf\" download=\"16-tipu-jak-dostat-z-Sreality.cz-maximum.pdf.pdf\"><div class=\"inner-blocks\">16 tip\u016f, jak dostat z Sreality.cz maximum<\/div><\/a><\/div>\n\n\n<div class=\"block-boxlink\"><a class=\"boxlink boxlink--icon-download boxlink--align-y-center px-f8 py-f4\" href=\"https:\/\/o-seznam.cz\/napoveda\/sreality\/wp-content\/uploads\/sites\/11\/2024\/12\/8-duvodu-proc-byt-na-Sreality.cz_.pdf\" download=\"8-duvodu-proc-byt-na-Sreality.cz_.pdf.pdf\"><div class=\"inner-blocks\">8 d\u016fvod\u016f, pro\u010d b\u00fdt na Sreality.cz<\/div><\/a><\/div>\n\n\n<div class=\"block-boxlink\"><a class=\"boxlink boxlink--icon-download boxlink--align-y-center px-f8 py-f4\" href=\"https:\/\/o-seznam.cz\/napoveda\/sreality\/wp-content\/uploads\/sites\/11\/2024\/12\/Seznam_naplno_Sreality_190422_final.pdf\" download=\"Seznam_naplno_Sreality_190422_final.pdf.pdf\"><div class=\"inner-blocks\">N\u00e1vod na propojen\u00ed Seznamu naplno s profilem makl\u00e9\u0159e<\/div><\/a><\/div>\n\n\n<div class=\"block-boxlink\"><a class=\"boxlink boxlink--icon-download boxlink--align-y-center px-f8 py-f4\" href=\"https:\/\/o-seznam.cz\/napoveda\/sreality\/wp-content\/uploads\/sites\/11\/2024\/12\/Vyuzijte-potencial-svych-inzeratu-na-Sreality.cz_.pdf\" download=\"Vyuzijte-potencial-svych-inzeratu-na-Sreality.cz_.pdf.pdf\"><div class=\"inner-blocks\">Vyu\u017eijte potenci\u00e1l sv\u00fdch inzer\u00e1t\u016f na Sreality.cz<\/div><\/a><\/div>\n<\/div>\n","protected":false},"excerpt":{"rendered":"","protected":false},"author":6,"featured_media":0,"parent":0,"menu_order":0,"comment_status":"closed","ping_status":"closed","template":"page-sidemenu","meta":{"_acf_changed":false,"_relevanssi_hide_post":"","_relevanssi_hide_content":"","_relevanssi_pin_for_all":"","_relevanssi_pin_keywords":"","_relevanssi_unpin_keywords":"","_relevanssi_related_keywords":"","_relevanssi_related_include_ids":"","_relevanssi_related_exclude_ids":"","_relevanssi_related_no_append":"","_relevanssi_related_not_related":"","_relevanssi_related_posts":"","_relevanssi_noindex_reason":"","footnotes":""},"page_category":[10],"page_tag":[],"service_status_category":[],"class_list":["post-909","page","type-page","status-publish","hentry"],"acf":[],"_links":{"self":[{"href":"https:\/\/o-seznam.cz\/napoveda\/sreality\/wp-json\/wp\/v2\/pages\/909","targetHints":{"allow":["GET"]}}],"collection":[{"href":"https:\/\/o-seznam.cz\/napoveda\/sreality\/wp-json\/wp\/v2\/pages"}],"about":[{"href":"https:\/\/o-seznam.cz\/napoveda\/sreality\/wp-json\/wp\/v2\/types\/page"}],"author":[{"embeddable":true,"href":"https:\/\/o-seznam.cz\/napoveda\/sreality\/wp-json\/wp\/v2\/users\/6"}],"replies":[{"embeddable":true,"href":"https:\/\/o-seznam.cz\/napoveda\/sreality\/wp-json\/wp\/v2\/comments?post=909"}],"version-history":[{"count":6,"href":"https:\/\/o-seznam.cz\/napoveda\/sreality\/wp-json\/wp\/v2\/pages\/909\/revisions"}],"predecessor-version":[{"id":1094,"href":"https:\/\/o-seznam.cz\/napoveda\/sreality\/wp-json\/wp\/v2\/pages\/909\/revisions\/1094"}],"wp:attachment":[{"href":"https:\/\/o-seznam.cz\/napoveda\/sreality\/wp-json\/wp\/v2\/media?parent=909"}],"wp:term":[{"taxonomy":"page_category","embeddable":true,"href":"https:\/\/o-seznam.cz\/napoveda\/sreality\/wp-json\/wp\/v2\/page_category?post=909"},{"taxonomy":"page_tag","embeddable":true,"href":"https:\/\/o-seznam.cz\/napoveda\/sreality\/wp-json\/wp\/v2\/page_tag?post=909"},{"taxonomy":"service_status_category","embeddable":true,"href":"https:\/\/o-seznam.cz\/napoveda\/sreality\/wp-json\/wp\/v2\/service_status_category?post=909"}],"curies":[{"name":"wp","href":"https:\/\/api.w.org\/{rel}","templated":true}]}}