{"id":88,"date":"2024-09-05T00:46:01","date_gmt":"2024-09-04T22:46:01","guid":{"rendered":"https:\/\/o-seznam.cz\/napoveda\/sreality\/?page_id=88"},"modified":"2025-05-23T12:10:39","modified_gmt":"2025-05-23T10:10:39","slug":"seznam-naplno-propojeny-s-profilem-maklere","status":"publish","type":"page","link":"https:\/\/o-seznam.cz\/napoveda\/sreality\/pro-realitni-kancelare\/seznam-naplno-propojeny-s-profilem-maklere\/","title":{"rendered":"Seznam naplno propojen\u00fd s profilem makl\u00e9\u0159e"},"content":{"rendered":"\n<div class=\"wp-block-group is-layout-constrained wp-block-group-is-layout-constrained\">\n<h2 class=\"wp-block-heading\">V\u00fdhody propojen\u00ed<\/h2>\n\n\n\n<ul class=\"wp-block-list is-style-checklist\">\n<li>Pokud m\u00e1te u sv\u00e9ho makl\u00e9\u0159sk\u00e9ho profilu nastaven\u00e9 I\u010cO a z\u00e1rove\u0148 m\u00e1te aktivn\u00ed Seznam naplno, m\u016f\u017eete vyu\u017e\u00edvat i v\u00fdhod na Sreality.cz. N\u011bkter\u00e9 z nich se v\u00e1m za\u010dnou zobrazovat automaticky. Jsou to nap\u0159\u00edklad fotografie, nab\u00eddky, akce a ud\u00e1losti nebo recenze z&nbsp;Firmy.cz. Ty se v\u00e1m zobraz\u00ed v podob\u011b \u017elut\u00fdch hv\u011bzdi\u010dek nebo psan\u00fdch recenz\u00ed. Se Seznamem naplno si m\u016f\u017eete ke sv\u00e9mu profilu p\u0159idat videomedailonek a certifik\u00e1ty. &nbsp;<\/li>\n\n\n\n<li>Do va\u0161eho profilu makl\u00e9\u0159e se na Firmy.cz tak\u00e9 nov\u011b propisuj\u00ed i inzer\u00e1ty z Sreality.cz. Jejich po\u010det ale z\u00e1vis\u00ed na tarifu, kter\u00fd jste si na Firmy.cz zvolili.<\/li>\n<\/ul>\n<\/div>\n\n\n\n<div class=\"wp-block-group is-layout-constrained wp-block-group-is-layout-constrained\">\n<p>Abyste mohli vyu\u017e\u00edvat v\u00fd\u0161e zm\u00edn\u011bn\u00e9 v\u00fdhody, mus\u00edte splnit podm\u00ednku unik\u00e1tn\u00edho I\u010cO u profilu makl\u00e9\u0159e. Pokud je ale stejn\u00e9 jako u registrace realitn\u00ed kancel\u00e1\u0159e, v\u00fdhody Seznamu naplno se budou zobrazovat u n\u00ed. Vyu\u017e\u00edvat je mohou pouze podnikaj\u00edc\u00ed FO, nikoliv PO.<\/p>\n\n\n\n<p>Na str\u00e1nce<a href=\"https:\/\/o-seznam.cz\/napoveda\/sreality\/pro-realitni-kancelare\/propojeni-sreality-cz-se-seznam-naplno\/\"> Propojen\u00ed Sreality.cz se Seznamem naplno<\/a> najdete v\u00edce informac\u00ed o propojen\u00ed Sreality.cz se Seznamem naplno.<\/p>\n\n\n\n<p>Jestli\u017ee se v\u00e1\u0161 profil makl\u00e9\u0159e propoj\u00ed se Seznamem naplno, bude st\u00e1le veden\u00fd a zobrazovan\u00fd pod realitn\u00ed kancel\u00e1\u0159\u00ed, pod kterou jste profil zalo\u017eili. D\u00edky tomu z\u00e1jemci z\u00edskaj\u00ed v\u00edce informac\u00ed o nab\u00eddk\u00e1ch a slu\u017eb\u00e1ch jak na va\u0161em profilu, tak u realitn\u00ed kancel\u00e1\u0159e.<\/p>\n<\/div>\n","protected":false},"excerpt":{"rendered":"<p>V\u00fdhody propojen\u00ed Abyste mohli vyu\u017e\u00edvat v\u00fd\u0161e zm\u00edn\u011bn\u00e9 v\u00fdhody, mus\u00edte splnit podm\u00ednku unik\u00e1tn\u00edho I\u010cO u profilu makl\u00e9\u0159e. Pokud je ale stejn\u00e9 jako u registrace realitn\u00ed kancel\u00e1\u0159e, v\u00fdhody Seznamu naplno se budou zobrazovat u n\u00ed. Vyu\u017e\u00edvat je mohou pouze podnikaj\u00edc\u00ed FO, nikoliv PO. Na str\u00e1nce Propojen\u00ed Sreality.cz se Seznamem naplno najdete v\u00edce informac\u00ed o propojen\u00ed Sreality.cz se [&hellip;]<\/p>\n","protected":false},"author":6,"featured_media":0,"parent":97,"menu_order":0,"comment_status":"closed","ping_status":"closed","template":"page-sidemenu","meta":{"_acf_changed":false,"_relevanssi_hide_post":"","_relevanssi_hide_content":"","_relevanssi_pin_for_all":"","_relevanssi_pin_keywords":"","_relevanssi_unpin_keywords":"","_relevanssi_related_keywords":"","_relevanssi_related_include_ids":"","_relevanssi_related_exclude_ids":"","_relevanssi_related_no_append":"","_relevanssi_related_not_related":"","_relevanssi_related_posts":"","_relevanssi_noindex_reason":"","footnotes":""},"page_category":[4],"page_tag":[],"service_status_category":[],"class_list":["post-88","page","type-page","status-publish","hentry"],"acf":[],"_links":{"self":[{"href":"https:\/\/o-seznam.cz\/napoveda\/sreality\/wp-json\/wp\/v2\/pages\/88","targetHints":{"allow":["GET"]}}],"collection":[{"href":"https:\/\/o-seznam.cz\/napoveda\/sreality\/wp-json\/wp\/v2\/pages"}],"about":[{"href":"https:\/\/o-seznam.cz\/napoveda\/sreality\/wp-json\/wp\/v2\/types\/page"}],"author":[{"embeddable":true,"href":"https:\/\/o-seznam.cz\/napoveda\/sreality\/wp-json\/wp\/v2\/users\/6"}],"replies":[{"embeddable":true,"href":"https:\/\/o-seznam.cz\/napoveda\/sreality\/wp-json\/wp\/v2\/comments?post=88"}],"version-history":[{"count":10,"href":"https:\/\/o-seznam.cz\/napoveda\/sreality\/wp-json\/wp\/v2\/pages\/88\/revisions"}],"predecessor-version":[{"id":1363,"href":"https:\/\/o-seznam.cz\/napoveda\/sreality\/wp-json\/wp\/v2\/pages\/88\/revisions\/1363"}],"up":[{"embeddable":true,"href":"https:\/\/o-seznam.cz\/napoveda\/sreality\/wp-json\/wp\/v2\/pages\/97"}],"wp:attachment":[{"href":"https:\/\/o-seznam.cz\/napoveda\/sreality\/wp-json\/wp\/v2\/media?parent=88"}],"wp:term":[{"taxonomy":"page_category","embeddable":true,"href":"https:\/\/o-seznam.cz\/napoveda\/sreality\/wp-json\/wp\/v2\/page_category?post=88"},{"taxonomy":"page_tag","embeddable":true,"href":"https:\/\/o-seznam.cz\/napoveda\/sreality\/wp-json\/wp\/v2\/page_tag?post=88"},{"taxonomy":"service_status_category","embeddable":true,"href":"https:\/\/o-seznam.cz\/napoveda\/sreality\/wp-json\/wp\/v2\/service_status_category?post=88"}],"curies":[{"name":"wp","href":"https:\/\/api.w.org\/{rel}","templated":true}]}}