{"id":853,"date":"2024-10-05T15:11:26","date_gmt":"2024-10-05T13:11:26","guid":{"rendered":"https:\/\/o-seznam.cz\/napoveda\/sreality\/?page_id=853"},"modified":"2026-01-05T15:43:26","modified_gmt":"2026-01-05T14:43:26","slug":"pro-uzivatele","status":"publish","type":"page","link":"https:\/\/o-seznam.cz\/napoveda\/sreality\/kontakty-sreality-cz\/pro-uzivatele\/","title":{"rendered":"Kontakty pro u\u017eivatele"},"content":{"rendered":"\n<div class=\"wp-block-group is-layout-constrained wp-block-group-is-layout-constrained\">\n<h2 class=\"wp-block-heading\">Podpora pro jednor\u00e1zovou inzerci a u\u017eivatele<\/h2>\n\n\n\n<p>Telefon: +420 234 694 430<\/p>\n\n\n\n<p>Pond\u011bl\u00ed a\u017e P\u00e1tek 8.00 &#8211; 16.30<\/p>\n<\/div>\n\n\n\n<div class=\"wp-block-group is-layout-constrained wp-block-group-is-layout-constrained\">\n<div class=\"wp-block-seznam-box is-layout-flow wp-block-seznam-box-is-layout-flow\">\n<p class=\"is-style-link-external\">Pro je\u0161t\u011b rychlej\u0161\u00ed technickou podporu se sta\u010d\u00ed p\u0159ihl\u00e1sit do va\u0161eho \u00fa\u010dtu na&nbsp;<a href=\"https:\/\/www.sreality.cz\/\" data-type=\"link\" data-id=\"https:\/\/www.sreality.cz\/\" target=\"_blank\" rel=\"noreferrer noopener\">Sreality.cz<\/a>, kde m\u016f\u017eete vyu\u017e\u00edt&nbsp;<a href=\"https:\/\/klient.sreality.cz\/\" data-type=\"link\" data-id=\"https:\/\/klient.sreality.cz\/\" target=\"_blank\" rel=\"noreferrer noopener\">chat<\/a>&nbsp;s na\u0161\u00edm specialistou.<\/p>\n<\/div>\n<\/div>\n\n\n\n<div class=\"wp-block-group is-layout-constrained wp-block-group-is-layout-constrained\">\n<p>UPOZORN\u011aN\u00cd<\/p>\n\n\n\n<p>N\u00ed\u017ee uveden\u00e9 kontakty nejsou ur\u010den\u00e9 pro z\u00e1jemce o nemovitost. V p\u0159\u00edpad\u011b z\u00e1jmu o konkr\u00e9tn\u00ed nab\u00eddku je nutn\u00e9 kontaktovat p\u0159\u00edmo zadavatele inzer\u00e1tu, a to p\u0159es popt\u00e1vkov\u00fd formul\u00e1\u0159 s tla\u010d\u00edtkem \u201eOdpov\u011bd\u011bt\u201c nebo p\u0159es kontakty vedle nab\u00eddky. D\u011bkujeme za pochopen\u00ed.<\/p>\n\n\n\n<p>Sreality.cz nejsou realitn\u00ed kancel\u00e1\u0159, ale pouze inzertn\u00ed prostor pro vkl\u00e1d\u00e1n\u00ed nab\u00eddek jednotliv\u00fdmi inzerenty.<\/p>\n<\/div>\n\n\n\n<div class=\"wp-block-group is-layout-constrained wp-block-group-is-layout-constrained\">\n<p><strong>Please take note!<\/strong><\/p>\n\n\n\n<p>The contacts listed below are not intended for those interested in real estate.&nbsp;If you are interested in a specific offer,&nbsp;you must contact the advertiser using&nbsp;the \u201cReply\u201d inquiry form or via the specific contacts at the bottom of the details of the offer.&nbsp;<\/p>\n\n\n\n<p>Sreality.cz&nbsp;is not a real estate agency, but only an advertising space for individual advertisers to place offers.&nbsp;<br><\/p>\n<\/div>\n\n\n\n<p><\/p>\n","protected":false},"excerpt":{"rendered":"<p>Podpora pro jednor\u00e1zovou inzerci a u\u017eivatele Telefon: +420 234 694 430 Pond\u011bl\u00ed a\u017e P\u00e1tek 8.00 &#8211; 16.30 UPOZORN\u011aN\u00cd N\u00ed\u017ee uveden\u00e9 kontakty nejsou ur\u010den\u00e9 pro z\u00e1jemce o nemovitost. V p\u0159\u00edpad\u011b z\u00e1jmu o konkr\u00e9tn\u00ed nab\u00eddku je nutn\u00e9 kontaktovat p\u0159\u00edmo zadavatele inzer\u00e1tu, a to p\u0159es popt\u00e1vkov\u00fd formul\u00e1\u0159 s tla\u010d\u00edtkem \u201eOdpov\u011bd\u011bt\u201c nebo p\u0159es kontakty vedle nab\u00eddky. D\u011bkujeme za pochopen\u00ed. [&hellip;]<\/p>\n","protected":false},"author":6,"featured_media":0,"parent":701,"menu_order":0,"comment_status":"closed","ping_status":"closed","template":"page-sidemenu","meta":{"_acf_changed":false,"_relevanssi_hide_post":"","_relevanssi_hide_content":"","_relevanssi_pin_for_all":"","_relevanssi_pin_keywords":"","_relevanssi_unpin_keywords":"","_relevanssi_related_keywords":"","_relevanssi_related_include_ids":"","_relevanssi_related_exclude_ids":"","_relevanssi_related_no_append":"","_relevanssi_related_not_related":"","_relevanssi_related_posts":"","_relevanssi_noindex_reason":"","footnotes":""},"page_category":[8],"page_tag":[],"service_status_category":[],"class_list":["post-853","page","type-page","status-publish","hentry"],"acf":[],"_links":{"self":[{"href":"https:\/\/o-seznam.cz\/napoveda\/sreality\/wp-json\/wp\/v2\/pages\/853","targetHints":{"allow":["GET"]}}],"collection":[{"href":"https:\/\/o-seznam.cz\/napoveda\/sreality\/wp-json\/wp\/v2\/pages"}],"about":[{"href":"https:\/\/o-seznam.cz\/napoveda\/sreality\/wp-json\/wp\/v2\/types\/page"}],"author":[{"embeddable":true,"href":"https:\/\/o-seznam.cz\/napoveda\/sreality\/wp-json\/wp\/v2\/users\/6"}],"replies":[{"embeddable":true,"href":"https:\/\/o-seznam.cz\/napoveda\/sreality\/wp-json\/wp\/v2\/comments?post=853"}],"version-history":[{"count":7,"href":"https:\/\/o-seznam.cz\/napoveda\/sreality\/wp-json\/wp\/v2\/pages\/853\/revisions"}],"predecessor-version":[{"id":1540,"href":"https:\/\/o-seznam.cz\/napoveda\/sreality\/wp-json\/wp\/v2\/pages\/853\/revisions\/1540"}],"up":[{"embeddable":true,"href":"https:\/\/o-seznam.cz\/napoveda\/sreality\/wp-json\/wp\/v2\/pages\/701"}],"wp:attachment":[{"href":"https:\/\/o-seznam.cz\/napoveda\/sreality\/wp-json\/wp\/v2\/media?parent=853"}],"wp:term":[{"taxonomy":"page_category","embeddable":true,"href":"https:\/\/o-seznam.cz\/napoveda\/sreality\/wp-json\/wp\/v2\/page_category?post=853"},{"taxonomy":"page_tag","embeddable":true,"href":"https:\/\/o-seznam.cz\/napoveda\/sreality\/wp-json\/wp\/v2\/page_tag?post=853"},{"taxonomy":"service_status_category","embeddable":true,"href":"https:\/\/o-seznam.cz\/napoveda\/sreality\/wp-json\/wp\/v2\/service_status_category?post=853"}],"curies":[{"name":"wp","href":"https:\/\/api.w.org\/{rel}","templated":true}]}}