{"id":851,"date":"2024-10-05T14:50:07","date_gmt":"2024-10-05T12:50:07","guid":{"rendered":"https:\/\/o-seznam.cz\/napoveda\/sreality\/?page_id=851"},"modified":"2026-01-05T15:43:08","modified_gmt":"2026-01-05T14:43:08","slug":"pro-realitni-kancelare","status":"publish","type":"page","link":"https:\/\/o-seznam.cz\/napoveda\/sreality\/kontakty-sreality-cz\/pro-realitni-kancelare\/","title":{"rendered":"Kontakty pro realitn\u00ed kancel\u00e1\u0159e"},"content":{"rendered":"\n<div class=\"wp-block-group is-layout-constrained wp-block-group-is-layout-constrained\">\n<h2 class=\"wp-block-heading\">Podpora:<\/h2>\n\n\n\n<ul class=\"wp-block-list\">\n<li>Pro registrovan\u00e9 realitn\u00ed kancel\u00e1\u0159e a developery<\/li>\n\n\n\n<li>Pro nov\u00e9 realitn\u00ed kancel\u00e1\u0159e a developery \u2013 nov\u00e9 registrace<\/li>\n<\/ul>\n\n\n\n<p>Pond\u011bl\u00ed a\u017e P\u00e1tek 8.00 &#8211; 16.00<\/p>\n\n\n\n<p>E-mail: info@sreality.cz<\/p>\n<\/div>\n\n\n\n<div class=\"wp-block-group is-layout-constrained wp-block-group-is-layout-constrained\">\n<div class=\"wp-block-seznam-box is-layout-flow wp-block-seznam-box-is-layout-flow\">\n<p class=\"is-style-link-external\">Pro je\u0161t\u011b rychlej\u0161\u00ed technickou podporu se sta\u010d\u00ed p\u0159ihl\u00e1sit do va\u0161eho \u00fa\u010dtu na <a href=\"https:\/\/www.sreality.cz\/\" data-type=\"link\" data-id=\"https:\/\/www.sreality.cz\/\" target=\"_blank\" rel=\"noreferrer noopener\">Sreality.cz<\/a>, kde m\u016f\u017eete vyu\u017e\u00edt <a href=\"https:\/\/klient.sreality.cz\/\" data-type=\"link\" data-id=\"https:\/\/klient.sreality.cz\/\" target=\"_blank\" rel=\"noreferrer noopener\">chat<\/a> s na\u0161\u00edm specialistou.<\/p>\n<\/div>\n<\/div>\n\n\n\n<p><\/p>\n\n\n\n<p><\/p>\n","protected":false},"excerpt":{"rendered":"<p>Podpora: Pond\u011bl\u00ed a\u017e P\u00e1tek 8.00 &#8211; 16.00 E-mail: info@sreality.cz<\/p>\n","protected":false},"author":6,"featured_media":0,"parent":701,"menu_order":0,"comment_status":"closed","ping_status":"closed","template":"page-sidemenu","meta":{"_acf_changed":false,"_relevanssi_hide_post":"","_relevanssi_hide_content":"","_relevanssi_pin_for_all":"","_relevanssi_pin_keywords":"","_relevanssi_unpin_keywords":"","_relevanssi_related_keywords":"","_relevanssi_related_include_ids":"","_relevanssi_related_exclude_ids":"","_relevanssi_related_no_append":"","_relevanssi_related_not_related":"","_relevanssi_related_posts":"","_relevanssi_noindex_reason":"","footnotes":""},"page_category":[8],"page_tag":[],"service_status_category":[],"class_list":["post-851","page","type-page","status-publish","hentry"],"acf":[],"_links":{"self":[{"href":"https:\/\/o-seznam.cz\/napoveda\/sreality\/wp-json\/wp\/v2\/pages\/851","targetHints":{"allow":["GET"]}}],"collection":[{"href":"https:\/\/o-seznam.cz\/napoveda\/sreality\/wp-json\/wp\/v2\/pages"}],"about":[{"href":"https:\/\/o-seznam.cz\/napoveda\/sreality\/wp-json\/wp\/v2\/types\/page"}],"author":[{"embeddable":true,"href":"https:\/\/o-seznam.cz\/napoveda\/sreality\/wp-json\/wp\/v2\/users\/6"}],"replies":[{"embeddable":true,"href":"https:\/\/o-seznam.cz\/napoveda\/sreality\/wp-json\/wp\/v2\/comments?post=851"}],"version-history":[{"count":8,"href":"https:\/\/o-seznam.cz\/napoveda\/sreality\/wp-json\/wp\/v2\/pages\/851\/revisions"}],"predecessor-version":[{"id":1539,"href":"https:\/\/o-seznam.cz\/napoveda\/sreality\/wp-json\/wp\/v2\/pages\/851\/revisions\/1539"}],"up":[{"embeddable":true,"href":"https:\/\/o-seznam.cz\/napoveda\/sreality\/wp-json\/wp\/v2\/pages\/701"}],"wp:attachment":[{"href":"https:\/\/o-seznam.cz\/napoveda\/sreality\/wp-json\/wp\/v2\/media?parent=851"}],"wp:term":[{"taxonomy":"page_category","embeddable":true,"href":"https:\/\/o-seznam.cz\/napoveda\/sreality\/wp-json\/wp\/v2\/page_category?post=851"},{"taxonomy":"page_tag","embeddable":true,"href":"https:\/\/o-seznam.cz\/napoveda\/sreality\/wp-json\/wp\/v2\/page_tag?post=851"},{"taxonomy":"service_status_category","embeddable":true,"href":"https:\/\/o-seznam.cz\/napoveda\/sreality\/wp-json\/wp\/v2\/service_status_category?post=851"}],"curies":[{"name":"wp","href":"https:\/\/api.w.org\/{rel}","templated":true}]}}