{"id":85,"date":"2024-09-05T00:49:38","date_gmt":"2024-09-04T22:49:38","guid":{"rendered":"https:\/\/o-seznam.cz\/napoveda\/sreality\/?page_id=85"},"modified":"2025-05-23T12:17:31","modified_gmt":"2025-05-23T10:17:31","slug":"propojeni-sreality-cz-se-seznam-naplno","status":"publish","type":"page","link":"https:\/\/o-seznam.cz\/napoveda\/sreality\/pro-realitni-kancelare\/propojeni-sreality-cz-se-seznam-naplno\/","title":{"rendered":"Propojen\u00ed Sreality.cz se Seznamem naplno"},"content":{"rendered":"\n<div class=\"wp-block-group is-layout-constrained wp-block-group-is-layout-constrained\">\n<h2 class=\"wp-block-heading\">V\u00fdhody&nbsp;propojen\u00ed<\/h2>\n\n\n\n<ul class=\"wp-block-list is-style-checklist\">\n<li>Pokud m\u00e1te aktivn\u00ed Seznam naplno, zobraz\u00ed se logo va\u0161\u00ed spole\u010dnosti v detailu aktivn\u00edch inzer\u00e1t\u016f u v\u0161ech va\u0161ich nab\u00eddek. Toto logo se zobraz\u00ed d\u00edky aktivovan\u00e9mu Seznamu naplno i v adres\u00e1\u0159i realitn\u00edch kancel\u00e1\u0159\u00ed. Bez Seznamu naplno se logo v adres\u00e1\u0159i RK v\u016fbec nezobraz\u00ed, i kdy\u017e ho m\u00e1te na Firmy.cz nahran\u00e9.&nbsp;D\u00edky tomu hned v adres\u00e1\u0159i RK \u010di p\u0159i vyhled\u00e1v\u00e1n\u00ed nab\u00eddek u\u017eivatel\u00e9 v\u00ed, s k\u00fdm jednaj\u00ed a budujete si takto pov\u011bdom\u00ed o sv\u00e9 zna\u010dce a p\u016fsob\u00ed to profesion\u00e1ln\u011b a d\u016fv\u011bryhodn\u011b.<\/li>\n\n\n\n<li>V p\u0159\u00edpad\u011b Seznamu naplno se u va\u0161\u00ed spole\u010dnosti zobraz\u00ed oproti Seznamu zdarma &#8211; logo realitn\u00ed kancel\u00e1\u0159e, otev\u00edrac\u00ed doba, graf portfolia RK, fotografie, hodnocen\u00ed, ak\u010dn\u00ed nab\u00eddky a ud\u00e1losti, ve kter\u00fdch m\u016f\u017eete v\u00edce upozornit na poskytovan\u00e9 slu\u017eby nebo je m\u016f\u017eete vyu\u017e\u00edt na prezentaci sv\u00fdch nab\u00eddek. V\u0161echny tyto \u00fadaje se z\u00edsk\u00e1vaj\u00ed z firemn\u00edho z\u00e1pisu na Firmy.cz.<\/li>\n<\/ul>\n<\/div>\n\n\n\n<div class=\"wp-block-group is-layout-constrained wp-block-group-is-layout-constrained\">\n<p>Je jenom na v\u00e1s, jak vylep\u0161en\u00ed profilu vyu\u017eijete pro svou prezentaci. D\u00edky Seznamu naplno na v\u00e1s mohou u\u017eivatel\u00e9 narazit p\u0159i hled\u00e1n\u00ed na Seznamu. V\u00e1\u0161 vylep\u0161en\u00fd profil, kde se zobrazuj\u00ed nav\u00edc i nab\u00eddky z Sreality.cz (nap\u0159\u00edklad odkazy na soci\u00e1ln\u00ed s\u00edt\u011b a mnoho dal\u0161\u00edho), tak m\u016f\u017ee oslovit mnohem v\u00edce lid\u00ed.&nbsp;<\/p>\n\n\n\n<p>Na str\u00e1nce <a href=\"https:\/\/www.seznam.cz\/reklama\/cz\/obsahovy-web\/sluzba-firmy\/firmy-typy-reklamy#rozvijej\">Typy reklamy Seznam naplno<\/a> najdete dal\u0161\u00ed v\u00fdhody Seznamu naplno a mo\u017enosti spu\u0161t\u011bn\u00ed.<\/p>\n<\/div>\n\n\n\n<p><\/p>\n","protected":false},"excerpt":{"rendered":"<p>V\u00fdhody&nbsp;propojen\u00ed Je jenom na v\u00e1s, jak vylep\u0161en\u00ed profilu vyu\u017eijete pro svou prezentaci. D\u00edky Seznamu naplno na v\u00e1s mohou u\u017eivatel\u00e9 narazit p\u0159i hled\u00e1n\u00ed na Seznamu. V\u00e1\u0161 vylep\u0161en\u00fd profil, kde se zobrazuj\u00ed nav\u00edc i nab\u00eddky z Sreality.cz (nap\u0159\u00edklad odkazy na soci\u00e1ln\u00ed s\u00edt\u011b a mnoho dal\u0161\u00edho), tak m\u016f\u017ee oslovit mnohem v\u00edce lid\u00ed.&nbsp; Na str\u00e1nce Typy reklamy Seznam naplno [&hellip;]<\/p>\n","protected":false},"author":6,"featured_media":0,"parent":97,"menu_order":0,"comment_status":"closed","ping_status":"closed","template":"page-sidemenu","meta":{"_acf_changed":false,"_relevanssi_hide_post":"","_relevanssi_hide_content":"","_relevanssi_pin_for_all":"","_relevanssi_pin_keywords":"","_relevanssi_unpin_keywords":"","_relevanssi_related_keywords":"","_relevanssi_related_include_ids":"","_relevanssi_related_exclude_ids":"","_relevanssi_related_no_append":"","_relevanssi_related_not_related":"","_relevanssi_related_posts":"","_relevanssi_noindex_reason":"","footnotes":""},"page_category":[4],"page_tag":[],"service_status_category":[],"class_list":["post-85","page","type-page","status-publish","hentry"],"acf":[],"_links":{"self":[{"href":"https:\/\/o-seznam.cz\/napoveda\/sreality\/wp-json\/wp\/v2\/pages\/85","targetHints":{"allow":["GET"]}}],"collection":[{"href":"https:\/\/o-seznam.cz\/napoveda\/sreality\/wp-json\/wp\/v2\/pages"}],"about":[{"href":"https:\/\/o-seznam.cz\/napoveda\/sreality\/wp-json\/wp\/v2\/types\/page"}],"author":[{"embeddable":true,"href":"https:\/\/o-seznam.cz\/napoveda\/sreality\/wp-json\/wp\/v2\/users\/6"}],"replies":[{"embeddable":true,"href":"https:\/\/o-seznam.cz\/napoveda\/sreality\/wp-json\/wp\/v2\/comments?post=85"}],"version-history":[{"count":7,"href":"https:\/\/o-seznam.cz\/napoveda\/sreality\/wp-json\/wp\/v2\/pages\/85\/revisions"}],"predecessor-version":[{"id":1366,"href":"https:\/\/o-seznam.cz\/napoveda\/sreality\/wp-json\/wp\/v2\/pages\/85\/revisions\/1366"}],"up":[{"embeddable":true,"href":"https:\/\/o-seznam.cz\/napoveda\/sreality\/wp-json\/wp\/v2\/pages\/97"}],"wp:attachment":[{"href":"https:\/\/o-seznam.cz\/napoveda\/sreality\/wp-json\/wp\/v2\/media?parent=85"}],"wp:term":[{"taxonomy":"page_category","embeddable":true,"href":"https:\/\/o-seznam.cz\/napoveda\/sreality\/wp-json\/wp\/v2\/page_category?post=85"},{"taxonomy":"page_tag","embeddable":true,"href":"https:\/\/o-seznam.cz\/napoveda\/sreality\/wp-json\/wp\/v2\/page_tag?post=85"},{"taxonomy":"service_status_category","embeddable":true,"href":"https:\/\/o-seznam.cz\/napoveda\/sreality\/wp-json\/wp\/v2\/service_status_category?post=85"}],"curies":[{"name":"wp","href":"https:\/\/api.w.org\/{rel}","templated":true}]}}