{"id":812,"date":"2024-10-04T02:19:37","date_gmt":"2024-10-04T00:19:37","guid":{"rendered":"https:\/\/o-seznam.cz\/napoveda\/sreality\/?page_id=812"},"modified":"2024-12-16T01:20:46","modified_gmt":"2024-12-16T00:20:46","slug":"zasady-zpracovani-osobnich-udaju-a-pravidla-pro-mazani-obsahu-na-sluzbe-sreality-cz-cenova-mapa","status":"publish","type":"page","link":"https:\/\/o-seznam.cz\/napoveda\/sreality\/uzitecne-informace\/zasady-zpracovani-osobnich-udaju-a-pravidla-pro-mazani-obsahu-na-sluzbe-sreality-cz-cenova-mapa\/","title":{"rendered":"Z\u00e1sady zpracov\u00e1n\u00ed osobn\u00edch \u00fadaj\u016f a Pravidla pro maz\u00e1n\u00ed obsahu na slu\u017eb\u011b Sreality.cz Cenov\u00e1 mapa"},"content":{"rendered":"\n<div class=\"wp-block-group is-layout-constrained wp-block-group-is-layout-constrained\">\n<p class=\"is-style-link-external\">Spole\u010dnost Seznam.cz, a.s., I\u010cO: 261 68 685, se s\u00eddlem Praha 5 \u2013 Sm\u00edchov, Radlick\u00e1 3294\/10, PS\u010c 150 00 (d\u00e1le jen \u201eProvozovatel\u201d) je Provozovatelem slu\u017eby Sreality \u2013 Cenov\u00e1 mapa dostupn\u00e9 z <a href=\"https:\/\/www.sreality.cz\/cenova-mapa\" data-type=\"link\" data-id=\"https:\/\/www.sreality.cz\/cenova-mapa\" target=\"_blank\" rel=\"noreferrer noopener\">internetov\u00e9 adresy (URL)<\/a> (d\u00e1le jen \u201eCenov\u00e1 mapa\u201c). Na Cenov\u00e9 map\u011b jsou zve\u0159ejn\u011bn\u00e9 informace o prodan\u00fdch nemovitostech v anonymizovan\u00e9 podob\u011b.<\/p>\n\n\n\n<p>Pokud n\u00e1v\u0161t\u011bvn\u00edk Cenov\u00e9 mapy, kter\u00fd je vlastn\u00edkem dan\u00e9 nemovitosti (d\u00e1le jen \u201eVlastn\u00edk\u201c) vyhodnot\u00ed, \u017ee nechce, aby jeho nemovitost byla na Cenov\u00e9 map\u011b prezentovan\u00e1 s fotografiemi nebo se sp\u00e1rovan\u00fdm inzer\u00e1tem, m\u016f\u017ee vyu\u017e\u00edt mo\u017enosti \u201cNahl\u00e1sit nep\u0159esnost\u201d v detailu z\u00e1znamu na Cenov\u00e9 map\u011b.<\/p>\n\n\n\n<p>Vlastn\u00edk nebo zmocn\u011bn\u00fd z\u00e1stupce Vlastn\u00edka, kter\u00fd je k jedn\u00e1n\u00ed za Vlastn\u00edka zmocn\u011bn\u00fd (d\u00e1le jen \u201eZ\u00e1stupce vlastn\u00edka\u201c) pot\u00e9 zad\u00e1 prost\u0159ednictv\u00edm formul\u00e1\u0159e \u00fadaje, kter\u00e9 Provozovatel pot\u0159ebuje k vyhodnocen\u00ed opr\u00e1vn\u011bnosti po\u017eadavku na v\u00fdmaz fotografi\u00ed \u010di sp\u00e1rovan\u00e9ho inzer\u00e1tu z Cenov\u00e9 mapy (d\u00e1le jen \u201ePo\u017eadavek na v\u00fdmaz\u201c).<\/p>\n\n\n\n<p>Za \u00fa\u010delem ov\u011b\u0159en\u00ed toto\u017enosti Vlastn\u00edka \u010di Z\u00e1stupce vlastn\u00edka p\u0159i posuzov\u00e1n\u00ed Po\u017eadavku na v\u00fdmaz je Provozovatel opr\u00e1vn\u011bn zpracov\u00e1vat osobn\u00ed \u00fadaje Vlastn\u00edka nebo Z\u00e1stupce vlastn\u00edka. Jedn\u00e1 se zejm\u00e9na o adresn\u00e9 a popisn\u00e9 \u00fadaje v rozsahu jm\u00e9no, p\u0159\u00edjmen\u00ed, e-mailov\u00e1 adresa, adresa u\u017eivatele uveden\u00e1 v katastru nemovitost\u00ed, rodn\u00e9 \u010d\u00edslo v \u010d\u00e1sti p\u0159ed lom\u00edtkem, \u010d\u00edslo jednotky a adresa jednotky v katastru nemovitost\u00ed, kopii ob\u010dansk\u00e9ho pr\u016fkazu a dal\u0161\u00ed data) (d\u00e1le jen \u201eOsobn\u00ed \u00fadaje\u201c).<\/p>\n\n\n\n<p>Vlastn\u00edk \u010di Z\u00e1stupce vlastn\u00edka jsou povinni v kopii ob\u010dansk\u00e9ho pr\u016fkazu (d\u00e1le jen \u201ePr\u016fkaz\u201c) anonymizovat ty \u00fadaje, kter\u00e9 Provozovatel pro vyhodnocen\u00ed Po\u017eadavku na v\u00fdmaz nepot\u0159ebuje. Jedn\u00e1 se zejm\u00e9na o: \u010d\u00edslo Pr\u016fkazu, kdo Pr\u016fkaz vydal, datum vyd\u00e1n\u00ed Pr\u016fkazu, do kdy je Pr\u016fkaz platn\u00fd, pohlav\u00ed, m\u00edsto narozen\u00ed, rodinn\u00fd stav.<\/p>\n\n\n\n<p>Provozovatel m\u00e1 pr\u00e1vo Po\u017eadavek na v\u00fdmaz vyhodnotit jako opr\u00e1vn\u011bn\u00fd, neopr\u00e1vn\u011bn\u00fd a nebo si od Vlastn\u00edka \u010di Z\u00e1stupce vlastn\u00edka vy\u017e\u00e1dat dopl\u0148uj\u00edc\u00ed informace. Provozovatel p\u0159i vyhodnocen\u00ed Po\u017eadavku na v\u00fdmaz m\u016f\u017ee vyu\u017e\u00edt ve\u0159ejn\u00e9 rejst\u0159\u00edky.<\/p>\n\n\n\n<p>Provozovatel informuje Vlastn\u00edka \u010di Z\u00e1stupce vlastn\u00edka na e-mailovou adresu, kterou Vlastn\u00edk \u010di Z\u00e1stupce vlastn\u00edka p\u0159i Po\u017eadavku na v\u00fdmaz zadal (d\u00e1le jen \u201eE-mail vlastn\u00edka\u201d), o stavu vyhodnocen\u00ed Po\u017eadavku na v\u00fdmaz, a to nejd\u00e9le do 5 pracovn\u00edch dn\u016f od p\u0159ijet\u00ed Po\u017eadavku na v\u00fdmaz (d\u00e1le jen \u201eLh\u016fta pro vyj\u00e1d\u0159en\u00ed\u201c). Ve\u0161ker\u00e1 komunikace mezi Provozovatelem a Vlastn\u00edkem bude prob\u00edhat v\u00fdhradn\u011b formou elektronick\u00e9 po\u0161ty a to ze strany Provozovatele na E-mail vlastn\u00edka. Ve Lh\u016ft\u011b pro vyj\u00e1d\u0159en\u00ed mus\u00ed Provozovatel srozumiteln\u011b informovat Vlastn\u00edka \u010di Z\u00e1stupce vlastn\u00edka o tom, zda Po\u017eadavek na v\u00fdmaz vyhodnotil jako opr\u00e1vn\u011bn\u00fd \u010di neopr\u00e1vn\u011bn\u00fd, p\u0159\u00edpadn\u011b zda po\u017eaduje dopl\u0148uj\u00edc\u00ed \u010di up\u0159es\u0148uj\u00edc\u00ed \u00fadaje.<\/p>\n\n\n\n<p>Pokud ve Lh\u016ft\u011b pro vyj\u00e1d\u0159en\u00ed Provozovatel vy\u017e\u00e1d\u00e1 od Vlastn\u00edka \u010di Z\u00e1stupce vlastn\u00edka dopl\u0148uj\u00edc\u00ed \u010di up\u0159es\u0148uj\u00edc\u00ed \u00fadaje, poskytne Provozovatel Vlastn\u00edkovi \u010di Z\u00e1stupci vlastn\u00edka lh\u016ftu 7 dn\u00ed pro dopln\u011bn\u00ed (d\u00e1le jen \u201eDodate\u010dn\u00e1 lh\u016fta\u201c) a o tomto Vlastn\u00edka \u010di Z\u00e1stupce vlastn\u00edka informuje na E-mail vlastn\u00edka.<\/p>\n\n\n\n<p>Pokud Vlastn\u00edk \u010di Z\u00e1stupce vlastn\u00edka v Dodate\u010dn\u00e9 lh\u016ft\u011b nedopln\u00ed dopl\u0148uj\u00edc\u00ed \u010di up\u0159es\u0148uj\u00edc\u00ed \u00fadaje, poskytne Provozovatel Vlastn\u00edkovi \u010di Z\u00e1stupci vlastn\u00edka lh\u016ftu dal\u0161\u00ed lh\u016ftu 7 dn\u00ed pro dopln\u011bn\u00ed (d\u00e1le jen \u201eDruh\u00e1 dodate\u010dn\u00e1 lh\u016fta\u201c) a o tomto Vlastn\u00edka \u010di Z\u00e1stupce vlastn\u00edka informuje na E-mail vlastn\u00edka.<\/p>\n\n\n\n<p>Pokud Vlastn\u00edk \u010di Z\u00e1stupce vlastn\u00edka v Dodate\u010dn\u00e9 lh\u016ft\u011b a ani n\u00e1sledn\u011b v Druh\u00e9 dodate\u010dn\u00e9 lh\u016ft\u011b lh\u016ft\u011b nedod\u00e1 pot\u0159ebn\u00e9 dopl\u0148uj\u00edc\u00ed \u010di up\u0159es\u0148uj\u00edc\u00ed \u00fadaje, je Provozovatel opr\u00e1vn\u011bn Po\u017eadavek na v\u00fdmaz vyhodnotit jako neopr\u00e1vn\u011bn\u00fd.<\/p>\n\n\n\n<p>Provozovatel po vyhodnocen\u00ed Po\u017eadavku na v\u00fdmaz sma\u017ee Pr\u016fkaz a dal\u0161\u00ed dokumenty, kter\u00e9 Vlastn\u00edk \u010di Z\u00e1stupce vlastn\u00edka Provozovateli za\u0161le. Toto Provozovatel provede bez ohledu na to, zda Po\u017eadavek na v\u00fdmaz vyhodnot\u00ed jako opr\u00e1vn\u011bn\u00fd \u010di neopr\u00e1vn\u011bn\u00fd.<\/p>\n<\/div>\n\n\n\n<div class=\"wp-block-group is-layout-constrained wp-block-group-is-layout-constrained\">\n<h2 class=\"wp-block-heading\">Z\u00e1sady zpracov\u00e1n\u00ed osobn\u00edch \u00fadaj\u016f<\/h2>\n\n\n\n<p>Osobn\u00ed \u00fadaje Vlastn\u00edka \u010di Z\u00e1stupce vlastn\u00edka budou zpracov\u00e1ny Provozovatelem v nezbytn\u00e9m rozsahu za \u00fa\u010delem vyhodnocen\u00ed Po\u017eadavku na v\u00fdmaz.<\/p>\n\n\n\n<p>Takov\u00e9 zpracov\u00e1n\u00ed Osobn\u00edch \u00fadaj\u016f je z\u00e1konn\u00e9, jeliko\u017e Osobn\u00ed \u00fadaje poskytuje Vlastn\u00edk \u010di Z\u00e1stupce vlastn\u00edka v\u011bdom\u011b, a to v rozsahu nezbytn\u00e9m pro ov\u011b\u0159en\u00ed opr\u00e1vn\u011bnosti Po\u017eadavku na v\u00fdmaz, kter\u00fd pod\u00e1v\u00e1 Provozovateli Vlastn\u00edk \u010di Z\u00e1stupce vlastn\u00edka.<\/p>\n\n\n\n<p>Provozovatel postupuje p\u0159i zpracov\u00e1n\u00ed Osobn\u00edch \u00fadaj\u016f v souladu s na\u0159\u00edzen\u00edm Evropsk\u00e9ho parlamentu a Rady (EU) \u010d. 2016\/679 o ochran\u011b fyzick\u00fdch osob v souvislosti se zpracov\u00e1n\u00edm osobn\u00edch \u00fadaj\u016f a o voln\u00e9m pohybu t\u011bchto \u00fadaj\u016f (obecn\u00e9 na\u0159\u00edzen\u00ed o ochran\u011b osobn\u00edch \u00fadaj\u016f, d\u00e1le jen \u201eGDPR\u201c), z\u00e1konem \u010d. 110\/2019 Sb., o zpracov\u00e1n\u00ed osobn\u00edch \u00fadaj\u016f, v platn\u00e9m zn\u011bn\u00ed, z\u00e1konem \u010d. 111\/2019 Sb., kter\u00fdm se m\u011bn\u00ed n\u011bkter\u00e9 z\u00e1kony s p\u0159ijet\u00edm z\u00e1kona o zpracov\u00e1n\u00ed osobn\u00edch \u00fadaj\u016f, v platn\u00e9m zn\u011bn\u00ed, z\u00e1konem \u010d. 480\/2004 Sb., o n\u011bkter\u00fdch slu\u017eb\u00e1ch informa\u010dn\u00ed spole\u010dnosti, z\u00e1konem \u010d. 127\/2005 Sb., o elektronick\u00fdch komunikac\u00edch, a dal\u0161\u00edmi pr\u00e1vn\u00edmi p\u0159edpisy upravuj\u00edc\u00edmi ochranu osobn\u00edch \u00fadaj\u016f.<\/p>\n\n\n\n<p>Provozovatel garantuje Vlastn\u00edkovi \u010di Z\u00e1stupci vlastn\u00edka dal\u0161\u00ed pr\u00e1va dle \u010dl\u00e1nk\u016f 15\u201321 GDPR.<\/p>\n<\/div>\n\n\n\n<div class=\"wp-block-group is-layout-constrained wp-block-group-is-layout-constrained\">\n<p>Podrobn\u011bj\u0161\u00ed informace o nakl\u00e1d\u00e1n\u00ed s osobn\u00edmi \u00fadaji jsou uvedeny na internetov\u00fdch str\u00e1nk\u00e1ch Provozovatele, a to v p\u0159\u00edslu\u0161n\u00e9 sekci.<\/p>\n<\/div>\n","protected":false},"excerpt":{"rendered":"<p>Spole\u010dnost Seznam.cz, a.s., I\u010cO: 261 68 685, se s\u00eddlem Praha 5 \u2013 Sm\u00edchov, Radlick\u00e1 3294\/10, PS\u010c 150 00 (d\u00e1le jen \u201eProvozovatel\u201d) je Provozovatelem slu\u017eby Sreality \u2013 Cenov\u00e1 mapa dostupn\u00e9 z internetov\u00e9 adresy (URL) (d\u00e1le jen \u201eCenov\u00e1 mapa\u201c). Na Cenov\u00e9 map\u011b jsou zve\u0159ejn\u011bn\u00e9 informace o prodan\u00fdch nemovitostech v anonymizovan\u00e9 podob\u011b. Pokud n\u00e1v\u0161t\u011bvn\u00edk Cenov\u00e9 mapy, kter\u00fd je [&hellip;]<\/p>\n","protected":false},"author":6,"featured_media":0,"parent":922,"menu_order":0,"comment_status":"closed","ping_status":"closed","template":"page-sidemenu","meta":{"_acf_changed":false,"_relevanssi_hide_post":"","_relevanssi_hide_content":"","_relevanssi_pin_for_all":"","_relevanssi_pin_keywords":"","_relevanssi_unpin_keywords":"","_relevanssi_related_keywords":"","_relevanssi_related_include_ids":"","_relevanssi_related_exclude_ids":"","_relevanssi_related_no_append":"","_relevanssi_related_not_related":"","_relevanssi_related_posts":"","_relevanssi_noindex_reason":"","footnotes":""},"page_category":[9],"page_tag":[],"service_status_category":[],"class_list":["post-812","page","type-page","status-publish","hentry"],"acf":[],"_links":{"self":[{"href":"https:\/\/o-seznam.cz\/napoveda\/sreality\/wp-json\/wp\/v2\/pages\/812","targetHints":{"allow":["GET"]}}],"collection":[{"href":"https:\/\/o-seznam.cz\/napoveda\/sreality\/wp-json\/wp\/v2\/pages"}],"about":[{"href":"https:\/\/o-seznam.cz\/napoveda\/sreality\/wp-json\/wp\/v2\/types\/page"}],"author":[{"embeddable":true,"href":"https:\/\/o-seznam.cz\/napoveda\/sreality\/wp-json\/wp\/v2\/users\/6"}],"replies":[{"embeddable":true,"href":"https:\/\/o-seznam.cz\/napoveda\/sreality\/wp-json\/wp\/v2\/comments?post=812"}],"version-history":[{"count":2,"href":"https:\/\/o-seznam.cz\/napoveda\/sreality\/wp-json\/wp\/v2\/pages\/812\/revisions"}],"predecessor-version":[{"id":1116,"href":"https:\/\/o-seznam.cz\/napoveda\/sreality\/wp-json\/wp\/v2\/pages\/812\/revisions\/1116"}],"up":[{"embeddable":true,"href":"https:\/\/o-seznam.cz\/napoveda\/sreality\/wp-json\/wp\/v2\/pages\/922"}],"wp:attachment":[{"href":"https:\/\/o-seznam.cz\/napoveda\/sreality\/wp-json\/wp\/v2\/media?parent=812"}],"wp:term":[{"taxonomy":"page_category","embeddable":true,"href":"https:\/\/o-seznam.cz\/napoveda\/sreality\/wp-json\/wp\/v2\/page_category?post=812"},{"taxonomy":"page_tag","embeddable":true,"href":"https:\/\/o-seznam.cz\/napoveda\/sreality\/wp-json\/wp\/v2\/page_tag?post=812"},{"taxonomy":"service_status_category","embeddable":true,"href":"https:\/\/o-seznam.cz\/napoveda\/sreality\/wp-json\/wp\/v2\/service_status_category?post=812"}],"curies":[{"name":"wp","href":"https:\/\/api.w.org\/{rel}","templated":true}]}}