{"id":810,"date":"2024-10-04T02:12:43","date_gmt":"2024-10-04T00:12:43","guid":{"rendered":"https:\/\/o-seznam.cz\/napoveda\/sreality\/?page_id=810"},"modified":"2024-12-16T01:22:29","modified_gmt":"2024-12-16T00:22:29","slug":"prukaz-energeticke-narocnosti-budovy","status":"publish","type":"page","link":"https:\/\/o-seznam.cz\/napoveda\/sreality\/uzitecne-informace\/prukaz-energeticke-narocnosti-budovy\/","title":{"rendered":"Pr\u016fkaz energetick\u00e9 n\u00e1ro\u010dnosti budovy"},"content":{"rendered":"\n<div class=\"wp-block-group is-layout-constrained wp-block-group-is-layout-constrained\">\n<p>Od roku 2013 se n\u011bkter\u00fdch vlastn\u00edk\u016f nemovitost\u00ed dot\u00fdk\u00e1 novela z\u00e1kona \u010d. 406\/2006 Sb., tedy z\u00e1kona o hospoda\u0159en\u00ed energi\u00ed (d\u00e1le jen \u201eZHE\u201c), kter\u00e1 stanov\u00ed povinnost opat\u0159it si Pr\u016fkaz energetick\u00e9 n\u00e1ro\u010dnosti budovy (d\u00e1le jen \u201ePENB\u201c). P\u0159esn\u00fd v\u00fd\u010det povinn\u00fdch subjekt\u016f je specifikov\u00e1n v \u00a7 7a ZHE.<\/p>\n\n\n\n<p>Pokud vlastn\u00edci rodinn\u00fdch dom\u016f, byt\u016f, spr\u00e1vci nebo spole\u010denstv\u00ed vlastn\u00edk\u016f jednotek budou cht\u00edt nemovitost prodat, pronajmout nebo k prodeji \u010di pron\u00e1jmu ve\u0159ejn\u011b nab\u00edzet, mus\u00ed v inzerci zobrazovat vybran\u00e9 informace o energetick\u00e9 n\u00e1ro\u010dnosti budovy.<\/p>\n<\/div>\n\n\n\n<div class=\"wp-block-group is-layout-constrained wp-block-group-is-layout-constrained\">\n<ul class=\"wp-block-list\">\n<li>Energetick\u00e1 n\u00e1ro\u010dnost budovy \u2013 v inzer\u00e1tech zobrazujeme PENB zpracovan\u00e9 dle vyhl\u00e1\u0161ky 264\/2020 Sb., o energetick\u00e9 n\u00e1ro\u010dnosti budov<\/li>\n\n\n\n<li>Ukazatel energetick\u00e9 n\u00e1ro\u010dnosti budovy v jednotk\u00e1ch kWh\/m2 za rok<\/li>\n\n\n\n<li>Pr\u016fkaz energetick\u00e9 n\u00e1ro\u010dnosti budovy, kter\u00fd je mo\u017en\u00e9 vkl\u00e1dat jako PDF nebo JPG<\/li>\n<\/ul>\n<\/div>\n\n\n\n<div class=\"wp-block-group is-layout-constrained wp-block-group-is-layout-constrained\">\n<div class=\"wp-block-group is-layout-constrained wp-block-group-is-layout-constrained\">\n<p>Energetick\u00e1 n\u00e1ro\u010dnost budovy je ur\u010dena jednou ze sedmi klasifika\u010dn\u00edch t\u0159\u00edd, kter\u00e1 je ur\u010dena hodnotou ukazatele energetick\u00e9 n\u00e1ro\u010dnosti budovy.<\/p>\n\n\n\n<p>Pozn.: Klasifika\u010dn\u00ed t\u0159\u00eddy jsou definov\u00e1ny v p\u0159\u00edloze \u010d. 2 vyhl\u00e1\u0161ky 264\/2020 Sb., o energetick\u00e9 n\u00e1ro\u010dnosti budov.<\/p>\n\n\n\n<p>Vyhotoven\u00ed PENB se t\u00fdk\u00e1 tak\u00e9 v\u011bt\u0161\u00edch rekonstrukc\u00ed budov. Net\u00fdk\u00e1 se naopak nap\u0159. staveb slou\u017e\u00edc\u00edch k rekreaci nebo budov chr\u00e1n\u011bn\u00fdch z\u00e1konem o pam\u00e1tkov\u00e9 p\u00e9\u010di. V\u00edce k v\u00fdjimk\u00e1m je uvedeno v \u00a7 7 odst. 5 ZHE.<\/p>\n<\/div>\n<\/div>\n","protected":false},"excerpt":{"rendered":"<p>Od roku 2013 se n\u011bkter\u00fdch vlastn\u00edk\u016f nemovitost\u00ed dot\u00fdk\u00e1 novela z\u00e1kona \u010d. 406\/2006 Sb., tedy z\u00e1kona o hospoda\u0159en\u00ed energi\u00ed (d\u00e1le jen \u201eZHE\u201c), kter\u00e1 stanov\u00ed povinnost opat\u0159it si Pr\u016fkaz energetick\u00e9 n\u00e1ro\u010dnosti budovy (d\u00e1le jen \u201ePENB\u201c). P\u0159esn\u00fd v\u00fd\u010det povinn\u00fdch subjekt\u016f je specifikov\u00e1n v \u00a7 7a ZHE. Pokud vlastn\u00edci rodinn\u00fdch dom\u016f, byt\u016f, spr\u00e1vci nebo spole\u010denstv\u00ed vlastn\u00edk\u016f jednotek budou cht\u00edt [&hellip;]<\/p>\n","protected":false},"author":6,"featured_media":0,"parent":922,"menu_order":0,"comment_status":"closed","ping_status":"closed","template":"page-sidemenu","meta":{"_acf_changed":false,"_relevanssi_hide_post":"","_relevanssi_hide_content":"","_relevanssi_pin_for_all":"","_relevanssi_pin_keywords":"","_relevanssi_unpin_keywords":"","_relevanssi_related_keywords":"","_relevanssi_related_include_ids":"","_relevanssi_related_exclude_ids":"","_relevanssi_related_no_append":"","_relevanssi_related_not_related":"","_relevanssi_related_posts":"","_relevanssi_noindex_reason":"","footnotes":""},"page_category":[9],"page_tag":[],"service_status_category":[],"class_list":["post-810","page","type-page","status-publish","hentry"],"acf":[],"_links":{"self":[{"href":"https:\/\/o-seznam.cz\/napoveda\/sreality\/wp-json\/wp\/v2\/pages\/810","targetHints":{"allow":["GET"]}}],"collection":[{"href":"https:\/\/o-seznam.cz\/napoveda\/sreality\/wp-json\/wp\/v2\/pages"}],"about":[{"href":"https:\/\/o-seznam.cz\/napoveda\/sreality\/wp-json\/wp\/v2\/types\/page"}],"author":[{"embeddable":true,"href":"https:\/\/o-seznam.cz\/napoveda\/sreality\/wp-json\/wp\/v2\/users\/6"}],"replies":[{"embeddable":true,"href":"https:\/\/o-seznam.cz\/napoveda\/sreality\/wp-json\/wp\/v2\/comments?post=810"}],"version-history":[{"count":2,"href":"https:\/\/o-seznam.cz\/napoveda\/sreality\/wp-json\/wp\/v2\/pages\/810\/revisions"}],"predecessor-version":[{"id":1117,"href":"https:\/\/o-seznam.cz\/napoveda\/sreality\/wp-json\/wp\/v2\/pages\/810\/revisions\/1117"}],"up":[{"embeddable":true,"href":"https:\/\/o-seznam.cz\/napoveda\/sreality\/wp-json\/wp\/v2\/pages\/922"}],"wp:attachment":[{"href":"https:\/\/o-seznam.cz\/napoveda\/sreality\/wp-json\/wp\/v2\/media?parent=810"}],"wp:term":[{"taxonomy":"page_category","embeddable":true,"href":"https:\/\/o-seznam.cz\/napoveda\/sreality\/wp-json\/wp\/v2\/page_category?post=810"},{"taxonomy":"page_tag","embeddable":true,"href":"https:\/\/o-seznam.cz\/napoveda\/sreality\/wp-json\/wp\/v2\/page_tag?post=810"},{"taxonomy":"service_status_category","embeddable":true,"href":"https:\/\/o-seznam.cz\/napoveda\/sreality\/wp-json\/wp\/v2\/service_status_category?post=810"}],"curies":[{"name":"wp","href":"https:\/\/api.w.org\/{rel}","templated":true}]}}