{"id":805,"date":"2024-10-04T01:59:41","date_gmt":"2024-10-03T23:59:41","guid":{"rendered":"https:\/\/o-seznam.cz\/napoveda\/sreality\/?page_id=805"},"modified":"2026-02-10T14:04:12","modified_gmt":"2026-02-10T13:04:12","slug":"pravidla-inzerce-sreality-cz","status":"publish","type":"page","link":"https:\/\/o-seznam.cz\/napoveda\/sreality\/pravidla-inzerce-sreality-cz\/","title":{"rendered":"Pravidla inzerce Sreality.cz"},"content":{"rendered":"\n<div class=\"wp-block-group is-layout-constrained wp-block-group-is-layout-constrained\"><nav class=\"menu-anchors\">\n<ul>\n\t<li><a href=\"#jazyk-inzeratu\">Jazyk inzer\u00e1t\u016f<\/a><\/li>\n<li><a href=\"#vkladani-inzeratu\">Vkl\u00e1d\u00e1n\u00ed inzer\u00e1t\u016f<\/a><\/li>\n<li><a href=\"#kvalita-inzeratu\">Kvalita inzer\u00e1tu<\/a><\/li>\n<li><a href=\"#cena-nemovitosti\">Cena nemovitost\u00ed<\/a><\/li>\n<li><a href=\"#fotografie-nemovitosti\">Fotografie nemovitost\u00ed<\/a><\/li>\n<\/ul>\n\n<\/nav>\n<\/div>\n\n\n\n<div class=\"wp-block-group is-layout-constrained wp-block-group-is-layout-constrained\">\n<p>V\u00fd\u0148atek ze <a href=\"https:\/\/o-seznam.cz\/napoveda\/sreality\/smluvni-podminky-sluzby-sreality-cz\/pro-vkladani-inzerce-do-databaze-serveru-od-7-10-2024\/\">Smluvn\u00edch podm\u00ednek platn\u00fdch od 7. 10. 2024<\/a><\/p>\n<\/div>\n\n\n\n<div class=\"wp-block-group is-layout-constrained wp-block-group-is-layout-constrained\">\n<p>93. V inzer\u00e1tech se zavazujete uv\u00e1d\u011bt pouze re\u00e1ln\u00e9 a pravdiv\u00e9 informace.<\/p>\n\n\n\n<h2 class=\"wp-block-heading\" id=\"jazyk-inzeratu\">Jazyk inzer\u00e1t\u016f<\/h2>\n\n\n\n<p>94. Inzerce nemovitost\u00ed je p\u0159ij\u00edm\u00e1na prim\u00e1rn\u011b v \u010desk\u00e9m jazyce, s diakritikou, a mus\u00ed b\u00fdt v souladu s platn\u00fdmi pravidly \u010desk\u00e9ho pravopisu.<\/p>\n\n\n\n<p>95. Inzerce nemovitost\u00ed je p\u0159ij\u00edm\u00e1na i v anglick\u00e9m jazyce, kter\u00fd je obsahov\u011b srozumiteln\u00fd anglicky mluv\u00edc\u00edm u\u017eivatel\u016fm a je v souladu s pravidly britsk\u00e9 angli\u010dtiny. P\u0159ijmeme tak\u00e9 inzer\u00e1ty v rusk\u00e9m jazyce, kter\u00fd je srozumiteln\u00fd pro rusky mluv\u00edc\u00ed u\u017eivatele a je v souladu s pravidly rusk\u00e9ho jazyka. V&nbsp;administra\u010dn\u00edm rozhran\u00ed Sreality.cz m\u016f\u017eete vyu\u017e\u00edt p\u0159eklada\u010d, kter\u00fd V\u00e1m popis nemovitosti p\u0159elo\u017e\u00ed do anglick\u00e9ho nebo rusk\u00e9ho jazyka. Tato mo\u017enost je dobrovoln\u00e1, za spr\u00e1vnost p\u0159ekladu neneseme odpov\u011bdnost a fin\u00e1ln\u00ed v\u00fdstup si proto v\u017edy pe\u010dliv\u011b zkontrolujte.<\/p>\n<\/div>\n\n\n\n<div class=\"wp-block-group is-layout-constrained wp-block-group-is-layout-constrained\">\n<h2 class=\"wp-block-heading\" id=\"vkladani-inzeratu\">Vkl\u00e1d\u00e1n\u00ed inzer\u00e1t\u016f<\/h2>\n\n\n\n<p>96. Inzer\u00e1ty je pot\u0159eba za\u0159azovat do odpov\u00eddaj\u00edc\u00ed rubriky dle typu a druhu nemovitosti. Nemovitost je pot\u0159eba za\u0159adit do odpov\u00eddaj\u00edc\u00edho typu, kategorie a podkategorie nemovitosti, kter\u00e1 je v syst\u00e9mu pro danou nemovitost stanovena. Kategorizace nemovitosti mus\u00ed odpov\u00eddat skute\u010dnosti. Pokud p\u0159\u00edslu\u0161n\u00fd exportn\u00ed syst\u00e9m po\u017eadovanou kategorii neobsahuje, je nutn\u00e9 ji zadat \u201emanu\u00e1ln\u011b\u201c, nap\u0159\u00edmo do administra\u010dn\u00edho rozhran\u00ed slu\u017eby Sreality.cz.<\/p>\n\n\n\n<p>97. Dojde-li ke zm\u011bn\u011b stavu inzer\u00e1tu nebo \u00fadaj\u016f v n\u011bm uveden\u00fdch, inzer\u00e1t je pot\u0159eba do 24 hodin aktualizovat.<\/p>\n\n\n\n<p>98. P\u0159i zad\u00e1v\u00e1n\u00ed inzerce je pot\u0159eba vyplnit polo\u017eky (tzv. kolonky) a popis nemovitosti. Kolonky m\u00e1me dvoj\u00edho druhu, a to povinn\u00e9 a nepovinn\u00e9. Povinn\u00e9 kolonky jsou viditeln\u011b ozna\u010deny a jejich vypln\u011bn\u00ed je nezbytn\u00e9 pro publikaci inzer\u00e1tu. Vypln\u011bn\u00ed nepovinn\u00fdch kolonek je dobrovoln\u00e9, jejich nevypln\u011bn\u00ed nem\u00e1 na publikov\u00e1n\u00ed inzer\u00e1tu vliv, av\u0161ak pom\u00e1haj\u00ed inzer\u00e1t zp\u0159ehlednit a l\u00e9pe dohledat. Vlo\u017een\u00e9 informace mus\u00ed obsahov\u011b odpov\u00eddat n\u00e1zv\u016fm kolonek a popis nemovitosti a kl\u00ed\u010dov\u00e1 slova mus\u00ed odpov\u00eddat informac\u00edm uveden\u00fdm v kolonk\u00e1ch. V administra\u010dn\u00edm rozhran\u00ed Sreality.cz m\u016f\u017eete vyu\u017e\u00edt n\u00e1stroj, kter\u00fd V\u00e1m na z\u00e1klad\u011b vypln\u011bn\u00fdch kolonek p\u0159iprav\u00ed n\u00e1vrh popisu nemovitosti. Tato mo\u017enost je dobrovoln\u00e1, za spr\u00e1vnost popisu nemovitosti neneseme odpov\u011bdnost a fin\u00e1ln\u00ed v\u00fdstup si proto v\u017edy pe\u010dliv\u011b zkontrolujte.<\/p>\n\n\n\n<p>99. Kontaktn\u00ed informace na osoby, firmy nebo webov\u00e9 str\u00e1nky je pot\u0159eba uv\u00e1d\u011bt pouze do sekce \u201eKontakt\u201c. V kolonce \u201eKontakt\u201c jste povinni uv\u00e9st jm\u00e9no, p\u0159\u00edjmen\u00ed a kontaktn\u00ed \u00fadaje konkr\u00e9tn\u00edho makl\u00e9\u0159e (fyzick\u00e9 osoby), kter\u00fd spravuje p\u0159\u00edslu\u0161n\u00fd profil, prost\u0159ednictv\u00edm kter\u00e9ho je inzerce zad\u00e1v\u00e1na. V kolonce \u201eKontakt\u201c lze uv\u00e1d\u011bt obecn\u00e9 informace (nap\u0159. \u201einfolinka\u201c) pouze v p\u0159\u00edpad\u011b, \u017ee je v n\u00ed sou\u010dasn\u011b uvedena jednozna\u010dn\u00e1 identifikace konkr\u00e9tn\u00edho makl\u00e9\u0159e (fyzick\u00e9 osoby) spravuj\u00edc\u00edho p\u0159\u00edslu\u0161n\u00fd profil.<\/p>\n<\/div>\n\n\n\n<div class=\"wp-block-group is-layout-constrained wp-block-group-is-layout-constrained\">\n<h2 class=\"wp-block-heading\" id=\"kvalita-inzeratu\">Kvalita inzer\u00e1tu<\/h2>\n\n\n\n<p>100. V inzer\u00e1tu je zak\u00e1z\u00e1no uv\u00e1d\u011bt ru\u0161iv\u00fd, nevhodn\u00fd nebo nez\u00e1konn\u00fd obsah (zejm. obsah poru\u0161uj\u00edc\u00ed pr\u00e1vn\u00ed p\u0159edpisy, obsah poru\u0161uj\u00edc\u00ed autorsk\u00e9 pr\u00e1vo, obsah zasahuj\u00edc\u00ed do pr\u00e1v t\u0159et\u00edch osob, obsah neopr\u00e1vn\u011bn\u011b zve\u0159ej\u0148uj\u00edc\u00ed osobn\u00ed \u00fadaje t\u0159et\u00edch osob nebo obsah poru\u0161uj\u00edc\u00ed ochranu soukrom\u00ed t\u0159et\u00edch osob). D\u00e1le je v inzer\u00e1tech zak\u00e1z\u00e1no zobrazovat obsah, jeho\u017e propagace podl\u00e9h\u00e1 zvl\u00e1\u0161tn\u00edm pravidl\u016fm (typicky zbran\u011b, alkohol nebo tab\u00e1kov\u00e9 v\u00fdrobky). Hodnocen\u00ed z\u00e1vadn\u00e9ho obsahu je na n\u00e1s, na\u0161e rozhodnut\u00ed V\u00e1m v\u0161ak v\u017edy budeme transparentn\u011b komunikovat.<\/p>\n\n\n\n<p>101. Je zak\u00e1z\u00e1no zve\u0159ejnit nab\u00eddku nemovitosti, kter\u00e9 nevlastn\u00edte, nebo nemovitosti, k jej\u00edmu\u017e nab\u00edzen\u00ed nejste opr\u00e1vn\u011bni na z\u00e1klad\u011b uzav\u0159en\u00fdch zprost\u0159edkovatelsk\u00fdch \u010di podobn\u00fdch smluv s p\u0159\u00edslu\u0161n\u00fdm vlastn\u00edkem dan\u00e9 nemovitosti.<\/p>\n\n\n\n<p>102. V inzer\u00e1tu je t\u0159eba uv\u00e1d\u011bt re\u00e1ln\u00fd stav nemovitosti.<\/p>\n\n\n\n<p>103. V jednom inzer\u00e1tu lze nab\u00edzet pouze jednu nemovitost.<\/p>\n\n\n\n<p>104. V inzer\u00e1tu je zak\u00e1z\u00e1no uv\u00e1d\u011bt;<\/p>\n\n\n\n<p>a) text psan\u00fd velk\u00fdmi p\u00edsmeny (tzv. verz\u00e1lkami); to neplat\u00ed pro ofici\u00e1ln\u00edch n\u00e1zvy \u010di zkratky;<\/p>\n\n\n\n<p>b) odkazy na konkuren\u010dn\u00ed realitn\u00ed inzertn\u00ed slu\u017eby;<\/p>\n\n\n\n<p>c) podobizny realitn\u00edch makl\u00e9\u0159\u016f;<\/p>\n\n\n\n<p>d) URL odkazy nebo nefunk\u010dn\u00ed internetov\u00e9 odkazy \u010di dom\u00e9ny (URL odkazy je mo\u017en\u00e9 do popisu inzer\u00e1tu uv\u00e9st pouze v p\u0159\u00edpad\u011b, \u017ee se jedn\u00e1 o elektronickou aukci, p\u0159i\u010dem\u017e odkaz nesm\u00ed b\u00fdt obecn\u00fd a mus\u00ed odkazovat na konkr\u00e9tn\u00ed aukci inzerovan\u00e9 nemovitosti);<\/p>\n\n\n\n<p>e) superlativy a neov\u011b\u0159iteln\u00e9 informace o kvalit\u011b;<\/p>\n\n\n\n<p>f) obchodn\u00ed sd\u011blen\u00ed, reklamu \u010di zm\u00ednky o konkurenci;<\/p>\n\n\n\n<p>g) nab\u00eddky n\u00e1jmu nemovitosti na dobu ur\u010ditou, je-li doba trv\u00e1n\u00ed n\u00e1jmu stanovena na dobu krat\u0161\u00ed ne\u017e 1 kalend\u00e1\u0159n\u00ed m\u011bs\u00edc nebo inzerovat smluvn\u00ed vztah typu smlouvy o ubytov\u00e1n\u00ed;<\/p>\n\n\n\n<p>h) nab\u00eddky sm\u011bny nemovitost\u00ed, nab\u00eddky p\u0159ihl\u00e1\u0161en\u00ed k trval\u00e9mu pobytu nebo jin\u00e9 nab\u00eddka, kter\u00e9 nejsou p\u0159edm\u011btem slu\u017eby Sreality.cz;<\/p>\n\n\n\n<p>i) nespr\u00e1vn\u011b vypo\u010dtenou celkovou plochu nemovitosti, kter\u00e1 zahrnuje sou\u010det plochy m\u00edstnost\u00ed, plochu balkonu, terasy, gar\u00e1\u017ee, sklep\u016f a dal\u0161\u00edch prostor v dom\u011b, kter\u00e9 je mo\u017en\u00e9 u\u017e\u00edvat nebo nespr\u00e1vn\u011b vypo\u010dtenou u\u017eitnou plochu, kterou je t\u0159eba vypo\u010d\u00edtat jako sou\u010det m\u00edstnost\u00ed uvnit\u0159 vn\u011bj\u0161\u00edch st\u011bn, tj. bez balkonu, lod\u017eie, terasy, a sou\u010dasn\u011b bez p\u0159\u00edslu\u0161enstv\u00ed); v p\u0159\u00edpad\u011b inzerce v kategorii domy, mus\u00ed b\u00fdt zvl\u00e1\u0161\u0165 u\u017eitn\u00e1 plocha domu a pozemku<\/p>\n\n\n\n<p>105. Na slu\u017ebu Sreality.cz nesm\u00ed b\u00fdt zad\u00e1v\u00e1na inzerce spo\u010d\u00edvaj\u00edc\u00ed v nab\u00eddce v\u00fdstavby rodinn\u00e9ho domu bez konkr\u00e9tn\u00edho pozemku. Mobiln\u00ed domy, tzv. tiny-housy, kontejnery atd. mus\u00ed b\u00fdt za\u0159azeny v kategorii Mobilheim nebo Ostatn\u00ed.<\/p>\n<\/div>\n\n\n\n<div class=\"wp-block-group is-layout-constrained wp-block-group-is-layout-constrained\">\n<h2 class=\"wp-block-heading\" id=\"cena-nemovitosti\">Cena nemovitost\u00ed<\/h2>\n\n\n\n<p>106. V inzer\u00e1tu je pot\u0159eba uv\u00e1d\u011bt fin\u00e1ln\u00ed cenu nemovitosti, v\u010detn\u011b v\u0161ech poplatk\u016f, z\u00e1konn\u00e9 sazby DPH, provize a dal\u0161\u00edch polo\u017eek, bez kter\u00fdch nelze nemovitost nab\u00fdt. Fin\u00e1ln\u00ed cena mus\u00ed zahrnovat tak\u00e9 cenu sklepa, terasy, balkonu, p\u0159edzahr\u00e1dky apod., pokud nelze nemovitost zakoupit bez t\u011bchto polo\u017eek.<\/p>\n\n\n\n<p>107. Je-li p\u0159edm\u011btem nab\u00eddky dru\u017estevn\u00ed byt, mus\u00ed b\u00fdt v kolonce cena uvedena cena odpov\u00eddaj\u00edc\u00ed sou\u010dtu v\u0161ech souvisej\u00edc\u00edch plateb. Nab\u00eddka mus\u00ed obsahovat informaci o ve\u0161ker\u00fdch jednor\u00e1zov\u00fdch \u010di opakovan\u00fdch platb\u00e1ch, je\u017e se v\u00e1\u017e\u00ed k p\u0159edm\u011btu takov\u00e9to nab\u00eddky, zejm\u00e9na v\u00fd\u0161i akontace, anuity a plateb obdobn\u00e9 povahy souvisej\u00edc\u00edch s p\u0159edm\u011btem nab\u00eddky. V prezentovan\u00e9 nab\u00eddce dru\u017estevn\u00edho bytu je pot\u0159eba v\u017edy uv\u00e9st, zdali je mo\u017en\u00e9 p\u0159ev\u00e9st dru\u017estevn\u00ed byt do osobn\u00edho vlastnictv\u00ed \u010di nikoli. Je-li p\u0159evod dru\u017estevn\u00ed bytu do osobn\u00edho vlastnictv\u00ed mo\u017en\u00fd, v prezentovan\u00e9 nab\u00eddce je pot\u0159eba uv\u00e9st fin\u00e1ln\u00ed cenu dru\u017estevn\u00edho bytu, kterou se rozum\u00ed souhrnn\u00e1 cena dru\u017estevn\u00edho pod\u00edlu v\u010detn\u011b ve\u0161ker\u00fdch souvisej\u00edc\u00edch plateb (akontace + v\u00fd\u0161e nesplacen\u00e9 anuity + p\u0159\u00edpadn\u00e9 dal\u0161\u00ed platby). Nen\u00ed-li p\u0159evod do osobn\u00edho vlastnictv\u00ed mo\u017en\u00fd, uv\u00e1d\u00ed se v kolonce pro cenu cena za odkup dru\u017estevn\u00edho pod\u00edlu \u2013 akontace.<\/p>\n\n\n\n<p>108. Je zak\u00e1z\u00e1no vkl\u00e1dat \u010di importovat identick\u00e9 nab\u00eddky nemovitost\u00ed s r\u016fznou nebo spekulativn\u00ed cenou \u010di s drobn\u00fdmi odchylkami popisu a parametr\u016f.<\/p>\n<\/div>\n\n\n\n<div class=\"wp-block-group is-layout-constrained wp-block-group-is-layout-constrained\">\n<h2 class=\"wp-block-heading\" id=\"fotografie-nemovitosti\">Fotografie nemovitost\u00ed<\/h2>\n\n\n\n<p>109. Je zak\u00e1z\u00e1no uve\u0159ej\u0148ovat zkop\u00edrovan\u00e9, neautorizovan\u00e9 fotografie t\u0159et\u00edch osob a fotografie k nim\u017e nedr\u017e\u00edte odpov\u00eddaj\u00edc\u00ed autorsk\u00e1 pr\u00e1va nebo licenci.<\/p>\n\n\n\n<p>110. Je zak\u00e1z\u00e1no uve\u0159ej\u0148ovat fotografie, na nich\u017e je zachycen majetek t\u0159et\u00edch osob (typicky fotografie obsahuj\u00edc\u00ed sousedn\u00ed pozemky a nemovitosti nebo majetek a v\u011bci n\u00e1jemn\u00edk\u016f).<\/p>\n\n\n\n<p>111. Nab\u00eddka mus\u00ed obsahovat alespo\u0148 3 r\u016fzn\u00e9 fotografie nab\u00edzen\u00e9 nemovitosti. Do fotogalerie je t\u0159eba na prvn\u00ed pozici zadat v\u00fdhradn\u011b fotografii konkr\u00e9tn\u00ed nab\u00edzen\u00e9 nemovitosti (nikoliv tedy okoln\u00ed nemovitosti), co\u017e plat\u00ed i u fotografie videoprohl\u00eddky. Alespo\u0148 jedna fotografie mus\u00ed zobrazovat vnit\u0159n\u00ed \u010d\u00e1st (interi\u00e9r) nemovitosti a jedna fotografie mus\u00ed zobrazovat vn\u011bj\u0161\u00ed vzhled (exteri\u00e9r) nemovitosti. N\u00e1sledn\u011b je mo\u017en\u00e9 fotogalerii doplnit o fotografie, kter\u00e9 zachycuj\u00ed jednotliv\u00e9 detaily nemovitosti (nap\u0159. fotografie umyvadla, dve\u0159\u00ed, stolu, kv\u011btin nebo jin\u00fdch dopl\u0148k\u016f). Zak\u00e1z\u00e1ny jsou duplicitn\u00ed fotografie. Slo\u017een\u00e9 fotografie (tzv. kol\u00e1\u017ee) nesm\u00ed b\u00fdt uvedeny na prvn\u00ed pozici. Do\u010dasn\u00e9 fotografie nejsou povoleny. Fotografie p\u016fdorys\u016f, pl\u00e1nk\u016f a map jsou povoleny od druh\u00e9 a dal\u0161\u00ed pozice. Fotografie energetick\u00e9ho \u0161t\u00edtku je povolena od t\u0159et\u00ed pozice. Fotografie nesm\u00ed obsahovat samostatn\u00e9 logo realitn\u00edho zprost\u0159edkovatele. Zak\u00e1z\u00e1no je u\u017eit\u00ed sn\u00edmku obrazovky, tzv. printscreenu.<\/p>\n\n\n\n<p>112. Lze vkl\u00e1dat pouze fotografie spl\u0148uj\u00edc\u00ed tyto parametry:<\/p>\n\n\n\n<p>a) Min. rozli\u0161en\u00ed 480 \u00d7 360 px<\/p>\n\n\n\n<p>b) Max. rozli\u0161en\u00ed 1920 \u00d7 1080 px<\/p>\n\n\n\n<p>c) Pom\u011br stran 4:3<\/p>\n\n\n\n<p>d) Max. velikost jedn\u00e9 fotky 5 MB<\/p>\n\n\n\n<p>e) Form\u00e1t JPG<\/p>\n\n\n\n<p>113. Logo je povoleno pouze ve form\u011b transparentn\u00edho vodoznaku, kter\u00fd je sou\u010d\u00e1st\u00ed fotografie inzer\u00e1tu, p\u0159i\u010dem\u017e mus\u00ed spl\u0148ovat n\u00e1sleduj\u00edc\u00ed parametry:<\/p>\n\n\n\n<p>a) max. \u0161\u00ed\u0159ka 150 px;<\/p>\n\n\n\n<p>b) max. v\u00fd\u0161ka 70px;<\/p>\n\n\n\n<p>c) um\u00edst\u011bn\u00ed \u2013 10 px od spodn\u00edho a prav\u00e9ho kraje;<\/p>\n\n\n\n<p>d) logo\/vodoznak: pr\u016fhlednost 30 %.<\/p>\n\n\n\n<p>114. Fotodokumentace nesm\u00ed obsahovat jak\u00e9koliv ru\u0161iv\u00e9 textov\u00e9 popisky. Tot\u00e9\u017e plat\u00ed i pro pl\u00e1nky a vyobrazen\u00e9 p\u016fdorysy byt\u016f s uvedenou textovou legendou. Fotografie nesm\u00ed obsahovat jak\u00e9koliv kontakty, webov\u00e9 str\u00e1nky, fotografie osob, reklamu nebo jak\u00fdkoli obsah, kter\u00fd nen\u00ed v souladu s pr\u00e1vn\u00edmi p\u0159edpisy.<\/p>\n\n\n\n<p>115. Zak\u00e1z\u00e1ny jsou fotografie, kter\u00e9 jsou or\u00e1movan\u00e9, ilustra\u010dn\u00ed nebo obsahuj\u00ed jak\u00e9koliv dal\u0161\u00ed zv\u00fdraz\u0148uj\u00edc\u00ed a ru\u0161iv\u00e9 prvky a d\u00e1le fotografie v nestandardn\u00edm form\u00e1tu.<\/p>\n\n\n\n<p>116. Tzv. virtu\u00e1ln\u00ed prohl\u00eddku je mo\u017en\u00e9 k inzer\u00e1tu nahr\u00e1t pouze pomoc\u00ed odkazu stanoven\u00e9ho spole\u010dnost\u00ed Seznam.cz a odkaz nesm\u00ed b\u00fdt um\u00edst\u011bn v popisu nemovitosti, ale pouze v ur\u010den\u00e9 kolonce.<\/p>\n\n\n\n<p>117. Ve fotogalerii nesm\u00ed b\u00fdt zobrazeny automobily s \u010ditelnou SPZ.<\/p>\n\n\n\n<p>118. Ve fotogalerii nesm\u00ed zobrazeny \u010di vyfoceny \u017e\u00e1dn\u00e9 dokumenty, mimo p\u016fdorys\u016f, pl\u00e1nk\u016f a map.<\/p>\n\n\n\n<p>119. Fotografie nemovitosti mus\u00ed b\u00fdt spr\u00e1vn\u011b orientov\u00e1na.<\/p>\n\n\n\n<p>120. K nahran\u00e9 fotografii vygenerujeme \u0161t\u00edtek a za\u0159ad\u00edme ji do konkr\u00e9tn\u00ed kategorie m\u00edstnost\u00ed (nap\u0159. kuchy\u0148, ob\u00fdvac\u00ed pokoj apod.). Tot\u00e9\u017e plat\u00ed v p\u0159\u00edpad\u011b, \u017ee p\u016fvodn\u00ed fotografii nahrad\u00edte jinou \u010di jinak pojmenovanou fotografi\u00ed. D\u00edky t\u011bmto \u0161t\u00edtk\u016fm mohou u\u017eivatel\u00e9 slu\u017eby Sreality.cz p\u0159i vyhled\u00e1v\u00e1n\u00ed a filtrov\u00e1n\u00ed nemovitost\u00ed zvolit, fotografie kter\u00fdch m\u00edstnost\u00ed cht\u011bj\u00ed vid\u011bt na prvn\u00edm m\u00edst\u011b ve v\u00fdpisu inzer\u00e1t\u016f. \u0160t\u00edtky m\u016f\u017eete z fotografi\u00ed manu\u00e1ln\u011b odstranit. Tato volba u\u017eivatele nem\u00e1 vliv na \u0159azen\u00ed inzer\u00e1t\u016f ani Topov\u00e1n\u00ed.<\/p>\n\n\n\n<p>121. Pokud do inzer\u00e1tu nahrajete videoprohl\u00eddku nemovitosti, nahran\u00e9 video nesm\u00ed obsahovat \u017e\u00e1dn\u00e1 reklamn\u00ed sd\u011blen\u00ed, a\u0165 u\u017e ve form\u011b textu, grafiky nebo \u00fastn\u00edho projevu. Pro videoprohl\u00eddky se uplatn\u00ed pravidla pro fotografie obdobn\u00fdm zp\u016fsobem.<\/p>\n<\/div>\n","protected":false},"excerpt":{"rendered":"<p>V\u00fd\u0148atek ze Smluvn\u00edch podm\u00ednek platn\u00fdch od 7. 10. 2024 93. V inzer\u00e1tech se zavazujete uv\u00e1d\u011bt pouze re\u00e1ln\u00e9 a pravdiv\u00e9 informace. Jazyk inzer\u00e1t\u016f 94. Inzerce nemovitost\u00ed je p\u0159ij\u00edm\u00e1na prim\u00e1rn\u011b v \u010desk\u00e9m jazyce, s diakritikou, a mus\u00ed b\u00fdt v souladu s platn\u00fdmi pravidly \u010desk\u00e9ho pravopisu. 95. Inzerce nemovitost\u00ed je p\u0159ij\u00edm\u00e1na i v anglick\u00e9m jazyce, kter\u00fd je obsahov\u011b [&hellip;]<\/p>\n","protected":false},"author":6,"featured_media":0,"parent":0,"menu_order":0,"comment_status":"closed","ping_status":"closed","template":"page-sidemenu","meta":{"_acf_changed":false,"_relevanssi_hide_post":"","_relevanssi_hide_content":"","_relevanssi_pin_for_all":"","_relevanssi_pin_keywords":"","_relevanssi_unpin_keywords":"","_relevanssi_related_keywords":"","_relevanssi_related_include_ids":"","_relevanssi_related_exclude_ids":"","_relevanssi_related_no_append":"","_relevanssi_related_not_related":"","_relevanssi_related_posts":"","_relevanssi_noindex_reason":"","footnotes":""},"page_category":[10],"page_tag":[],"service_status_category":[],"class_list":["post-805","page","type-page","status-publish","hentry"],"acf":[],"_links":{"self":[{"href":"https:\/\/o-seznam.cz\/napoveda\/sreality\/wp-json\/wp\/v2\/pages\/805","targetHints":{"allow":["GET"]}}],"collection":[{"href":"https:\/\/o-seznam.cz\/napoveda\/sreality\/wp-json\/wp\/v2\/pages"}],"about":[{"href":"https:\/\/o-seznam.cz\/napoveda\/sreality\/wp-json\/wp\/v2\/types\/page"}],"author":[{"embeddable":true,"href":"https:\/\/o-seznam.cz\/napoveda\/sreality\/wp-json\/wp\/v2\/users\/6"}],"replies":[{"embeddable":true,"href":"https:\/\/o-seznam.cz\/napoveda\/sreality\/wp-json\/wp\/v2\/comments?post=805"}],"version-history":[{"count":8,"href":"https:\/\/o-seznam.cz\/napoveda\/sreality\/wp-json\/wp\/v2\/pages\/805\/revisions"}],"predecessor-version":[{"id":1398,"href":"https:\/\/o-seznam.cz\/napoveda\/sreality\/wp-json\/wp\/v2\/pages\/805\/revisions\/1398"}],"wp:attachment":[{"href":"https:\/\/o-seznam.cz\/napoveda\/sreality\/wp-json\/wp\/v2\/media?parent=805"}],"wp:term":[{"taxonomy":"page_category","embeddable":true,"href":"https:\/\/o-seznam.cz\/napoveda\/sreality\/wp-json\/wp\/v2\/page_category?post=805"},{"taxonomy":"page_tag","embeddable":true,"href":"https:\/\/o-seznam.cz\/napoveda\/sreality\/wp-json\/wp\/v2\/page_tag?post=805"},{"taxonomy":"service_status_category","embeddable":true,"href":"https:\/\/o-seznam.cz\/napoveda\/sreality\/wp-json\/wp\/v2\/service_status_category?post=805"}],"curies":[{"name":"wp","href":"https:\/\/api.w.org\/{rel}","templated":true}]}}