{"id":77,"date":"2024-09-05T01:23:38","date_gmt":"2024-09-04T23:23:38","guid":{"rendered":"https:\/\/o-seznam.cz\/napoveda\/sreality\/?page_id=77"},"modified":"2024-12-16T00:44:32","modified_gmt":"2024-12-15T23:44:32","slug":"postup-pri-napadeni-uctu","status":"publish","type":"page","link":"https:\/\/o-seznam.cz\/napoveda\/sreality\/pro-realitni-kancelare\/postup-pri-napadeni-uctu\/","title":{"rendered":"Postup p\u0159i napaden\u00ed \u00fa\u010dtu"},"content":{"rendered":"\n<div class=\"wp-block-group is-layout-constrained wp-block-group-is-layout-constrained\">\n<p>Pokud dojde k napaden\u00ed va\u0161eho e-mailu a zad\u00e1v\u00e1n\u00ed podvodn\u00e9 inzerce na va\u0161e I\u010c, postupujte pros\u00edm n\u00e1sledovn\u011b:<\/p>\n\n\n\n<ul class=\"wp-block-list is-style-circle\">\n<li>Volejte sv\u00e9ho obchodn\u00edho z\u00e1stupce nebo infolinku Sreality.cz s \u017e\u00e1dost\u00ed o zablokov\u00e1n\u00ed makl\u00e9\u0159e, pod kter\u00fdm byla zad\u00e1na podvodn\u00e1 inzerce \u010di s \u017e\u00e1dost\u00ed o deaktivac\u00ed RK. Kontakty na obchodn\u00edho z\u00e1stupce najdete v administraci, v z\u00e1lo\u017ece Hlavn\u00ed strana.<\/li>\n\n\n\n<li>Ov\u011b\u0159te, pod jak\u00fdm makl\u00e9\u0159em je podvodn\u00e1 inzerce vedena. Makl\u00e9\u0159e m\u016f\u017eete deaktivovat v administraci, nebo pomoc\u00ed realitn\u00edho softwaru.<\/li>\n\n\n\n<li>Jestli\u017ee m\u00e1 makl\u00e9\u0159 p\u0159ihla\u0161ovac\u00ed e-mail na Seznam.cz, pros\u00edme o <a href=\"https:\/\/login.szn.cz\/\" data-type=\"link\" data-id=\"https:\/\/login.szn.cz\/\">p\u0159ihl\u00e1\u0161en\u00ed<\/a>.<\/li>\n\n\n\n<li>Pokud se v\u00e1m zm\u011bny dle popisu neda\u0159\u00ed prov\u00e9st, kontaktujte <a href=\"https:\/\/o-seznam.cz\/kontakty\/\" data-type=\"link\" data-id=\"https:\/\/o-seznam.cz\/kontakty\/\">odd\u011blen\u00ed Technick\u00e9 podpory<\/a> s \u017e\u00e1dost\u00ed o blokaci e-mailu. N\u00e1sledn\u011b kontaktujte sv\u00e9ho obchodn\u00edho z\u00e1stupce nebo infolinku Sreality.cz.<\/li>\n\n\n\n<li>V e-mailu prove\u010fte kontrolu z\u00e1chrann\u00e9ho e-mailu a zm\u011bnu nastaven\u00ed hesla s ov\u011b\u0159en\u00edm p\u0159es telefon.<\/li>\n\n\n\n<li>Ve\u0161ker\u00e9 \u00fapravy v nastaven\u00ed m\u016f\u017eete prov\u00e1d\u011bt v z\u00e1lo\u017ece\u00a0Nastaven\u00ed \u2013\u00a0dole na str\u00e1nce\u00a0Zm\u011bna hesla\u00a0(nastaven\u00ed Seznam \u00fa\u010dtu). Zde prove\u010fte kontrolu zabezpe\u010den\u00ed a zm\u011bnu hesla.<\/li>\n<\/ul>\n<\/div>\n","protected":false},"excerpt":{"rendered":"<p>Pokud dojde k napaden\u00ed va\u0161eho e-mailu a zad\u00e1v\u00e1n\u00ed podvodn\u00e9 inzerce na va\u0161e I\u010c, postupujte pros\u00edm n\u00e1sledovn\u011b:<\/p>\n","protected":false},"author":6,"featured_media":0,"parent":97,"menu_order":0,"comment_status":"closed","ping_status":"closed","template":"page-sidemenu","meta":{"_acf_changed":false,"_relevanssi_hide_post":"","_relevanssi_hide_content":"","_relevanssi_pin_for_all":"","_relevanssi_pin_keywords":"","_relevanssi_unpin_keywords":"","_relevanssi_related_keywords":"","_relevanssi_related_include_ids":"","_relevanssi_related_exclude_ids":"","_relevanssi_related_no_append":"","_relevanssi_related_not_related":"","_relevanssi_related_posts":"","_relevanssi_noindex_reason":"","footnotes":""},"page_category":[4],"page_tag":[],"service_status_category":[],"class_list":["post-77","page","type-page","status-publish","hentry"],"acf":[],"_links":{"self":[{"href":"https:\/\/o-seznam.cz\/napoveda\/sreality\/wp-json\/wp\/v2\/pages\/77","targetHints":{"allow":["GET"]}}],"collection":[{"href":"https:\/\/o-seznam.cz\/napoveda\/sreality\/wp-json\/wp\/v2\/pages"}],"about":[{"href":"https:\/\/o-seznam.cz\/napoveda\/sreality\/wp-json\/wp\/v2\/types\/page"}],"author":[{"embeddable":true,"href":"https:\/\/o-seznam.cz\/napoveda\/sreality\/wp-json\/wp\/v2\/users\/6"}],"replies":[{"embeddable":true,"href":"https:\/\/o-seznam.cz\/napoveda\/sreality\/wp-json\/wp\/v2\/comments?post=77"}],"version-history":[{"count":7,"href":"https:\/\/o-seznam.cz\/napoveda\/sreality\/wp-json\/wp\/v2\/pages\/77\/revisions"}],"predecessor-version":[{"id":1098,"href":"https:\/\/o-seznam.cz\/napoveda\/sreality\/wp-json\/wp\/v2\/pages\/77\/revisions\/1098"}],"up":[{"embeddable":true,"href":"https:\/\/o-seznam.cz\/napoveda\/sreality\/wp-json\/wp\/v2\/pages\/97"}],"wp:attachment":[{"href":"https:\/\/o-seznam.cz\/napoveda\/sreality\/wp-json\/wp\/v2\/media?parent=77"}],"wp:term":[{"taxonomy":"page_category","embeddable":true,"href":"https:\/\/o-seznam.cz\/napoveda\/sreality\/wp-json\/wp\/v2\/page_category?post=77"},{"taxonomy":"page_tag","embeddable":true,"href":"https:\/\/o-seznam.cz\/napoveda\/sreality\/wp-json\/wp\/v2\/page_tag?post=77"},{"taxonomy":"service_status_category","embeddable":true,"href":"https:\/\/o-seznam.cz\/napoveda\/sreality\/wp-json\/wp\/v2\/service_status_category?post=77"}],"curies":[{"name":"wp","href":"https:\/\/api.w.org\/{rel}","templated":true}]}}