{"id":741,"date":"2024-10-03T16:45:15","date_gmt":"2024-10-03T14:45:15","guid":{"rendered":"https:\/\/o-seznam.cz\/napoveda\/sreality\/?page_id=741"},"modified":"2026-02-10T14:05:33","modified_gmt":"2026-02-10T13:05:33","slug":"technicke-podminky-sreality-cz","status":"publish","type":"page","link":"https:\/\/o-seznam.cz\/napoveda\/sreality\/technicke-podminky-sreality-cz\/","title":{"rendered":"Technick\u00e9 podm\u00ednky Sreality.cz \u2013 \u0159azen\u00ed inzer\u00e1t\u016f na Sreality.cz"},"content":{"rendered":"\n<div class=\"wp-block-group is-layout-constrained wp-block-group-is-layout-constrained\">\n<h2 class=\"wp-block-heading\">Z\u00e1kladn\u00ed informace k&nbsp;\u0159azen\u00ed<\/h2>\n\n\n\n<h3 class=\"wp-block-heading\">Hlavn\u00ed parametry ur\u010duj\u00edc\u00ed po\u0159ad\u00ed<\/h3>\n\n\n\n<ul class=\"wp-block-list\">\n<li>\u0158azen\u00ed inzer\u00e1t\u016f dle \u010dasu jejich vlo\u017een\u00ed na slu\u017ebu Sreality.cz (od nejnov\u011bj\u0161\u00edho)<\/li>\n\n\n\n<li>Up\u0159ednost\u0148ov\u00e1n\u00ed v po\u0159ad\u00ed inzer\u00e1t\u016f, u nich\u017e bylo zakoupeno Topov\u00e1n\u00ed\/Tip (regionu), ur\u010den\u00ed po\u0159ad\u00ed dle ceny (nejlevn\u011bj\u0161\u00ed\/nejdra\u017e\u0161\u00ed)<\/li>\n<\/ul>\n\n\n\n<p>Konkr\u00e9tn\u00ed realizace parametru \u2013 filtry pou\u017e\u00edvan\u00e9 u\u017eivateli ke z\u00fa\u017een\u00ed hled\u00e1n\u00ed.<\/p>\n\n\n\n<p>Ve v\u0161ech p\u0159\u00edpadech \u0159azen\u00ed na z\u00e1klad\u011b filtru se na prvn\u00ed pozici zobrazuje inzer\u00e1t, kter\u00fd je za\u0159azen\u00fd v reklamn\u00ed pozici Tip regionu, pokud je na tuto pozici zakoupen. Tento inzer\u00e1t je ozna\u010den\u00fd ozna\u010den\u00edm TIP, pokud je tato pozice na zvolen\u00fd filtr zakoupena, zobrazuje se v\u017edy na prvn\u00edm m\u00edst\u011b.<\/p>\n\n\n\n<p>Mo\u017enosti \u0159azen\u00ed po filtraci:<\/p>\n\n\n\n<ul class=\"wp-block-list\">\n<li>Nejnov\u011bj\u0161\u00ed \u2013 inzer\u00e1ty se \u0159ad\u00ed dle data a \u010dasu vlo\u017een\u00ed a z\u00e1rove\u0148 dle \u010dasu tzv. Topov\u00e1n\u00ed inzer\u00e1tu. Ka\u017ed\u00fd vlo\u017een\u00fd i topovan\u00fd inzer\u00e1t dostane svoje \u010dasov\u00e9 raz\u00edtko a podle dan\u00e9ho \u010dasu se ve v\u00fdpisu se\u0159ad\u00ed<\/li>\n\n\n\n<li>Nejlevn\u011bj\u0161\u00ed \u2013 inzer\u00e1ty jsou \u0159azeny vzestupn\u011b dle zadan\u00e9 ceny inzerovan\u00e9 nemovitosti. Inzer\u00e1ty, kter\u00e9 nemaj\u00ed uvedenou inzerovanou cenu (Info o cen\u011b v RK) jsou automaticky \u0159azeny nakonec. Pokud maj\u00ed inzer\u00e1ty stejnou cenu, jsou se\u0159azeny dle data vlo\u017een\u00ed.<\/li>\n\n\n\n<li>Nejdra\u017e\u0161\u00ed \u2013 inzer\u00e1ty jsou se\u0159azeny sestupn\u011b dle ceny inzerovan\u00e9 nemovitosti. Inzer\u00e1ty, kter\u00e9 nemaj\u00ed uvedenou cenu (Info o cen\u011b v RK) jsou br\u00e1ny tak, \u017ee nezn\u00e1me jejich cenu a jsou tedy \u0159azeny nakonec. Pokud maj\u00ed inzer\u00e1ty stejnou cenu, tak jsou se\u0159azeny dle data vlo\u017een\u00ed<\/li>\n<\/ul>\n\n\n\n<p>Pokud u\u017eivatel zvol\u00ed na domovsk\u00e9 str\u00e1nce Sreality.cz n\u011bkterou z n\u00e1sleduj\u00edc\u00edch voleb, pak hlavn\u00ed parametr ovliv\u0148uj\u00ed (pop\u0159. v ur\u010dit\u00fdch p\u0159\u00edpadech nahrazuj\u00ed) i dal\u0161\u00ed (vedlej\u0161\u00ed) parametry (personalizace, volba u\u017eivatele, lokalita):<\/p>\n\n\n\n<ul class=\"wp-block-list\">\n<li>Doporu\u010den\u00e9 pro V\u00e1s \u2013 jedn\u00e1 se o personalizovan\u00fd v\u00fdpis u\u017eivatele, p\u0159i\u010dem\u017e v\u00fdpis je \u0159azen\u00fd od nejnov\u011bj\u0161\u00edho inzer\u00e1tu a z\u00e1rove\u0148 dle \u010dasu Topov\u00e1n\u00ed inzer\u00e1tu<\/li>\n\n\n\n<li>Moje ulo\u017een\u00e9 \u2013 ulo\u017een\u00e9 hled\u00e1n\u00ed: jedn\u00e1 se o personalizovan\u00fd v\u00fdpis inzer\u00e1t\u016f zohled\u0148uj\u00edc\u00edch kategorie hled\u00e1n\u00ed, kter\u00fd bude \u0159azen\u00fd od nejnov\u011bj\u0161\u00edho inzer\u00e1tu a z\u00e1rove\u0148 dle \u010dasu Topov\u00e1n\u00ed inzer\u00e1tu. Pokud je zde inzer\u00e1t, kter\u00fd u\u017eivatel neprohl\u00e9dl, tak m\u00e1 \u0161t\u00edtek Nov\u00fd a zobrazuje v prvn\u00ed pozici. Jakmile ho u\u017eivatel prohl\u00e9dne, pak se\u0159ad\u00ed se inzer\u00e1ty  dle nejnov\u011bj\u0161\u00edho hledan\u00e9ho inzer\u00e1tu a Topov\u00e1n\u00ed inzer\u00e1tu<\/li>\n\n\n\n<li>Moje ulo\u017een\u00e9 \u2013 ulo\u017een\u00e9 inzer\u00e1ty: jedn\u00e1 se o personalizovan\u00fd v\u00fdpis, ulo\u017een\u00fdch inzer\u00e1t\u016f u\u017eivatele. Nov\u011b ulo\u017een\u00e9 inzer\u00e1ty se \u0159ad\u00ed na prvn\u00ed m\u00edsto. Topov\u00e1n\u00ed zde nem\u00e1 vliv.<\/li>\n\n\n\n<li>Moje ulo\u017een\u00e9 \u2013 ulo\u017een\u00e9 pozn\u00e1mky: jedn\u00e1 se o v\u00fdpis inzer\u00e1t\u016f s pozn\u00e1mkou u\u017eivatele. Inzer\u00e1ty jsou \u0159azeny v po\u0159\u00e1d\u00ed, ve kter\u00e9m si u\u017eivatel inzer\u00e1ty ulo\u017eil. Topov\u00e1n\u00ed zde nem\u00e1m vliv.<\/li>\n\n\n\n<li>V okol\u00ed \u2013 v\u00fdpis dle lokality, p\u0159i\u010dem\u017e v\u00fdpis je \u0159azen\u00fd od nejnov\u011bj\u0161\u00edho inzer\u00e1tu a z\u00e1rove\u0148 dle \u010dasu Topov\u00e1n\u00ed inzer\u00e1tu.<\/li>\n<\/ul>\n<\/div>\n\n\n\n<div class=\"wp-block-group is-layout-constrained wp-block-group-is-layout-constrained\">\n<h2 class=\"wp-block-heading\">Dopl\u0148uj\u00edc\u00ed informace<\/h2>\n\n\n\n<h3 class=\"wp-block-heading\">Jak hledat developersk\u00e9 projekty<\/h3>\n\n\n\n<p>Projekty m\u016f\u017eete vyhledat pouze na z\u00e1klad\u011b zadan\u00e9ho filtru. Developersk\u00e9 projekty se automaticky \u0159ad\u00ed dle nejnov\u011bj\u0161\u00edho data a \u010dasu vlo\u017een\u00ed do syst\u00e9mu.<\/p>\n\n\n\n<h3 class=\"wp-block-heading\">Jak hledat konkr\u00e9tn\u00ed realitn\u00ed kancel\u00e1\u0159<\/h3>\n\n\n\n<p>Realitn\u00ed kancel\u00e1\u0159 je mo\u017en\u00e9 hledat v adres\u00e1\u0159i RK bu\u010f dle regionu nebo p\u0159es vyhled\u00e1vac\u00ed pole. V\u00fdsledky ze v\u0161ech hled\u00e1n\u00ed jsou \u0159azeny automaticky dle po\u010dtu zak\u00e1zek dan\u00e9 realitn\u00ed kancel\u00e1\u0159e.<\/p>\n\n\n\n<h3 class=\"wp-block-heading\">Informace o vybran\u00fdch reklamn\u00edch pozic\u00edch<\/h3>\n\n\n\n<ul class=\"wp-block-list\">\n<li>Tip regionu \u2013 pozice se zobrazuje jako prvn\u00ed inzer\u00e1t s ozna\u010den\u00edm TIP. Na pozici m\u016f\u017ee rotovat v\u00edce inzer\u00e1t\u016f od jedn\u00e9 realitn\u00ed kancel\u00e1\u0159e. C\u00edlen\u00ed reklamy je podle typu, kategorie a regionu. Pozice lze koupit na jednotliv\u00e9 dny<\/li>\n\n\n\n<li>Tip makl\u00e9\u0159e \u2013 ve v\u00fdpisu inzer\u00e1t\u016f se zobrazuje tato reklamn\u00ed pozice. Pozice se c\u00edl\u00ed na kategorii, region a je mo\u017en\u00e9 ji koupit v\u017edy na t\u00fdden<\/li>\n\n\n\n<li>Tip logo \u2013 zobrazen\u00ed loga realitn\u00ed kancel\u00e1\u0159e i ve v\u00fdpisu inzer\u00e1t\u016f ve fotografi\u00edch. Aktivace prob\u00edh\u00e1 p\u0159es administraci Sreality.cz. Logo se zobrazuje u v\u0161ech zak\u00e1zek realitn\u00ed kancel\u00e1\u0159e. Na \u0159azen\u00ed v\u00fdsledk\u016f to nem\u00e1 \u017e\u00e1dn\u00fd vliv<\/li>\n\n\n\n<li>Tip developersk\u00fd projekt \u2013 ve v\u00fdpisu inzer\u00e1t\u016f se zobrazuje tato reklamn\u00ed pozice. Pozice c\u00edl\u00ed na typ prodeje, region a n\u011bkter\u00e9 okresy a kategorie a je mo\u017en\u00e9 ji koupit v\u017edy na t\u00fdden.<\/li>\n<\/ul>\n<\/div>\n","protected":false},"excerpt":{"rendered":"<p>Z\u00e1kladn\u00ed informace k&nbsp;\u0159azen\u00ed Hlavn\u00ed parametry ur\u010duj\u00edc\u00ed po\u0159ad\u00ed Konkr\u00e9tn\u00ed realizace parametru \u2013 filtry pou\u017e\u00edvan\u00e9 u\u017eivateli ke z\u00fa\u017een\u00ed hled\u00e1n\u00ed. Ve v\u0161ech p\u0159\u00edpadech \u0159azen\u00ed na z\u00e1klad\u011b filtru se na prvn\u00ed pozici zobrazuje inzer\u00e1t, kter\u00fd je za\u0159azen\u00fd v reklamn\u00ed pozici Tip regionu, pokud je na tuto pozici zakoupen. Tento inzer\u00e1t je ozna\u010den\u00fd ozna\u010den\u00edm TIP, pokud je tato pozice na [&hellip;]<\/p>\n","protected":false},"author":6,"featured_media":0,"parent":0,"menu_order":0,"comment_status":"closed","ping_status":"closed","template":"page-sidemenu","meta":{"_acf_changed":false,"_relevanssi_hide_post":"","_relevanssi_hide_content":"","_relevanssi_pin_for_all":"","_relevanssi_pin_keywords":"","_relevanssi_unpin_keywords":"","_relevanssi_related_keywords":"","_relevanssi_related_include_ids":"","_relevanssi_related_exclude_ids":"","_relevanssi_related_no_append":"","_relevanssi_related_not_related":"","_relevanssi_related_posts":"","_relevanssi_noindex_reason":"","footnotes":""},"page_category":[10],"page_tag":[],"service_status_category":[],"class_list":["post-741","page","type-page","status-publish","hentry"],"acf":[],"_links":{"self":[{"href":"https:\/\/o-seznam.cz\/napoveda\/sreality\/wp-json\/wp\/v2\/pages\/741","targetHints":{"allow":["GET"]}}],"collection":[{"href":"https:\/\/o-seznam.cz\/napoveda\/sreality\/wp-json\/wp\/v2\/pages"}],"about":[{"href":"https:\/\/o-seznam.cz\/napoveda\/sreality\/wp-json\/wp\/v2\/types\/page"}],"author":[{"embeddable":true,"href":"https:\/\/o-seznam.cz\/napoveda\/sreality\/wp-json\/wp\/v2\/users\/6"}],"replies":[{"embeddable":true,"href":"https:\/\/o-seznam.cz\/napoveda\/sreality\/wp-json\/wp\/v2\/comments?post=741"}],"version-history":[{"count":13,"href":"https:\/\/o-seznam.cz\/napoveda\/sreality\/wp-json\/wp\/v2\/pages\/741\/revisions"}],"predecessor-version":[{"id":1400,"href":"https:\/\/o-seznam.cz\/napoveda\/sreality\/wp-json\/wp\/v2\/pages\/741\/revisions\/1400"}],"wp:attachment":[{"href":"https:\/\/o-seznam.cz\/napoveda\/sreality\/wp-json\/wp\/v2\/media?parent=741"}],"wp:term":[{"taxonomy":"page_category","embeddable":true,"href":"https:\/\/o-seznam.cz\/napoveda\/sreality\/wp-json\/wp\/v2\/page_category?post=741"},{"taxonomy":"page_tag","embeddable":true,"href":"https:\/\/o-seznam.cz\/napoveda\/sreality\/wp-json\/wp\/v2\/page_tag?post=741"},{"taxonomy":"service_status_category","embeddable":true,"href":"https:\/\/o-seznam.cz\/napoveda\/sreality\/wp-json\/wp\/v2\/service_status_category?post=741"}],"curies":[{"name":"wp","href":"https:\/\/api.w.org\/{rel}","templated":true}]}}