{"id":739,"date":"2024-10-03T16:34:31","date_gmt":"2024-10-03T14:34:31","guid":{"rendered":"https:\/\/o-seznam.cz\/napoveda\/sreality\/?page_id=739"},"modified":"2026-02-10T14:05:02","modified_gmt":"2026-02-10T13:05:02","slug":"topovani-a-zakaz-obchazeni","status":"publish","type":"page","link":"https:\/\/o-seznam.cz\/napoveda\/sreality\/topovani-a-zakaz-obchazeni\/","title":{"rendered":"Topov\u00e1n\u00ed a z\u00e1kaz obch\u00e1zen\u00ed"},"content":{"rendered":"\n<div class=\"wp-block-group is-layout-constrained wp-block-group-is-layout-constrained\">\n<p>Topov\u00e1n\u00ed zp\u016fsobuje vytopov\u00e1n\u00ed inzer\u00e1tu, tedy jeho p\u0159esun na p\u0159edn\u00ed pozici ve v\u00fdpisu inzer\u00e1t\u016f, kde vydr\u017e\u00ed tak dlouho, dokud n\u011bkdo jin\u00fd nevytopuje inzer\u00e1t anebo nevlo\u017e\u00ed nov\u00fd inzer\u00e1t.<\/p>\n\n\n\n<ul class=\"wp-block-list\">\n<li>Ka\u017ed\u00fd klient m\u016f\u017ee sv\u00e9 inzer\u00e1ty \u201etopovat\u201c pomoc\u00ed tla\u010d\u00edtka TOPOVAT<\/li>\n\n\n\n<li>Jedn\u00e1 se o dopl\u0148kovou, placenou slu\u017ebu. V jednom dni m\u016f\u017ee b\u00fdt ka\u017ed\u00fd jednotliv\u00fd inzer\u00e1t Topov\u00e1n maxim\u00e1ln\u011b 3x<\/li>\n\n\n\n<li>M\u016f\u017eete si libovoln\u011b volit denn\u00ed dobu, ve kterou budete sv\u00e9 inzer\u00e1ty topovat<\/li>\n\n\n\n<li>V\u0161ichni u\u017eivatel\u00e9 maj\u00ed stejn\u00e9 pr\u00e1vo na Topov\u00e1n\u00ed sv\u00fdch inzer\u00e1t\u016f kdykoli b\u011bhem dne. Nem\u016f\u017eeme tedy zaru\u010dit ur\u010ditou minim\u00e1ln\u00ed dobu, po kterou bude topovan\u00fd inzer\u00e1t na prvn\u00edm m\u00edst\u011b v zobrazov\u00e1n\u00ed<\/li>\n\n\n\n<li>Topovat lze pouze jednotliv\u00e9 inzer\u00e1ty, nikoli developersk\u00e9 projekty zadan\u00e9 v sekci projekty<\/li>\n\n\n\n<li>Nov\u00fd inzer\u00e1t je mo\u017en\u00e9 Topovat n\u00e1sleduj\u00edc\u00ed den. Novinka se v\u017edy za\u0159ad\u00ed na za\u010d\u00e1tku v\u00fdpisu inzer\u00e1t<\/li>\n<\/ul>\n\n\n\n<p>Funkce Topov\u00e1n\u00ed a jej\u00ed pravidla jsou pops\u00e1ny ve Smluvn\u00edch podm\u00ednk\u00e1ch.<\/p>\n\n\n\n<p>Je zak\u00e1z\u00e1no jak\u00fdmkoliv zp\u016fsobem obch\u00e1zet funkci topov\u00e1n\u00ed, tzn. spekulativn\u011b mazat, editovat, opakovan\u011b exportovat inzer\u00e1ty za \u00fa\u010delem obch\u00e1zen\u00ed vyhodnocov\u00e1n\u00ed syst\u00e9mu duplicit.<\/p>\n<\/div>\n\n\n\n<p><\/p>\n","protected":false},"excerpt":{"rendered":"<p>Topov\u00e1n\u00ed zp\u016fsobuje vytopov\u00e1n\u00ed inzer\u00e1tu, tedy jeho p\u0159esun na p\u0159edn\u00ed pozici ve v\u00fdpisu inzer\u00e1t\u016f, kde vydr\u017e\u00ed tak dlouho, dokud n\u011bkdo jin\u00fd nevytopuje inzer\u00e1t anebo nevlo\u017e\u00ed nov\u00fd inzer\u00e1t. Funkce Topov\u00e1n\u00ed a jej\u00ed pravidla jsou pops\u00e1ny ve Smluvn\u00edch podm\u00ednk\u00e1ch. Je zak\u00e1z\u00e1no jak\u00fdmkoliv zp\u016fsobem obch\u00e1zet funkci topov\u00e1n\u00ed, tzn. spekulativn\u011b mazat, editovat, opakovan\u011b exportovat inzer\u00e1ty za \u00fa\u010delem obch\u00e1zen\u00ed vyhodnocov\u00e1n\u00ed syst\u00e9mu [&hellip;]<\/p>\n","protected":false},"author":6,"featured_media":0,"parent":0,"menu_order":0,"comment_status":"closed","ping_status":"closed","template":"page-sidemenu","meta":{"_acf_changed":false,"_relevanssi_hide_post":"","_relevanssi_hide_content":"","_relevanssi_pin_for_all":"","_relevanssi_pin_keywords":"","_relevanssi_unpin_keywords":"","_relevanssi_related_keywords":"","_relevanssi_related_include_ids":"","_relevanssi_related_exclude_ids":"","_relevanssi_related_no_append":"","_relevanssi_related_not_related":"","_relevanssi_related_posts":"","_relevanssi_noindex_reason":"","footnotes":""},"page_category":[10],"page_tag":[],"service_status_category":[],"class_list":["post-739","page","type-page","status-publish","hentry"],"acf":[],"_links":{"self":[{"href":"https:\/\/o-seznam.cz\/napoveda\/sreality\/wp-json\/wp\/v2\/pages\/739","targetHints":{"allow":["GET"]}}],"collection":[{"href":"https:\/\/o-seznam.cz\/napoveda\/sreality\/wp-json\/wp\/v2\/pages"}],"about":[{"href":"https:\/\/o-seznam.cz\/napoveda\/sreality\/wp-json\/wp\/v2\/types\/page"}],"author":[{"embeddable":true,"href":"https:\/\/o-seznam.cz\/napoveda\/sreality\/wp-json\/wp\/v2\/users\/6"}],"replies":[{"embeddable":true,"href":"https:\/\/o-seznam.cz\/napoveda\/sreality\/wp-json\/wp\/v2\/comments?post=739"}],"version-history":[{"count":6,"href":"https:\/\/o-seznam.cz\/napoveda\/sreality\/wp-json\/wp\/v2\/pages\/739\/revisions"}],"predecessor-version":[{"id":1556,"href":"https:\/\/o-seznam.cz\/napoveda\/sreality\/wp-json\/wp\/v2\/pages\/739\/revisions\/1556"}],"wp:attachment":[{"href":"https:\/\/o-seznam.cz\/napoveda\/sreality\/wp-json\/wp\/v2\/media?parent=739"}],"wp:term":[{"taxonomy":"page_category","embeddable":true,"href":"https:\/\/o-seznam.cz\/napoveda\/sreality\/wp-json\/wp\/v2\/page_category?post=739"},{"taxonomy":"page_tag","embeddable":true,"href":"https:\/\/o-seznam.cz\/napoveda\/sreality\/wp-json\/wp\/v2\/page_tag?post=739"},{"taxonomy":"service_status_category","embeddable":true,"href":"https:\/\/o-seznam.cz\/napoveda\/sreality\/wp-json\/wp\/v2\/service_status_category?post=739"}],"curies":[{"name":"wp","href":"https:\/\/api.w.org\/{rel}","templated":true}]}}