{"id":72,"date":"2024-09-05T01:07:36","date_gmt":"2024-09-04T23:07:36","guid":{"rendered":"https:\/\/o-seznam.cz\/napoveda\/sreality\/?page_id=72"},"modified":"2026-04-24T07:31:13","modified_gmt":"2026-04-24T05:31:13","slug":"sprava-firmy","status":"publish","type":"page","link":"https:\/\/o-seznam.cz\/napoveda\/sreality\/pro-realitni-kancelare\/sprava-firmy\/","title":{"rendered":"Spr\u00e1va firmy\/pobo\u010dky"},"content":{"rendered":"\n<div class=\"wp-block-group is-layout-constrained wp-block-group-is-layout-constrained\">\n<h2 class=\"wp-block-heading\" id=\"prehled\">P\u0159ehled o stavu pobo\u010dky<\/h2>\n\n\n\n<p>V administraci v lev\u00e9m menu najdete odkaz Pobo\u010dky &#8211; obsahuje detailn\u011bj\u0161\u00ed informace:<\/p>\n\n\n\n<ul class=\"wp-block-list\">\n<li>Adresa<\/li>\n\n\n\n<li>ID (pobo\u010dky)<\/li>\n\n\n\n<li>I\u010cO<\/li>\n\n\n\n<li>Adresa pobo\u010dky<\/li>\n\n\n\n<li>Po\u010det zak\u00e1zek<\/li>\n\n\n\n<li>Stav Pen\u011b\u017eenky<\/li>\n\n\n\n<li>Mo\u017enost editace \u00fadaj\u016f o spole\u010dnosti je p\u0159es z\u00e1pis na Firmy.cz, p\u0159es &#8222;Zm\u011bnit z\u00e1pis &#8222;, mo\u017enost nastaven\u00ed hesla pro import &#8211; odkaz P\u0159\u00edstup do importn\u00edho rozhran\u00ed<\/li>\n\n\n\n<li>Ak\u010dn\u00ed tla\u010d\u00edtka &#8211; mo\u017enost p\u0159ej\u00edt na p\u0159ehled: Makl\u00e9\u0159i, Zobrazit statistiky, Inzer\u00e1ty, Historie spole\u010dnosti<\/li>\n<\/ul>\n<\/div>\n\n\n\n<div class=\"wp-block-group is-layout-constrained wp-block-group-is-layout-constrained\">\n<h2 class=\"wp-block-heading\" id=\"editace-udaju\">Editace \u00fadaj\u016f o firm\u011b<\/h2>\n\n\n\n<p>Opr\u00e1vn\u011bn\u00ed editovat a spravovat \u00fadaje o firm\u011b m\u00e1 \u201ezakladatel\u201c \u00fa\u010dtu pro danou RK \u2013 po kliknut\u00ed na ikonu:<\/p>\n\n\n\n<ul class=\"wp-block-list\">\n<li>Editovat \u00fadaje o firm\u011b (centr\u00e1la, pobo\u010dka) \u2013 v t\u00e9to sekci lze editovat pouze heslo pro import, v\u0161e ostatn\u00ed se na\u010dte z firemn\u00edho z\u00e1pisu (Firmy.cz) a lze upravovat pouze na Firmy.cz <\/li>\n<\/ul>\n<\/div>\n\n\n\n<div class=\"wp-block-group is-layout-constrained wp-block-group-is-layout-constrained\">\n<h2 class=\"wp-block-heading\" id=\"seznam-naplno\">Seznam naplno<\/h2>\n\n\n\n<p>Pokud vyu\u017e\u00edv\u00e1te firemn\u00ed profil&nbsp;Seznam naplno, v&nbsp;detailu inzer\u00e1tu se zobrazuje:<\/p>\n\n\n\n<ul class=\"wp-block-list\">\n<li>Logo RK<\/li>\n\n\n\n<li>Informace o firm\u011b &#8211; zobraz\u00ed se p\u0159i prokliku na detail firmy do adres\u00e1\u0159e. Jedn\u00e1 se o stejn\u00e9 informace z Firmy.cz (n\u00e1zev, logo, 5x telefon, 5x e-mail, URL, otev\u00edrac\u00ed doba, ak\u010dn\u00ed nab\u00eddky, fotografie a hodnocen\u00ed)<\/li>\n<\/ul>\n\n\n\n<p>D\u00edky t\u00e9to funkci m\u00e1te jako realitn\u00ed kancel\u00e1\u0159 mo\u017enost oslovit z\u00e1jemce o prodej nemovitost\u00ed ji\u017e na Sreality.cz.<\/p>\n\n\n\n<p class=\"is-style-link-external\">V\u00edce informac\u00ed najdete na str\u00e1nce <a href=\"https:\/\/www.seznam.cz\/reklama\/cz\/obsahovy-web\/sluzba-firmy\" data-type=\"link\" data-id=\"https:\/\/www.seznam.cz\/reklama\/cz\/obsahovy-web\/sluzba-firmy\">Seznam naplno<\/a>.<\/p>\n<\/div>\n\n\n\n<div class=\"wp-block-group is-layout-constrained wp-block-group-is-layout-constrained\">\n<h2 class=\"wp-block-heading\" id=\"seznam-zdarma\">Seznam zdarma<\/h2>\n\n\n\n<p>V&nbsp;p\u0159\u00edpad\u011b, \u017ee m\u00e1te firemn\u00ed profil&nbsp;Seznam zdarma, v&nbsp;detailu inzer\u00e1tu nen\u00ed zobrazeno logo RK. Detail profilu v&nbsp;adres\u00e1\u0159i RK bude pouze se z\u00e1kladn\u00edmi informacemi, jako je n\u00e1zev, 1x telefon, 1x e-mail a URL.<\/p>\n<\/div>\n","protected":false},"excerpt":{"rendered":"<p>P\u0159ehled o stavu pobo\u010dky V administraci v lev\u00e9m menu najdete odkaz Pobo\u010dky &#8211; obsahuje detailn\u011bj\u0161\u00ed informace: Editace \u00fadaj\u016f o firm\u011b Opr\u00e1vn\u011bn\u00ed editovat a spravovat \u00fadaje o firm\u011b m\u00e1 \u201ezakladatel\u201c \u00fa\u010dtu pro danou RK \u2013 po kliknut\u00ed na ikonu: Seznam naplno Pokud vyu\u017e\u00edv\u00e1te firemn\u00ed profil&nbsp;Seznam naplno, v&nbsp;detailu inzer\u00e1tu se zobrazuje: D\u00edky t\u00e9to funkci m\u00e1te jako realitn\u00ed [&hellip;]<\/p>\n","protected":false},"author":6,"featured_media":0,"parent":97,"menu_order":0,"comment_status":"closed","ping_status":"closed","template":"page-sidemenu","meta":{"_acf_changed":false,"_relevanssi_hide_post":"","_relevanssi_hide_content":"","_relevanssi_pin_for_all":"","_relevanssi_pin_keywords":"","_relevanssi_unpin_keywords":"","_relevanssi_related_keywords":"","_relevanssi_related_include_ids":"","_relevanssi_related_exclude_ids":"","_relevanssi_related_no_append":"","_relevanssi_related_not_related":"","_relevanssi_related_posts":"","_relevanssi_noindex_reason":"","footnotes":""},"page_category":[4],"page_tag":[],"service_status_category":[],"class_list":["post-72","page","type-page","status-publish","hentry"],"acf":[],"_links":{"self":[{"href":"https:\/\/o-seznam.cz\/napoveda\/sreality\/wp-json\/wp\/v2\/pages\/72","targetHints":{"allow":["GET"]}}],"collection":[{"href":"https:\/\/o-seznam.cz\/napoveda\/sreality\/wp-json\/wp\/v2\/pages"}],"about":[{"href":"https:\/\/o-seznam.cz\/napoveda\/sreality\/wp-json\/wp\/v2\/types\/page"}],"author":[{"embeddable":true,"href":"https:\/\/o-seznam.cz\/napoveda\/sreality\/wp-json\/wp\/v2\/users\/6"}],"replies":[{"embeddable":true,"href":"https:\/\/o-seznam.cz\/napoveda\/sreality\/wp-json\/wp\/v2\/comments?post=72"}],"version-history":[{"count":16,"href":"https:\/\/o-seznam.cz\/napoveda\/sreality\/wp-json\/wp\/v2\/pages\/72\/revisions"}],"predecessor-version":[{"id":1784,"href":"https:\/\/o-seznam.cz\/napoveda\/sreality\/wp-json\/wp\/v2\/pages\/72\/revisions\/1784"}],"up":[{"embeddable":true,"href":"https:\/\/o-seznam.cz\/napoveda\/sreality\/wp-json\/wp\/v2\/pages\/97"}],"wp:attachment":[{"href":"https:\/\/o-seznam.cz\/napoveda\/sreality\/wp-json\/wp\/v2\/media?parent=72"}],"wp:term":[{"taxonomy":"page_category","embeddable":true,"href":"https:\/\/o-seznam.cz\/napoveda\/sreality\/wp-json\/wp\/v2\/page_category?post=72"},{"taxonomy":"page_tag","embeddable":true,"href":"https:\/\/o-seznam.cz\/napoveda\/sreality\/wp-json\/wp\/v2\/page_tag?post=72"},{"taxonomy":"service_status_category","embeddable":true,"href":"https:\/\/o-seznam.cz\/napoveda\/sreality\/wp-json\/wp\/v2\/service_status_category?post=72"}],"curies":[{"name":"wp","href":"https:\/\/api.w.org\/{rel}","templated":true}]}}