{"id":691,"date":"2024-10-03T02:02:03","date_gmt":"2024-10-03T00:02:03","guid":{"rendered":"https:\/\/o-seznam.cz\/napoveda\/sreality\/?page_id=691"},"modified":"2026-03-10T14:23:36","modified_gmt":"2026-03-10T13:23:36","slug":"cenik-sluzeb","status":"publish","type":"page","link":"https:\/\/o-seznam.cz\/napoveda\/sreality\/nejcastejsi-dotazy\/cenik-sluzeb\/","title":{"rendered":"Cen\u00edk slu\u017eeb"},"content":{"rendered":"\n<div class=\"wp-block-group is-layout-constrained wp-block-group-is-layout-constrained\">\n<h2 class=\"wp-block-heading\">Platn\u00fd od 8. 4. 2026<\/h2>\n\n\n\n<p class=\"is-style-link-external\"><a href=\"https:\/\/szno.cz\/cs\/b2b\/obm9eyb9\/\">Cen\u00edk inzerce a reklamn\u00edch form\u00e1t\u016f Sreality.cz<\/a><\/p>\n<\/div>\n\n\n\n<div class=\"wp-block-group is-layout-constrained wp-block-group-is-layout-constrained\">\n<h2 class=\"wp-block-heading\">Platn\u00fd od 16.2. 2026<\/h2>\n\n\n\n<p class=\"is-style-link-external\"><a href=\"https:\/\/szno.cz\/cs\/b2b\/noezoxte\/\" data-type=\"link\" data-id=\"https:\/\/napoveda.seznam.cz\/soubory\/Sreality.cz\/Cenik_sluzeb_13.7.2020.pdf\" target=\"_blank\" rel=\"noreferrer noopener\">Cen\u00edk inzerce a reklamn\u00edch form\u00e1t\u016f Sreality.cz<\/a><\/p>\n<\/div>\n\n\n\n<div class=\"wp-block-group is-layout-constrained wp-block-group-is-layout-constrained\">\n<h2 class=\"wp-block-heading\">Platn\u00fd od 1. 1. 2026<\/h2>\n\n\n\n<p class=\"is-style-link-external\"><a href=\"https:\/\/szno.cz\/cs\/b2b\/kwyiindp\/\" data-type=\"link\" data-id=\"https:\/\/napoveda.seznam.cz\/soubory\/Sreality.cz\/Cenik_sluzeb_13.7.2020.pdf\" target=\"_blank\" rel=\"noreferrer noopener\">Cen\u00edk inzerce a reklamn\u00edch form\u00e1t\u016f Sreality.cz<\/a><\/p>\n<\/div>\n\n\n\n<div class=\"wp-block-group is-layout-constrained wp-block-group-is-layout-constrained\">\n<h2 class=\"wp-block-heading\">Platn\u00fd od 1. 12. 2025<\/h2>\n\n\n\n<p class=\"is-style-link-external\"><a href=\"https:\/\/szno.cz\/cs\/b2b\/6fu48ahu\/\" data-type=\"link\" data-id=\"https:\/\/napoveda.seznam.cz\/soubory\/Sreality.cz\/Cenik_sluzeb_13.7.2020.pdf\" target=\"_blank\" rel=\"noreferrer noopener\">Cen\u00edk inzerce a reklamn\u00edch form\u00e1t\u016f Sreality.cz<\/a><\/p>\n<\/div>\n\n\n\n<div class=\"wp-block-group is-layout-constrained wp-block-group-is-layout-constrained\">\n<h2 class=\"wp-block-heading\">Platn\u00fd od 6. 10. 2025<\/h2>\n\n\n\n<p class=\"is-style-link-external\"><a href=\"https:\/\/szno.cz\/cs\/b2b\/3gldvrfn\/\" data-type=\"link\" data-id=\"https:\/\/napoveda.seznam.cz\/soubory\/Sreality.cz\/Cenik_sluzeb_13.7.2020.pdf\" target=\"_blank\" rel=\"noreferrer noopener\">Cen\u00edk inzerce a reklamn\u00edch form\u00e1t\u016f Sreality.cz<\/a><\/p>\n<\/div>\n\n\n\n<div class=\"wp-block-group is-layout-constrained wp-block-group-is-layout-constrained\">\n<h2 class=\"wp-block-heading\">Platn\u00fd od 7. 7. 2025<\/h2>\n\n\n\n<p class=\"is-style-link-external\"><a href=\"https:\/\/szno.cz\/cs\/b2b\/y8k8iih7\/\" data-type=\"link\" data-id=\"https:\/\/napoveda.seznam.cz\/soubory\/Sreality.cz\/Cenik_sluzeb_13.7.2020.pdf\" target=\"_blank\" rel=\"noreferrer noopener\">Cen\u00edk inzerce a reklamn\u00edch form\u00e1t\u016f Sreality.cz<\/a><\/p>\n<\/div>\n\n\n\n<div class=\"wp-block-group is-layout-constrained wp-block-group-is-layout-constrained\">\n<h2 class=\"wp-block-heading\">Platn\u00fd od 19. 5. 2025<\/h2>\n\n\n\n<p class=\"is-style-link-external\"><a href=\"https:\/\/szno.cz\/cs\/b2b\/mxzcdp6e\/\" target=\"_blank\" rel=\"noreferrer noopener\">Cen\u00edk inzerce a reklamn\u00edch form\u00e1t\u016f Sreality.cz<\/a><\/p>\n<\/div>\n\n\n\n<div class=\"wp-block-group is-layout-constrained wp-block-group-is-layout-constrained\">\n<h2 class=\"wp-block-heading\">Platn\u00fd od 1. 1. 2025<\/h2>\n\n\n\n<p class=\"is-style-link-external\"><a href=\"https:\/\/szno.cz\/cs\/b2b\/6fu48ahu\/\" target=\"_blank\" rel=\"noreferrer noopener\">Cen\u00edk inzerce a reklamn\u00edch form\u00e1t\u016f Sreality.cz<\/a><\/p>\n<\/div>\n\n\n\n<div class=\"wp-block-group is-layout-constrained wp-block-group-is-layout-constrained\">\n<h2 class=\"wp-block-heading\">Platn\u00fd od 7. 10. 2024<\/h2>\n\n\n\n<p class=\"is-style-link-external\"><a href=\"https:\/\/szno.cz\/cs\/b2b\/gnlfykqz\/\" target=\"_blank\" rel=\"noreferrer noopener\">Cen\u00edk inzerce a reklamn\u00edch form\u00e1t\u016f Sreality.cz<\/a><\/p>\n<\/div>\n\n\n\n<div class=\"wp-block-group is-layout-constrained wp-block-group-is-layout-constrained\">\n<h2 class=\"wp-block-heading\">Platn\u00fd od 30. 8. 2023<\/h2>\n\n\n\n<p class=\"is-style-link-external\"><a href=\"https:\/\/napoveda.seznam.cz\/soubory\/Sreality.cz\/Cenik_sreality_srpen_2023.pdf\" data-type=\"link\" data-id=\"https:\/\/napoveda.seznam.cz\/soubory\/Sreality.cz\/Cenik_sreality_srpen_2023.pdf\" target=\"_blank\" rel=\"noreferrer noopener\">Cen\u00edk inzerce a reklamn\u00edch form\u00e1t\u016f Sreality.cz<\/a><\/p>\n<\/div>\n\n\n\n<div class=\"wp-block-group is-layout-constrained wp-block-group-is-layout-constrained\">\n<h2 class=\"wp-block-heading\">Platn\u00fd od 13. 7. 2020<\/h2>\n\n\n\n<p class=\"is-style-link-external\"><a href=\"https:\/\/napoveda.seznam.cz\/soubory\/Sreality.cz\/Cenik_sluzeb_13.7.2020.pdf\" data-type=\"link\" data-id=\"https:\/\/napoveda.seznam.cz\/soubory\/Sreality.cz\/Cenik_sluzeb_13.7.2020.pdf\" target=\"_blank\" rel=\"noreferrer noopener\">Cen\u00edk inzerce a reklamn\u00edch form\u00e1t\u016f Sreality.cz<\/a><\/p>\n<\/div>\n","protected":false},"excerpt":{"rendered":"<p>Platn\u00fd od 8. 4. 2026 Cen\u00edk inzerce a reklamn\u00edch form\u00e1t\u016f Sreality.cz Platn\u00fd od 16.2. 2026 Cen\u00edk inzerce a reklamn\u00edch form\u00e1t\u016f Sreality.cz Platn\u00fd od 1. 1. 2026 Cen\u00edk inzerce a reklamn\u00edch form\u00e1t\u016f Sreality.cz Platn\u00fd od 1. 12. 2025 Cen\u00edk inzerce a reklamn\u00edch form\u00e1t\u016f Sreality.cz Platn\u00fd od 6. 10. 2025 Cen\u00edk inzerce a reklamn\u00edch form\u00e1t\u016f Sreality.cz Platn\u00fd [&hellip;]<\/p>\n","protected":false},"author":6,"featured_media":0,"parent":91,"menu_order":0,"comment_status":"closed","ping_status":"closed","template":"","meta":{"_acf_changed":false,"_relevanssi_hide_post":"","_relevanssi_hide_content":"","_relevanssi_pin_for_all":"","_relevanssi_pin_keywords":"","_relevanssi_unpin_keywords":"","_relevanssi_related_keywords":"","_relevanssi_related_include_ids":"","_relevanssi_related_exclude_ids":"","_relevanssi_related_no_append":"","_relevanssi_related_not_related":"","_relevanssi_related_posts":"","_relevanssi_noindex_reason":"","footnotes":""},"page_category":[11,6],"page_tag":[],"service_status_category":[],"class_list":["post-691","page","type-page","status-publish","hentry"],"acf":[],"_links":{"self":[{"href":"https:\/\/o-seznam.cz\/napoveda\/sreality\/wp-json\/wp\/v2\/pages\/691","targetHints":{"allow":["GET"]}}],"collection":[{"href":"https:\/\/o-seznam.cz\/napoveda\/sreality\/wp-json\/wp\/v2\/pages"}],"about":[{"href":"https:\/\/o-seznam.cz\/napoveda\/sreality\/wp-json\/wp\/v2\/types\/page"}],"author":[{"embeddable":true,"href":"https:\/\/o-seznam.cz\/napoveda\/sreality\/wp-json\/wp\/v2\/users\/6"}],"replies":[{"embeddable":true,"href":"https:\/\/o-seznam.cz\/napoveda\/sreality\/wp-json\/wp\/v2\/comments?post=691"}],"version-history":[{"count":29,"href":"https:\/\/o-seznam.cz\/napoveda\/sreality\/wp-json\/wp\/v2\/pages\/691\/revisions"}],"predecessor-version":[{"id":1768,"href":"https:\/\/o-seznam.cz\/napoveda\/sreality\/wp-json\/wp\/v2\/pages\/691\/revisions\/1768"}],"up":[{"embeddable":true,"href":"https:\/\/o-seznam.cz\/napoveda\/sreality\/wp-json\/wp\/v2\/pages\/91"}],"wp:attachment":[{"href":"https:\/\/o-seznam.cz\/napoveda\/sreality\/wp-json\/wp\/v2\/media?parent=691"}],"wp:term":[{"taxonomy":"page_category","embeddable":true,"href":"https:\/\/o-seznam.cz\/napoveda\/sreality\/wp-json\/wp\/v2\/page_category?post=691"},{"taxonomy":"page_tag","embeddable":true,"href":"https:\/\/o-seznam.cz\/napoveda\/sreality\/wp-json\/wp\/v2\/page_tag?post=691"},{"taxonomy":"service_status_category","embeddable":true,"href":"https:\/\/o-seznam.cz\/napoveda\/sreality\/wp-json\/wp\/v2\/service_status_category?post=691"}],"curies":[{"name":"wp","href":"https:\/\/api.w.org\/{rel}","templated":true}]}}