{"id":69,"date":"2024-09-05T01:03:54","date_gmt":"2024-09-04T23:03:54","guid":{"rendered":"https:\/\/o-seznam.cz\/napoveda\/sreality\/?page_id=69"},"modified":"2025-07-29T16:19:26","modified_gmt":"2025-07-29T14:19:26","slug":"statistiky","status":"publish","type":"page","link":"https:\/\/o-seznam.cz\/napoveda\/sreality\/pro-realitni-kancelare\/statistiky\/","title":{"rendered":"Statistiky"},"content":{"rendered":"\n<div class=\"wp-block-group is-layout-constrained wp-block-group-is-layout-constrained\">\n<p>Ve statistik\u00e1ch si m\u016f\u017eete jako majitel RK vyfiltrovat detailn\u00ed statistiky ke konkr\u00e9tn\u00edmu makl\u00e9\u0159i. Makl\u00e9\u0159 vid\u00ed pouze statistiky sv\u00fdch spravovan\u00fdch inzer\u00e1t\u016f.<\/p>\n<\/div>\n\n\n\n<div class=\"wp-block-group is-layout-constrained wp-block-group-is-layout-constrained\">\n<p>Statistky lze seskupit dle:&nbsp;<\/p>\n\n\n\n<ul class=\"wp-block-list\">\n<li>Typu&nbsp;(prodej, pron\u00e1jem)<\/li>\n\n\n\n<li>Kategorie&nbsp;(byty, domy)<\/li>\n\n\n\n<li>Data&nbsp;(denn\u00ed statistiky)<\/li>\n\n\n\n<li>Klienta&nbsp;(zobraz\u00ed v\u00fdpis makl\u00e9\u0159\u016f a jejich statistik)<\/li>\n<\/ul>\n<\/div>\n\n\n\n<div class=\"wp-block-group is-layout-constrained wp-block-group-is-layout-constrained\">\n<p>Kliknut\u00edm na tla\u010d\u00edtko \u201eStatistiky\u201c ve v\u00fdpisu inzer\u00e1t\u016f se zobraz\u00ed&nbsp;podrobn\u00e1 denn\u00ed statistika konkr\u00e9tn\u00edho inzer\u00e1tu&nbsp;\u2013 po\u010det proklik\u016f a n\u00e1klady na inzer\u00e1t.<\/p>\n\n\n\n<p>Ve statistik\u00e1ch m\u016f\u017eete nov\u011b tak\u00e9 dohledat po\u010det zobrazen\u00fdch ulo\u017een\u00fdch hled\u00e1n\u00ed, tedy po\u010det kolikr\u00e1t se u\u017eivatel\u016fm zobrazil dan\u00fd inzer\u00e1t v Ulo\u017een\u00e9m hled\u00e1n\u00ed.<\/p>\n<\/div>\n\n\n\n<p><\/p>\n","protected":false},"excerpt":{"rendered":"<p>Ve statistik\u00e1ch si m\u016f\u017eete jako majitel RK vyfiltrovat detailn\u00ed statistiky ke konkr\u00e9tn\u00edmu makl\u00e9\u0159i. Makl\u00e9\u0159 vid\u00ed pouze statistiky sv\u00fdch spravovan\u00fdch inzer\u00e1t\u016f. Statistky lze seskupit dle:&nbsp; Kliknut\u00edm na tla\u010d\u00edtko \u201eStatistiky\u201c ve v\u00fdpisu inzer\u00e1t\u016f se zobraz\u00ed&nbsp;podrobn\u00e1 denn\u00ed statistika konkr\u00e9tn\u00edho inzer\u00e1tu&nbsp;\u2013 po\u010det proklik\u016f a n\u00e1klady na inzer\u00e1t. Ve statistik\u00e1ch m\u016f\u017eete nov\u011b tak\u00e9 dohledat po\u010det zobrazen\u00fdch ulo\u017een\u00fdch hled\u00e1n\u00ed, tedy po\u010det [&hellip;]<\/p>\n","protected":false},"author":6,"featured_media":0,"parent":97,"menu_order":0,"comment_status":"closed","ping_status":"closed","template":"page-sidemenu","meta":{"_acf_changed":false,"_relevanssi_hide_post":"","_relevanssi_hide_content":"","_relevanssi_pin_for_all":"","_relevanssi_pin_keywords":"","_relevanssi_unpin_keywords":"","_relevanssi_related_keywords":"","_relevanssi_related_include_ids":"","_relevanssi_related_exclude_ids":"","_relevanssi_related_no_append":"","_relevanssi_related_not_related":"","_relevanssi_related_posts":"","_relevanssi_noindex_reason":"","footnotes":""},"page_category":[4],"page_tag":[],"service_status_category":[],"class_list":["post-69","page","type-page","status-publish","hentry"],"acf":[],"_links":{"self":[{"href":"https:\/\/o-seznam.cz\/napoveda\/sreality\/wp-json\/wp\/v2\/pages\/69","targetHints":{"allow":["GET"]}}],"collection":[{"href":"https:\/\/o-seznam.cz\/napoveda\/sreality\/wp-json\/wp\/v2\/pages"}],"about":[{"href":"https:\/\/o-seznam.cz\/napoveda\/sreality\/wp-json\/wp\/v2\/types\/page"}],"author":[{"embeddable":true,"href":"https:\/\/o-seznam.cz\/napoveda\/sreality\/wp-json\/wp\/v2\/users\/6"}],"replies":[{"embeddable":true,"href":"https:\/\/o-seznam.cz\/napoveda\/sreality\/wp-json\/wp\/v2\/comments?post=69"}],"version-history":[{"count":10,"href":"https:\/\/o-seznam.cz\/napoveda\/sreality\/wp-json\/wp\/v2\/pages\/69\/revisions"}],"predecessor-version":[{"id":1495,"href":"https:\/\/o-seznam.cz\/napoveda\/sreality\/wp-json\/wp\/v2\/pages\/69\/revisions\/1495"}],"up":[{"embeddable":true,"href":"https:\/\/o-seznam.cz\/napoveda\/sreality\/wp-json\/wp\/v2\/pages\/97"}],"wp:attachment":[{"href":"https:\/\/o-seznam.cz\/napoveda\/sreality\/wp-json\/wp\/v2\/media?parent=69"}],"wp:term":[{"taxonomy":"page_category","embeddable":true,"href":"https:\/\/o-seznam.cz\/napoveda\/sreality\/wp-json\/wp\/v2\/page_category?post=69"},{"taxonomy":"page_tag","embeddable":true,"href":"https:\/\/o-seznam.cz\/napoveda\/sreality\/wp-json\/wp\/v2\/page_tag?post=69"},{"taxonomy":"service_status_category","embeddable":true,"href":"https:\/\/o-seznam.cz\/napoveda\/sreality\/wp-json\/wp\/v2\/service_status_category?post=69"}],"curies":[{"name":"wp","href":"https:\/\/api.w.org\/{rel}","templated":true}]}}