{"id":67,"date":"2024-09-05T01:30:49","date_gmt":"2024-09-04T23:30:49","guid":{"rendered":"https:\/\/o-seznam.cz\/napoveda\/sreality\/?page_id=67"},"modified":"2024-10-02T15:11:13","modified_gmt":"2024-10-02T13:11:13","slug":"importni-rozhrani","status":"publish","type":"page","link":"https:\/\/o-seznam.cz\/napoveda\/sreality\/pro-realitni-kancelare\/importni-rozhrani\/","title":{"rendered":"Importn\u00ed rozhran\u00ed"},"content":{"rendered":"\n<div class=\"wp-block-group is-layout-constrained wp-block-group-is-layout-constrained\">\n<p>Vytv\u00e1\u0159\u00edte-li nov\u00fd exportn\u00ed software, kontaktujte n\u00e1s prost\u0159ednictv\u00edm&nbsp;Infolinky&nbsp;a po\u017e\u00e1dejte&nbsp;o zalo\u017een\u00ed testovac\u00edho \u00fa\u010dtu.&nbsp;Pot\u0159ebujete k tomu jen&nbsp;e-mail od Seznam.cz&nbsp;nebo&nbsp;libovoln\u00fd ov\u011b\u0159en\u00fd e-mail. &nbsp;<\/p>\n\n\n\n<p>Testovac\u00ed \u00fa\u010det je v\u00e1m&nbsp;k dispozici 3 m\u011bs\u00edce zdarma. Tento \u00fa\u010det neslou\u017e\u00ed k inzerov\u00e1n\u00ed nemovitost\u00ed, ale pouze k ov\u011b\u0159en\u00ed vyv\u00edjen\u00e9ho exportn\u00edho softwaru. &nbsp;&nbsp; &nbsp;<\/p>\n\n\n\n<p class=\"is-style-link-external\">Aktu\u00e1ln\u00ed&nbsp;dokumentaci k importn\u00edmu rozhran\u00ed&nbsp;naleznete na str\u00e1nce&nbsp;Administrace Sreality.cz&nbsp;v PDF dokumentu&nbsp;<a href=\"https:\/\/admin.sreality.cz\/doc\/import.pdf\" target=\"_blank\" rel=\"noreferrer noopener\">Importn\u00ed rozhran\u00ed<\/a>. &nbsp;<\/p>\n\n\n\n<p>Serverov\u00e9 rozhran\u00ed XML-RPC slou\u017e\u00ed k exportu zak\u00e1zek realitn\u00edch\u00a0kancel\u00e1\u0159\u00ed do syst\u00e9mu Sreality.cz.\u00a0<\/p>\n\n\n\n<p class=\"is-style-link-external\">Ve\u0161ker\u00e1 komunikace se serverem a zp\u011bt prob\u00edh\u00e1 v k\u00f3dov\u00e1n\u00ed UTF-8. Na <a href=\"http:\/\/xmlrpc.com\/spec.md\" target=\"_blank\" rel=\"noreferrer noopener\">str\u00e1nce XML-RPC Specification<\/a>&nbsp;se nach\u00e1z\u00ed&nbsp;podrobn\u00e1 speci\ufb01kace protokolu.<\/p>\n<\/div>\n","protected":false},"excerpt":{"rendered":"<p>Vytv\u00e1\u0159\u00edte-li nov\u00fd exportn\u00ed software, kontaktujte n\u00e1s prost\u0159ednictv\u00edm&nbsp;Infolinky&nbsp;a po\u017e\u00e1dejte&nbsp;o zalo\u017een\u00ed testovac\u00edho \u00fa\u010dtu.&nbsp;Pot\u0159ebujete k tomu jen&nbsp;e-mail od Seznam.cz&nbsp;nebo&nbsp;libovoln\u00fd ov\u011b\u0159en\u00fd e-mail. &nbsp; Testovac\u00ed \u00fa\u010det je v\u00e1m&nbsp;k dispozici 3 m\u011bs\u00edce zdarma. Tento \u00fa\u010det neslou\u017e\u00ed k inzerov\u00e1n\u00ed nemovitost\u00ed, ale pouze k ov\u011b\u0159en\u00ed vyv\u00edjen\u00e9ho exportn\u00edho softwaru. &nbsp;&nbsp; &nbsp; Aktu\u00e1ln\u00ed&nbsp;dokumentaci k importn\u00edmu rozhran\u00ed&nbsp;naleznete na str\u00e1nce&nbsp;Administrace Sreality.cz&nbsp;v PDF dokumentu&nbsp;Importn\u00ed rozhran\u00ed. &nbsp; Serverov\u00e9 rozhran\u00ed [&hellip;]<\/p>\n","protected":false},"author":6,"featured_media":0,"parent":97,"menu_order":0,"comment_status":"closed","ping_status":"closed","template":"page-sidemenu","meta":{"_acf_changed":false,"_relevanssi_hide_post":"","_relevanssi_hide_content":"","_relevanssi_pin_for_all":"","_relevanssi_pin_keywords":"","_relevanssi_unpin_keywords":"","_relevanssi_related_keywords":"","_relevanssi_related_include_ids":"","_relevanssi_related_exclude_ids":"","_relevanssi_related_no_append":"","_relevanssi_related_not_related":"","_relevanssi_related_posts":"","_relevanssi_noindex_reason":"","footnotes":""},"page_category":[4],"page_tag":[],"service_status_category":[],"class_list":["post-67","page","type-page","status-publish","hentry"],"acf":[],"_links":{"self":[{"href":"https:\/\/o-seznam.cz\/napoveda\/sreality\/wp-json\/wp\/v2\/pages\/67","targetHints":{"allow":["GET"]}}],"collection":[{"href":"https:\/\/o-seznam.cz\/napoveda\/sreality\/wp-json\/wp\/v2\/pages"}],"about":[{"href":"https:\/\/o-seznam.cz\/napoveda\/sreality\/wp-json\/wp\/v2\/types\/page"}],"author":[{"embeddable":true,"href":"https:\/\/o-seznam.cz\/napoveda\/sreality\/wp-json\/wp\/v2\/users\/6"}],"replies":[{"embeddable":true,"href":"https:\/\/o-seznam.cz\/napoveda\/sreality\/wp-json\/wp\/v2\/comments?post=67"}],"version-history":[{"count":4,"href":"https:\/\/o-seznam.cz\/napoveda\/sreality\/wp-json\/wp\/v2\/pages\/67\/revisions"}],"predecessor-version":[{"id":611,"href":"https:\/\/o-seznam.cz\/napoveda\/sreality\/wp-json\/wp\/v2\/pages\/67\/revisions\/611"}],"up":[{"embeddable":true,"href":"https:\/\/o-seznam.cz\/napoveda\/sreality\/wp-json\/wp\/v2\/pages\/97"}],"wp:attachment":[{"href":"https:\/\/o-seznam.cz\/napoveda\/sreality\/wp-json\/wp\/v2\/media?parent=67"}],"wp:term":[{"taxonomy":"page_category","embeddable":true,"href":"https:\/\/o-seznam.cz\/napoveda\/sreality\/wp-json\/wp\/v2\/page_category?post=67"},{"taxonomy":"page_tag","embeddable":true,"href":"https:\/\/o-seznam.cz\/napoveda\/sreality\/wp-json\/wp\/v2\/page_tag?post=67"},{"taxonomy":"service_status_category","embeddable":true,"href":"https:\/\/o-seznam.cz\/napoveda\/sreality\/wp-json\/wp\/v2\/service_status_category?post=67"}],"curies":[{"name":"wp","href":"https:\/\/api.w.org\/{rel}","templated":true}]}}