{"id":65,"date":"2024-09-05T00:10:33","date_gmt":"2024-09-04T22:10:33","guid":{"rendered":"https:\/\/o-seznam.cz\/napoveda\/sreality\/?page_id=65"},"modified":"2025-05-23T14:28:44","modified_gmt":"2025-05-23T12:28:44","slug":"ulozene-nabidky-poznamky-hledani","status":"publish","type":"page","link":"https:\/\/o-seznam.cz\/napoveda\/sreality\/pro-uzivatele\/ulozene-nabidky-poznamky-hledani\/","title":{"rendered":"Ulo\u017een\u00e9 nab\u00eddky, pozn\u00e1mky a hled\u00e1n\u00ed"},"content":{"rendered":"\n<div class=\"wp-block-group is-layout-constrained wp-block-group-is-layout-constrained\">\n<ul class=\"wp-block-list\">\n<li>Dost\u00e1vejte notifikace o zm\u011bn\u00e1ch v ulo\u017een\u00fdch hled\u00e1n\u00edch<\/li>\n\n\n\n<li>Bu\u010fte prvn\u00ed, kdo se dozv\u00ed o nov\u00fdch nab\u00eddk\u00e1ch<\/li>\n\n\n\n<li>M\u011bjte sv\u00e9 ulo\u017een\u00e9 pozn\u00e1mky k nab\u00eddk\u00e1m na jednom m\u00edst\u011b<\/li>\n<\/ul>\n\n\n\n<p>Zobrazen\u00fd inzer\u00e1t nab\u00edz\u00ed hned n\u011bkolik mo\u017enost\u00ed, jak si pr\u00e1ci s inzer\u00e1ty zjednodu\u0161it a uleh\u010dit.<\/p>\n<\/div>\n\n\n\n<div class=\"wp-block-group is-layout-constrained wp-block-group-is-layout-constrained\">\n<h2 class=\"wp-block-heading\"><strong>Ulo\u017een\u00e9 nab\u00eddky<\/strong><\/h2>\n\n\n\n<p>V&nbsp;ka\u017ed\u00e9m inzer\u00e1tu ve fotografii inzer\u00e1tu ve v\u00fdpisu nab\u00eddek, nebo p\u0159\u00edmo v&nbsp;detailu inzer\u00e1tu v&nbsp;prav\u00e9 \u010d\u00e1sti obrazovky najdete mo\u017enost ulo\u017eit si inzer\u00e1t do Ulo\u017een\u00fdch.<\/p>\n\n\n\n<p>Pokud v\u00e1s n\u011bjak\u00fd inzer\u00e1t zaujal, m\u016f\u017eete si jej kliknut\u00edm na tla\u010d\u00edtko ulo\u017eit pro pozd\u011bj\u0161\u00ed jednodu\u0161\u0161\u00ed dohled\u00e1n\u00ed. Ulo\u017een\u00e9 inzer\u00e1ty naleznete pod ikonou sv\u00e9ho e-mailu v lev\u00e9m horn\u00edm rohu &#8222;ulo\u017een\u00e9 inzer\u00e1ty&#8220;<\/p>\n\n\n\n<p>Po kliknut\u00ed se tla\u010d\u00edtko zm\u011bn\u00ed na \u201eOdebrat z ulo\u017een\u00fdch\u201c, kter\u00fdm inzer\u00e1t ze seznamu Ulo\u017een\u00fdch zase odstran\u00edte.<\/p>\n<\/div>\n\n\n\n<div class=\"wp-block-group is-layout-constrained wp-block-group-is-layout-constrained\">\n<h2 class=\"wp-block-heading\">Sd\u00edlen\u00ed<\/h2>\n\n\n\n<p>D\u00edky sd\u00edlen\u00ed inzer\u00e1tu m\u016f\u017eete upozornit sv\u00e9 zn\u00e1m\u00e9 na soci\u00e1ln\u00edch s\u00edt\u00edch nebo zkop\u00edrovat odkaz a poslat ho e-mailem \u010di jin\u00fdmi zp\u016fsoby.<\/p>\n<\/div>\n\n\n\n<div class=\"wp-block-group is-layout-constrained wp-block-group-is-layout-constrained\">\n<h2 class=\"wp-block-heading\">Pozn\u00e1mky<\/h2>\n\n\n\n<p>P\u0159ihl\u00e1\u0161en\u00ed u\u017eivatel\u00e9 maj\u00ed tak\u00e9 mo\u017enost si ke ka\u017ed\u00e9mu inzer\u00e1tu napsat svoji vlastn\u00ed pozn\u00e1mku.<\/p>\n<\/div>\n\n\n\n<div class=\"wp-block-group is-layout-constrained wp-block-group-is-layout-constrained\">\n<h2 class=\"wp-block-heading\">Nastaven\u00ed Ulo\u017een\u00e9ho hled\u00e1n\u00ed<\/h2>\n\n\n\n<p>Pokud chcete dost\u00e1vat upozorn\u011bn\u00ed o nov\u00fdch nab\u00eddk\u00e1ch, nastavte si \u201eUlo\u017een\u00e1 hled\u00e1n\u00ed\u201c. Po p\u0159ihl\u00e1\u0161en\u00ed na Sreality.cz vyberte e-mail, na kter\u00fd chcete nab\u00eddky zas\u00edlat. Pot\u00e9 zadejte po\u017eadovan\u00e9 parametry, klikn\u011bte na \u201eZobrazit\u201c a n\u00e1sledn\u011b vlevo naho\u0159e na \u201eUlo\u017eit hled\u00e1n\u00ed\u201c.<\/p>\n\n\n\n<p>Pro zobrazen\u00ed nov\u00fdch Ulo\u017een\u00fdch hled\u00e1n\u00ed je nutn\u00e9 se p\u0159ihl\u00e1sit na Sreality.cz e-mailem, na kter\u00e9m je ulo\u017een\u00e9 hled\u00e1n\u00ed nastaven\u00e9. V p\u0159\u00edpad\u011b p\u0159ihl\u00e1\u0161en\u00ed jin\u00fdm e-mailem se nab\u00eddka nezobraz\u00ed. <\/p>\n<\/div>\n\n\n\n<div class=\"wp-block-group is-layout-constrained wp-block-group-is-layout-constrained\">\n<h2 class=\"wp-block-heading\">Smaz\u00e1n\u00ed\/editace Ulo\u017een\u00e9ho hled\u00e1n\u00ed<\/h2>\n\n\n\n<p>Pokud u\u017e Ulo\u017een\u00e1 hled\u00e1n\u00ed nevyu\u017eijete nebo je chcete upravit, postupujte n\u00e1sledovn\u011b:<\/p>\n\n\n\n<ol class=\"wp-block-list\">\n<li>P\u0159ihlaste se na Sreality.cz e-mailem, pod kter\u00fdm m\u00e1te Ulo\u017een\u00e1 hled\u00e1n\u00ed nastaven\u00e9<\/li>\n\n\n\n<li>Na hlavn\u00ed str\u00e1nce Sreality.cz, klikn\u011bte uprost\u0159ed str\u00e1nky na \u201eMoje ulo\u017een\u00e1 hled\u00e1n\u00ed\u201c <\/li>\n\n\n\n<li>P\u0159\u00edmo u dan\u00e9ho Ulo\u017een\u00e9ho hled\u00e1n\u00ed klikn\u011bte na \u201et\u0159i te\u010dky\u201c, u kter\u00fdch se zobraz\u00ed mo\u017enosti: upravit\/smazat<\/li>\n<\/ol>\n<\/div>\n\n\n\n<p><\/p>\n","protected":false},"excerpt":{"rendered":"<p>Zobrazen\u00fd inzer\u00e1t nab\u00edz\u00ed hned n\u011bkolik mo\u017enost\u00ed, jak si pr\u00e1ci s inzer\u00e1ty zjednodu\u0161it a uleh\u010dit. Ulo\u017een\u00e9 nab\u00eddky V&nbsp;ka\u017ed\u00e9m inzer\u00e1tu ve fotografii inzer\u00e1tu ve v\u00fdpisu nab\u00eddek, nebo p\u0159\u00edmo v&nbsp;detailu inzer\u00e1tu v&nbsp;prav\u00e9 \u010d\u00e1sti obrazovky najdete mo\u017enost ulo\u017eit si inzer\u00e1t do Ulo\u017een\u00fdch. Pokud v\u00e1s n\u011bjak\u00fd inzer\u00e1t zaujal, m\u016f\u017eete si jej kliknut\u00edm na tla\u010d\u00edtko ulo\u017eit pro pozd\u011bj\u0161\u00ed jednodu\u0161\u0161\u00ed dohled\u00e1n\u00ed. Ulo\u017een\u00e9 [&hellip;]<\/p>\n","protected":false},"author":6,"featured_media":0,"parent":95,"menu_order":0,"comment_status":"closed","ping_status":"closed","template":"page-sidemenu","meta":{"_acf_changed":false,"_relevanssi_hide_post":"","_relevanssi_hide_content":"","_relevanssi_pin_for_all":"","_relevanssi_pin_keywords":"","_relevanssi_unpin_keywords":"","_relevanssi_related_keywords":"","_relevanssi_related_include_ids":"","_relevanssi_related_exclude_ids":"","_relevanssi_related_no_append":"","_relevanssi_related_not_related":"","_relevanssi_related_posts":"","_relevanssi_noindex_reason":"","footnotes":""},"page_category":[5],"page_tag":[],"service_status_category":[],"class_list":["post-65","page","type-page","status-publish","hentry"],"acf":[],"_links":{"self":[{"href":"https:\/\/o-seznam.cz\/napoveda\/sreality\/wp-json\/wp\/v2\/pages\/65","targetHints":{"allow":["GET"]}}],"collection":[{"href":"https:\/\/o-seznam.cz\/napoveda\/sreality\/wp-json\/wp\/v2\/pages"}],"about":[{"href":"https:\/\/o-seznam.cz\/napoveda\/sreality\/wp-json\/wp\/v2\/types\/page"}],"author":[{"embeddable":true,"href":"https:\/\/o-seznam.cz\/napoveda\/sreality\/wp-json\/wp\/v2\/users\/6"}],"replies":[{"embeddable":true,"href":"https:\/\/o-seznam.cz\/napoveda\/sreality\/wp-json\/wp\/v2\/comments?post=65"}],"version-history":[{"count":17,"href":"https:\/\/o-seznam.cz\/napoveda\/sreality\/wp-json\/wp\/v2\/pages\/65\/revisions"}],"predecessor-version":[{"id":1387,"href":"https:\/\/o-seznam.cz\/napoveda\/sreality\/wp-json\/wp\/v2\/pages\/65\/revisions\/1387"}],"up":[{"embeddable":true,"href":"https:\/\/o-seznam.cz\/napoveda\/sreality\/wp-json\/wp\/v2\/pages\/95"}],"wp:attachment":[{"href":"https:\/\/o-seznam.cz\/napoveda\/sreality\/wp-json\/wp\/v2\/media?parent=65"}],"wp:term":[{"taxonomy":"page_category","embeddable":true,"href":"https:\/\/o-seznam.cz\/napoveda\/sreality\/wp-json\/wp\/v2\/page_category?post=65"},{"taxonomy":"page_tag","embeddable":true,"href":"https:\/\/o-seznam.cz\/napoveda\/sreality\/wp-json\/wp\/v2\/page_tag?post=65"},{"taxonomy":"service_status_category","embeddable":true,"href":"https:\/\/o-seznam.cz\/napoveda\/sreality\/wp-json\/wp\/v2\/service_status_category?post=65"}],"curies":[{"name":"wp","href":"https:\/\/api.w.org\/{rel}","templated":true}]}}