{"id":63,"date":"2024-09-05T00:40:47","date_gmt":"2024-09-04T22:40:47","guid":{"rendered":"https:\/\/o-seznam.cz\/napoveda\/sreality\/?page_id=63"},"modified":"2025-09-16T10:54:41","modified_gmt":"2025-09-16T08:54:41","slug":"uprava-inzeratu","status":"publish","type":"page","link":"https:\/\/o-seznam.cz\/napoveda\/sreality\/pro-uzivatele\/uprava-inzeratu\/","title":{"rendered":"\u00daprava inzer\u00e1tu"},"content":{"rendered":"\n<div class=\"wp-block-group is-layout-constrained wp-block-group-is-layout-constrained\">\n<p>Na str\u00e1nce&nbsp;Sreality.cz&nbsp;se v prav\u00e9 horn\u00ed \u010d\u00e1sti&nbsp;p\u0159ihlaste&nbsp;ke sv\u00e9mu u\u017eivatelsk\u00e9mu \u00fa\u010dtu. Pro p\u0159ehled va\u0161ich inzer\u00e1t\u016f a jejich \u00fapravu na hlavn\u00ed str\u00e1nce klikn\u011bte na tla\u010d\u00edtko \u201eMoje inzer\u00e1ty\u201c.<\/p>\n\n\n\n<p>Na str\u00e1nce se v\u00e1m zobraz\u00ed seznam vystaven\u00fdch, rozpracovan\u00fdch, aktivn\u00edch a neaktivn\u00edch inzer\u00e1t\u016f, kter\u00e9 jste v minulosti vytvo\u0159ili.<\/p>\n<\/div>\n\n\n\n<div class=\"wp-block-group is-layout-constrained wp-block-group-is-layout-constrained\">\n<h2 class=\"wp-block-heading\">Zobrazen\u00ed inzer\u00e1t\u016f v seznamu<\/h2>\n\n\n\n<div class=\"wp-block-group is-layout-constrained wp-block-group-is-layout-constrained\">\n<h3 class=\"wp-block-heading\">Pro\u010d nevid\u00edm tla\u010d\u00edtko na Topov\u00e1n\u00ed? Pro\u010d nemohu topovat?<\/h3>\n\n\n\n<p>Tla\u010d\u00edtko topov\u00e1n\u00ed se zobraz\u00ed za jeden kalend\u00e1\u0159n\u00ed den od vystaven\u00ed inzer\u00e1tu. Do t\u00e9 doby nen\u00ed mo\u017en\u00e9 inzer\u00e1t topovat.<\/p>\n<\/div>\n\n\n\n<div class=\"wp-block-group is-layout-constrained wp-block-group-is-layout-constrained\">\n<h3 class=\"wp-block-heading\">Jak\u00e9 jsou podm\u00ednky topov\u00e1n\u00ed a kolik to stoj\u00ed?<\/h3>\n\n\n\n<p>Topovat lze jeden inzer\u00e1t a\u017e 3x za den. Jedno topov\u00e1n\u00ed stoj\u00ed stejn\u011b, jako vystaven\u00ed inzer\u00e1tu, tedy 72,60 K\u010d s DPH na&nbsp;24 hodin. Podrobn\u00e1 pravidla topov\u00e1n\u00ed naleznete v n\u00e1pov\u011bd\u011b&nbsp;Topov\u00e1n\u00ed a z\u00e1kaz obch\u00e1zen\u00ed.<\/p>\n<\/div>\n\n\n\n<div class=\"wp-block-group is-layout-constrained wp-block-group-is-layout-constrained\">\n<h3 class=\"wp-block-heading\">Tla\u010d\u00edtko Topovat &#8211; topov\u00e1n\u00ed<\/h3>\n\n\n\n<p>Topov\u00e1n\u00edm posunete inzer\u00e1t na p\u0159edn\u00ed pozice. P\u0159ed dokon\u010den\u00edm syst\u00e9m zobraz\u00ed potvrzovac\u00ed hl\u00e1\u0161ku, zda si p\u0159ejete inzer\u00e1t topovat. Akci potvrd\u00edte tla\u010d\u00edtkem OK.<\/p>\n<\/div>\n\n\n\n<div class=\"wp-block-group is-layout-constrained wp-block-group-is-layout-constrained\">\n<h3 class=\"wp-block-heading\" id=\"akce.s-inzeraty\">Akce s inzer\u00e1ty<\/h3>\n\n\n\n<p>U ka\u017ed\u00e9ho inzer\u00e1tu se zobrazuje odkaz nazvan\u00fd \u201e\u201cUpravit\u201ca v n\u011bm jsou zobrazeny jednotliv\u00e9 mo\u017enosti pr\u00e1ce s konkr\u00e9tn\u00edm inzer\u00e1tem.<\/p>\n<\/div>\n<\/div>\n\n\n\n<div class=\"wp-block-group is-layout-constrained wp-block-group-is-layout-constrained\">\n<h2 class=\"wp-block-heading\">Dal\u0161\u00ed akce s&nbsp;inzer\u00e1ty se zobrazuje pod tla\u010d\u00edtkem t\u0159\u00ed te\u010dek<\/h2>\n\n\n\n<div class=\"wp-block-group is-layout-constrained wp-block-group-is-layout-constrained\">\n<h3 class=\"wp-block-heading\">N\u00e1hled<\/h3>\n\n\n\n<p>Kliknut\u00edm na tla\u010d\u00edtko se na nov\u00e9 str\u00e1nce otev\u0159e n\u00e1hled cel\u00e9ho inzer\u00e1tu. M\u016f\u017eete si tak ov\u011b\u0159it, jak bude vypadat, ani\u017e byste ho museli aktivovat a zobrazovat ne\u00fapln\u00fd \u010di nedopln\u011bn\u00fd v nab\u00eddce.<\/p>\n<\/div>\n\n\n\n<div class=\"wp-block-group is-layout-constrained wp-block-group-is-layout-constrained\">\n<h3 class=\"wp-block-heading\">Zobrazit statistiky<\/h3>\n\n\n\n<p>Po kliknut\u00ed na ikonku se zobraz\u00ed podrobnosti za konkr\u00e9tn\u00ed dny vystaven\u00ed inzer\u00e1tu. Statistiky zhl\u00e9dnut\u00ed inzer\u00e1tu se po\u010d\u00edtaj\u00ed jednou denn\u011b.<\/p>\n\n\n\n<ul class=\"wp-block-list\">\n<li>Lze zvolit i obdob\u00ed, za jak\u00e9 chcete statistiky zobrazit<\/li>\n\n\n\n<li>Statistiky lze sd\u00edlet jako ve\u0159ejn\u00fd odkaz nebo exportovat \u00fadaje do CSV souboru (pro Excel)<\/li>\n<\/ul>\n<\/div>\n\n\n\n<div class=\"wp-block-group is-layout-constrained wp-block-group-is-layout-constrained\">\n<h3 class=\"wp-block-heading\">Editovat fotografie<\/h3>\n\n\n\n<p>Kliknut\u00edm na tla\u010d\u00edtko se dostanete do sekce \u201eFotografie a m\u00e9dia\u201c p\u0159i vytv\u00e1\u0159en\u00ed inzer\u00e1tu. Zde m\u016f\u017eete upravovat, nahr\u00e1vat, mazat fotografie a m\u011bnit jejich po\u0159ad\u00ed.<\/p>\n\n\n\n<p>POZOR!&nbsp;V p\u0159\u00edpad\u011b proveden\u00ed jak\u00fdchkoliv zm\u011bn je t\u0159eba znovu proj\u00edt i n\u00e1sleduj\u00edc\u00edmi kroky vytv\u00e1\u0159en\u00ed inzer\u00e1tu.<\/p>\n<\/div>\n\n\n\n<div class=\"wp-block-group is-layout-constrained wp-block-group-is-layout-constrained\">\n<h3 class=\"wp-block-heading\">Odstranit<\/h3>\n\n\n\n<p>Kliknut\u00edm na tla\u010d\u00edtko a potvrzen\u00edm dojde ke smaz\u00e1n\u00ed inzer\u00e1tu. Inzer\u00e1t se p\u0159estane zobrazovat ve ve\u0159ejn\u00e9 nab\u00eddce. U inzer\u00e1tu se v administraci bude zobrazovat stav \u201eSmazan\u00fd\u201c a je\u0161t\u011b n\u011bkolik dn\u00ed se v administraci bude zobrazovat, a\u017e pot\u00e9 bude zcela odstran\u011bn. B\u011bhem t\u00e9to doby je je\u0161t\u011b mo\u017en\u00e9 inzer\u00e1t znovu obnovit kliknut\u00edm na \u201eAktivovat inzer\u00e1t\u201c.<\/p>\n<\/div>\n\n\n\n<div class=\"wp-block-group is-layout-constrained wp-block-group-is-layout-constrained\">\n<h3 class=\"wp-block-heading\">Deaktivovat inzer\u00e1t \/ Aktivovat inzer\u00e1t<\/h3>\n\n\n\n<p>Deaktivov\u00e1n\u00edm inzer\u00e1tu se p\u0159estane zobrazovat ve ve\u0159ejn\u00e9 nab\u00eddce a nikdo si ho nebude moci vyhledat.<\/p>\n\n\n\n<p>Pro op\u011btovn\u00e9 zobrazen\u00ed inzer\u00e1tu klikn\u011bte na tla\u010d\u00edtko \u201eAktivovat inzer\u00e1t\u201c, kter\u00e9 najdete &#8222;pod t\u0159emi te\u010dkami&#8220; u inzer\u00e1tu.<\/p>\n<\/div>\n\n\n\n<div class=\"wp-block-group is-layout-constrained wp-block-group-is-layout-constrained\">\n<h3 class=\"wp-block-heading\">Historie<\/h3>\n\n\n\n<p>Zde si m\u016f\u017eete zobrazit historii \u00faprav inzer\u00e1tu.<\/p>\n<\/div>\n\n\n\n<div class=\"wp-block-group is-layout-constrained wp-block-group-is-layout-constrained\">\n<h3 class=\"wp-block-heading\">Odpov\u011bdi na inzer\u00e1t<\/h3>\n\n\n\n<p>Zde si m\u016f\u017eete zobrazit seznam odpov\u011bd\u00ed zaslan\u00fdch na inzer\u00e1t.<\/p>\n<\/div>\n\n\n\n<div class=\"wp-block-group is-layout-constrained wp-block-group-is-layout-constrained\">\n<h3 class=\"wp-block-heading\" id=\"prodlouzeni-platnosti\">Prodlou\u017eit platnost<\/h3>\n\n\n\n<p>U ka\u017ed\u00e9ho inzer\u00e1tu najdete datum, do kter\u00e9ho je jeho platnost nastavena. Po tomto datu se inzer\u00e1t deaktivuje, p\u0159estane se zobrazovat ve ve\u0159ejn\u00e9 nab\u00eddce a po n\u011bkolika dnech bude odstran\u011bn i z administrace.<\/p>\n\n\n\n<p>Platnost lze nastavit na 7 &#8211; 360 dn\u00ed, p\u0159\u00edpadn\u011b je mo\u017en\u00e9 vyu\u017e\u00edt bal\u00ed\u010dek inzerce.<\/p>\n\n\n\n<p>NEZAPOME\u0147TE, \u017ee poplatek za zve\u0159ejn\u011bn\u00ed inzer\u00e1tu je uplat\u0148ov\u00e1n za kalend\u00e1\u0159n\u00ed den. Pokud tedy nap\u0159. v\u00e1\u0161&nbsp;inzer\u00e1t deaktivujete v 10 hodin dopoledne, bude v\u00e1m i tak na\u00fa\u010dtov\u00e1n&nbsp;a z Pen\u011b\u017eenky ode\u010dten&nbsp;poplatek za denn\u00ed zve\u0159ejn\u011bn\u00ed inzer\u00e1tu. Za dal\u0161\u00ed dny, kdy je inzer\u00e1t neaktivn\u00ed, se ji\u017e kredit nestrh\u00e1v\u00e1.<\/p>\n<\/div>\n<\/div>\n","protected":false},"excerpt":{"rendered":"<p>Na str\u00e1nce&nbsp;Sreality.cz&nbsp;se v prav\u00e9 horn\u00ed \u010d\u00e1sti&nbsp;p\u0159ihlaste&nbsp;ke sv\u00e9mu u\u017eivatelsk\u00e9mu \u00fa\u010dtu. Pro p\u0159ehled va\u0161ich inzer\u00e1t\u016f a jejich \u00fapravu na hlavn\u00ed str\u00e1nce klikn\u011bte na tla\u010d\u00edtko \u201eMoje inzer\u00e1ty\u201c. Na str\u00e1nce se v\u00e1m zobraz\u00ed seznam vystaven\u00fdch, rozpracovan\u00fdch, aktivn\u00edch a neaktivn\u00edch inzer\u00e1t\u016f, kter\u00e9 jste v minulosti vytvo\u0159ili. Zobrazen\u00ed inzer\u00e1t\u016f v seznamu Pro\u010d nevid\u00edm tla\u010d\u00edtko na Topov\u00e1n\u00ed? Pro\u010d nemohu topovat? Tla\u010d\u00edtko topov\u00e1n\u00ed [&hellip;]<\/p>\n","protected":false},"author":6,"featured_media":0,"parent":95,"menu_order":0,"comment_status":"closed","ping_status":"closed","template":"page-sidemenu","meta":{"_acf_changed":false,"_relevanssi_hide_post":"","_relevanssi_hide_content":"","_relevanssi_pin_for_all":"","_relevanssi_pin_keywords":"","_relevanssi_unpin_keywords":"","_relevanssi_related_keywords":"","_relevanssi_related_include_ids":"","_relevanssi_related_exclude_ids":"","_relevanssi_related_no_append":"","_relevanssi_related_not_related":"","_relevanssi_related_posts":"","_relevanssi_noindex_reason":"","footnotes":""},"page_category":[5],"page_tag":[],"service_status_category":[],"class_list":["post-63","page","type-page","status-publish","hentry"],"acf":[],"_links":{"self":[{"href":"https:\/\/o-seznam.cz\/napoveda\/sreality\/wp-json\/wp\/v2\/pages\/63","targetHints":{"allow":["GET"]}}],"collection":[{"href":"https:\/\/o-seznam.cz\/napoveda\/sreality\/wp-json\/wp\/v2\/pages"}],"about":[{"href":"https:\/\/o-seznam.cz\/napoveda\/sreality\/wp-json\/wp\/v2\/types\/page"}],"author":[{"embeddable":true,"href":"https:\/\/o-seznam.cz\/napoveda\/sreality\/wp-json\/wp\/v2\/users\/6"}],"replies":[{"embeddable":true,"href":"https:\/\/o-seznam.cz\/napoveda\/sreality\/wp-json\/wp\/v2\/comments?post=63"}],"version-history":[{"count":29,"href":"https:\/\/o-seznam.cz\/napoveda\/sreality\/wp-json\/wp\/v2\/pages\/63\/revisions"}],"predecessor-version":[{"id":1510,"href":"https:\/\/o-seznam.cz\/napoveda\/sreality\/wp-json\/wp\/v2\/pages\/63\/revisions\/1510"}],"up":[{"embeddable":true,"href":"https:\/\/o-seznam.cz\/napoveda\/sreality\/wp-json\/wp\/v2\/pages\/95"}],"wp:attachment":[{"href":"https:\/\/o-seznam.cz\/napoveda\/sreality\/wp-json\/wp\/v2\/media?parent=63"}],"wp:term":[{"taxonomy":"page_category","embeddable":true,"href":"https:\/\/o-seznam.cz\/napoveda\/sreality\/wp-json\/wp\/v2\/page_category?post=63"},{"taxonomy":"page_tag","embeddable":true,"href":"https:\/\/o-seznam.cz\/napoveda\/sreality\/wp-json\/wp\/v2\/page_tag?post=63"},{"taxonomy":"service_status_category","embeddable":true,"href":"https:\/\/o-seznam.cz\/napoveda\/sreality\/wp-json\/wp\/v2\/service_status_category?post=63"}],"curies":[{"name":"wp","href":"https:\/\/api.w.org\/{rel}","templated":true}]}}